{"id":986,"date":"2015-06-24T12:17:10","date_gmt":"2015-06-24T10:17:10","guid":{"rendered":"http:\/\/www.teresianum.net\/?page_id=986"},"modified":"2024-11-21T17:37:43","modified_gmt":"2024-11-21T16:37:43","slug":"tp1160a-il-mistero-di-dio-trinita-i","status":"publish","type":"page","link":"https:\/\/www.teresianum.net\/en\/ciclo-istituzionale-di-teologia\/curriculum-di-studio-ciclo-istituzionale\/tp1160a-il-mistero-di-dio-trinita-i\/","title":{"rendered":"TP1160A Il mistero di Dio Trinit\u00e0 I"},"content":{"rendered":"<p class=\"qtranxs-available-languages-message qtranxs-available-languages-message-en\"> [vc_row][vc_column][vc_column_text]\n<p style=\"text-align: justify;\"><span style=\"color: #000000;\"><em>Docente<\/em>: Prof. Dennis Chardonnens<\/span><\/p>\n<p>&nbsp;<\/p>\n<p style=\"text-align: justify;\"><strong>Giustificazione<\/strong><\/p>\n<p style=\"text-align: justify;\">Il mistero di Dio Trinit\u00e0, pienamente rivelato nell\u2019economia della salvezza in Ges\u00f9 Cristo secondo l\u2019effusione del dono dello Spirito Santo, \u00e8 al centro della nostra fede. L\u2019economia trinitaria della rivelazione, infatti, ci da accesso, nella fede, al mistero di Dio, Padre, Figlio e Spirito Santo, che \u00e8 un solo Dio, il Dio vivo e vero.<\/p>\n<p style=\"text-align: justify;\"><strong>Obiettivi<\/strong><em>\u00a0<\/em><\/p>\n<p style=\"text-align: justify;\">Il corso propone uno studio della dottrina trinitaria, a partire dal dato della rivelazione, cos\u00ec come esso \u00e8 accolto nella Tradizione ecclesiale. In una riflessione teologica concernente il mistero di Dio Trinit\u00e0 in s\u00e9 stesso e nel suo agire, all\u2019interno dell\u2019economia della creazione e della grazia, viene approfondito il proprio delle persone divine nell\u2019unit\u00e0 della loro natura.<\/p>\n<p style=\"text-align: justify;\"><strong>Contenuti<\/strong><\/p>\n<p style=\"text-align: justify;\">Il corso comporta tre parti principali, le due prime saranno affrontate in questo Corso (TP1160 A):<\/p>\n<p style=\"text-align: justify; padding-left: 40px;\">1. La rivelazione di Dio Trinit\u00e0 nell\u2019economia della salvezza.<br \/>\n2. La verit\u00e0 della fede trinitaria nella Tradizione patristica.<br \/>\n3. Il mistero di Dio Trinit\u00e0: approfondimento teologico della dottrina trinitaria.<\/p>\n<p style=\"text-align: justify;\"><strong>Metodologia<\/strong><\/p>\n<p style=\"text-align: justify;\">Lezioni e letture personali a partire da una bibliografia proposta in classe.<\/p>\n<p style=\"text-align: justify;\"><strong>Criteri di valutazione<\/strong><\/p>\n<p style=\"text-align: justify;\">Dagli studenti ci si attende uno sforzo di sintesi, a partire da un\u2019assimilazione del corso e secondo la messa in opera di una riflessione articolata. La valutazione ha luogo nell\u2019ambito di un esame orale che si svolge sulla base di un tesario e di una bibliografia personale.<\/p>\n<p style=\"text-align: justify;\"><strong>Distribuzione del tempo di lavoro<\/strong><\/p>\n<p style=\"text-align: justify;\">Un terzo per le lezioni e due terzi per il lavoro personale.<\/p>\n<p style=\"text-align: justify;\"><strong>Bibliografia<\/strong><\/p>\n<ul>\n<li style=\"text-align: justify;\">COZZI, A., <em>Manuale di teologia trinitaria<\/em>, Brescia 2009.<\/li>\n<li style=\"text-align: justify;\">DURAND, E., <em>La p\u00e9richor\u00e8se des personnes divines, Immanence mutuelle, R\u00e9ciprocit\u00e9 et communion<\/em>, \u201cCogitatio fidei, 243\u201d, Paris 2005.<\/li>\n<li style=\"text-align: justify;\">EMERY, G., <em>The Trinitarian Theology of saint Thomas Aquinas<\/em>, New York 2007.<\/li>\n<li style=\"text-align: justify;\">LADARIA, L. F., <em>Il Dio vivo e vero, Il mistero della Trinit\u00e0<\/em>, Cinisello Balsamo (Milano) 2012.<\/li>\n<li style=\"text-align: justify;\">LIEGI, J. P., <em>Teologia trinitaria<\/em>, Bologna 2019.<\/li>\n<li style=\"text-align: justify;\">SESBO\u00dc\u00c9, B., <em>Lo Spirito senza volto e senza voce, Breve storia della teologia dello Spirito Santo<\/em>, Cinisello Balsamo 2010.<\/li>\n<\/ul>\n[\/vc_column_text][\/vc_column][\/vc_row]","protected":false},"excerpt":{"rendered":"<p>[vc_row][vc_column][vc_column_text] Docente: Prof. Dennis Chardonnens &nbsp; Giustificazione Il mistero di Dio Trinit\u00e0, pienamente rivelato nell\u2019economia della salvezza in Ges\u00f9 Cristo [&hellip;]<\/p>\n","protected":false},"author":2,"featured_media":0,"parent":85,"menu_order":0,"comment_status":"closed","ping_status":"closed","template":"","meta":{"footnotes":""},"_links":{"self":[{"href":"https:\/\/www.teresianum.net\/en\/wp-json\/wp\/v2\/pages\/986"}],"collection":[{"href":"https:\/\/www.teresianum.net\/en\/wp-json\/wp\/v2\/pages"}],"about":[{"href":"https:\/\/www.teresianum.net\/en\/wp-json\/wp\/v2\/types\/page"}],"author":[{"embeddable":true,"href":"https:\/\/www.teresianum.net\/en\/wp-json\/wp\/v2\/users\/2"}],"replies":[{"embeddable":true,"href":"https:\/\/www.teresianum.net\/en\/wp-json\/wp\/v2\/comments?post=986"}],"version-history":[{"count":25,"href":"https:\/\/www.teresianum.net\/en\/wp-json\/wp\/v2\/pages\/986\/revisions"}],"predecessor-version":[{"id":26390,"href":"https:\/\/www.teresianum.net\/en\/wp-json\/wp\/v2\/pages\/986\/revisions\/26390"}],"up":[{"embeddable":true,"href":"https:\/\/www.teresianum.net\/en\/wp-json\/wp\/v2\/pages\/85"}],"wp:attachment":[{"href":"https:\/\/www.teresianum.net\/en\/wp-json\/wp\/v2\/media?parent=986"}],"curies":[{"name":"wp","href":"https:\/\/api.w.org\/{rel}","templated":true}]}}