{"id":979,"date":"2015-06-24T11:57:58","date_gmt":"2015-06-24T09:57:58","guid":{"rendered":"http:\/\/www.teresianum.net\/?page_id=979"},"modified":"2022-09-16T15:34:09","modified_gmt":"2022-09-16T13:34:09","slug":"tp1193-il-mistero-di-gesu-cristo","status":"publish","type":"page","link":"https:\/\/www.teresianum.net\/en\/ciclo-istituzionale-di-teologia\/curriculum-di-studio-ciclo-istituzionale\/tp1193-il-mistero-di-gesu-cristo\/","title":{"rendered":"TP1193B Il Mistero di Ges\u00f9 Cristo II"},"content":{"rendered":"<p class=\"qtranxs-available-languages-message qtranxs-available-languages-message-en\"> <p style=\"text-align: justify;\"><span style=\"color: #000000;\"><em>Docente<\/em>: Prof. <\/span><\/p>\n<p style=\"text-align: justify;\">\u00a0<\/p>\n<p><strong>Giustificazione<\/strong><\/p>\n<p style=\"text-align: justify;\">Ges\u00f9 Cristo, Figlio di Dio incarnato, \u00e8 il Rivelatore del Padre nello Spirito Santo. Il carattere cristocentrico della Rivelazione manifesta la teofinalit\u00e0 dell\u2019economia della salvezza in Ges\u00f9. Questo corso affronta il contenuto essenziale della fede cristiana.<\/p>\n<p style=\"text-align: justify;\"><strong>Obiettivi<\/strong><\/p>\n<p style=\"text-align: justify;\">Il corso cerca di rendere conto, sul fondamento della Rivelazione, del mistero di Ges\u00f9 Cristo, vero Dio e vero uomo, che ci salva. Al riguardo \u00e8 proposto un approfondimento teologico della dottrina cristologica, incentrato sull\u2019identit\u00e0 di Ges\u00f9 di Nazaret e sul suo agire salvifico nello Spirito Santo.<\/p>\n<p style=\"text-align: justify;\"><strong>Contenuti<\/strong><\/p>\n<p style=\"text-align: justify;\">Il corso si suddivide in\u00a0due parti principali:<\/p>\n<ol style=\"text-align: justify;\">\n<li>La persona del Figlio fattosi carne<\/li>\n<li>L\u2019agire salvifico di Ges\u00f9 Cristo<\/li>\n<\/ol>\n<p style=\"text-align: justify;\"><strong>Metodologia<\/strong><\/p>\n<p style=\"text-align: justify;\">Partecipazione alle lezioni e letture personali.<\/p>\n<p style=\"text-align: justify;\"><strong>Criteri di valutazione<\/strong><\/p>\n<p style=\"text-align: justify;\">Esame orale. Dagli Studenti ci si attende uno sforzo di sintesi, sulla base dell\u2019assimilazione del corso e secondo lo svolgimento di una riflessione teologica.<\/p>\n<p style=\"text-align: justify;\"><strong>Lavoro<\/strong><\/p>\n<p style=\"text-align: justify;\">Un terzo per le lezioni e due terzi per il lavoro personale.<\/p>\n<p style=\"text-align: justify;\"><strong>Bibliografia<\/strong><\/p>\n<ul>\n<li style=\"text-align: justify;\">DURAND E., <em>L\u2019offre universelle du salut en Christ<\/em>, [Cogitatio fidei, 285], Paris 2012.<\/li>\n<li style=\"text-align: justify;\">FORTE B., <em>Ges\u00f9 di Nazaret, storia di Dio e Dio della storia, Saggio di cristologia come storia<\/em>, Cinisello Balsamo (Milano) 1985<sup>5<\/sup>.<\/li>\n<li style=\"text-align: justify;\">KASPER W., <em>Ges\u00f9 il Cristo<\/em>, [Biblioteca di teologia contemporanea, 23], Brescia 2013<sup>12<\/sup>.<\/li>\n<li style=\"text-align: justify;\">TORRELL, J.-P., <em>Le Christ en ses myst\u00e8res, La vie et l\u2019\u0153uvre de J\u00e9sus selon saint Thomas d\u2019Aquin<\/em>, [J\u00e9sus et J\u00e9sus-Christ, 78-79], 2 voll., Paris 1999.<\/li>\n<\/ul>","protected":false},"excerpt":{"rendered":"<p>Docente: Prof. \u00a0 Giustificazione Ges\u00f9 Cristo, Figlio di Dio incarnato, \u00e8 il Rivelatore del Padre nello Spirito Santo. Il carattere [&hellip;]<\/p>\n","protected":false},"author":2,"featured_media":0,"parent":85,"menu_order":0,"comment_status":"closed","ping_status":"closed","template":"","meta":{"footnotes":""},"_links":{"self":[{"href":"https:\/\/www.teresianum.net\/en\/wp-json\/wp\/v2\/pages\/979"}],"collection":[{"href":"https:\/\/www.teresianum.net\/en\/wp-json\/wp\/v2\/pages"}],"about":[{"href":"https:\/\/www.teresianum.net\/en\/wp-json\/wp\/v2\/types\/page"}],"author":[{"embeddable":true,"href":"https:\/\/www.teresianum.net\/en\/wp-json\/wp\/v2\/users\/2"}],"replies":[{"embeddable":true,"href":"https:\/\/www.teresianum.net\/en\/wp-json\/wp\/v2\/comments?post=979"}],"version-history":[{"count":31,"href":"https:\/\/www.teresianum.net\/en\/wp-json\/wp\/v2\/pages\/979\/revisions"}],"predecessor-version":[{"id":23450,"href":"https:\/\/www.teresianum.net\/en\/wp-json\/wp\/v2\/pages\/979\/revisions\/23450"}],"up":[{"embeddable":true,"href":"https:\/\/www.teresianum.net\/en\/wp-json\/wp\/v2\/pages\/85"}],"wp:attachment":[{"href":"https:\/\/www.teresianum.net\/en\/wp-json\/wp\/v2\/media?parent=979"}],"curies":[{"name":"wp","href":"https:\/\/api.w.org\/{rel}","templated":true}]}}