{"id":9572,"date":"2017-07-26T17:24:18","date_gmt":"2017-07-26T15:24:18","guid":{"rendered":"http:\/\/www.teresianum.net\/?page_id=9572"},"modified":"2020-08-04T18:51:58","modified_gmt":"2020-08-04T16:51:58","slug":"ocs16-san-francesco-dassisi","status":"publish","type":"page","link":"https:\/\/www.teresianum.net\/en\/corso-di-teologia-spirituale-online\/curriculum-di-studio-ts-online\/ocs16-san-francesco-dassisi\/","title":{"rendered":"OCS16 San Francesco d\u2019Assisi"},"content":{"rendered":"<p class=\"qtranxs-available-languages-message qtranxs-available-languages-message-en\"> <p><span style=\"color: #386290;\"><em>Docente:<\/em> Prof. <a target=\"_blank\" href=\"\/persone\/corpo-docente\/IGOR-SALMI?\/\">IGOR SALMI?<\/a><\/span><\/p>\n<p>&nbsp;<\/p>\n<p style=\"text-align: justify;\"><strong>Giustificazione<\/strong><\/p>\n<p style=\"text-align: justify;\">Le diverse forme di spiritualit\u00e0 cristiana che si sono sviluppate lungo i secoli, offrono una delle possibili chiavi di lettura per comprendere i singoli periodi storici. Inoltre, esiste una unit\u00e0 della spiritualit\u00e0 e della vita religiosa prima della molteplicit\u00e0 delle sue forme, perci\u00f2 tutte le forme precedenti hanno qualcosa da dire sul modo in cui le generazioni successive hanno cercato e cercano tuttora di viverla.<\/p>\n<p style=\"text-align: justify;\"><strong>Obiettivi<\/strong><\/p>\n<p style=\"text-align: justify;\">L\u2019obiettivo principale \u00e8 la conoscenza di base della figura di San Francesco e del nascente Ordine da lui fondato, inserendoli ambedue in un contesto storico e spirituale ben preciso. A questo scopo ci aiuteranno alcune fonti contemporanee del Poverello di Assisi, in primo luogo le testimonianze di alcuni biografi pi\u00f9 celebri.<\/p>\n<p style=\"text-align: justify;\"><strong>Contenuti<\/strong><\/p>\n<p style=\"text-align: justify;\">Percorso sintetico della spiritualit\u00e0 cristiana nei diversi periodi storici e dei personaggi-chiave.<br \/>\nSpiritualit\u00e0 di San Francesco d\u2019Assisi: si prenderanno in esame alcune biografie pi\u00f9 celebri del XIII secolo (<em>Vita del beato Francesco <\/em>e <em>Memoriale <\/em>di Tommaso da Celano, <em>Leggenda dei tre Compagni<\/em>, <em>Compilazione di Assisi<\/em>, <em>Leggenda maggiore <\/em>e <em>Leggenda minore<\/em> di San Bonaventura ecc.). Verranno esaminate alcune loro caratteristiche, i punti comuni e le differenze, cio\u00e8 alcuni elementi della cosiddetta \u201cquestione francescana\u201d.<\/p>\n<p style=\"text-align: justify;\"><strong>Metodologia<\/strong><\/p>\n<p style=\"text-align: justify;\">Sono previste le registrazioni (audio lezioni), integrate con altro materiale a disposizione degli studenti (schemi in <em>Power Point<\/em>, letture consigliate).<\/p>\n<p style=\"text-align: justify;\"><strong>Criteri di valutazione<\/strong><\/p>\n<p style=\"text-align: justify;\">La valutazione si baser\u00e0 sulla stesura dell\u2019elaborato finale.<\/p>\n<p style=\"text-align: justify;\"><strong>Distribuzione del tempo di lavoro<\/strong><\/p>\n<p style=\"text-align: justify;\">Delle sei ore a disposizione, un\u2019ora sar\u00e0 dedicata ad una breve sintesi del percorso storico della spiritualit\u00e0 cristiana, le restanti cinque, invece, all\u2019approfondimento della spiritualit\u00e0 francescana, partendo dalle fonti biografiche di San Francesco.<\/p>\n<p style=\"text-align: justify;\"><strong>Bibliografia<\/strong><\/p>\n<ul>\n<li style=\"text-align: justify;\">F. ACCROCCA, <em>\u00abViveva ad Assisi un uomo di nome Francesco\u00bb. Un\u2019introduzione alle fonti biografiche di San Francesco<\/em>, Edizioni Messaggero Padova, Padova 2005.<br \/>\n<em>Fonti Francescane<\/em>, Nuova edizione, Editrici Francescane, Padova 2004 (2011<sup>3<\/sup>).<\/li>\n<li style=\"text-align: justify;\">J.-C. GUY, <em>Storia della vita religiosa. Una lettura sapienziale<\/em>, Lipa, Roma 2014.<\/li>\n<\/ul>","protected":false},"excerpt":{"rendered":"<p>Docente: Prof. &nbsp; Giustificazione Le diverse forme di spiritualit\u00e0 cristiana che si sono sviluppate lungo i secoli, offrono una delle [&hellip;]<\/p>\n","protected":false},"author":2,"featured_media":0,"parent":8460,"menu_order":0,"comment_status":"closed","ping_status":"closed","template":"","meta":{"footnotes":""},"_links":{"self":[{"href":"https:\/\/www.teresianum.net\/en\/wp-json\/wp\/v2\/pages\/9572"}],"collection":[{"href":"https:\/\/www.teresianum.net\/en\/wp-json\/wp\/v2\/pages"}],"about":[{"href":"https:\/\/www.teresianum.net\/en\/wp-json\/wp\/v2\/types\/page"}],"author":[{"embeddable":true,"href":"https:\/\/www.teresianum.net\/en\/wp-json\/wp\/v2\/users\/2"}],"replies":[{"embeddable":true,"href":"https:\/\/www.teresianum.net\/en\/wp-json\/wp\/v2\/comments?post=9572"}],"version-history":[{"count":13,"href":"https:\/\/www.teresianum.net\/en\/wp-json\/wp\/v2\/pages\/9572\/revisions"}],"predecessor-version":[{"id":17844,"href":"https:\/\/www.teresianum.net\/en\/wp-json\/wp\/v2\/pages\/9572\/revisions\/17844"}],"up":[{"embeddable":true,"href":"https:\/\/www.teresianum.net\/en\/wp-json\/wp\/v2\/pages\/8460"}],"wp:attachment":[{"href":"https:\/\/www.teresianum.net\/en\/wp-json\/wp\/v2\/media?parent=9572"}],"curies":[{"name":"wp","href":"https:\/\/api.w.org\/{rel}","templated":true}]}}