{"id":9569,"date":"2017-07-26T17:06:26","date_gmt":"2017-07-26T15:06:26","guid":{"rendered":"http:\/\/www.teresianum.net\/?page_id=9569"},"modified":"2020-08-04T18:51:22","modified_gmt":"2020-08-04T16:51:22","slug":"ocs15-santa-teresa-di-gesu-bambino","status":"publish","type":"page","link":"https:\/\/www.teresianum.net\/en\/corso-di-teologia-spirituale-online\/curriculum-di-studio-ts-online\/ocs15-santa-teresa-di-gesu-bambino\/","title":{"rendered":"OCS15 Santa Teresa di Ges\u00f9 Bambino"},"content":{"rendered":"<p class=\"qtranxs-available-languages-message qtranxs-available-languages-message-en\"> <p style=\"text-align: justify;\"><span style=\"color: #386290;\"><em>Docente:<\/em> Prof. <a target=\"_blank\" href=\"\/persone\/corpo-docente\/FRANCOIS-MARIE-LETHEL\/\">FRAN\u00c7OIS-MARIE L\u00c9THEL<\/a><\/span><\/p>\n<p>&nbsp;<\/p>\n<p style=\"text-align: justify;\"><strong>Giustificazione<\/strong><\/p>\n<p style=\"text-align: justify;\">Il 19 ottobre 1997, Teresa di Lisieux \u00e8 stata dichiarata Dottore della Chiesa da san Giovanni Paolo II come \u00abesperta della\u00a0<em>scientia amoris<\/em>\u00bb (<em>Novo Millennio Ineunte,<\/em>\u00a0n. 42). \u00c8 una delle pi\u00f9 importanti figure di santit\u00e0 in tutta la storia della Chiesa, con un influsso incalcolabile su tutto il Popolo di Dio, nella spiritualit\u00e0 come nel pensiero teologico.<\/p>\n<p style=\"text-align: justify;\"><strong>Obiettivi<\/strong><\/p>\n<p style=\"text-align: justify;\">L\u2019intenzione di questo corso \u00e8 di aiutare gli studenti ad entrare nella profondit\u00e0 teologica degli\u00a0<em>Scritti\u00a0<\/em>della Santa, con questa chiave della teologia mistica come\u00a0<em>scientia amoris<\/em>, alla luce degli altri due Dottori Carmelitani, Teresa d\u2019Avila e Giovanni della Croce (e anche in dialogo con la\u00a0<em>scientia fidei<\/em>, intellettuale, di san Tommaso).<\/p>\n<p style=\"text-align: justify;\"><strong>Contenuti<\/strong><\/p>\n<p style=\"text-align: justify;\">La teologia di Teresa \u00e8 caratterizzata da uno splendido\u00a0<em>cristocentrismo.\u00a0<\/em>In Cristo Ges\u00f9 vengono contemplati tutti i Misteri della Fede:\u00a0 Dio Trinit\u00e0, la Creazione e la Salvezza, l\u2019Incarnazione, la Redenzione, Maria e la Chiesa, l\u2019Escatologia&#8230; \u00c8 una teologia simbolica e narrativa, sempre a contatto con la Sacra Scrittura, soprattutto il Vangelo. A partire dalla sua sintesi contenuta nella\u00a0<em>Storia di un\u2019anima<\/em>\u00a0(che riunisce tre<em>\u00a0Manoscritti Autobiografici A, B e C<\/em>\u00a0e le due preghiere essenziali che sono\u00a0<em>l\u2019Offerta all\u2019Amore Misericordioso\u00a0<\/em>e la\u00a0<em>Preghiera nel giorno della Professione<\/em>), conviene studiare gli altri scritti della Santa (<em>Lettere, Poesie, Preghiere, Operette teatrali<\/em>).<\/p>\n<p style=\"text-align: justify;\"><strong>Metodo<\/strong><\/p>\n<p style=\"text-align: justify;\">Tutto il corso si svolger\u00e0 a contatto diretto con il testo della\u00a0<em>Storia di un\u2019anima<\/em>, con un\u2019attenzione speciale al grande tema della Misericordia.<\/p>\n<p style=\"text-align: justify;\"><strong>Valutazione<\/strong><\/p>\n<p style=\"text-align: justify;\">Elaborato.<\/p>\n<p style=\"text-align: justify;\"><strong>Bibliografia<\/strong><\/p>\n<ul>\n<li style=\"text-align: justify;\">TERESA DI GES\u00d9 BAMBINO,\u00a0<em>Storia di un\u2019anima<\/em>, Ed OCD, Roma 2015, con prefazione di BENEDETTO XVI e presentazione di F.M. Lethel.\u00a0<\/li>\n<li style=\"text-align: justify;\">SAINTE THERESE DE L\u2019ENFANT JESUS DE LA SAINTE FACE,\u00a0<em>Histoire d\u2019une \u00e2me<\/em>, ed Cerf\/DDB, Paris 1998, col \u201cPocket\u201d.\u00a0<\/li>\n<li style=\"text-align: justify;\">THERESE DE LISIEUX,\u00a0<em>Oeuvres Compl\u00e8tes\u00a0<\/em>(Paris, 1992, Cerf\/DDB, 1 vol); Trad. it.: S. TERESA DI GES\u00d9 BAMBINO E DEL SANTO VOLTO,\u00a0<em>Opere Complete<\/em>\u00a0<em>Scritti e ultime parole<\/em>, Libreria Editrice Vaticana, Edizioni OCD, Roma 1997.<\/li>\n<li style=\"text-align: justify;\">F.M. LETHEL,\u00a0<em>L\u2019Amore di Ges\u00f9. La cristologia di santa Teresa di Ges\u00f9 Bambino<\/em>, Libreria Editrice Vaticana, 1999).\u00a0<\/li>\n<li style=\"text-align: justify;\">F.M. LETHEL,\u00a0<em>La Luce di Cristo nel Cuore della Chiesa. Giovanni Paolo II e la teologia dei santi<\/em>.\u00a0<em>Esercizi Spirituali con Benedetto XVI<\/em>, Libreria Editrice Vaticana, 2011.<\/li>\n<\/ul>","protected":false},"excerpt":{"rendered":"<p>Docente: Prof. &nbsp; Giustificazione Il 19 ottobre 1997, Teresa di Lisieux \u00e8 stata dichiarata Dottore della Chiesa da san Giovanni [&hellip;]<\/p>\n","protected":false},"author":2,"featured_media":0,"parent":8460,"menu_order":0,"comment_status":"closed","ping_status":"closed","template":"","meta":{"footnotes":""},"_links":{"self":[{"href":"https:\/\/www.teresianum.net\/en\/wp-json\/wp\/v2\/pages\/9569"}],"collection":[{"href":"https:\/\/www.teresianum.net\/en\/wp-json\/wp\/v2\/pages"}],"about":[{"href":"https:\/\/www.teresianum.net\/en\/wp-json\/wp\/v2\/types\/page"}],"author":[{"embeddable":true,"href":"https:\/\/www.teresianum.net\/en\/wp-json\/wp\/v2\/users\/2"}],"replies":[{"embeddable":true,"href":"https:\/\/www.teresianum.net\/en\/wp-json\/wp\/v2\/comments?post=9569"}],"version-history":[{"count":15,"href":"https:\/\/www.teresianum.net\/en\/wp-json\/wp\/v2\/pages\/9569\/revisions"}],"predecessor-version":[{"id":17843,"href":"https:\/\/www.teresianum.net\/en\/wp-json\/wp\/v2\/pages\/9569\/revisions\/17843"}],"up":[{"embeddable":true,"href":"https:\/\/www.teresianum.net\/en\/wp-json\/wp\/v2\/pages\/8460"}],"wp:attachment":[{"href":"https:\/\/www.teresianum.net\/en\/wp-json\/wp\/v2\/media?parent=9569"}],"curies":[{"name":"wp","href":"https:\/\/api.w.org\/{rel}","templated":true}]}}