{"id":9567,"date":"2017-07-26T17:01:47","date_gmt":"2017-07-26T15:01:47","guid":{"rendered":"http:\/\/www.teresianum.net\/?page_id=9567"},"modified":"2020-08-04T18:50:48","modified_gmt":"2020-08-04T16:50:48","slug":"ocs13-santa-teresa-di-gesu","status":"publish","type":"page","link":"https:\/\/www.teresianum.net\/en\/corso-di-teologia-spirituale-online\/curriculum-di-studio-ts-online\/ocs13-santa-teresa-di-gesu\/","title":{"rendered":"OCS13 Santa Teresa di Ges\u00f9"},"content":{"rendered":"<p class=\"qtranxs-available-languages-message qtranxs-available-languages-message-en\"> <p><span style=\"color: #386290;\"><em>Docente:<\/em> Prof. <a target=\"_blank\" href=\"\/persone\/corpo-docente\/EMILIO-MARTINEZ\/\">EMILIO MART\u00cdNEZ<\/a><\/span><\/p>\n<p>&nbsp;<\/p>\n<p style=\"text-align: justify;\"><strong>Giustificazione<\/strong><\/p>\n<p style=\"text-align: justify;\">Santa Teresa di Ges\u00f9 ha un posto tra gli autori pi\u00f9 importanti della storia della Spiritualit\u00e0. Nelle sue opere ha riportato e interpretato le sue esperienze mistiche che sono testimonio del Dio vivente; sistematizzandole, \u00e8 diventata anche maestra di vita spirituale offrendo una dottrina sicura e di riferimento in alcuni temi fondamentali di Teologia Spirituale e la vita cristiana.<\/p>\n<p style=\"text-align: justify;\"><strong>Obiettivi<\/strong><\/p>\n<p style=\"text-align: justify;\">Accompagnare lo studente nella lettura dei testi di santa Teresa, facilitandone la comprensione e la conoscenza della sua dottrina spirituale.<\/p>\n<p style=\"text-align: justify;\"><strong>Contenuti<\/strong><\/p>\n<p style=\"text-align: justify;\">Introduzione generale alla figura di S. Teresa di Ges\u00f9 e presentazione della sua dottrina e dei suoi insegnamenti spirituali, con particolare accento nei temi di vita cristiana sui quali \u00e8 ritenuta maestra: la preghiera, l\u2019esperienza mistica, la santit\u00e0 cristiana, la comunione fraterna, ecc.<\/p>\n<p style=\"text-align: justify;\"><strong>Metodologia<\/strong><\/p>\n<p style=\"text-align: justify;\">Esposizioni del professore e dialogo con lo studente a partire della lettura di testi teresiani.<\/p>\n<p style=\"text-align: justify;\"><strong>Criteri di valutazione<\/strong><\/p>\n<p style=\"text-align: justify;\">Per la valutazione gli studenti devono leggere i Prologhi delle quattro opere principali di Santa Teresa (<em>Vita<\/em>, <em>Cammino di perfezione<\/em>, <em>Castello interiore<\/em> e <em>Fondazioni<\/em>) e presentare le conclusioni della loro lettura, alla luce di quanto spiegato nelle diverse lezioni sul contesto storico-sociologico teresiano, sulla genesi e sul contenuto delle opere della Santa e della sua dottrina spirituale. Il commento sar\u00e0 presentato in un elaborato scritto secondo le norme date dalla Segreteria: \u201cGli elaborati per gli esami sono consegnati mediante la piattaforma Moodle\u201d. Essendo questo corso un insegnamento di 12 ore (2 ECTS) \u201cviene richiesto un testo di 4 pagine\u201d e il professore ha il diritto di non leggere &#8211; e quindi non valutare &#8211; i lavori che oltrepassino questo limite\u201d.<\/p>\n<p style=\"text-align: justify;\"><strong>Distribuzione del tempo di lavoro<\/strong><\/p>\n<p style=\"text-align: justify;\">Dopo un\u2019introduzione generale breve nella quale sar\u00e0 situata la figura di S. Teresa nel suo ambiente biografico e storico, il professore esporr\u00e0 i temi proposti nel programma stimolando gli studenti a una lettura sistematica delle opere teresiane, col fine di famigliarizzarli con lo stile dell\u2019autrice e con il contenuto delle sue opere.<\/p>\n<p style=\"text-align: justify;\"><strong>Bibliografia di base<\/strong><\/p>\n<ul>\n<li style=\"text-align: justify;\">TERESA DI GES\u00d9, <em>Opere<\/em>, Edizioni OCD, Roma 2005.<\/li>\n<li style=\"text-align: justify;\">TERESA DI GES\u00d9, <em>Epistolario<\/em>, Edizioni OCD, Roma 1982.<\/li>\n<li style=\"text-align: justify;\">A. \u00c1LVAREZ SU\u00c1REZ, <em>Santa Teresa di Ges\u00f9, testimone di Dio e maestra di orazione nei suoi scritti<\/em>, Teresianum, Roma 2011.<\/li>\n<li style=\"text-align: justify;\">T. \u00c1LVAREZ, <em>Gli orizzonti di Teresa di Ges\u00f9. Dal contesto al testo<\/em>, Edizioni OCD, Roma 2012.<\/li>\n<li style=\"text-align: justify;\">T. \u00c1LVAREZ (a cura di), <em>Dizionario di Santa Teresa, <\/em>Edizioni OCD, Roma 2016.<\/li>\n<li style=\"text-align: justify;\">A. BARRIENTOS (a cura di), <em>Introduzione alla lettura di Santa Teresa di Ges\u00f9. Ambiente storico e letteratura teresiana<\/em>, Edizioni OCD, Roma 2004.<\/li>\n<li style=\"text-align: justify;\">R. ROSSI, <em>Teresa d\u2019Avila. Biografia di una scrittrice<\/em>, Editori Riuniti, Roma 2015 (scritto nel 1983 con una riedizione nel 1993).<\/li>\n<\/ul>","protected":false},"excerpt":{"rendered":"<p>Docente: Prof. &nbsp; Giustificazione Santa Teresa di Ges\u00f9 ha un posto tra gli autori pi\u00f9 importanti della storia della Spiritualit\u00e0. [&hellip;]<\/p>\n","protected":false},"author":2,"featured_media":0,"parent":8460,"menu_order":0,"comment_status":"closed","ping_status":"closed","template":"","meta":{"footnotes":""},"_links":{"self":[{"href":"https:\/\/www.teresianum.net\/en\/wp-json\/wp\/v2\/pages\/9567"}],"collection":[{"href":"https:\/\/www.teresianum.net\/en\/wp-json\/wp\/v2\/pages"}],"about":[{"href":"https:\/\/www.teresianum.net\/en\/wp-json\/wp\/v2\/types\/page"}],"author":[{"embeddable":true,"href":"https:\/\/www.teresianum.net\/en\/wp-json\/wp\/v2\/users\/2"}],"replies":[{"embeddable":true,"href":"https:\/\/www.teresianum.net\/en\/wp-json\/wp\/v2\/comments?post=9567"}],"version-history":[{"count":16,"href":"https:\/\/www.teresianum.net\/en\/wp-json\/wp\/v2\/pages\/9567\/revisions"}],"predecessor-version":[{"id":17842,"href":"https:\/\/www.teresianum.net\/en\/wp-json\/wp\/v2\/pages\/9567\/revisions\/17842"}],"up":[{"embeddable":true,"href":"https:\/\/www.teresianum.net\/en\/wp-json\/wp\/v2\/pages\/8460"}],"wp:attachment":[{"href":"https:\/\/www.teresianum.net\/en\/wp-json\/wp\/v2\/media?parent=9567"}],"curies":[{"name":"wp","href":"https:\/\/api.w.org\/{rel}","templated":true}]}}