{"id":9565,"date":"2017-07-26T16:50:43","date_gmt":"2017-07-26T14:50:43","guid":{"rendered":"http:\/\/www.teresianum.net\/?page_id=9565"},"modified":"2021-10-21T17:45:49","modified_gmt":"2021-10-21T15:45:49","slug":"ocs11b-vita-spirituale-e-affettiva","status":"publish","type":"page","link":"https:\/\/www.teresianum.net\/en\/corso-di-teologia-spirituale-online\/curriculum-di-studio-ts-online\/ocs11b-vita-spirituale-e-affettiva\/","title":{"rendered":"OCS11B Vita spirituale e affettiva"},"content":{"rendered":"<p class=\"qtranxs-available-languages-message qtranxs-available-languages-message-en\"> <p style=\"text-align: justify;\"><span style=\"color: #386290;\"><em>Docenti<\/em>: <\/span>Prof. <a target=\"_blank\" href=\"\/persone\/corpo-docente\/GIAN-FRANCO-POLI\/\">GIAN FRANCO POLI<\/a>\n<p>&nbsp;<\/p>\n<p style=\"text-align: justify;\"><strong>Vita spirituale<\/strong> &#8211; Prof. <a href=\"https:\/\/www.teresianum.net\/?page_id=10448\" target=\"_blank\" rel=\"noopener noreferrer\">Gian Franco Poli<\/a><\/p>\n<p style=\"text-align: justify;\"><strong>Giustificazione<\/strong><\/p>\n<p style=\"text-align: justify;\">Discernere e riconoscere l\u2019opera di Dio nella propria vita; diventare sempre pi\u00f9 credenti maturi, responsabili e soprattutto, liberi. Attuare il progetto: \u00abNon conformatevi alla mentalit\u00e0 di questo secolo, ma trasformatevi rinnovando la vostra mente, per poter discernere la volont\u00e0 di Dio, ci\u00f2 che \u00e8 buono, a lui gradito e perfetto\u00bb (Rm 12,2)<\/p>\n<p style=\"text-align: justify;\"><strong>Obiettivi<\/strong><\/p>\n<p style=\"text-align: justify;\">Approfondire l\u2019intelligenza della vita nello Spirito attraverso la proposta di un \u201ccammino spirituale\u201d da percorrere senza scindere il livello umano da quello spirituale, ma integrando armoniosamente istinti, desideri e sentimenti per dare forma alla propria persona: quella forma bella, sempre pi\u00f9 conforme al Volto di Dio creatore.<\/p>\n<p style=\"text-align: justify;\"><strong>Contenuti<\/strong><\/p>\n<p style=\"text-align: justify;\">Riscoprire il grande dono della vita (Cfr. Sal 34, 13)<\/p>\n<ol style=\"text-align: justify;\">\n<li><em>La dimensione \u201ccreatrice: nascere e vivere<\/em>. 1.1. Nascere e rinascere (Cfr. Es 2, 2). 1.2. Morire e vivere (Cfr. Ger 1, 5).<\/li>\n<li><em>La dimensione \u201cgenerativa\u201d: trasformare e rinascere<\/em>. 2.1. Trasformare il cuore per opera dello Spirito del Signore (Cfr. Rm 7, 4-5). 2.2. Rinascere \u201cdall\u2019alto\u201d (Cfr. Gv 3, 3).<\/li>\n<\/ol>\n<p style=\"text-align: justify;\">Compiere il disegno di Dio (Cfr. Mt 9, 13)<\/p>\n<ol>\n<li style=\"text-align: justify;\"><em>La dimensione \u201cpedagogica\u201d: educare<\/em>. 1.1. Accogliere il \u201cpiano ri-educativo di Dio\u201d (Cfr. Ef 4, 13). 1.2. Accettare di essere \u201cpredestinati\u201d, \u201cchiamati e giustificati\u201d (Cfr. Rm 8, 29-30).<\/li>\n<li style=\"text-align: justify;\"><em>La dimensione \u201cdidattica\u201d: insegnare<\/em>. 2.1. Essere \u201cnelle mani di Dio\u201d (Gv 9, 1-3). 2.2. Agire secondo i desideri di Dio (Cfr. 1 Sam 2, 35)<\/li>\n<\/ol>\n<p style=\"text-align: justify;\"><strong>Bibliografia<\/strong><\/p>\n<p style=\"text-align: justify;\">AV.VV., <em>Il cammino spirituale del cristiano<\/em>, Teresianum &#8211; OCD, Roma-Morena 2004.<br \/>\n&#8212;, <em>L\u2019esistenza cristiana. Introduzione alla vita spirituale<\/em>, Borla, Roma 1990.<br \/>\nANGELINI, G., <em>I frutti dello Spirito<\/em>, Glossa, Milano 2003.<br \/>\nBERNARD, Ch. A., <em>Teologia spirituale<\/em>, Paoline, Roma 1983.<br \/>\nBIANCHI, E., <em>Lettere a un amico sulla vita spirituale<\/em>, Edizioni Qiqajon-Comunita\u0300 di Bose, 2010.<br \/>\nBORRIELLO, L. \u2013 DELLA CROCE, G., <em>Temi maggiori di spiritualita\u0300 teresiana<\/em>, OCD, Roma-Morena 2005.<br \/>\nBOUYER, L., <em>Introduzione alla vita spirituale<\/em>, Borla, Roma 1978.<br \/>\nCITTERIO, E., <em>La vita spirituale e i suoi segreti<\/em>, EDB, Bologna 2005.<br \/>\nCREA, G., <em>Psicologia spiritualit\u00e0 e benessere vocazionale<\/em>, Ed. Messaggero Padova 2014.<br \/>\n&#8212;, <em>G<\/em><em>li altri e la formazione di s\u00e9<\/em>, EDB, Bologna 2005.<br \/>\n&#8212;, <em>Consacrazione e formazione permanente<\/em>, Rogate, Roma, 2012.<br \/>\n&#8212;, <em>Tonache ferite. Forme di disagio nella vita religiosa e sacerdotale<\/em>, EDB, Bologna 2015.<br \/>\nFALAVEGNA, E., <em>Fede, Speranza e Carita\u0300. Percorso di vita orientata dalla Parola<\/em>, Paoline, Milano 2011.<br \/>\nFANIN, L., <em>La crescita nello Spirito. Lineamenti di teologia spirituale<\/em>, EMP, Padova 1995.<br \/>\nFERLAY, Ph., <em>Compendio della vita spirituale<\/em>, Paoline, Cinisello Balsamo (MI) 1990.<br \/>\nGENTILI, A., <em>Sentire da cristiani. La dimensione affettiva della fede<\/em>, Ancora, Milano 2008.<br \/>\nGOYA, B., <em>Psicologia e vita spirituale. Sinfonia a due mani<\/em>, EDB, Bologna 1999.<br \/>\n&#8212;, <em>Vita spirituale tra psicologia e grazia<\/em>, EDB, Bologna 2001.<br \/>\nGRU\u0308N, A., <em>Spiritualita\u0300. Per una vita riuscita, San Paolo<\/em>, Cinisello Balsamo (MI) 2009.<br \/>\nLAUDAZI, C., <em>L\u2019uomo chiamato all\u2019unione con Dio in Cristo<\/em>, OCD, Roma Morena 2006.<br \/>\nLOUF, A., <em>L\u2019uomo interiore<\/em>, Qiqajon, Magnano (BI) 2007.<br \/>\n&#8212;, <em>La vita spirituale<\/em>, Qiqajon, Magnano (BI) 2001.<br \/>\n&#8212;, <em>Consigli per la vita spirituale<\/em>, Qiqajon, Magnano (BI) 2009.<br \/>\nMAGGIONI, B., <em>Le virt\u00f9 del cristiano. Cio\u0300 che fa la differenza<\/em>, San Paolo, Cinisello Balsamo (MI), 2011.<br \/>\nMOLARI, C., <em>Per una spiritualita\u0300 adulta<\/em>, Cittadella, Assisi 2007.<br \/>\nPOLI, G. F. &#8211;\u00a0 CREA, G., <em>Il tarlo che non consuma<\/em>, Rogate, Roma 2014.<br \/>\nPOLI, G. F. &#8211; CONTI, G. \u2013 CREA, G., <em>Tutta la gioia che mi hai messo in cuore.<\/em> <em>\u00c8 ancora di \u201ccasa\u201d la felicit\u00e0 nella vita consacrata?<\/em>, Rogate, Roma 2017.<br \/>\nPIGNA, A., <em>La vita spirituale. Contenuti, itinerario, pienezza<\/em>, OCD, Morena Roma 2004.<br \/>\nRUPNIK, M.I., <em>Nel fuoco del Roveto ardente. Iniziazione alla vita spirituale, <\/em>Lipa, Roma 19972.<br \/>\nSECONDIN, B., <em>Inquieti desideri di spiritualita\u0300. Esperienze, linguaggio, stile<\/em>, EDB, Bologna 2012. SICARI, A., <em>La vita spirituale del cristiano<\/em>, Jaca Book, Milano 1997.<br \/>\nSPIDLIK, T., <em>Il cammino dello Spirito<\/em>, Lipa, Roma 1995.<\/p>","protected":false},"excerpt":{"rendered":"<p>Docenti: Prof. &nbsp; Vita spirituale &#8211; Prof. Gian Franco Poli Giustificazione Discernere e riconoscere l\u2019opera di Dio nella propria vita; [&hellip;]<\/p>\n","protected":false},"author":2,"featured_media":0,"parent":8460,"menu_order":0,"comment_status":"closed","ping_status":"closed","template":"","meta":{"footnotes":""},"_links":{"self":[{"href":"https:\/\/www.teresianum.net\/en\/wp-json\/wp\/v2\/pages\/9565"}],"collection":[{"href":"https:\/\/www.teresianum.net\/en\/wp-json\/wp\/v2\/pages"}],"about":[{"href":"https:\/\/www.teresianum.net\/en\/wp-json\/wp\/v2\/types\/page"}],"author":[{"embeddable":true,"href":"https:\/\/www.teresianum.net\/en\/wp-json\/wp\/v2\/users\/2"}],"replies":[{"embeddable":true,"href":"https:\/\/www.teresianum.net\/en\/wp-json\/wp\/v2\/comments?post=9565"}],"version-history":[{"count":24,"href":"https:\/\/www.teresianum.net\/en\/wp-json\/wp\/v2\/pages\/9565\/revisions"}],"predecessor-version":[{"id":22127,"href":"https:\/\/www.teresianum.net\/en\/wp-json\/wp\/v2\/pages\/9565\/revisions\/22127"}],"up":[{"embeddable":true,"href":"https:\/\/www.teresianum.net\/en\/wp-json\/wp\/v2\/pages\/8460"}],"wp:attachment":[{"href":"https:\/\/www.teresianum.net\/en\/wp-json\/wp\/v2\/media?parent=9565"}],"curies":[{"name":"wp","href":"https:\/\/api.w.org\/{rel}","templated":true}]}}