{"id":9557,"date":"2017-07-26T12:29:44","date_gmt":"2017-07-26T10:29:44","guid":{"rendered":"http:\/\/www.teresianum.net\/?page_id=9557"},"modified":"2020-08-04T18:48:13","modified_gmt":"2020-08-04T16:48:13","slug":"ocs03-gesu-cristo-il-risorto-chiave-della-teologia-spirituale","status":"publish","type":"page","link":"https:\/\/www.teresianum.net\/en\/corso-di-teologia-spirituale-online\/curriculum-di-studio-ts-online\/ocs03-gesu-cristo-il-risorto-chiave-della-teologia-spirituale\/","title":{"rendered":"OCS03 Ges\u00f9 Cristo il Risorto: chiave della Teologia Spirituale"},"content":{"rendered":"<p class=\"qtranxs-available-languages-message qtranxs-available-languages-message-en\"> <p style=\"text-align: justify;\"><span style=\"color: #386290;\"><em>Docente:<\/em> Prof. <a target=\"_blank\" href=\"\/persone\/corpo-docente\/IAIN-SCOTT-MATTHEW\/\">IAIN SCOTT MATTHEW<\/a><\/span><\/p>\n<p>&nbsp;<\/p>\n<p style=\"text-align: justify;\"><strong>Giustificazione<\/strong><\/p>\n<p style=\"text-align: justify;\">L\u2019Istituto di Spiritualit\u00e0 del <em>Teresianum<\/em> crede e propone che la chiave e la possibilit\u00e0 ultima della teologia spirituale \u00e8 il Cristo Risorto.<\/p>\n<p style=\"text-align: justify;\"><strong>Obiettivi<\/strong><\/p>\n<p style=\"text-align: justify;\">Vogliamo esplorare insieme il mistero di Cristo, vivo e presente nella Chiesa, come fonte di vita spirituale e forma della trasformazione dell\u2019uomo.<\/p>\n<p style=\"text-align: justify;\"><strong>Contenuti<\/strong><\/p>\n<p style=\"text-align: justify;\">Esaminiamo il significato della risurrezione di Cristo per la nostra visione di Dio e dell\u2019uomo; la vitalit\u00e0 permanente dei misteri della vita terrena di Ges\u00f9; lo slancio escatologico che la risurrezione di Cristo d\u00e0 alla teologia spirituale; e la fede nel Risorto in un mondo pluralistico.<\/p>\n<p style=\"text-align: justify;\"><strong>Metodologia<\/strong><\/p>\n<p style=\"text-align: justify;\">Una serie di lezioni registrate, con momenti di lavoro personale dallo studente.<\/p>\n<p style=\"text-align: justify;\"><strong>Criteri di valutazione<\/strong><\/p>\n<p style=\"text-align: justify;\">Un esame finale in forma di elaborato.<\/p>\n<p style=\"text-align: justify;\"><strong>Distribuzione del tempo di lavoro<\/strong><\/p>\n<p style=\"text-align: justify;\">La maggior parte delle ore a disposizione verranno utilizzate per lezioni registrate, riservando un congruo tempo ai lavori dallo studente.<\/p>\n<p style=\"text-align: justify;\"><strong>Bibliografia<\/strong><\/p>\n<ul>\n<li style=\"text-align: justify;\">Dispensa di testi scelti (da Leone Magno, Teresa di Ges\u00f9, Giovanni della Croce, John Henry Newman).<\/li>\n<li style=\"text-align: justify;\">BENEDETTO XVI, <em>Spe Salvi<\/em>, LEV, Roma 2007.<\/li>\n<li style=\"text-align: justify;\">BENEDETTO XVI, <em>Ges\u00f9 di Nazaret<\/em>, I &amp; II, LEV, Roma 2007, 2011.<\/li>\n<li style=\"text-align: justify;\">M. BORDONI, <em>Christus Omnium Redemptor,<\/em> LEV, Roma 2010.\u00f9<\/li>\n<li style=\"text-align: justify;\">S. CASTRO, <em>Cristo Vida del hombre,<\/em> EDE Madrid, 1991.<\/li>\n<li style=\"text-align: justify;\">A. COZZI, <em>Ges\u00f9 Cristo tra le religioni,<\/em> Cittadella, Assisi, 2005.<\/li>\n<li style=\"text-align: justify;\">E. GALLI, <em>Il mistero del Figlio nei Suoi misteri,\u00a0<\/em>Casa Editrice Miscellanea Franciscana 2015.<\/li>\n<li style=\"text-align: justify;\">A. KELLY, <em>The Resurrection Effect,<\/em> Orbis, New York 2008.<\/li>\n<li style=\"text-align: justify;\">L. F. LADARIA, <em>Ges\u00f9 Cristo salvezza di tutti,<\/em> EDB 2009.<\/li>\n<li style=\"text-align: justify;\">C. SCH\u00d6NBORN, <em>L\u2019Icona di Cristo,<\/em> San Paolo, Milano 1988.\u00a0<\/li>\n<li style=\"text-align: justify;\">M. VANZINI, \u00abIl Corpo Risorto di Ges\u00f9 Cristo nel dibattito teologico recente\u00bb, <em>Annales Theologici<\/em> 26 i 2012, pp.153-220.<\/li>\n<\/ul>","protected":false},"excerpt":{"rendered":"<p>Docente: Prof. &nbsp; Giustificazione L\u2019Istituto di Spiritualit\u00e0 del Teresianum crede e propone che la chiave e la possibilit\u00e0 ultima della [&hellip;]<\/p>\n","protected":false},"author":2,"featured_media":0,"parent":8460,"menu_order":0,"comment_status":"closed","ping_status":"closed","template":"","meta":{"footnotes":""},"_links":{"self":[{"href":"https:\/\/www.teresianum.net\/en\/wp-json\/wp\/v2\/pages\/9557"}],"collection":[{"href":"https:\/\/www.teresianum.net\/en\/wp-json\/wp\/v2\/pages"}],"about":[{"href":"https:\/\/www.teresianum.net\/en\/wp-json\/wp\/v2\/types\/page"}],"author":[{"embeddable":true,"href":"https:\/\/www.teresianum.net\/en\/wp-json\/wp\/v2\/users\/2"}],"replies":[{"embeddable":true,"href":"https:\/\/www.teresianum.net\/en\/wp-json\/wp\/v2\/comments?post=9557"}],"version-history":[{"count":12,"href":"https:\/\/www.teresianum.net\/en\/wp-json\/wp\/v2\/pages\/9557\/revisions"}],"predecessor-version":[{"id":17839,"href":"https:\/\/www.teresianum.net\/en\/wp-json\/wp\/v2\/pages\/9557\/revisions\/17839"}],"up":[{"embeddable":true,"href":"https:\/\/www.teresianum.net\/en\/wp-json\/wp\/v2\/pages\/8460"}],"wp:attachment":[{"href":"https:\/\/www.teresianum.net\/en\/wp-json\/wp\/v2\/media?parent=9557"}],"curies":[{"name":"wp","href":"https:\/\/api.w.org\/{rel}","templated":true}]}}