{"id":9549,"date":"2017-07-26T11:45:01","date_gmt":"2017-07-26T09:45:01","guid":{"rendered":"http:\/\/www.teresianum.net\/?page_id=9549"},"modified":"2020-08-02T19:10:33","modified_gmt":"2020-08-02T17:10:33","slug":"cts42-santa-teresa-di-gesu-bambino","status":"publish","type":"page","link":"https:\/\/www.teresianum.net\/en\/corso-di-teologia-spirituale\/curriculum-di-studio\/cts42-santa-teresa-di-gesu-bambino\/","title":{"rendered":"CTS42 Santa Teresa di Ges\u00f9 Bambino"},"content":{"rendered":"<p class=\"qtranxs-available-languages-message qtranxs-available-languages-message-en\"> <p style=\"text-align: justify;\"><span style=\"color: #000000;\"><em>Docente:<\/em> Prof. <a href=\"https:\/\/www.teresianum.net\/?page_id=3325\" target=\"_blank\" rel=\"noopener noreferrer\">Fran\u00e7ois-Marie L\u00e9thel<\/a>\u00a0<\/span><\/p>\n<p>&nbsp;<\/p>\n<p style=\"text-align: justify;\"><strong>Giustificazione<\/strong><\/p>\n<p style=\"text-align: justify;\">Il 19 ottobre 1997, Teresa di Lisieux \u00e8 stata dichiarata Dottore della Chiesa da san Giovanni Paolo II come \u00abesperta della <em>scientia amoris<\/em>\u00bb (<em>Novo Millennio Ineunte,<\/em> n. 42). \u00c8 una delle pi\u00f9 importanti figure di santit\u00e0 in tutta la storia della Chiesa, con un influsso incalcolabile su tutto il Popolo di Dio, nella spiritualit\u00e0 come nel pensiero teologico.<\/p>\n<p style=\"text-align: justify;\"><strong>Obiettivi<\/strong><\/p>\n<p style=\"text-align: justify;\">L\u2019intenzione di questo corso \u00e8 di aiutare gli studenti ad entrare nella profondit\u00e0 teologica degli <em>Scritti <\/em>della Santa, con questa chiave della teologia mistica come <em>scientia amoris<\/em>, alla luce degli altri due Dottori Carmelitani, Teresa d\u2019Avila e Giovanni della Croce (e anche in dialogo con la <em>scientia fidei<\/em>, intellettuale, di san Tommaso).<\/p>\n<p style=\"text-align: justify;\"><strong>Contenuti<\/strong><\/p>\n<p style=\"text-align: justify;\">La teologia di Teresa \u00e8 caratterizzata da uno splendido <em>cristocentrismo. <\/em>In Cristo Ges\u00f9 vengono contemplati tutti i Misteri della Fede:\u00a0 Dio Trinit\u00e0, la Creazione e la Salvezza, l\u2019Incarnazione, la Redenzione, Maria e la Chiesa, l\u2019Escatologia&#8230; \u00c8 una teologia simbolica e narrativa, sempre a contatto con la Sacra Scrittura, soprattutto il Vangelo. A partire dalla sua sintesi contenuta nella <em>Storia di un\u2019anima<\/em> (che riunisce tre<em> Manoscritti Autobiografici A, B e C<\/em> e le due preghiere essenziali che sono <em>l\u2019Offerta all\u2019Amore Misericordioso <\/em>e la <em>Preghiera nel giorno della Professione<\/em>), conviene studiare gli altri scritti della Santa (<em>Lettere, Poesie, Preghiere, Operette teatrali<\/em>).<\/p>\n<p style=\"text-align: justify;\"><strong>Metodo<\/strong><\/p>\n<p style=\"text-align: justify;\">Tutto il corso si svolger\u00e0 a contatto diretto con il testo della <em>Storia di un\u2019anima<\/em>, con un\u2019attenzione speciale al grande tema della Misericordia.<\/p>\n<p style=\"text-align: justify;\"><strong>Valutazione<\/strong><\/p>\n<p style=\"text-align: justify;\">Elaborato scritto o esame orale (a scelta).<\/p>\n<p style=\"text-align: justify;\"><strong>Bibliografia<\/strong><\/p>\n<ul>\n<li style=\"text-align: justify;\">TERESA DI GES\u00d9 BAMBINO, <em>Storia di un\u2019anima<\/em>, Ed OCD, Roma 2015, con prefazione di BENEDETTO XVI e presentazione di F.M. Lethel.<\/li>\n<li style=\"text-align: justify;\">SAINTE THERESE DE L\u2019ENFANT JESUS DE LA SAINTE FACE, <em>Histoire d\u2019une \u00e2me<\/em>, ed Cerf\/DDB, Paris 1998, col \u201cPocket\u201d.<\/li>\n<li style=\"text-align: justify;\">THERESE DE LISIEUX, <em>Oeuvres Compl\u00e8tes <\/em>(Paris, 1992, Cerf\/DDB, 1 vol); Trad. it.: S. TERESA DI GES\u00d9 BAMBINO E DEL SANTO VOLTO, <em>Opere Complete<\/em> <em>Scritti e ultime parole<\/em>, Libreria Editrice Vaticana, Edizioni OCD, Roma 1997.<\/li>\n<li style=\"text-align: justify;\">F.M. LETHEL, <em>L\u2019Amore di Ges\u00f9. La cristologia di santa Teresa di Ges\u00f9 Bambino<\/em>, Libreria Editrice Vaticana, 1999).<\/li>\n<li style=\"text-align: justify;\">F.M. LETHEL, <em>La Luce di Cristo nel Cuore della Chiesa. Giovanni Paolo II e la teologia dei santi<\/em>. <em>Esercizi Spirituali con Benedetto XVI<\/em>, Libreria Editrice Vaticana, 2011.<\/li>\n<\/ul>","protected":false},"excerpt":{"rendered":"<p>Docente: Prof. Fran\u00e7ois-Marie L\u00e9thel\u00a0 &nbsp; Giustificazione Il 19 ottobre 1997, Teresa di Lisieux \u00e8 stata dichiarata Dottore della Chiesa da [&hellip;]<\/p>\n","protected":false},"author":2,"featured_media":0,"parent":9108,"menu_order":0,"comment_status":"closed","ping_status":"closed","template":"","meta":{"footnotes":""},"_links":{"self":[{"href":"https:\/\/www.teresianum.net\/en\/wp-json\/wp\/v2\/pages\/9549"}],"collection":[{"href":"https:\/\/www.teresianum.net\/en\/wp-json\/wp\/v2\/pages"}],"about":[{"href":"https:\/\/www.teresianum.net\/en\/wp-json\/wp\/v2\/types\/page"}],"author":[{"embeddable":true,"href":"https:\/\/www.teresianum.net\/en\/wp-json\/wp\/v2\/users\/2"}],"replies":[{"embeddable":true,"href":"https:\/\/www.teresianum.net\/en\/wp-json\/wp\/v2\/comments?post=9549"}],"version-history":[{"count":8,"href":"https:\/\/www.teresianum.net\/en\/wp-json\/wp\/v2\/pages\/9549\/revisions"}],"predecessor-version":[{"id":17774,"href":"https:\/\/www.teresianum.net\/en\/wp-json\/wp\/v2\/pages\/9549\/revisions\/17774"}],"up":[{"embeddable":true,"href":"https:\/\/www.teresianum.net\/en\/wp-json\/wp\/v2\/pages\/9108"}],"wp:attachment":[{"href":"https:\/\/www.teresianum.net\/en\/wp-json\/wp\/v2\/media?parent=9549"}],"curies":[{"name":"wp","href":"https:\/\/api.w.org\/{rel}","templated":true}]}}