{"id":9488,"date":"2017-07-25T10:56:18","date_gmt":"2017-07-25T08:56:18","guid":{"rendered":"http:\/\/www.teresianum.net\/?page_id=9488"},"modified":"2024-11-21T17:24:20","modified_gmt":"2024-11-21T16:24:20","slug":"ap1270-visione-antropologica-di-chiesa-e-sacramenti","status":"publish","type":"page","link":"https:\/\/www.teresianum.net\/en\/specializzazione-in-antropologia-teologica\/ciclo-per-la-licenza\/curriculum-di-studio\/ap1270-visione-antropologica-di-chiesa-e-sacramenti\/","title":{"rendered":"AP1270 Visione antropologica di Chiesa e sacramenti"},"content":{"rendered":"<p class=\"qtranxs-available-languages-message qtranxs-available-languages-message-en\"> <p><span style=\"color: #000000;\"><em>Docente:<\/em> Prof. Innocent Ndimubanzi Hakizimana<\/span><\/p>\n<p>&nbsp;<\/p>\n<p style=\"text-align: justify;\"><strong>Giustificazione<\/strong><\/p>\n<p style=\"text-align: justify;\">La Chiesa, sacramento universale di salvezza, \u00e8 allo stesso tempo corpo di Cristo e popolo di Dio nel suo pellegrinaggio storico verso la pienezza della salvezza. Unita a Cristo, essa esercita la funzione mediatrice e missionaria nella storia dell\u2019umanit\u00e0 per mezzo dell\u2019evangelizzazione, della testimonianza dell\u2019amore di Cristo e del dialogo con le culture. L\u2019unione con Cristo viene vissuta nella celebrazione dei sacramenti; azioni liturgiche costituite dal simbolismo antropologico, in cui la Chiesa viene edificata dalla grazia per la sua missione nella storia mondo. Nella celebrazione, accanto alla fede nell\u2019efficacia della grazia, \u00e8 necessario tenere conto del linguaggio rituale e della sua efficacia nell\u2019espressione della fede.<\/p>\n<p style=\"text-align: justify;\"><strong>Obiettivo<\/strong><\/p>\n<p style=\"text-align: justify;\">L\u2019obiettivo del corso \u00e8 quello di mostrare i tre aspetti della funzione mediatrice della Chiesa nella storia: evangelizzazione, testimonianza e dialogo. L\u2019unione con Cristo, mediante la celebrazione dei sacramenti, fondamento dell\u2019identit\u00e0 della Chiesa e la testimonianza dell\u2019amore salvifico di Cristo nella storia dei popoli. Il corso mostrer\u00e0 anche la necessit\u00e0 del dialogo con le altre religioni e visioni della realt\u00e0 della vita in vista del bene dell\u2019uomo.<\/p>\n<p style=\"text-align: justify;\"><strong>Contenuti<\/strong><\/p>\n<p style=\"text-align: justify;\">1. Il sentimento religioso e il suo carattere sociale. 2. Ges\u00f9 Cristo, mediatore universale di salvezza. 3. La funzione mediatrice della Chiesa. 4. La testimonianza mediante l\u2019amore e il dialogo con le altre religioni e visioni culturali. 5. La celebrazione sacramentale come momento d\u2019incontro, di grazia e di vita con Dio. 6. L\u2019importanza del linguaggio simbolico nella celebrazione dei sacramenti.<\/p>\n<p style=\"text-align: justify;\"><strong>Metodologia<\/strong><\/p>\n<p style=\"text-align: justify;\">Lezioni cattedratiche e seminari.<\/p>\n<p style=\"text-align: justify;\"><strong>Criteri di valutazione<\/strong><\/p>\n<p style=\"text-align: justify;\">La comprensione generale del contenuto del corso, soprattutto il legame tra la missione di Ges\u00f9 Cristo e quello della Chiesa nella realt\u00e0 storica attuale e futura. La valutazione si far\u00e0 con l\u2019esame orale.<\/p>\n<p style=\"text-align: justify;\"><strong>Distribuzione del tempo di lavoro<\/strong><\/p>\n<p style=\"text-align: justify;\">Su 24 ore, 16 sono impiegate in lezioni cattedratiche e 8 in seminari.<\/p>\n<p style=\"text-align: justify;\"><strong>Bibliografia<\/strong><\/p>\n<ul>\n<li style=\"text-align: justify;\">HAKIZIMANA I., \u00abLa m\u00e9diation de l\u2019Eglise dans les trois premiers si\u00e8cles\u00bb, in <em>Teresianum<\/em> 59, (2008), 37-64\u00a0;<\/li>\n<li style=\"text-align: justify;\">GARUTI A., <em>Il mistero della Chiesa. <\/em><em>Manuale di<\/em> <em>ecclesiologia<\/em>, Roma 2003;<\/li>\n<li style=\"text-align: justify;\">CHAUVET L. M., <em>I Sacramenti. Aspetti teologici e pastorali<\/em>, Ancora, Milano 1997.<\/li>\n<\/ul>","protected":false},"excerpt":{"rendered":"<p>Docente: Prof. Innocent Ndimubanzi Hakizimana &nbsp; Giustificazione La Chiesa, sacramento universale di salvezza, \u00e8 allo stesso tempo corpo di Cristo [&hellip;]<\/p>\n","protected":false},"author":2,"featured_media":0,"parent":20287,"menu_order":77,"comment_status":"closed","ping_status":"closed","template":"page-specializzazioneantropologialicenza.php","meta":{"footnotes":""},"_links":{"self":[{"href":"https:\/\/www.teresianum.net\/en\/wp-json\/wp\/v2\/pages\/9488"}],"collection":[{"href":"https:\/\/www.teresianum.net\/en\/wp-json\/wp\/v2\/pages"}],"about":[{"href":"https:\/\/www.teresianum.net\/en\/wp-json\/wp\/v2\/types\/page"}],"author":[{"embeddable":true,"href":"https:\/\/www.teresianum.net\/en\/wp-json\/wp\/v2\/users\/2"}],"replies":[{"embeddable":true,"href":"https:\/\/www.teresianum.net\/en\/wp-json\/wp\/v2\/comments?post=9488"}],"version-history":[{"count":8,"href":"https:\/\/www.teresianum.net\/en\/wp-json\/wp\/v2\/pages\/9488\/revisions"}],"predecessor-version":[{"id":26375,"href":"https:\/\/www.teresianum.net\/en\/wp-json\/wp\/v2\/pages\/9488\/revisions\/26375"}],"up":[{"embeddable":true,"href":"https:\/\/www.teresianum.net\/en\/wp-json\/wp\/v2\/pages\/20287"}],"wp:attachment":[{"href":"https:\/\/www.teresianum.net\/en\/wp-json\/wp\/v2\/media?parent=9488"}],"curies":[{"name":"wp","href":"https:\/\/api.w.org\/{rel}","templated":true}]}}