{"id":9419,"date":"2017-07-24T12:55:08","date_gmt":"2017-07-24T10:55:08","guid":{"rendered":"http:\/\/www.teresianum.net\/?page_id=9419"},"modified":"2021-07-21T09:52:16","modified_gmt":"2021-07-21T07:52:16","slug":"ss1031-dionigi-areopagita-e-la-teologia-sapienziale-della-chiesa","status":"publish","type":"page","link":"https:\/\/www.teresianum.net\/en\/specializzazione-in-teologia-spirituale\/ciclo-per-la-licenza-ts\/curriculum-di-studio\/ss1031-dionigi-areopagita-e-la-teologia-sapienziale-della-chiesa\/","title":{"rendered":"SS1031 Dionigi Areopagita e la teologia sapienziale della Chiesa"},"content":{"rendered":"<p style=\"text-align: justify;\"><span style=\"color: #000000;\"><em>Docente:<\/em> Prof. Franc\u0327ois-Marie L\u00c9THEL<\/span><\/p>\n<p style=\"text-align: justify;\">\u00a0<\/p>\n<p style=\"text-align: justify;\"><strong>Giustificazione<\/strong><\/p>\n<p style=\"text-align: justify;\">Nell\u2019ambiente della patristica greca, il <em>Corpus Dionysiacum<\/em> occupa un posto molto importante. Scritto alla fine del V secolo (o all\u2019inizio del VI), \u00e8 l\u2019opera d\u2019un \u201csanto sconosciuto\u201d, che era indubbiamente \u00abuno spirito superiore\u00bb (Santa Edith Stein). Dionigi Areopagita (o Pseudo-Dionigi) \u00e8 sicuramente il Padre orientale che ha maggiormente influenzato l\u2019Occidente, sia al livello della vita spirituale, sia al livello del pensiero speculativo, e anche dell\u2019arte. Dal punto di vista ecumenico, Dionigi \u00e8 un ponte tra la Chiesa Cattolica e le Chiese Ortodosse.<\/p>\n<p style=\"text-align: justify;\"><strong>Obiettivi<\/strong><\/p>\n<p style=\"text-align: justify;\">Lo scopo principale di questo seminario \u00e8 la riscoperta e la riabilitazione di Dionigi, spesso ingiustamente criticato e sospettato oggi, interpretando la sua opera alla luce dei grandi santi che si sono ispirati a lui, privilegiando san Tommaso (sul versante speculativo) e san Giovanni della Croce (sul versante mistico e simbolico). Lo strumento teologico essenziale sar\u00e0 sempre il \u201cprisma\u201d della <em>teologia dei santi<\/em>, cio\u00e8 la complementarit\u00e0 tra <em>Padri, Dottori e Mistici.<\/em><\/p>\n<p style=\"text-align: justify;\"><strong>Contenuti<\/strong><\/p>\n<p style=\"text-align: justify;\">Con la stessa parola <em>teologia<\/em>, che significa essenzialmente <em>la Sacra Scrittura<\/em><em> come Parola di Dio<\/em>, Dionigi distingue chiaramente tre polarit\u00e0 dell\u2019interpretazione ecclesiale della Scrittura: <em>la Teologia Mistica<\/em><em>, la Teologia Simbolica e la Teologia Noetica (cio\u00e8 Intellettuale o Speculativa)<\/em>. Questa distinzione \u00e8 illuminante (pi\u00f9 che la classica distinzione tra <em>teologia e spiritualit\u00e0<\/em>) \u00e8 molto preziosa per riaprire oggi il campo della teologia all\u2019ineffabile esperienza mistica e alla sua espressione privilegiata nella <em>simbolica biblica e sacramentale<\/em> (cf. S. Giovanni della Croce), nella sua complementarit\u00e0 con la teologia accademica (cf. S. Tommaso). \u00a0\u00c8 una chiave universale che permette di considerare i <em>Mistici<\/em> come autentici teologi. Per Dionigi, Dio si rivela in Cristo Ges\u00f9 principalmente come <em>Bont\u00e0, Bellezza, Amore<\/em>. Partendo dall\u2019<em>agap\u00e8 <\/em>biblica, la sua teologia dell\u2019Amore purifica, integra e trasfigura la grande tematica platonica dell\u2019<em>eros<\/em>, cio\u00e8 dell\u2019amore innamorato che ha come oggetto proprio la Bellezza e che esprime l\u2019unione con Dio attraverso la simbolica sponsale. Riassumendo il pensiero di Dionigi, che attribuisce l\u2019<em>eros<\/em> a Dio stesso,\u00a0 Benedetto XVI scrive:\u00a0 \u00abL\u2019<em>eros<\/em> di Dio per l\u2019uomo \u00e8 totalmente <em>agap\u00e8<\/em>\u00bb (<em>Deus Caritas est, <\/em>n. 9 e 10). La stessa teologia dell\u2019<em>eros<\/em> si ritrova nell\u2019interpretazione cristologica del Cantico dei Cantici, fondamentale negli scritti dei Mistici ed eminentemente in san Giovanni della Croce.<\/p>\n<p style=\"text-align: justify;\"><strong>Metodo<\/strong><\/p>\n<p style=\"text-align: justify;\">Dopo le prime ore di presentazione dell\u2019argomento, tutto il lavoro del seminario si svolger\u00e0 direttamente sul testo di Dionigi (nella traduzione italiana, sempre confrontata con l\u2019originale greco), con un riferimento privilegiato alle interpretazioni di san Tommaso e di san Giovanni della Croce.<\/p>\n<p style=\"text-align: justify;\"><strong>Bibliografia<\/strong><\/p>\n<ul>\n<li style=\"text-align: justify;\">DIONIGI AREOPAGITA,\u00a0<em>Tutte le Opere<\/em>, (Milano, 2009, ed Bompiani, trad. ital. con testo greco a fronte. L\u2019Introduzione e il \u201cSaggio integrativo\u201d sono molto discutibili).<\/li>\n<li style=\"text-align: justify;\">TOMMASO D\u2019AQUINO,\u00a0<em>Somma Teologica,\u00a0<\/em>(ed informatica gratuita con testo latino a fronte).<\/li>\n<li style=\"text-align: justify;\">THOMAE AQUINATIS,\u00a0<em>In librum Beati Dionysii De Divinis Nominibus expositio,<\/em>\u00a0Marietti,\u00a0Torino 1950.<\/li>\n<li style=\"text-align: justify;\">GIOVANNI DELLA CROCE,\u00a0<em>Opere Complete<\/em>, (Milano, 2001, ed. San Paolo).<\/li>\n<\/ul>\n","protected":false},"excerpt":{"rendered":"<p>Docente: Prof. Franc\u0327ois-Marie L\u00c9THEL \u00a0 Giustificazione Nell\u2019ambiente della patristica greca, il Corpus Dionysiacum occupa un posto molto importante. Scritto alla [&hellip;]<\/p>\n","protected":false},"author":2,"featured_media":0,"parent":20526,"menu_order":23,"comment_status":"closed","ping_status":"closed","template":"","meta":{"footnotes":""},"_links":{"self":[{"href":"https:\/\/www.teresianum.net\/en\/wp-json\/wp\/v2\/pages\/9419"}],"collection":[{"href":"https:\/\/www.teresianum.net\/en\/wp-json\/wp\/v2\/pages"}],"about":[{"href":"https:\/\/www.teresianum.net\/en\/wp-json\/wp\/v2\/types\/page"}],"author":[{"embeddable":true,"href":"https:\/\/www.teresianum.net\/en\/wp-json\/wp\/v2\/users\/2"}],"replies":[{"embeddable":true,"href":"https:\/\/www.teresianum.net\/en\/wp-json\/wp\/v2\/comments?post=9419"}],"version-history":[{"count":5,"href":"https:\/\/www.teresianum.net\/en\/wp-json\/wp\/v2\/pages\/9419\/revisions"}],"predecessor-version":[{"id":12360,"href":"https:\/\/www.teresianum.net\/en\/wp-json\/wp\/v2\/pages\/9419\/revisions\/12360"}],"up":[{"embeddable":true,"href":"https:\/\/www.teresianum.net\/en\/wp-json\/wp\/v2\/pages\/20526"}],"wp:attachment":[{"href":"https:\/\/www.teresianum.net\/en\/wp-json\/wp\/v2\/media?parent=9419"}],"curies":[{"name":"wp","href":"https:\/\/api.w.org\/{rel}","templated":true}]}}