{"id":93156,"date":"2025-06-29T16:10:52","date_gmt":"2025-06-29T14:10:52","guid":{"rendered":"https:\/\/www.teresianum.net\/?page_id=93156"},"modified":"2025-06-29T16:12:17","modified_gmt":"2025-06-29T14:12:17","slug":"cts63-dalla-creazione-alla-ricreazione","status":"publish","type":"page","link":"https:\/\/www.teresianum.net\/en\/corso-di-teologia-spirituale\/curriculum-di-studio\/cts63-dalla-creazione-alla-ricreazione\/","title":{"rendered":"CTS63 Dalla creazione alla ricreazione: il cammino di salvezza nella spiritualit\u00e0 biblica"},"content":{"rendered":"<p class=\"qtranxs-available-languages-message qtranxs-available-languages-message-en\"> <p><em>Docente<\/em>: Prof. <a target=\"_blank\" href=\"\/persone\/corpo-docente\/RICHARD-FRANCIS-DSOUZA\/\">RICHARD FRANCIS DSOUZA<\/a>\u00a0 Richard Francis D\u2019Souza<\/p>\n<p>&nbsp;<\/p>\n<p style=\"text-align: justify;\"><strong>Giustificazione<br \/>\n<\/strong>La Chiesa ha sempre considerato le Scritture divine come la regola suprema della propria fede. In esse risiede una potenza che sostiene e vivifica la Chiesa, offrendo ai figli della Chiesa la saldezza della fede, il cibo dell\u2019anima e la sorgente perenne della vita spirituale (DV 21). Questo corso si propone di esplorare la spiritualit\u00e0 biblica come fondamentale per il cammino di salvezza.<\/p>\n<p style=\"text-align: justify;\"><strong>Obiettivi<br \/>\n<\/strong>Scoprire la ricchezza delle diverse spiritualit\u00e0 presenti nella Bibbia, quale fonte di arricchimento per la spiritualit\u00e0 dello studente. Approfondire come le diverse tradizioni bibliche contribuiscano alla formazione di una spiritualit\u00e0 cristiana integrata e autentica.<\/p>\n<p style=\"text-align: justify;\"><strong>Contenuti<br \/>\n<\/strong>Il corso introduce alla spiritualit\u00e0 biblica, distinguendo tra spiritualit\u00e0 classica e spiritualit\u00e0 biblica. Si esploreranno le principali tradizioni spirituali dell\u2019Antico Testamento: la spiritualit\u00e0 della Torah\/Pentateuco, sapienziale e profetica. Dal Nuovo Testamento, si esamineranno la spiritualit\u00e0 dei Vangeli, con particolare attenzione ai Vangeli secondo Marco, Matteo, Luca e Giovanni. Si approfondiranno poi la spiritualit\u00e0 di San Paolo, l\u2019autore della Lettera agli Ebrei e la spiritualit\u00e0 dell\u2019Apocalisse. Ogni sezione metter\u00e0 in evidenza le peculiarit\u00e0 e i messaggi spirituali di ciascuna tradizione.<\/p>\n<p style=\"text-align: justify;\"><strong>Metodologia<br \/>\n<\/strong>Il corso si svolger\u00e0 attraverso lezioni frontali, accompagnate da schede di presentazione in PowerPoint. Durante le lezioni, sono previsti momenti di confronto e dialogo, che stimoleranno una comprensione pi\u00f9 profonda e personale dei temi trattati.<\/p>\n<p style=\"text-align: justify;\"><strong>Criteri di valutazione<br \/>\n<\/strong>Gli studenti dovranno redigere un elaborato scritto di 4-5 pagine massimo, seguendo le indicazioni fornite durante il corso. L&#8217;elaborato sar\u00e0 valutato in base alla chiarezza espositiva, alla capacit\u00e0 di sintesi e alla comprensione teologica dei contenuti.<\/p>\n<p style=\"text-align: justify;\"><strong>Distribuzione del tempo di lavoro<br \/>\n<\/strong>Il corso prevede 20 ore di lezioni frontali, 35 ore di studio personale per l\u2019elaborazione dell\u2019elaborato finale e 5 ore dedicate alla preparazione e discussione dei temi in aula.<\/p>","protected":false},"excerpt":{"rendered":"<p>Docente: Prof. \u00a0 Richard Francis D\u2019Souza &nbsp; Giustificazione La Chiesa ha sempre considerato le Scritture divine come la regola suprema [&hellip;]<\/p>\n","protected":false},"author":2,"featured_media":0,"parent":9108,"menu_order":0,"comment_status":"closed","ping_status":"closed","template":"page-corsoteologiaspirituale.php","meta":{"footnotes":""},"_links":{"self":[{"href":"https:\/\/www.teresianum.net\/en\/wp-json\/wp\/v2\/pages\/93156"}],"collection":[{"href":"https:\/\/www.teresianum.net\/en\/wp-json\/wp\/v2\/pages"}],"about":[{"href":"https:\/\/www.teresianum.net\/en\/wp-json\/wp\/v2\/types\/page"}],"author":[{"embeddable":true,"href":"https:\/\/www.teresianum.net\/en\/wp-json\/wp\/v2\/users\/2"}],"replies":[{"embeddable":true,"href":"https:\/\/www.teresianum.net\/en\/wp-json\/wp\/v2\/comments?post=93156"}],"version-history":[{"count":2,"href":"https:\/\/www.teresianum.net\/en\/wp-json\/wp\/v2\/pages\/93156\/revisions"}],"predecessor-version":[{"id":93159,"href":"https:\/\/www.teresianum.net\/en\/wp-json\/wp\/v2\/pages\/93156\/revisions\/93159"}],"up":[{"embeddable":true,"href":"https:\/\/www.teresianum.net\/en\/wp-json\/wp\/v2\/pages\/9108"}],"wp:attachment":[{"href":"https:\/\/www.teresianum.net\/en\/wp-json\/wp\/v2\/media?parent=93156"}],"curies":[{"name":"wp","href":"https:\/\/api.w.org\/{rel}","templated":true}]}}