{"id":91884,"date":"2025-06-26T18:34:42","date_gmt":"2025-06-26T16:34:42","guid":{"rendered":"https:\/\/www.teresianum.net\/?page_id=91884"},"modified":"2025-12-15T11:58:59","modified_gmt":"2025-12-15T10:58:59","slug":"so3522-giovanni-della-croce-cosa-dice-al-mondo-doggi","status":"publish","type":"page","link":"https:\/\/www.teresianum.net\/en\/specializzazione-in-teologia-spirituale\/ciclo-per-la-licenza-ts\/curriculum-di-studio\/so3522-giovanni-della-croce-cosa-dice-al-mondo-doggi\/","title":{"rendered":"SO3522 \u201cGiovanni della Croce, cosa dice al mondo d\u2019oggi?\u201d"},"content":{"rendered":"<p class=\"qtranxs-available-languages-message qtranxs-available-languages-message-en\"> <p><strong>Docenti:<\/strong> Prof.ssa. Andrea Canales Em\u0151dy e Prof. Iain Matthew OCD<\/p>\n<p><strong>Giustificazione<\/strong><\/p>\n<p>In occasione del centenario della proclamazione di San Giovanni della Croce come Dottore della Chiesa (1926-2026), il corso propone uno sguardo rinnovato e attuale sulla sua eredit\u00e0 teologico-spirituale. Con genialit\u00e0 e finezza non comuni, il mistico carmelitano si rende presente nei nuovi e esigenti areopaghi delle nostre societ\u00e0, offrendo una parola rivelatrice sul <em>progetto-essere-umano<\/em>.<\/p>\n<p><strong>Obiettivi<\/strong><\/p>\n<p>Nel corso si cercher\u00e0 di evidenziare la rilevanza delle intuizioni antropologiche e teologiche di San Giovanni della Croce in dialogo con il contesto contemporaneo. E quindi, attraverso la messa in dialogo tra il suo pensiero e la nostra attualit\u00e0, si individueranno possibili applicazioni per la comprensione della persona umana nella sua ricerca di senso vitale.<\/p>\n<p><strong>Contenuti<\/strong><\/p>\n<p>Le linee tematiche del corso prevedono un approfondimento sistematico dei concetti chiave dell\u2019antropologia teologale di San Giovanni della Croce, individuando punti di convergenza, di tensione o di incidenza con le realt\u00e0 esistenziali contemporanee. Al contempo si terr\u00e0 un constante sguardo alle applicazioni nei contesti sociali e personali dei propri studenti.<\/p>\n<p><strong>Metodologia<\/strong><\/p>\n<p>Esposizione magistrale dei contenuti. Partecipazione degli studenti attraverso brevi ricerche e presentazioni. Immersione, analisi e interpretazione dei testi principali di Giovanni della Croce, cogliendone la struttura, il linguaggio simbolico e le implicazioni teologiche. Una prima parte del corso sar\u00e0 guidato dal Prof. Iain Matthew, e una seconda parte dalla Prof.sa. Andrea Canales Em\u0151dy.<\/p>\n<p><strong>Criteri di valutazione<\/strong><\/p>\n<p>La valutazione si svolge tramite l\u2019esame orale. I criteri di valutazione si appoggiano sui tre principi: capacit\u00e0 di lettura e interpretazione dei testi di Giovanni della Croce, conoscimento delle principali idee del suo pensiero teologico antropologico e capacit\u00e0 di mettere in dialogo Giovanni con delle sfide dell\u2019attualit\u00e0.<\/p>\n<p><strong>Distribuzione del tempo di lavoro<\/strong><\/p>\n<p>Lezioni frontali e partecipazione degli alunni con confronto da parte dei professori.<\/p>\n<p><strong>\u00a0<\/strong><strong>Bibliografia<\/strong><\/p>\n<ul>\n<li>BORRIELLO, L., ed., <em>Antropologia soprannaturale<\/em>, Studi carmelitani 4, Citt\u00e0 del Vaticano 2003, 143-173<\/li>\n<li>CANALES EM\u0150DY, A., <em>\u00aby parece moverse \u00e9l en ellas y ellas en \u00e9l con movimiento continuo\u00bb (LB 4,7). La simb\u00f3lica del movimiento en Juan de la Cruz<\/em>, Roma, Teresianum 2024, &lt;https:\/\/repository.teresianum.net\/&gt;internal\/details.vm?q=id:0000045050&amp;view=repository&amp;lang=it.<\/li>\n<li>CANTELMI, T., <em>Tecnoliquidit\u00e0. La psicologia ai tempi di internet: la mente tecnoliquida<\/em>, Roma 2013.<\/li>\n<li>CAZZULANI, G., \u2013 COMO, G., DALLE FRATTE, S., LUPPI, L., ed., <em>Lo Spirito, le brecce, la danza. Introduzione alla spiritualit\u00e0 cristiana<\/em>, Il pozzo di Giacobbe, Trapani 2021.<\/li>\n<li>HERR\u00c1IZ, M., \u00abAntropologia soprannaturale in Giovanni della Croce. Linee portanti\u00bb, in L. Borriello, ed., <em>Antropologia soprannaturale<\/em>, Studi carmelitani 4, Citt\u00e0 del Vaticano 2003, 143-173.<\/li>\n<li>MATTHEW, I., \u00abReading John\u2019s Dark Night: A theological event\u00bb, <em>Teresianum<\/em> 72\/1 (2021) 127-151.<\/li>\n<li>TYLER, P., <em>St John of the Cross<\/em>, London &#8211; New York 2010 P. Tyler, <em>St John of the Cross<\/em>, Continuum 2010.<\/li>\n<\/ul>","protected":false},"excerpt":{"rendered":"<p>Docenti: Prof.ssa. Andrea Canales Em\u0151dy e Prof. Iain Matthew OCD Giustificazione In occasione del centenario della proclamazione di San Giovanni [&hellip;]<\/p>\n","protected":false},"author":2,"featured_media":0,"parent":20526,"menu_order":0,"comment_status":"closed","ping_status":"closed","template":"page-specializzazioneteologiaspiritualelicenza.php","meta":{"footnotes":""},"_links":{"self":[{"href":"https:\/\/www.teresianum.net\/en\/wp-json\/wp\/v2\/pages\/91884"}],"collection":[{"href":"https:\/\/www.teresianum.net\/en\/wp-json\/wp\/v2\/pages"}],"about":[{"href":"https:\/\/www.teresianum.net\/en\/wp-json\/wp\/v2\/types\/page"}],"author":[{"embeddable":true,"href":"https:\/\/www.teresianum.net\/en\/wp-json\/wp\/v2\/users\/2"}],"replies":[{"embeddable":true,"href":"https:\/\/www.teresianum.net\/en\/wp-json\/wp\/v2\/comments?post=91884"}],"version-history":[{"count":2,"href":"https:\/\/www.teresianum.net\/en\/wp-json\/wp\/v2\/pages\/91884\/revisions"}],"predecessor-version":[{"id":156822,"href":"https:\/\/www.teresianum.net\/en\/wp-json\/wp\/v2\/pages\/91884\/revisions\/156822"}],"up":[{"embeddable":true,"href":"https:\/\/www.teresianum.net\/en\/wp-json\/wp\/v2\/pages\/20526"}],"wp:attachment":[{"href":"https:\/\/www.teresianum.net\/en\/wp-json\/wp\/v2\/media?parent=91884"}],"curies":[{"name":"wp","href":"https:\/\/api.w.org\/{rel}","templated":true}]}}