{"id":86841,"date":"2025-06-14T18:19:22","date_gmt":"2025-06-14T16:19:22","guid":{"rendered":"https:\/\/www.teresianum.net\/?page_id=86841"},"modified":"2025-12-30T12:07:30","modified_gmt":"2025-12-30T11:07:30","slug":"piano-di-studio-2025-2026","status":"publish","type":"page","link":"https:\/\/www.teresianum.net\/en\/formazione-per-i-formatori-alla-vita-consacrata\/piano-di-studio-2025-2026\/","title":{"rendered":"Piano di studio 2025-2026"},"content":{"rendered":"<p class=\"qtranxs-available-languages-message qtranxs-available-languages-message-en\"> [vc_row][vc_column][vc_column_text]\n<p>&nbsp;<\/p>\n<table style=\"border-collapse: collapse; width: 100%; height: 41px;\">\n<tbody>\n<tr style=\"border-top: 1px solid #cccccc; border-bottom: 1px solid #cccccc;\">\n<td style=\"width: 13.2108%;\">\n<p><strong>\u00a0<\/strong><\/p>\n<\/td>\n<td style=\"width: 73.5364%;\"><strong>Corso di Safeguarding<\/strong><br \/>\nLukasz Strzy\u017c-Steinert<\/td>\n<td style=\"width: 13.2527%; text-align: right;\">\n<p>0 ECTS<\/p>\n<\/td>\n<\/tr>\n<tr style=\"border-top: 1px solid #cccccc; border-bottom: 1px solid #cccccc;\">\n<td style=\"width: 13.2108%; height: 41px;\">\n<p><a href=\"https:\/\/www.teresianum.net\/formazione-per-i-formatori-alla-vita-consacrata\/piano-di-studi-2021-2022\/lm01-laboratorio-metodologico\/\" target=\"_blank\" rel=\"noopener\"><strong>LM01<\/strong><\/a><\/p>\n<\/td>\n<td style=\"width: 73.5364%; height: 41px;\"><strong><a href=\"https:\/\/www.teresianum.net\/formazione-per-i-formatori-alla-vita-consacrata\/piano-di-studi-2021-2022\/lm01-laboratorio-metodologico\/\" target=\"_blank\" rel=\"noopener\">Laboratorio metodologico<\/a><br \/>\n<\/strong>Mar\u00eda de las Mercedes Montalvo Garc\u00eda<\/td>\n<td style=\"width: 13.2527%; text-align: right; height: 41px;\">\n<p>2 ECTS<\/p>\n<\/td>\n<\/tr>\n<\/tbody>\n<\/table>\n<p>&nbsp;<\/p>\n<table style=\"border-collapse: collapse; width: 100%;\">\n<tbody>\n<tr style=\"background-color: #c2bcbc;\">\n<td style=\"width: 100%;\">\n<p><strong><span style=\"font-size: 14pt;\">1. Dimensione spirituale<\/span><\/strong><\/p>\n<\/td>\n<\/tr>\n<\/tbody>\n<\/table>\n<table style=\"border-collapse: collapse; width: 100%; height: 184px;\">\n<tbody>\n<tr style=\"border-top: 1px solid #cccccc; border-bottom: 1px solid #cccccc;\">\n<td style=\"width: 13.438%; height: 23px;\"><a href=\"https:\/\/www.teresianum.net\/corso-di-accompagnamento-spirituale\/piano-di-studio-2023-2024\/cas09-accompagnare-e-discernere-il-vissuto-cristiano-con-santa-teresa-di-gesu\/\" target=\"_blank\" rel=\"noopener\"><strong>CAS09<\/strong><\/a><\/td>\n<td style=\"width: 73.5893%; height: 23px;\"><a href=\"https:\/\/www.teresianum.net\/corso-di-accompagnamento-spirituale\/piano-di-studio-2023-2024\/cas09-accompagnare-e-discernere-il-vissuto-cristiano-con-santa-teresa-di-gesu\/\" target=\"_blank\" rel=\"noopener\"><strong>Accompagnare e discernere il vissuto cristiano con santa Teresa di Ges\u00f9<\/strong><\/a><br \/>\nIacopo Iadarola<br \/>\n<span style=\"font-size: 14px;\">(online in comune con il Corso di Accompagnamento Spirituale)<\/span><\/td>\n<td style=\"width: 12.9726%; height: 23px; text-align: right;\">3 ECTS<\/td>\n<\/tr>\n<tr style=\"border-bottom: 1px solid #cccccc;\">\n<td style=\"width: 13.438%; height: 23px;\"><a href=\"\/formazione-per-i-formatori-alla-vita-consacrata\/piano-di-studi-2021-2022\/cvc02-vocazione-e-discepolato-alla-luce-della-bibbia\/\" target=\"_blank\" rel=\"noopener\"><strong>CVC02<\/strong><\/a><\/td>\n<td style=\"width: 73.5893%; height: 23px;\"><a href=\"\/formazione-per-i-formatori-alla-vita-consacrata\/piano-di-studi-2021-2022\/cvc02-vocazione-e-discepolato-alla-luce-della-bibbia\/\" target=\"_blank\" rel=\"noopener\"><strong>Vocazione e discepolato alla luce della Bibbia<\/strong><\/a><br \/>\nIgnatious Kunnumpurathu Paul<\/td>\n<td style=\"width: 12.9726%; height: 23px; text-align: right;\">3 ECTS<\/td>\n<\/tr>\n<tr style=\"border-bottom: 1px solid #cccccc;\">\n<td style=\"width: 13.438%; height: 23px;\"><a href=\"https:\/\/www.teresianum.net\/formazione-per-i-formatori-alla-vita-consacrata\/piano-di-studi-2021-2022\/cvc19-la-preghiera-cristiana-fondamenti-teologici-e-pedagogia\/\" target=\"_blank\" rel=\"noopener\"><strong>CVC19<\/strong><\/a><\/td>\n<td style=\"width: 73.5893%; height: 23px;\"><a href=\"https:\/\/www.teresianum.net\/formazione-per-i-formatori-alla-vita-consacrata\/piano-di-studi-2021-2022\/cvc19-la-preghiera-cristiana-fondamenti-teologici-e-pedagogia\/\" target=\"_blank\" rel=\"noopener\"><strong>La preghiera cristiana: fondamenti teologici e pedagogia<\/strong><\/a><br \/>\nMar\u00eda de las Mercedes Montalvo Garc\u00eda<\/td>\n<td style=\"width: 12.9726%; height: 23px; text-align: right;\">3 ECTS<\/td>\n<\/tr>\n<tr style=\"border-bottom: 1px solid #cccccc;\">\n<td style=\"width: 13.438%; height: 23px;\"><a href=\"https:\/\/www.teresianum.net\/specializzazione-in-teologia-spirituale\/ciclo-per-la-licenza-ts\/curriculum-di-studio\/sp1091-direzione-discernimento-spirituale-e-mistagogia\/\" target=\"_blank\" rel=\"noopener\"><strong>SP1091<\/strong><\/a><\/td>\n<td style=\"width: 73.5893%; height: 23px;\"><a href=\"https:\/\/www.teresianum.net\/specializzazione-in-teologia-spirituale\/ciclo-per-la-licenza-ts\/curriculum-di-studio\/sp1091-direzione-discernimento-spirituale-e-mistagogia\/\" target=\"_blank\" rel=\"noopener\"><strong>Direzione, discernimento spirituale e mistagogia<\/strong><\/a><br \/>\nEmilio Mart\u00ednez<br \/>\n<span style=\"font-size: 14px;\">(in comune con la specializzazione in Teologia Spirituale)<\/span><\/td>\n<td style=\"width: 12.9726%; height: 23px; text-align: right;\">3 ECTS<\/td>\n<\/tr>\n<\/tbody>\n<\/table>\n<p>&nbsp;<\/p>\n<table style=\"border-collapse: collapse; width: 100%; height: 49px;\">\n<tbody>\n<tr style=\"background-color: #c2bcbc;\">\n<td style=\"width: 100%; height: 49px;\">\n<p><strong><span style=\"font-size: 14pt;\">2. Dimensione sociale, psicologica e giuridica<\/span><\/strong><\/p>\n<\/td>\n<\/tr>\n<\/tbody>\n<\/table>\n<table style=\"border-collapse: collapse; width: 100%; height: 109px; border-top: 1px solid #cccccc;\">\n<tbody>\n<tr style=\"border-bottom: 1px solid #cccccc;\">\n<td style=\"width: 13.7871%; height: 17px;\"><a href=\"\/formazione-per-i-formatori-alla-vita-consacrata\/piano-di-studi-2021-2022\/cvc05-formazione-integrale-alla-vita-consacrata-teorico-pratico\/\" target=\"_blank\" rel=\"noopener\"><strong>CVC05<\/strong><\/a><\/td>\n<td style=\"width: 73.8801%; height: 17px;\"><a href=\"\/formazione-per-i-formatori-alla-vita-consacrata\/piano-di-studi-2021-2022\/cvc05-formazione-integrale-alla-vita-consacrata-teorico-pratico\/\" target=\"_blank\" rel=\"noopener\"><strong>Formazione integrale alla vita consacrata<\/strong><\/a><br \/>\nGiuseppe Crea<\/td>\n<td style=\"width: 12.3327%; height: 17px; text-align: right;\">3 ECTS<\/td>\n<\/tr>\n<tr style=\"border-bottom: 1px solid #cccccc;\">\n<td style=\"width: 13.7871%; height: 23px;\"><a href=\"\/formazione-per-i-formatori-alla-vita-consacrata\/piano-di-studi-2021-2022\/cvc09-affettivita-e-sessualita-nella-vita-consacrata\/\" target=\"_blank\" rel=\"noopener\"><strong>CVC09<\/strong><\/a><\/td>\n<td style=\"width: 73.8801%; height: 23px;\"><a href=\"\/formazione-per-i-formatori-alla-vita-consacrata\/piano-di-studi-2021-2022\/cvc09-affettivita-e-sessualita-nella-vita-consacrata\/\" target=\"_blank\" rel=\"noopener\"><strong>Affettivit\u00e0 e sessualit\u00e0 nella vita consacrata<\/strong><\/a><br \/>\nMaria Angela Ferreira Rocha<\/td>\n<td style=\"width: 12.3327%; height: 23px; text-align: right;\">3 ECTS<\/td>\n<\/tr>\n<tr style=\"border-bottom: 1px solid #cccccc;\">\n<td style=\"width: 13.7871%; height: 23px;\"><a href=\"https:\/\/www.teresianum.net\/formazione-per-i-formatori-alla-vita-consacrata\/piano-di-studi-2021-2022\/cvc11-mondo-interiore-e-relazioni-umane-teorico-pratico\/\" target=\"_blank\" rel=\"noopener\"><strong>CVC11<\/strong><\/a><\/td>\n<td style=\"width: 73.8801%; height: 23px;\"><a href=\"https:\/\/www.teresianum.net\/formazione-per-i-formatori-alla-vita-consacrata\/piano-di-studi-2021-2022\/cvc11-mondo-interiore-e-relazioni-umane-teorico-pratico\/\" target=\"_blank\" rel=\"noopener\"><strong>Comunicazione, relazioni umane e integrazione personale nella vita consacrata<\/strong><\/a><br \/>\nManuela Melega<\/td>\n<td style=\"width: 12.3327%; height: 23px; text-align: right;\">5 ECTS<\/td>\n<\/tr>\n<tr style=\"border-bottom: 1px solid #cccccc;\">\n<td style=\"width: 13.7871%; height: 23px;\"><a href=\"https:\/\/www.teresianum.net\/formazione-per-i-formatori-alla-vita-consacrata\/piano-di-studi-2021-2022\/cvc13-il-diritto-della-vita-consacrata\/\" target=\"_blank\" rel=\"noopener\"><strong>CVC13<\/strong><\/a><\/td>\n<td style=\"width: 73.8801%; height: 23px;\"><a href=\"https:\/\/www.teresianum.net\/formazione-per-i-formatori-alla-vita-consacrata\/piano-di-studi-2021-2022\/cvc13-il-diritto-della-vita-consacrata\/\" target=\"_blank\" rel=\"noopener\"><strong>Diritto della vita consacrata e delle societ\u00e0 di vita apostolica<\/strong><\/a><br \/>\nMaria Romano<\/td>\n<td style=\"width: 12.3327%; height: 23px; text-align: right;\">3 ECTS<\/td>\n<\/tr>\n<\/tbody>\n<\/table>\n<p>&nbsp;<\/p>\n<table style=\"border-collapse: collapse; width: 100%;\">\n<tbody>\n<tr style=\"background-color: #c2bcbc;\">\n<td style=\"width: 100%;\">\n<p><span style=\"font-size: 14pt;\"><strong>3. Laboratori<\/strong><\/span><\/p>\n<\/td>\n<\/tr>\n<\/tbody>\n<\/table>\n<table style=\"border-collapse: collapse; width: 100%; height: 162px;\">\n<tbody>\n<tr style=\"border-bottom: 1px solid #cccccc; border-top: 1px solid #cccccc;\">\n<td style=\"width: 13.6125%; height: 23px;\"><a href=\"https:\/\/www.teresianum.net\/formazione-per-i-formatori-alla-vita-consacrata\/piano-di-studi-2021-2022\/cvcl01-lettura-teologica-delle-costituzioni\/\" target=\"_blank\" rel=\"noopener\"><strong>CVCL01<\/strong><\/a><\/td>\n<td style=\"width: 73.8801%; height: 23px;\"><a href=\"https:\/\/www.teresianum.net\/formazione-per-i-formatori-alla-vita-consacrata\/piano-di-studi-2021-2022\/cvcl01-lettura-teologica-delle-costituzioni\/\" target=\"_blank\" rel=\"noopener\"><strong>Lettura teologica delle Costituzioni<\/strong><\/a><br \/>\nStefania Tassotti<\/td>\n<td style=\"width: 11.3438%; height: 23px; text-align: right;\">4 ECTS<\/td>\n<\/tr>\n<tr style=\"border-bottom: 1px solid #cccccc;\">\n<td style=\"width: 13.6125%; height: 23px;\"><strong>CVCL05<\/strong><\/td>\n<td style=\"width: 73.8801%; height: 23px;\"><strong>L\u2019accompagnamento vocazionale personale<\/strong><br \/>\nLuca Garbinetto<\/td>\n<td style=\"width: 11.3438%; height: 23px; text-align: right;\">4 ECTS<\/td>\n<\/tr>\n<tr style=\"border-bottom: 1px solid #cccccc;\">\n<td style=\"width: 13.6125%; height: 23px;\"><strong>CVCL06<\/strong><\/td>\n<td style=\"width: 73.8801%; height: 23px;\"><strong>Teologia e spiritualit\u00e0 della vita consacrata e delle societ\u00e0 di vita apostolica<\/strong><br \/>\nDiego Arfuch<\/td>\n<td style=\"width: 11.3438%; height: 23px; text-align: right;\">4 ECTS<\/td>\n<\/tr>\n<tr style=\"border-bottom: 1px solid #cccccc;\">\n<td style=\"width: 13.6125%; height: 23px;\"><strong>CVCL07<\/strong><\/td>\n<td style=\"width: 73.8801%; height: 23px;\"><strong>Psicologia della vita consacrata: comunicazione e comunione<\/strong><br \/>\nGrazia Petti<\/td>\n<td style=\"width: 11.3438%; height: 23px; text-align: right;\">4 ECTS<\/td>\n<\/tr>\n<tr style=\"border-bottom: 1px solid #cccccc;\">\n<td style=\"width: 13.6125%; height: 23px;\"><a href=\"https:\/\/www.teresianum.net\/formazione-per-i-formatori-alla-vita-consacrata\/piano-di-studi-2021-2022\/cvcl08-abusi-e-la-loro-prevenzione-nella-vita-consacrata\/\" target=\"_blank\" rel=\"noopener\"><strong>CVCL08<\/strong><\/a><\/td>\n<td style=\"width: 73.8801%; height: 23px;\"><a href=\"https:\/\/www.teresianum.net\/formazione-per-i-formatori-alla-vita-consacrata\/piano-di-studi-2021-2022\/cvcl08-abusi-e-la-loro-prevenzione-nella-vita-consacrata\/\" target=\"_blank\" rel=\"noopener\"><strong>Abusi e la loro prevenzione nella vita consacrata<\/strong><\/a><br \/>\nLukasz Strzy\u017c-Steinert<\/td>\n<td style=\"width: 11.3438%; height: 23px; text-align: right;\">4 ECTS<\/td>\n<\/tr>\n<\/tbody>\n<\/table>\n<p>&nbsp;<\/p>\n<table style=\"border-collapse: collapse; width: 100%;\">\n<tbody>\n<tr style=\"background-color: #c2bcbc;\">\n<td style=\"width: 100%;\">\n<p><span style=\"font-size: 14pt;\"><strong>4. Progetto finale<\/strong><\/span><\/p>\n<\/td>\n<\/tr>\n<\/tbody>\n<\/table>\n<table style=\"border-collapse: collapse; width: 100%; height: 10px;\">\n<tbody>\n<tr style=\"border-bottom: 1px solid #cccccc; border-top: 1px solid #cccccc;\">\n<td style=\"width: 13.6125%; height: 10px;\"><a href=\"\/formazione-per-i-formatori-alla-vita-consacrata\/piano-di-studi-2021-2022\/cvcl03-elaborazione-di-un-progetto-formativo\/\" target=\"_blank\" rel=\"noopener\"><strong>CVCL03<\/strong><\/a><\/td>\n<td style=\"width: 73.8801%; height: 10px;\"><a href=\"\/formazione-per-i-formatori-alla-vita-consacrata\/piano-di-studi-2021-2022\/cvcl03-elaborazione-di-un-progetto-formativo\/\" target=\"_blank\" rel=\"noopener\"><strong>Elaborazione di un progetto formativo<\/strong><\/a><br \/>\nGiuseppe Crea<\/td>\n<td style=\"width: 11.3438%; height: 10px; text-align: right;\">10 ECTS<\/td>\n<\/tr>\n<\/tbody>\n<\/table>\n[\/vc_column_text][\/vc_column][\/vc_row]","protected":false},"excerpt":{"rendered":"<p>[vc_row][vc_column][vc_column_text] &nbsp; \u00a0 Corso di Safeguarding Lukasz Strzy\u017c-Steinert 0 ECTS LM01 Laboratorio metodologico Mar\u00eda de las Mercedes Montalvo Garc\u00eda 2 [&hellip;]<\/p>\n","protected":false},"author":2,"featured_media":0,"parent":143,"menu_order":0,"comment_status":"closed","ping_status":"closed","template":"page-corsoperformatori.php","meta":{"footnotes":""},"_links":{"self":[{"href":"https:\/\/www.teresianum.net\/en\/wp-json\/wp\/v2\/pages\/86841"}],"collection":[{"href":"https:\/\/www.teresianum.net\/en\/wp-json\/wp\/v2\/pages"}],"about":[{"href":"https:\/\/www.teresianum.net\/en\/wp-json\/wp\/v2\/types\/page"}],"author":[{"embeddable":true,"href":"https:\/\/www.teresianum.net\/en\/wp-json\/wp\/v2\/users\/2"}],"replies":[{"embeddable":true,"href":"https:\/\/www.teresianum.net\/en\/wp-json\/wp\/v2\/comments?post=86841"}],"version-history":[{"count":12,"href":"https:\/\/www.teresianum.net\/en\/wp-json\/wp\/v2\/pages\/86841\/revisions"}],"predecessor-version":[{"id":163417,"href":"https:\/\/www.teresianum.net\/en\/wp-json\/wp\/v2\/pages\/86841\/revisions\/163417"}],"up":[{"embeddable":true,"href":"https:\/\/www.teresianum.net\/en\/wp-json\/wp\/v2\/pages\/143"}],"wp:attachment":[{"href":"https:\/\/www.teresianum.net\/en\/wp-json\/wp\/v2\/media?parent=86841"}],"curies":[{"name":"wp","href":"https:\/\/api.w.org\/{rel}","templated":true}]}}