{"id":66,"date":"2015-05-05T14:27:53","date_gmt":"2015-05-05T12:27:53","guid":{"rendered":"http:\/\/www.teresianum.net\/?page_id=66"},"modified":"2026-04-02T10:29:44","modified_gmt":"2026-04-02T08:29:44","slug":"norme-e-moduli-per-le-richieste","status":"publish","type":"page","link":"https:\/\/www.teresianum.net\/en\/studiare\/norme-e-moduli-per-le-richieste\/","title":{"rendered":"Norme e moduli per le richieste"},"content":{"rendered":"<p class=\"qtranxs-available-languages-message qtranxs-available-languages-message-en\"> <div id=\"symple-tab-8771\" class=\"symple-tabs\"><ul class=\"ui-tabs-nav symple-clearfix\"><li><a href=\"#symple-tab-norme-per-le-richieste\">Norme per le richieste<\/a><\/li><li><a href=\"#symple-tab-moduli-per-le-richieste\">Moduli per le richieste<\/a><\/li><\/ul>\n<div id=\"symple-tab-norme-per-le-richieste\" class=\"tab-content symple-clearfix \">\n<p><strong>Richiesta dei certificati<\/strong><\/p>\n<ol>\n<li style=\"text-align: justify;\">Compilare in ogni sua parte il modulo di richiesta, disponibile sul sito internet.<\/li>\n<li style=\"text-align: justify;\">Presentarlo in Segreteria e versare l\u2019importo stabilito presso l\u2019Economato.<\/li>\n<li style=\"text-align: justify;\">Gli Uffici di Segreteria emettono i certificati tre giorni lavorativi dopo la data della richiesta.<\/li>\n<li style=\"text-align: justify;\">Non si accettano richieste di certificati per telefono.<\/li>\n<\/ol>\n<p style=\"text-align: justify;\">\u00a0<\/p>\n<p style=\"text-align: justify;\"><strong>Altre richieste<\/strong><\/p>\n<p style=\"text-align: justify;\">Qualsiasi richiesta (convalida o dispensa dalla frequenza di un corso, cambiamento del piano di studio, frequenza di un corso come uditore, contestazione di irregolarit\u00e0, ecc.) deve essere presentata sempre per iscritto e consegnata in Segreteria.<\/p>\n<p style=\"text-align: justify;\"><strong>Accordo interistituzionale CRUIPRO per favorire la mobilit\u00e0 degli studenti all\u2019interno del sistema universitario ecclesiastico romano<\/strong><\/p>\n<p style=\"text-align: justify;\">Gli Studenti, iscritti come ordinari al Ciclo di Baccalaureato, Licenza, Dottorato e Diploma di specializzazione biennale in Antropologia Teologica e Teologia Spirituale al Teresianum, possono frequentare un corso in un\u2019altra Istituzione Pontificia Romana che \u00e8 membro di CRUIPRO per ogni semestre, per un massimo di 6 ECTS che, dopo previa approvazione in Facolt\u00e0, potr\u00e0 essere convalidato come corso opzionale.<\/p>\n<\/div>\n<div id=\"symple-tab-moduli-per-le-richieste\" class=\"tab-content symple-clearfix \">\n<div class='w3eden'><!-- WPDM Link Template: Default Template --><div class=\"wpdm-link-tpl link-btn [color]\" data-durl=\"https:\/\/www.teresianum.net\/?wpdmdl=21320\" >    <div class=\"media\">        <div class=\"pull-left\"><img decoding=\"async\" class=\"wpdm_icon\"   src=\"https:\/\/www.teresianum.net\/wp-content\/plugins\/download-manager\/file-type-icons\/pdf.png\" \/><\/div>        <div class=\"media-body\"><strong class=\"ptitle\">Modulo per test di lingue moderne <!-- <span class=\"label label-default\" style=\"font-weight: 400;\">44.39 KB<\/span> --><\/strong>            <div><\/div>            <div><strong><a class='wpdm-download-link wpdm-download-locked [btnclass]' rel='noindex nofollow' href='https:\/\/www.teresianum.net\/?wpdmdl=21320'><i class=''><\/i>Download<\/a><\/strong><\/div>        <\/div>    <\/div><\/div><div style=\"clear: both\"><\/div><\/div>\n<div class='w3eden'><!-- WPDM Link Template: Default Template --><div class=\"wpdm-link-tpl link-btn [color]\" data-durl=\"https:\/\/www.teresianum.net\/?wpdmdl=20226\" >    <div class=\"media\">        <div class=\"pull-left\"><img decoding=\"async\" class=\"wpdm_icon\"   src=\"https:\/\/www.teresianum.net\/wp-content\/plugins\/download-manager\/file-type-icons\/docx_mac.png\" \/><\/div>        <div class=\"media-body\"><strong class=\"ptitle\">Modello Lettera di presentazione per laici <!-- <span class=\"label label-default\" style=\"font-weight: 400;\">22.78 KB<\/span> --><\/strong>            <div><\/div>            <div><strong><a class='wpdm-download-link wpdm-download-locked [btnclass]' rel='noindex nofollow' href='https:\/\/www.teresianum.net\/?wpdmdl=20226'><i class=''><\/i>Download<\/a><\/strong><\/div>        <\/div>    <\/div><\/div><div style=\"clear: both\"><\/div><\/div>\n<div class='w3eden'><!-- WPDM Link Template: Default Template --><div class=\"wpdm-link-tpl link-btn [color]\" data-durl=\"https:\/\/www.teresianum.net\/?wpdmdl=2524\" >    <div class=\"media\">        <div class=\"pull-left\"><img decoding=\"async\" class=\"wpdm_icon\"   src=\"https:\/\/www.teresianum.net\/wp-content\/plugins\/download-manager\/file-type-icons\/pdf.png\" \/><\/div>        <div class=\"media-body\"><strong class=\"ptitle\">Approvazione piano di studio <!-- <span class=\"label label-default\" style=\"font-weight: 400;\">82.82 KB<\/span> --><\/strong>            <div><\/div>            <div><strong><a class='wpdm-download-link wpdm-download-locked [btnclass]' rel='noindex nofollow' href='https:\/\/www.teresianum.net\/?wpdmdl=2524'><i class=''><\/i>Download<\/a><\/strong><\/div>        <\/div>    <\/div><\/div><div style=\"clear: both\"><\/div><\/div>\n<div class='w3eden'><!-- WPDM Link Template: Default Template --><div class=\"wpdm-link-tpl link-btn [color]\" data-durl=\"https:\/\/www.teresianum.net\/?wpdmdl=2527\" >    <div class=\"media\">        <div class=\"pull-left\"><img decoding=\"async\" class=\"wpdm_icon\" src=\"https:\/\/www.teresianum.net\/wp-content\/plugins\/download-manager\/file-type-icons\/pdf.png\" onError='this.src=\"https:\/\/www.teresianum.net\/wp-content\/plugins\/download-manager\/file-type-icons\/_blank.png\";' \/><\/div>        <div class=\"media-body\"><strong class=\"ptitle\">Convalida corsi <!-- <span class=\"label label-default\" style=\"font-weight: 400;\">124.10 KB<\/span> --><\/strong>            <div><\/div>            <div><strong><a class='wpdm-download-link wpdm-download-locked [btnclass]' rel='noindex nofollow' href='https:\/\/www.teresianum.net\/?wpdmdl=2527'><i class=''><\/i>Download<\/a><\/strong><\/div>        <\/div>    <\/div><\/div><div style=\"clear: both\"><\/div><\/div>\n<div class='w3eden'><!-- WPDM Link Template: Default Template --><div class=\"wpdm-link-tpl link-btn [color]\" data-durl=\"https:\/\/www.teresianum.net\/?wpdmdl=2168\" >    <div class=\"media\">        <div class=\"pull-left\"><img decoding=\"async\" class=\"wpdm_icon\"   src=\"https:\/\/www.teresianum.net\/wp-content\/plugins\/download-manager\/file-type-icons\/pdf.png\" \/><\/div>        <div class=\"media-body\"><strong class=\"ptitle\">Richiesta diplomi e certificati <!-- <span class=\"label label-default\" style=\"font-weight: 400;\">132.60 KB<\/span> --><\/strong>            <div><\/div>            <div><strong><a class='wpdm-download-link wpdm-download-locked [btnclass]' rel='noindex nofollow' href='https:\/\/www.teresianum.net\/?wpdmdl=2168'><i class=''><\/i>Download<\/a><\/strong><\/div>        <\/div>    <\/div><\/div><div style=\"clear: both\"><\/div><\/div>\n<div class='w3eden'><!-- WPDM Link Template: Default Template --><div class=\"wpdm-link-tpl link-btn [color]\" data-durl=\"https:\/\/www.teresianum.net\/?wpdmdl=5517\" >    <div class=\"media\">        <div class=\"pull-left\"><img decoding=\"async\" class=\"wpdm_icon\" src=\"https:\/\/www.teresianum.net\/wp-content\/plugins\/download-manager\/file-type-icons\/pdf.png\" onError='this.src=\"https:\/\/www.teresianum.net\/wp-content\/plugins\/download-manager\/file-type-icons\/_blank.png\";' \/><\/div>        <div class=\"media-body\"><strong class=\"ptitle\">Iscrizione esami corsi frequentati non immediatamente prima della sessione e esami sessione autunnale <!-- <span class=\"label label-default\" style=\"font-weight: 400;\">70.82 KB<\/span> --><\/strong>            <div><\/div>            <div><strong><a class='wpdm-download-link wpdm-download-locked [btnclass]' rel='noindex nofollow' href='https:\/\/www.teresianum.net\/?wpdmdl=5517'><i class=''><\/i>Download<\/a><\/strong><\/div>        <\/div>    <\/div><\/div><div style=\"clear: both\"><\/div><\/div>\n<\/div>\n<\/div>","protected":false},"excerpt":{"rendered":"Norme per le richiesteModuli per le richieste Richiesta dei certificati Compilare in ogni sua parte il modulo di richiesta, disponibile [...]","protected":false},"author":1,"featured_media":0,"parent":40,"menu_order":30,"comment_status":"closed","ping_status":"closed","template":"page-studiare.php","meta":{"footnotes":""},"_links":{"self":[{"href":"https:\/\/www.teresianum.net\/en\/wp-json\/wp\/v2\/pages\/66"}],"collection":[{"href":"https:\/\/www.teresianum.net\/en\/wp-json\/wp\/v2\/pages"}],"about":[{"href":"https:\/\/www.teresianum.net\/en\/wp-json\/wp\/v2\/types\/page"}],"author":[{"embeddable":true,"href":"https:\/\/www.teresianum.net\/en\/wp-json\/wp\/v2\/users\/1"}],"replies":[{"embeddable":true,"href":"https:\/\/www.teresianum.net\/en\/wp-json\/wp\/v2\/comments?post=66"}],"version-history":[{"count":52,"href":"https:\/\/www.teresianum.net\/en\/wp-json\/wp\/v2\/pages\/66\/revisions"}],"predecessor-version":[{"id":203161,"href":"https:\/\/www.teresianum.net\/en\/wp-json\/wp\/v2\/pages\/66\/revisions\/203161"}],"up":[{"embeddable":true,"href":"https:\/\/www.teresianum.net\/en\/wp-json\/wp\/v2\/pages\/40"}],"wp:attachment":[{"href":"https:\/\/www.teresianum.net\/en\/wp-json\/wp\/v2\/media?parent=66"}],"curies":[{"name":"wp","href":"https:\/\/api.w.org\/{rel}","templated":true}]}}