{"id":5091,"date":"2016-07-13T12:30:41","date_gmt":"2016-07-13T10:30:41","guid":{"rendered":"http:\/\/www.teresianum.net\/?page_id=5091"},"modified":"2020-07-26T20:07:18","modified_gmt":"2020-07-26T18:07:18","slug":"cvc18-elementi-di-antropologia-cristiana","status":"publish","type":"page","link":"https:\/\/www.teresianum.net\/en\/formazione-per-i-formatori-alla-vita-consacrata\/piano-di-studio-2018-2019\/cvc18-elementi-di-antropologia-cristiana\/","title":{"rendered":"CVC18 Elementi di antropologia cristiana"},"content":{"rendered":"<p class=\"qtranxs-available-languages-message qtranxs-available-languages-message-en\"> <p><em>Docente<\/em>: Prof. \n<p style=\"text-align: justify;\"><em>\u00a0<\/em><\/p>\n<p style=\"text-align: justify;\"><strong>Giustificazione<\/strong><\/p>\n<p style=\"text-align: justify;\">In un percorso per formatori e responsabili di comunit\u00e0 non si pu\u00f2 trascurare la questione di <em>chi forma<\/em> e <em>chi viene formato<\/em>, cio\u00e8 la persona umana appartenente al genere umano, uomo o donna, unica.<\/p>\n<p style=\"text-align: justify;\"><strong>Obiettivi<\/strong><\/p>\n<p style=\"text-align: justify;\">Gli studenti si confronteranno con i presupposti antropologici della formazione umana e religiosa. Sapranno situare le grandi linee interpretative del tema dell\u2019<em>imago Dei <\/em>come viene tematizzato nell\u2019antropologia teologica odierna. Coglieranno la complessit\u00e0 della questione della libert\u00e0 umana e la specificit\u00e0 dell\u2019approccio cristiano.<\/p>\n<p style=\"text-align: justify;\"><strong>Contenuti<\/strong><\/p>\n<p style=\"text-align: justify;\">La prima parte del corso si incentrer\u00e0 sul rapporto tra visione antropologica e formazione umana e religiosa. Diverse prospettive antropologiche contemporanee verranno considerate dal punto di vista delle loro conseguenze nella formazione. A partire da questa contestualizzazione si cercher\u00e0 di mostrare la specificit\u00e0 di un\u2019antropologia cristiana e la formazione che ne risulta. La seconda parte del corso sar\u00e0 dedicata a un aspetto chiave dell\u2019antropologia teologica, cio\u00e8 la fede nell\u2019uomo e nella donna, creati a immagine e somiglianza di Dio (cf. Gen 1,26s.). A partire da un\u2019introduzione biblica e storica, diverse questioni saranno considerate nella prospettiva dell\u2019<em>imago Dei<\/em>: la corporeit\u00e0 della persona umana, la sua anima (in particolare dal punto di vista dell\u2019interiorit\u00e0 e della conoscenza di s\u00e9), la relazionalit\u00e0 della persona, la sua libert\u00e0, il suo desiderio di felicit\u00e0, la dimensione cristologica dell\u2019immagine, perch\u00e9 la sua fonte e il suo compimento sono in Cristo. In tutto il corso Edith Stein ricever\u00e0 un\u2019attenzione privilegiata per un duplice motivo: il fatto che stabilisca esplicitamente un legame tra antropologia e pedagogia e che ricerchi un\u2019articolazione tra prospettiva naturale e soprannaturale.<\/p>\n<p style=\"text-align: justify;\"><strong>Metodologia<\/strong><\/p>\n<p style=\"text-align: justify;\">Le lezioni saranno di solito frontali con la possibilit\u00e0 per gli studenti di interagire con l\u2019insegnante. Alcuni documenti saranno distribuiti agli studenti: piano di studi, bibliografia, pdf dei testi da leggere insieme.<\/p>\n<p style=\"text-align: justify;\"><strong>Criteri di valutazione<\/strong><\/p>\n<p style=\"text-align: justify;\">L\u2019esame orale a fine semestre (10 minuti) comprende domande sul corso (alcune tesi da preparare) e domande sulle letture proposte nel corso.<\/p>\n<p style=\"text-align: justify;\"><strong>Distribuzione del tempo di lavoro<\/strong><\/p>\n<p style=\"text-align: justify;\">24 ore di lezioni. Il tempo rimanente verr\u00e0 dedicato alla lettura dei testi obbligatori e alla preparazione dell\u2019esame.<\/p>\n<p style=\"text-align: justify;\"><strong>Bibliografia<\/strong><\/p>\n<ul>\n<li style=\"text-align: justify;\">ANCONA\u00a0G., <em>Antropologia teologica<\/em><em>. Temi fondamentali<\/em>, BTC 171, Queriniana, Brescia 2014;<\/li>\n<li style=\"text-align: justify;\">COMMISSIONE TEOLOGICA INTERNAZIONALE (a cura di), <em>Comunione e servizio. La persona umana creata a immagine di Dio<\/em>, Magistero 322, Milano 2005;<\/li>\n<li style=\"text-align: justify;\">LADARIA\u00a0L.\u00a0F., <em>Introduzione alla antropologia teologica<\/em>, Theologia 6, PUG, Roma 2011 (originale 1992);<\/li>\n<li style=\"text-align: justify;\">RUIZ DE LA PE\u00d1A Juan Luis, <em>Immagine di Dio. Antropologia teologica fondamentale<\/em>, Borla, Roma 1992;<\/li>\n<li style=\"text-align: justify;\">STEIN E., <em>Formazione e sviluppo dell\u2019individualit\u00e0<\/em>, tr. it. di A.M. Pezzella e A. Togni, Citt\u00e0 Nuova &#8211; Edizioni OCD, Roma 2017;<\/li>\n<li style=\"text-align: justify;\">ID., <em>La struttura della persona umana<\/em><em>. Corso di antropologia filosofica<\/em>, tr. it. di Michele D\u2019Ambra, Citt\u00e0 Nuova\/Edizioni OCD, Roma 2013.<\/li>\n<\/ul>","protected":false},"excerpt":{"rendered":"<p>Docente: Prof. \u00a0 Giustificazione In un percorso per formatori e responsabili di comunit\u00e0 non si pu\u00f2 trascurare la questione di [&hellip;]<\/p>\n","protected":false},"author":2,"featured_media":0,"parent":11942,"menu_order":0,"comment_status":"closed","ping_status":"closed","template":"","meta":{"footnotes":""},"_links":{"self":[{"href":"https:\/\/www.teresianum.net\/en\/wp-json\/wp\/v2\/pages\/5091"}],"collection":[{"href":"https:\/\/www.teresianum.net\/en\/wp-json\/wp\/v2\/pages"}],"about":[{"href":"https:\/\/www.teresianum.net\/en\/wp-json\/wp\/v2\/types\/page"}],"author":[{"embeddable":true,"href":"https:\/\/www.teresianum.net\/en\/wp-json\/wp\/v2\/users\/2"}],"replies":[{"embeddable":true,"href":"https:\/\/www.teresianum.net\/en\/wp-json\/wp\/v2\/comments?post=5091"}],"version-history":[{"count":10,"href":"https:\/\/www.teresianum.net\/en\/wp-json\/wp\/v2\/pages\/5091\/revisions"}],"predecessor-version":[{"id":17735,"href":"https:\/\/www.teresianum.net\/en\/wp-json\/wp\/v2\/pages\/5091\/revisions\/17735"}],"up":[{"embeddable":true,"href":"https:\/\/www.teresianum.net\/en\/wp-json\/wp\/v2\/pages\/11942"}],"wp:attachment":[{"href":"https:\/\/www.teresianum.net\/en\/wp-json\/wp\/v2\/media?parent=5091"}],"curies":[{"name":"wp","href":"https:\/\/api.w.org\/{rel}","templated":true}]}}