{"id":5018,"date":"2016-07-08T17:15:24","date_gmt":"2016-07-08T15:15:24","guid":{"rendered":"http:\/\/www.teresianum.net\/?page_id=5018"},"modified":"2024-11-21T17:29:59","modified_gmt":"2024-11-21T16:29:59","slug":"sp1101-storia-della-spiritualita-dallepoca-tardo-antica-allinizio-delleta-moderna","status":"publish","type":"page","link":"https:\/\/www.teresianum.net\/en\/specializzazione-in-teologia-spirituale\/ciclo-per-la-licenza-ts\/curriculum-di-studio\/sp1101-storia-della-spiritualita-dallepoca-tardo-antica-allinizio-delleta-moderna\/","title":{"rendered":"SP1101 Storia della spiritualit\u00e0: dall\u2019epoca tardo-antica all\u2019inizio dell\u2019et\u00e0 moderna"},"content":{"rendered":"<p class=\"qtranxs-available-languages-message qtranxs-available-languages-message-en\"> <p><span style=\"color: #000000;\"><em>Docente<\/em>: Prof. Silvano Giordano<\/span><\/p>\n<p>&nbsp;<\/p>\n<p><strong>Giustificazione<\/strong><\/p>\n<p style=\"text-align: justify;\">\u00abLa spiritualit\u00e0 \u00e8 l\u2019insieme delle convinzioni e delle ispirazioni che animano interiormente i cristiani nella loro relazione con Dio, nonch\u00e9 l\u2019insieme delle reazioni e delle espressioni personali o collettive delle forme esteriori visibili che concretizzano tale relazione\u00bb (H. Urs von Balthasar). Essa conosce diverse espressioni in rapporto alle coordinate spazio-temporali e culturali all\u2019interno delle quali si sviluppa l\u2019esperienza cristiana dei singoli e delle comunit\u00e0. La storia della spiritualit\u00e0 \u00e8, dunque, una rivisitazione della storia dal punto di vista dell\u2019esperienza spirituale cristiana, che cerca di percepire il vissuto cristiano nella prospettiva dell\u2019economia della grazia.<\/p>\n<p><strong>Obiettivi<\/strong><\/p>\n<p style=\"text-align: justify;\">Il corso si propone di introdurre a una visione dinamica dei fenomeni sviluppatisi nella Chiesa latina con inizio dall\u2019epoca tardo-antica fino alle soglie dell\u2019et\u00e0 moderna.<\/p>\n<p><strong>Contenuti<\/strong><\/p>\n<ol>\n<li>Gregorio Magno, tra la tarda antichit\u00e0 e il primo Medioevo.<\/li>\n<li>Carlo Magno: l\u2019impero cristiano rinnovato.<\/li>\n<li>La formazione della Chiesa latina: chierici e laici nell\u2019XI secolo.<\/li>\n<li>I movimenti religiosi come espressione della nuova civilt\u00e0 urbana.<\/li>\n<li>La <em>Devotio Moderna<\/em>, o la personalizzazione della vita interiore.<\/li>\n<li>L\u2019Umanesimo: l\u2019uomo come microcosmo.<\/li>\n<\/ol>\n<p><strong>Metodologia<\/strong><\/p>\n<p style=\"text-align: justify;\">Lezioni frontali e letture personali di testi suggeriti nel corso delle lezioni.<\/p>\n<p><strong>Criteri di valutazione<\/strong><\/p>\n<p>Esame orale.<\/p>\n<p><strong>Distribuzione del tempo di lavoro<\/strong><\/p>\n<p>Un terzo per le lezioni (24 ore) e due terzi per il lavoro personale.<\/p>\n<p><strong>Bibliografia<\/strong><\/p>\n<ul>\n<li>P. BROWN, <em>The Rise of Western Christendom: Triumph and Diversity<\/em>, A.D. 200-1000, Wiley-Blackwell, Chichester, West Sussex &#8211; Malden, MA 2013 [edizione italiana: <em>La formazione dell\u2019Europa cristiana. <\/em><em>Universalismo e diversit\u00e0<\/em>, Laterza, Roma 2006].<\/li>\n<li>E. ANCILLI (ed.),\u00a0<em>La spiritualit\u00e0 cristiana. Storia e testi<\/em>, 19 vol., Studium, Roma 1981-1995.<\/li>\n<li>J. AUMANN, <em>Christian Spirituality in the Catholic Tradition<\/em>, Ignatius Press &#8211; Sheed &amp; Ward, San Francisco-London 1994 [ed. italiana:<em> Sommario di storia della spiritualit\u00e0<\/em>, Dehoniane, Napoli 1986].<\/li>\n<li>B. CALATI &#8211; R. GR\u00c9GOIRE &#8211; A. BLASUCCI, <em>La spiritualit\u00e0 del Medioevo<\/em>, Borla, Roma 1988.<\/li>\n<li>P. CRESPI &#8211; G. F. Poli,\u00a0<em>Lineamenti di storia della spiritualit\u00e0 e della vita cristiana<\/em>, vol. 1-3, Dehoniane, Roma 1998-2000.<\/li>\n<li>J. LECLERC, <em>Il Medioevo (VI-XII secolo)<\/em>, Edizioni Dehoniane, Bologna 2013.<\/li>\n<li>F. VANDENBROUCKE, <em>Il Medioevo (XII-XVI secolo)<\/em>, Edizioni Dehoniane, Bologna 2013.<\/li>\n<li>Principali opere generali circa la Storia della Spiritualit\u00e0: J. M. GARC\u00cdA,\u00a0<em>Teologia spirituale. Epistemologia e interdisciplinarit\u00e0<\/em>, LAS, Roma 2013, 24-26 [ed. spagnola: S\u00edgueme, Salamanca 2015, 37-39].<\/li>\n<\/ul>\n<p>Ulteriori indicazioni saranno offerte nel corso delle lezioni.<\/p>","protected":false},"excerpt":{"rendered":"<p>Docente: Prof. Silvano Giordano &nbsp; Giustificazione \u00abLa spiritualit\u00e0 \u00e8 l\u2019insieme delle convinzioni e delle ispirazioni che animano interiormente i cristiani [&hellip;]<\/p>\n","protected":false},"author":2,"featured_media":0,"parent":20526,"menu_order":23,"comment_status":"closed","ping_status":"closed","template":"","meta":{"footnotes":""},"_links":{"self":[{"href":"https:\/\/www.teresianum.net\/en\/wp-json\/wp\/v2\/pages\/5018"}],"collection":[{"href":"https:\/\/www.teresianum.net\/en\/wp-json\/wp\/v2\/pages"}],"about":[{"href":"https:\/\/www.teresianum.net\/en\/wp-json\/wp\/v2\/types\/page"}],"author":[{"embeddable":true,"href":"https:\/\/www.teresianum.net\/en\/wp-json\/wp\/v2\/users\/2"}],"replies":[{"embeddable":true,"href":"https:\/\/www.teresianum.net\/en\/wp-json\/wp\/v2\/comments?post=5018"}],"version-history":[{"count":11,"href":"https:\/\/www.teresianum.net\/en\/wp-json\/wp\/v2\/pages\/5018\/revisions"}],"predecessor-version":[{"id":26383,"href":"https:\/\/www.teresianum.net\/en\/wp-json\/wp\/v2\/pages\/5018\/revisions\/26383"}],"up":[{"embeddable":true,"href":"https:\/\/www.teresianum.net\/en\/wp-json\/wp\/v2\/pages\/20526"}],"wp:attachment":[{"href":"https:\/\/www.teresianum.net\/en\/wp-json\/wp\/v2\/media?parent=5018"}],"curies":[{"name":"wp","href":"https:\/\/api.w.org\/{rel}","templated":true}]}}