{"id":4922,"date":"2016-07-06T17:24:54","date_gmt":"2016-07-06T15:24:54","guid":{"rendered":"http:\/\/www.teresianum.net\/?page_id=4922"},"modified":"2022-09-16T15:53:41","modified_gmt":"2022-09-16T13:53:41","slug":"ap1010-antropologia-teologica-fondamentale","status":"publish","type":"page","link":"https:\/\/www.teresianum.net\/en\/specializzazione-in-antropologia-teologica\/ciclo-per-la-licenza\/curriculum-di-studio\/ap1010-antropologia-teologica-fondamentale\/","title":{"rendered":"AP1010 Antropologia teologica fondamentale"},"content":{"rendered":"<p class=\"qtranxs-available-languages-message qtranxs-available-languages-message-en\"> <p><em>Docente<\/em>: Prof. \u00a0<\/p>\n<p style=\"text-align: justify;\">\u00a0<\/p>\n<p style=\"text-align: justify;\"><strong>Giustificazione<\/strong><\/p>\n<p style=\"text-align: justify;\">Le due specializzazioni di antropologia teologica e di teologia spirituale considerano diversamente la persona umana in relazione a Dio Trinit\u00e0. Questo approccio relazionale viene sviluppato a partire dal concetto biblico della persona a immagine di Dio (Gen 1,26s.), pienamente rivelata in Cristo, immagine del Dio invisibile (Col 1,15).<\/p>\n<p style=\"text-align: justify;\"><strong>Obiettivi<\/strong><\/p>\n<p style=\"text-align: justify;\">Gli studenti conosceranno i concetti basilari dell\u2019antropologia teologica come si \u00e8 sviluppata dopo il Concilio Vaticano II, e in particolare il concetto di immagine di Dio. Di pi\u00f9, saranno resi capaci di collegare alcuni temi teologici (Cristo, grazia, salvezza) e antropologici (persona e natura, relazione, libert\u00e0). Saranno resi consapevoli della complessit\u00e0 dei temi antropologici in filosofia e la loro importanza per le discipline teologiche, in particolare l\u2019antropologia teologica e la teologia spirituale.<\/p>\n<p style=\"text-align: justify;\"><strong>Contenuti<\/strong><\/p>\n<p style=\"text-align: justify;\">Dopo un\u2019introduzione generale all\u2019antropologia teologica post-conciliare, si presenter\u00e0 in una prima parte la storia della persona umana come imago Dei e chiamata alla comunione con Dio Trinit\u00e0 dal punto di vista biblico, storico e sistematico. Su questa base, si tematizzer\u00e0, nella seconda parte, la salvezza della persona umana soprattutto a partire dal rapporto tra antropologia e cristologia e tra natura e grazia. Nella terza parte ci si chieder\u00e0 chi e che cosa viene salvato, cio\u00e8 la persona umana in quanto libera e relazionale, con la sua natura tripartita corpo-anima-spirito.<\/p>\n<p style=\"text-align: justify;\"><strong>Metodologia<\/strong><\/p>\n<p style=\"text-align: justify;\">Le lezioni saranno frontali con la possibilit\u00e0 per gli studenti di interagire con il docente. Vari documenti saranno messi a disposizione degli studenti: piano di studi, bibliografia, citazioni, presentazioni PowerPoint. Il corso sar\u00e0 accompagnato dalla lettura di alcuni testi obbligatori e consigliati, e dallo studio personale.<\/p>\n<p style=\"text-align: justify;\"><strong>Criteri di valutazione<\/strong><\/p>\n<p style=\"text-align: justify;\">L\u2019esame orale a fine semestre (10 minuti) comprende domande sul corso e sulle letture obbligatorie.<\/p>\n<p style=\"text-align: justify;\"><strong>Distribuzione del tempo di lavoro<\/strong><\/p>\n<p style=\"text-align: justify;\">24 ore di lezioni frontali (un terzo); lettura dei testi che accompagnano il corso (un terzo); preparazione all\u2019esame orale (un terzo).<\/p>\n<p style=\"text-align: justify;\"><strong>Bibliografia<\/strong><\/p>\n<ul style=\"text-align: justify;\">\n<li>G. ANCONA, <em>Antropologia teologica. Temi fondamentali<\/em>, BTC 171, Queriniana, Brescia 2014;<\/li>\n<li>F. G. BRAMBILLA, <em>Antropologia teologica. Chi \u00e8 l\u2019uomo perch\u00e9 te ne curi?,<\/em> Queriniana, Brescia 20093;<\/li>\n<li>L. F. LADARIA<em>, Antropologia teologica<\/em>, Theologia 3, PUG, Roma 20112 (1995);<\/li>\n<li>R. LUCAS LUCAS, Orizzonte verticale. Senso e significato della persona umana, San Paolo, Cinisello Balsamo 2007;<\/li>\n<li>B. MORICONI (ed.), <em>Antropologia cristiana. Bibbia, teologia, cultura<\/em>, Citt\u00e0 Nuova, Roma 2001;<\/li>\n<li>J. L. RUIZ DE LA PE\u00d1A, <em>Immagine di Dio. Antropologia teologica fondamentale<\/em>, Borla, Roma 1992;<\/li>\n<li>E. STEIN, <em>La struttura della persona umana. Corso di antropologia filosofica<\/em>, Citt\u00e0 Nuova, Roma 2013.<\/li>\n<\/ul>\n<p style=\"text-align: justify;\">Letture obbligatorie:<\/p>\n<ul>\n<li style=\"text-align: justify;\">COMMISSIONE TEOLOGICA INTERNAZIONALE, <em>Comunione e servizio. La persona umana creata a immagine di Dio<\/em>, Paoline, Milano 2005;<\/li>\n<li style=\"text-align: justify;\">DE LUBAC, \u201cAntropologia tripartita\u201d, in <em>Mistica e mistero cristiano<\/em>, Opera omnia\u00a06, Jaca Book, Milano 1979, 59-117;<\/li>\n<li style=\"text-align: justify;\">R.\u00a0SPAEMANN, <em>Persone. Sulla differenza tra \u2018qualcosa\u2019 e \u2018qualcuno\u2019<\/em>, a cura di Leonardo Allodi, Laterza, Bari 2007 (2005), 230-242.<\/li>\n<\/ul>","protected":false},"excerpt":{"rendered":"<p>Docente: Prof. \u00a0 \u00a0 Giustificazione Le due specializzazioni di antropologia teologica e di teologia spirituale considerano diversamente la persona umana [&hellip;]<\/p>\n","protected":false},"author":2,"featured_media":0,"parent":20287,"menu_order":82,"comment_status":"closed","ping_status":"closed","template":"page-specializzazioneantropologialicenza.php","meta":{"footnotes":""},"_links":{"self":[{"href":"https:\/\/www.teresianum.net\/en\/wp-json\/wp\/v2\/pages\/4922"}],"collection":[{"href":"https:\/\/www.teresianum.net\/en\/wp-json\/wp\/v2\/pages"}],"about":[{"href":"https:\/\/www.teresianum.net\/en\/wp-json\/wp\/v2\/types\/page"}],"author":[{"embeddable":true,"href":"https:\/\/www.teresianum.net\/en\/wp-json\/wp\/v2\/users\/2"}],"replies":[{"embeddable":true,"href":"https:\/\/www.teresianum.net\/en\/wp-json\/wp\/v2\/comments?post=4922"}],"version-history":[{"count":21,"href":"https:\/\/www.teresianum.net\/en\/wp-json\/wp\/v2\/pages\/4922\/revisions"}],"predecessor-version":[{"id":23460,"href":"https:\/\/www.teresianum.net\/en\/wp-json\/wp\/v2\/pages\/4922\/revisions\/23460"}],"up":[{"embeddable":true,"href":"https:\/\/www.teresianum.net\/en\/wp-json\/wp\/v2\/pages\/20287"}],"wp:attachment":[{"href":"https:\/\/www.teresianum.net\/en\/wp-json\/wp\/v2\/media?parent=4922"}],"curies":[{"name":"wp","href":"https:\/\/api.w.org\/{rel}","templated":true}]}}