{"id":3434,"date":"2016-02-27T12:24:28","date_gmt":"2016-02-27T11:24:28","guid":{"rendered":"http:\/\/www.teresianum.net\/?page_id=3434"},"modified":"2022-03-15T10:51:10","modified_gmt":"2022-03-15T09:51:10","slug":"sergio-militello","status":"publish","type":"page","link":"https:\/\/www.teresianum.net\/en\/persone\/corpo-docente\/sergio-militello\/","title":{"rendered":"Sergio Militello"},"content":{"rendered":"<p class=\"qtranxs-available-languages-message qtranxs-available-languages-message-en\"> <p style=\"text-align: justify;\"><a href=\"https:\/\/www.teresianum.net\/sergio-militello-2\/\" rel=\"attachment wp-att-7611\"><img loading=\"lazy\" decoding=\"async\" class=\"alignleft  wp-image-7611\" src=\"https:\/\/www.teresianum.net\/wp-content\/uploads\/2016\/12\/Sergio-Militello.jpg\" alt=\"Sergio Militello\" width=\"216\" height=\"158\" srcset=\"https:\/\/www.teresianum.net\/wp-content\/uploads\/2016\/12\/Sergio-Militello.jpg 277w, https:\/\/www.teresianum.net\/wp-content\/uploads\/2016\/12\/Sergio-Militello-35x25.jpg 35w\" sizes=\"(max-width: 216px) 100vw, 216px\" \/><\/a><\/p>\n<p style=\"text-align: justify;\">Pontificia Facolt\u00e0 Teologica <em>Teresianum<br \/>\n<\/em>Piazza San Pancrazio 5\/A<br \/>\n00152 Roma<br \/>\nItalia<\/p>\n<p style=\"text-align: justify;\">militello@teresianum.net<\/p>\n<p><a href=\"http:\/\/www.centrodiffusionemusicasacra.it\" target=\"_blank\" rel=\"noopener noreferrer\">centrodiffusionemusicasacra.it<\/a><\/p>\n<p style=\"text-align: justify;\"><div id=\"symple-tab-760\" class=\"symple-tabs\"><ul class=\"ui-tabs-nav symple-clearfix\"><li><a href=\"#symple-tab-persona\">Persona<\/a><\/li><li><a href=\"#symple-tab-pubblicazioni\">Pubblicazioni<\/a><\/li><li><a href=\"#symple-tab-insegnamento\">Insegnamento<\/a><\/li><\/ul>\n<div id=\"symple-tab-persona\" class=\"tab-content symple-clearfix \">\n<p style=\"text-align: justify;\"><strong>Curriculum Vitae<\/strong><\/p>\n<p style=\"text-align: justify;\">Sergio Militello (1968), membro consacrato del movimento ecclesiale JHS, dedito alla evangelizzazione della cultura, \u00e8 fondatore del \u00abCentro Diffusione Musica Sacra\u00bb (International Center of Sacred Music), compositore, direttore di coro, organista, pianista, musicologo, docente universitario. Autore di musica sacra, liturgica, pianistica, organistica, cameristica e sinfonica. Ha pubblicato con Edizioni Carrara, Rugginenti Editore, Paoline Editoriale Audiovisivi, Bottega Discantica, Armelin Musica, Edizioni EurArte, VivereIn, Brilliant Classics, Libreria Editrice Vaticana, Queriniana, San Paolo. Svolge attivit\u00e0 concertistica in numerosi Paesi del mondo, riscuotendo calorosi consensi di pubblico per qualit\u00e0 artistica e scelta di repertorio, esibendosi sui pi\u00f9 grandi strumenti e nelle pi\u00f9 grandi Cattedrali, Sale da concerto, Universit\u00e0 (Washington National Cathedral, West Point Cadet Chapel, Salzburg Dom, St Thomas NYCity, Catedr\u00e1l de Cuzco, Hong Kong Cultural Center, Taiwan National Concert Hall, Cathedral de Bruxelles, St Patrick Cathedral of New York, Fordham University, Princeton University, Boston College e numerose altre\u2026). <br \/>\n\u00c8 oggi uno dei massimi esperti nell\u2019Arte dell\u2019Improvvisazione della quale tiene Masterclasses. Sue relazioni-conferenze, concerti, esecuzioni sono state registrate, riprese o trasmesse da emittenti televisive e radiofoniche (Radio 24 &#8211; Radio Blu Sat 2000 &#8211; Radio Proposta &#8211; Rete Toscana Classica, 4MBS Australia &#8211; TV Aparecida &#8211; Radio Maria &#8211; Radio Vaticana &#8211; Vatican News &#8211; RAI Cultura ed altre). Esperto in Musicologia Liturgica, tiene incontri di formazione, conferenze, trasmissioni radiofoniche, pubblica saggi e articoli. Nel 2003 \u00e8 nominato Direttore dell\u2019Istituto Diocesano di Musica Sacra dell\u2019Arcidiocesi di Firenze; nel 2006 Membro della Consulta di \u201cMusica per la Liturgia\u201d dell\u2019Ufficio Liturgico Nazionale della CEI (Roma) in qualit\u00e0 di Delegato Regionale; nel 2009 Maestro di Cappella e Organista Titolare della Cattedrale di Santa Maria del Fiore in Firenze; nel 2013 Insegnante di Musica presso la Schola Puerorum della Cappella Musicale Pontificia \u201cSistina\u201d; svolge pure il ministero di Organista Pontificio nelle Celebrazioni quotidiane del Santo Padre in S. Marta (Vaticano).<\/p>\n<p><strong>Campi di ricerca<\/strong><\/p>\n<ul>\n<li>Spiritualit\u00e0 della Musica<\/li>\n<li>Teologia della Musica<\/li>\n<li>Musicologia Liturgica<\/li>\n<li>Musica ed Evangelizzazione<\/li>\n<li>Bibliografia musicale storico-critica<\/li>\n<\/ul>\n<p><strong>Incarichi<\/strong><\/p>\n<ul>\n<li>Professore Incaricato presso la Pontificia Facolt\u00e0 Teologica e il Pontificio Istituto di Spiritualit\u00e0 \u201cTeresianum\u201d (a.a. 2015\/2016, 2017\/2018, 2020\/2021, 2022\/2023)<\/li>\n<li>Docente Incaricato presso la Pontificia Universit\u00e0 \u201cGregoriana\u201d (a.a. 2016\/2017, 2018\/2019, 2020\/2021, 2022\/2023)<\/li>\n<li>Docente Incaricato presso la Pontificia Facolt\u00e0 Teologica \u201cMarianum\u201d (a.a. 2016\/2017, 2018\/2019, 2020\/2021, 2022\/2023)<\/li>\n<li>Professore presso l\u2019Istituto Superiore di Scienze Religiose della Regione Ecclesiastica Ligure (a.a. 2019\/2020)<\/li>\n<li>Docente Incaricato (Corso di Musicologia Liturgica) presso la Facolt\u00e0 Teologica dell\u2019Italia Centrale (a.a. 2005\/2006)<\/li>\n<li>Professore Invitato presso la Pontificia Universit\u00e0 Cattolica di Rio de Janeiro, Brasile (a.a. 2018\/2019)<\/li>\n<li>Professore alla \u201c<em>Academie Internationale de l\u2019Improvisation \u00e0 l\u2019Orgue<\/em>\u201d di Montpellier, Francia (a. 2016, a. 2017)<\/li>\n<\/ul>\n<p style=\"text-align: justify;\"><\/div>\n<div id=\"symple-tab-pubblicazioni\" class=\"tab-content symple-clearfix \">\n<p style=\"text-align: justify;\"><strong>Bibliografia selettiva<\/strong><\/p>\n<p style=\"text-align: justify;\"><strong>Libri<\/strong><\/p>\n<ul>\n<li>Mistagogia della Musica, San Paolo Cinisello Balsamo 2022<\/li>\n<li>Spiritualit\u00e0 della Musica, San Paolo, Cinisello Balsamo 2021<\/li>\n<li>Teologia della Musica, Editrice Queriniana, Brescia 2021<\/li>\n<li>Canto e Musica nella terza edizione italiane del Messale Romano, San Paolo, Cinisello Balsamo 2021<\/li>\n<li>Il sogno musicale di un \u201cParadiso in Terra\u201d. Domenico Zipoli (1688-1726) [Presentazione di Papa FRANCESCO], Libreria Editrice Vaticana, Citt\u00e0 del Vaticano 2018<\/li>\n<li>I primi canti a Maria [Presentazione di S.Beatitudine Gregorios III], Libreria Editrice Vaticana, Citt\u00e0 del Vaticano 2014<\/li>\n<li>La gioia del canto, Effat\u00e0 Editrice, Cantalupa 2011<\/li>\n<li>Fammi voce del creato. Canto e Musica nella Liturgia, Portalupi Editore, Casale Monferrato 2003<\/li>\n<\/ul>\n<p style=\"text-align: justify;\"><strong>Articoli in riviste e quotidiani<\/strong><\/p>\n<ul>\n<li>Note di interiorit\u00e0. La passione musicale del porporato, in \u00abOSSERVATORE ROMANO\u00bb del 21 luglio 2021 (Citt\u00e0 del Vaticano)<\/li>\n<li>Parla il Silenzio, in \u00abSTRUMENTI&amp;MUSICA MAGAZINE\u00bb, 16 agosto 2020<\/li>\n<li>Maria nella musica, in \u00abRIPARAZIONE MARIANA\u00bb, a.CIV n.2 (maggio-giugno), Rovigo 2019, pp.4-6<\/li>\n<li>Quella musica natalizia mai scritta, in \u00abOSSERVATORE ROMANO\u00bb del 3 gennaio 2019, Anno CLIX (Citt\u00e0 del Vaticano), p.6<\/li>\n<li>Maria nel panorama musicale romantico, in \u00abTHEOTOKOS\u00bb, a.XXVI, n.2, Roma 2018, pp.199-217<\/li>\n<li>La pi\u00f9 democratica delle arti, in \u00abOSSERVATORE ROMANO\u00bb del 20 gennaio 2017, Anno CLVII n.15 (Citt\u00e0 del Vaticano), p.4<\/li>\n<li>Le interpolazioni natalizie al \u201cMagnificat\u201d di J.S.Bach, in \u00abTHEOTOKOS\u00bb, a.XXIV, n.2, Roma 2016, pp.105-120<\/li>\n<li>El don y el servicio de la M\u00fasica, in \u00abDI\u00c1LOGO\u00bb, vol. LXI, n.61, EdIve, Buenos Aires 2012, pp.43-52<\/li>\n<li>Eco dell\u2019armonia di Dio, in \u00abOSSERVATORE ROMANO\u00bb del 21-21 luglio 2014, Anno CLIV n.165 (Citt\u00e0 del Vaticano), p.4<\/li>\n<li>In memoriam, in \u00abBOLLETTINO CECILIANO\u00bb, a. 2012, p.187<\/li>\n<li>Quale \u00e8 il rapporto tra musica e liturgia?, in \u00abTOSCANA OGGI\u00bb, Il teologo risponde, 24 maggio 2011<\/li>\n<li>Musica e Comunicazione della Fede, in \u00abLA STELLA DEL CARMELO\u00bb, a.XII, n.3 (Comunicazione e Tecnologia), Pisa 2011, pp.24-32<\/li>\n<li>Il nuovo \u201cRepertorio Nazionale di Canti\u201d della Chiesa italiana, in \u00abTOSCANA OGGI\u00bb, 2009<\/li>\n<li>Quella \u201cpreghiera cantata\u201d, modello supremo di musica sacra, in \u00abTOSCANA OGGI\u00bb, 30 luglio 2006<\/li>\n<li>L\u2019esperienza dell\u2019arte, in \u00abBETTINA\u00bb, 2006\/1 (gennaio-aprile), Campi Bisenzio (FI), pp.17-19<\/li>\n<li>Benedetto XVI, il Papa musicista, in \u00abTOSCANA OGGI\u00bb, 19 maggio 2005<\/li>\n<li>Entrare nello spirito liturgico, in \u00abL\u2019ECO DI SANTA MARIA NOVA\u00bb, a. XXXVI, n. 6, novembre-dicembre 2004, p.4<\/li>\n<\/ul>\n<p><strong>Bibliografia artistica completa ed elenco pubblicazioni musicali (CD e spartiti) al portale web: <\/strong><\/p>\n<p><strong><a href=\"http:\/\/www.centrodiffusionemusicasacra.it\">www.centrodiffusionemusicasacra.it<\/a><\/strong><\/p>\n<p style=\"text-align: justify;\"><\/div>\n<div id=\"symple-tab-insegnamento\" class=\"tab-content symple-clearfix \">\n<p style=\"text-align: justify;\"><strong>Anno Accademico 2025\/2026<\/strong><\/p>\n<table class=\"cw2m_corsiperdocente\" style=\"font-size: 13pt; width:100%; border:1px solid black; cell-padding:10px; cell-spacing: 5px;\"><tr style=\"background-color: #134b72; color: white;\"><td style=\"border: 1px solid black; padding: 5px;\">SIGLA<\/td><td style=\"border: 1px solid black; padding: 5px;\">DESCRIZIONE<\/td><td style=\"border: 1px solid black; padding: 5px;\">SEMESTRE<\/td><\/tr><\/table>\n<p style=\"text-align: justify;\"><\/div>\n<\/div>","protected":false},"excerpt":{"rendered":"<p>Pontificia Facolt\u00e0 Teologica Teresianum Piazza San Pancrazio 5\/A 00152 Roma Italia militello@teresianum.net centrodiffusionemusicasacra.it<\/p>\n","protected":false},"author":2,"featured_media":0,"parent":339,"menu_order":0,"comment_status":"closed","ping_status":"closed","template":"","meta":{"footnotes":""},"_links":{"self":[{"href":"https:\/\/www.teresianum.net\/en\/wp-json\/wp\/v2\/pages\/3434"}],"collection":[{"href":"https:\/\/www.teresianum.net\/en\/wp-json\/wp\/v2\/pages"}],"about":[{"href":"https:\/\/www.teresianum.net\/en\/wp-json\/wp\/v2\/types\/page"}],"author":[{"embeddable":true,"href":"https:\/\/www.teresianum.net\/en\/wp-json\/wp\/v2\/users\/2"}],"replies":[{"embeddable":true,"href":"https:\/\/www.teresianum.net\/en\/wp-json\/wp\/v2\/comments?post=3434"}],"version-history":[{"count":11,"href":"https:\/\/www.teresianum.net\/en\/wp-json\/wp\/v2\/pages\/3434\/revisions"}],"predecessor-version":[{"id":22868,"href":"https:\/\/www.teresianum.net\/en\/wp-json\/wp\/v2\/pages\/3434\/revisions\/22868"}],"up":[{"embeddable":true,"href":"https:\/\/www.teresianum.net\/en\/wp-json\/wp\/v2\/pages\/339"}],"wp:attachment":[{"href":"https:\/\/www.teresianum.net\/en\/wp-json\/wp\/v2\/media?parent=3434"}],"curies":[{"name":"wp","href":"https:\/\/api.w.org\/{rel}","templated":true}]}}