{"id":3423,"date":"2016-02-27T12:19:54","date_gmt":"2016-02-27T11:19:54","guid":{"rendered":"http:\/\/www.teresianum.net\/?page_id=3423"},"modified":"2025-06-20T09:55:17","modified_gmt":"2025-06-20T07:55:17","slug":"iain-scott-matthew","status":"publish","type":"page","link":"https:\/\/www.teresianum.net\/en\/persone\/corpo-docente\/iain-scott-matthew\/","title":{"rendered":"Iain Scott Matthew OCD"},"content":{"rendered":"<p class=\"qtranxs-available-languages-message qtranxs-available-languages-message-en\"> <p style=\"text-align: justify;\"><span style=\"font-family: georgia, palatino, serif; font-size: 16px;\"><a href=\"https:\/\/www.teresianum.net\/iain-matthew\/\" rel=\"attachment wp-att-10340\"><img loading=\"lazy\" decoding=\"async\" class=\"alignleft size-medium wp-image-10340\" src=\"https:\/\/www.teresianum.net\/wp-content\/uploads\/2017\/11\/Iain-Matthew-187x300.jpg\" alt=\"Iain Matthew\" width=\"137\" height=\"180\" \/><\/a>Pontificia Facolt\u00e0 Teologica <em>Teresianum<br \/>\n<\/em>Piazza San Pancrazio 5\/A<\/span><br \/>\n<span style=\"font-family: georgia, palatino, serif; font-size: 16px;\">00152 Roma<\/span><br \/>\n<span style=\"font-family: georgia, palatino, serif; font-size: 16px;\">Italia<\/span><\/p>\n<p style=\"text-align: justify;\"><span style=\"font-family: georgia, palatino, serif; font-size: 16px;\">matthew@teresianum.net<\/span><\/p>\n<p style=\"text-align: justify;\">\u00a0<\/p>\n<p style=\"text-align: justify;\">\u00a0<\/p>\n<p style=\"text-align: justify;\">\u00a0<\/p>\n<p style=\"text-align: justify;\"><span style=\"font-family: georgia, palatino, serif; font-size: 16px;\"><div id=\"symple-tab-3246\" class=\"symple-tabs\"><ul class=\"ui-tabs-nav symple-clearfix\"><li><a href=\"#symple-tab-persona\">Persona<\/a><\/li><li><a href=\"#symple-tab-pubblicazioni\">Pubblicazioni<\/a><\/li><li><a href=\"#symple-tab-insegnamento\">Insegnamento<\/a><\/li><\/ul><\/span><br \/>\n<span style=\"font-family: georgia, palatino, serif; font-size: 16px;\"><div id=\"symple-tab-persona\" class=\"tab-content symple-clearfix \"><\/span><\/p>\n<p style=\"text-align: justify;\"><span style=\"font-family: georgia, palatino, serif; font-size: 16px;\"><strong>Curriculum Vitae<\/strong><\/span><\/p>\n<p><span style=\"font-family: georgia, palatino, serif; font-size: 16px;\">28\/1\/1960 born Windsor UK<\/span><br \/>\n<span style=\"font-family: georgia, palatino, serif; font-size: 16px;\">27\/5\/1966 baptised<\/span><br \/>\n<span style=\"font-family: georgia, palatino, serif; font-size: 16px;\">14\/9\/1978 began novitiate, Discalced Carmelites, Oxford<\/span><br \/>\n<span style=\"font-family: georgia, palatino, serif; font-size: 16px;\">15\/9\/1979 first profession<\/span><br \/>\n<span style=\"font-family: georgia, palatino, serif; font-size: 16px;\">1979-1985: Carmelite community, studies at Ushaw College, Durham<\/span><br \/>\n<span style=\"font-family: georgia, palatino, serif; font-size: 16px;\">1982-1984: Bachelor degree in theology, Durham University<\/span><br \/>\n<span style=\"font-family: georgia, palatino, serif; font-size: 16px;\">15\/9\/1985: Solemn Profession<\/span><br \/>\n<span style=\"font-family: georgia, palatino, serif; font-size: 16px;\">20\/12\/1985: ordination as deacon<\/span><br \/>\n<span style=\"font-family: georgia, palatino, serif; font-size: 16px;\">2\/7\/1986: ordination as priest<\/span><br \/>\n<span style=\"font-family: georgia, palatino, serif; font-size: 16px;\">1985-1987: Carmelite community, St Joseph\u2019s, Gerrards Cross, UK: parish ministry<\/span><br \/>\n<span style=\"font-family: georgia, palatino, serif; font-size: 16px;\">1987-1991: Carmelite communty, Oxford.<\/span><br \/>\n<span style=\"font-family: georgia, palatino, serif; font-size: 16px;\">Doctoral studies, under Edward Yarnold SJ and Rowan Williams.<\/span><br \/>\n<span style=\"font-family: georgia, palatino, serif; font-size: 16px;\">1988-1989: as part of doctoral studies, I attended the one year course on St John of the Cross at the Centro Internacional Sanjuanista, Avila, Spain.<\/span><br \/>\n<span style=\"font-family: georgia, palatino, serif; font-size: 16px;\">1991: completed Oxford Doctor of Philosophy, with thesis entitled: \u201cThe knowledge and consciousness of Christ in the light of the writings of St John of the Cross.\u201d<\/span><br \/>\n<span style=\"font-family: georgia, palatino, serif; font-size: 16px;\">Autumn 1991 &#8211; June 1992: Carmelite retreat centre, Varroville, Sydney, Australia, helping with retreats<\/span><br \/>\n<span style=\"font-family: georgia, palatino, serif; font-size: 16px;\">Summer 1992-Summer 1994: Carmelite priory, London<\/span><br \/>\n<span style=\"font-family: georgia, palatino, serif; font-size: 16px;\">1992-1993: master of students.<\/span><br \/>\n<span style=\"font-family: georgia, palatino, serif; font-size: 16px;\">1993-1994: vocations director.<\/span><br \/>\n<span style=\"font-family: georgia, palatino, serif; font-size: 16px;\">1993-1996: member of Provincial Council.<\/span><br \/>\n<span style=\"font-family: georgia, palatino, serif; font-size: 16px;\">1994-1996: Carmelite house of studies, Dublin, as prior.<\/span><br \/>\n<span style=\"font-family: georgia, palatino, serif; font-size: 16px;\"><span lang=\"EN-US\">1996-2000: Carmelite priory, Oxford: novice master.<br \/>\n<\/span><span lang=\"EN-US\">2000 Summer &#8211; 2001 Summer: renewal year in Oxford, Hartford USA, and Dublin.<br \/>\n2001-2005: Carmelite Priory, Barquisimeto, Venezuela, engaged in parish ministry and university chaplaincy<b>. <\/b>During this time I also spent several months working at our parish, Gerrards Cross, UK, where I had conventuality.<br \/>\n2005 &#8211; 2013: Carmelite Priory, Kensington, London. P<\/span>arish ministry; and university chaplaincy at LSE (2005-2012) and Notre Dame, London (2013).<\/span><br \/>\n<span style=\"font-family: georgia, palatino, serif; font-size: 16px;\">In 2005 and 2006 I gave a one week course at CITeS on the doctrine of St John of the Cross. During 2012 I spent most of the time caring for my mother in Ipswich, who died on 1st January 2013.<\/span><br \/>\n<span style=\"font-family: georgia, palatino, serif; font-size: 16px;\">September 2013: Rome. A year spent learning Italian.\u00a0<\/span><br \/>\n<span style=\"font-family: georgia, palatino, serif; font-size: 16px;\"><span lang=\"EN-US\">September 2014: I joined the faculty at the <em>Teresianum<\/em>, teaching courses (in Italian): <i>Ges\u00f9 Cristo il Risorto, chiave della teologia spirituale<\/i>; and courses on <i>San Giovanni della Croce<\/i>. Since 2015 I have also been teaching a course (in English) to students from Notre Dame University, Rome, <i>Mystical Theology and the Gospel of Life.<br \/>\n<\/i><\/span>In November 2016 I read a paper at the Ubeda Semana Sanjuanista (on the Christology of St John of the Cross);<\/span><br \/>\n<span style=\"font-family: georgia, palatino, serif; font-size: 16px;\">In December 2016, I read a paper at the Counselling course symposium at the Teresianum, on the Living Flame.<\/span><br \/>\n<span style=\"font-family: georgia, palatino, serif; font-size: 16px;\">In January 2017 I led a seminar on St John of the Cross for European OCD formators, held at Avila.<\/span><br \/>\n<span style=\"font-family: georgia, palatino, serif; font-size: 16px;\">I read a papera the\u00a02do Congreso Mundial Sanjuanista-Noche Oscura, CITeS, Avila, 3-9 settembre 2018:\u00a0\u201cEl Dios de la Noche\u201d.<\/span><br \/>\n<span style=\"font-family: georgia, palatino, serif; font-size: 16px;\">Course for students from Rome Global Gateway, Notre Dame University: \u201cMystical theology and the Gospel of Life\u201d, second semester (January to April 2018).<\/span><br \/>\n<span style=\"font-family: georgia, palatino, serif; font-size: 16px;\">Course on St John of the Cross for Carmelite Sisters, Italy, presso Teresianum, 11-12 settembre 2018.<\/span><br \/>\n<span style=\"font-family: georgia, palatino, serif; font-size: 16px;\">Corso per studenti del Collegio Interazionale su: &#8220;San Giovanni della Croce&#8221;, <em>Salita e Notte, <\/em>Teresianum 24-28 settembre 2018.<\/span><\/p>\n<p><span lang=\"EN-US\" style=\"font-family: georgia, palatino, serif; font-size: 16px;\">\u00a0<\/span><\/p>\n<p><span style=\"font-family: georgia, palatino, serif; font-size: 16px;\"><strong>Campi di ricerca<\/strong><\/span><\/p>\n<p><span style=\"font-family: georgia, palatino, serif; font-size: 16px;\">San Juan de la Cruz; Santa Teresa de Jes\u00fas; Sainte Th\u00e9r\u00e8se de l\u2019Enfant J\u00e9sus; la Cristologia dogmatica e patristica.<\/span><\/p>\n<p><span style=\"font-family: georgia, palatino, serif; font-size: 16px;\"><\/div><\/span><br \/>\n<span style=\"font-family: georgia, palatino, serif; font-size: 16px;\"><div id=\"symple-tab-pubblicazioni\" class=\"tab-content symple-clearfix \"><\/span><\/p>\n<p style=\"text-align: justify;\"><span style=\"font-family: georgia, palatino, serif; font-size: 16px;\"><strong>Bibliografia selettiva<\/p>\n<p><\/strong><\/span><\/p>\n<p style=\"text-align: justify;\"><span style=\"font-family: georgia, palatino, serif; font-size: 16px;\"><strong>Libri<\/strong><\/span><\/p>\n<ul>\n<li class=\"Default\" style=\"text-align: justify;\"><span style=\"font-family: georgia, palatino, serif; font-size: 16px;\"><i><span lang=\"EN-US\">The Impact of God<\/span><\/i><span lang=\"EN-US\"> &#8211; soundings from St John of the Cross, Hodder and Stoughton 1995 (current edition: 2010). This has been translated into various languages.<\/span><\/span><\/li>\n<li class=\"Default\" style=\"text-align: justify;\"><span style=\"font-family: georgia, palatino, serif; font-size: 16px;\"><i><span lang=\"EN-US\">John of the Cross, seasons of prayer <\/span><\/i><span lang=\"EN-US\">Teresian Press, Oxford, 2014, consisting of articles for <i>Mount Carmel<\/i> from the 1990s (see above).<\/span><\/span><\/li>\n<\/ul>\n<p style=\"text-align: justify;\"><span style=\"font-family: georgia, palatino, serif; font-size: 16px;\"><strong>Articoli in riviste e opere collettive<\/strong><\/span><\/p>\n<ul>\n<li style=\"text-align: justify;\"><span style=\"font-family: georgia, palatino, serif; font-size: 16px;\">\u201cM\u00edstica y Teolog\u00eda con San Juan de la Cruz\u201d in <em>La Recepci\u00f3n de los M\u00edsticos. Teresa de Jes\u00fas y Juan de la Cruz<\/em>,\u00a0\u00a0 Salamanca\/Avila, ed. Salvador Ros, 1997, pp. 507-520.<\/span><\/li>\n<li style=\"text-align: justify;\"><span style=\"font-family: georgia, palatino, serif; font-size: 16px;\">\u00a0Entries on St John of the Cross and on St Teresa of Avila in Leslie Houlden (ed.) <em>Jesus in History, Thought and Culture &#8211; an Encyclopaedia<\/em>, ABC Clio, 2003.<\/span><\/li>\n<li style=\"text-align: justify;\"><span style=\"font-family: georgia, palatino, serif; font-size: 16px;\">\u00a0\u201cLa fede non \u00e8 intransigente\u201d, in Fiamma Viva 55, <em>Lumen Fide, l\u2019intelligenza mistica, <\/em>Roma 2015, pp. 113-124.<\/span><\/li>\n<li style=\"text-align: justify;\"><span style=\"font-family: georgia, palatino, serif; font-size: 16px;\">\u201cSt Teresa, witness to Christ&#8217;s resurrection\u201d, in <em>Teresa of Avila: Mystical Theology and Spirituality in the Carmelite Tradition, <\/em>ed. Peter Tyler and Edward Howells, Routledge 2017, pp. 82-95.<\/span><\/li>\n<li style=\"text-align: justify;\"><span style=\"font-family: georgia, palatino, serif; font-size: 16px;\">\u201cCristo, chiave della connettivit\u00e0 nel <em>C\u00e1ntico <\/em>di San Giovanni della Croce\u201d, in <em>Fiamma Viva<\/em> 57, <em>\u2018Tutte le creature sono connesse tra loro\u2019 (Laudato si\u2019 42),<\/em> Roma 2017, pp. 161-177.<\/span><\/li>\n<li style=\"text-align: justify;\"><span style=\"font-family: georgia, palatino, serif; font-size: 16px;\">\u201cVisualising Christology: <em>Llama de amor viva <\/em>and the Resurrection\u201d, in <em>Teresianum <\/em>68\/1<em> (<\/em>2017) 87-125.<\/span><\/li>\n<li style=\"text-align: justify;\"><span style=\"font-family: georgia, palatino, serif; font-size: 16px;\">\u201cThe Risen Christ, the key to Spiritual Theology\u201d <em>Teresianum <\/em>69\/1 (2018) 85-114.<\/span><\/li>\n<li style=\"text-align: justify;\"><span style=\"font-family: georgia, palatino, serif; font-size: 16px;\">\u201cGiovanni della Croce per i giovani?\u201d In <em>Giovani fede vocazione: Fiamma viva 59, <\/em>Teresianum Roma, 2018, 207-217.<\/span><\/li>\n<li style=\"text-align: justify;\"><span class=\"\" style=\"font-family: georgia, palatino, serif; font-size: 16px;\">\u201cSaint Jean de la Croix: une Anthropologie dynamique\u201d, <i class=\"\">D\u2019un Colombier \u00e0 l\u2019autre, <\/i>Bulletin des F\u00e9d\u00e9rations des Carm\u00e9lites Avignon-Lyon et Toulouse-Bordeaux, 94, November 2018.<\/span><\/li>\n<li style=\"text-align: justify;\"><span style=\"font-family: georgia, palatino, serif; font-size: 16px;\"><span class=\"\">\u201cJohn of the Cross in Opposition\u201d in <i class=\"\"> Mount Carmel, <\/i>Oxford, vol.66\/4, Oct.-Dec. 2018, pp. 19-26<\/span>.<\/span><\/li>\n<li style=\"text-align: justify;\"><span class=\"\" style=\"font-family: georgia, palatino, serif; font-size: 16px;\">\u201cMemory, and Hope in Eternal Life. \u2018The memory has changed into eternal apprehensions of glory\u2019 (2N 4.2)\u201d, in <i class=\"\">Teresianum \u00a0 <\/i>2019\/2\u00a0 (<i class=\"\">Memoria e speranza in san Giovanni della Croce<\/i>) pp. 403-436.<\/span><\/li>\n<li style=\"text-align: justify;\"><span style=\"font-family: georgia, palatino, serif; font-size: 16px;\">\u201cEl Dios de la Noche\u201d in <em>Noche Oscura: Actas del II Congresso Mundial Sanjuanista<\/em>, Monte Carmelo, CITeS Avila, 2019, pp. 163-176.<\/span><\/li>\n<li style=\"text-align: justify;\"><span style=\"font-family: georgia, palatino, serif; font-size: 16px;\">\u201c<span class=\"\">\u2018<\/span>Comprendere la distanza\u2019: Giovanni della Croce risponde alla pandemia\u201d, Luis Jorge Gonz\u00e1lez (ed.) <em>La fede in tempi di pandemia XVIII Simposio Internazionale della Mistica<\/em>\u00a0Edizioni OCD, Roma, 2021, pp.71-84.\u00a0<\/span><\/li>\n<li style=\"text-align: justify;\"><span style=\"font-family: georgia, palatino, serif; font-size: 16px;\">\u201cAll Said in the Son: an Intertextual Study of\u00a0<em>C\u00e1ntico<\/em>\u00a0(CB 11) and\u00a0<em>Subida\u00a0<\/em>(2S 22)\u201d,\u00a0in\u00a0<em>Teresianum \u00a0<\/em>2020\/1, pp.9-36.<\/span><\/li>\n<li style=\"text-align: justify;\"><span style=\"font-family: georgia, palatino, serif; font-size: 16px;\">\u201cReading John\u2019s\u00a0<em>Dark Night<\/em>: a Theological event\u201d in\u00a0<em>Teresianum \u00a0\u00a0<\/em>2021\/1, pp.127-151.<\/span><\/li>\n<li style=\"text-align: justify;\"><span style=\"font-family: georgia, palatino, serif; font-size: 16px;\">\u201c<em>Llama de amor viva\u00a0<\/em>y la Resurrecci\u00f3n\u201d in\u00a0<em>Revista de Espiritualidad\u00a0<\/em>318 Enero-Marzo 2021, Madrid, pp.39-66.<\/span><\/li>\n<li style=\"text-align: justify;\"><span style=\"font-family: georgia, palatino, serif; font-size: 16px;\">\u201cStructures of paradox in St John of the Cross\u201d in <i>Teresianum\u00a0<\/i>2024\/2, pp.313-328 (also in French and Croatian in\u00a0<i>Communio\u00a0<\/i>2024).<\/span><\/li>\n<li style=\"text-align: justify;\"><span style=\"font-family: georgia, palatino, serif; font-size: 16px;\">&#8220;How the Saviour loves us: the dyothelite dogma\u00a0and Saint John of the Cross\u201d,\u00a0Teresianum 76 (2025\/1) 97-129.<\/span><\/li>\n<\/ul>\n<p><span style=\"font-family: georgia, palatino, serif; font-size: 16px;\"><strong>Capitoli in libri<\/strong><\/span><\/p>\n<ul>\n<li style=\"text-align: justify;\"><span style=\"font-family: georgia, palatino, serif; font-size: 16px;\">\u201cSt Teresa and the Prayer of Offering\u201d in <em>St Teresa of \u00c1vila: her writings and life <\/em>ed. Terence O\u2019Reilly, Colin Thompson, Lesley Twomey, Oxford, 2018, 124-134.<\/span><\/li>\n<li style=\"text-align: justify;\"><span style=\"font-family: georgia, palatino, serif; font-size: 16px;\">\u201cNight: the potential of a symbol for universale dialogue\u201d in <i>La Sapienza della Croce in un Mondo Plurale\u00a0<\/i>vol.2, ed. Fernando Taccone, Ciro Benedettini, Editrice Velar 2022, pp. 318-329.<\/span><\/li>\n<li style=\"text-align: justify;\"><span style=\"font-family: georgia, palatino, serif; font-size: 16px;\">\u201cDiventare te, rimanendo me stesso\u201d 199-216 in <i>Teologia dell\u2019Amore\u00a0<\/i>edd. Christof Betschart e Manuela Romano, Citt\u00e0 Nuova Editrice 2023.<\/span><\/li>\n<li style=\"text-align: justify;\"><span style=\"font-family: georgia, palatino, serif; font-size: 16px;\">\u201cPerfect love, described: exploring the signficance of love for St John of the Cross\u201d in\u00a0 Edward Howells and Peter Tyler, edd.,\u00a0<i>John of the Cross &#8211; Carmel, Desire and Transformation,\u00a0<\/i>Routledge 2024, pp.97-116.<\/span><\/li>\n<\/ul>\n<div>\u00a0<\/div>\n<p style=\"text-align: justify;\"><span style=\"font-family: georgia, palatino, serif; font-size: 16px;\"><\/div><\/span><br \/>\n<span style=\"font-family: georgia, palatino, serif; font-size: 16px;\"><div id=\"symple-tab-insegnamento\" class=\"tab-content symple-clearfix \"><\/span><\/p>\n<p style=\"text-align: justify;\"><span style=\"font-family: georgia, palatino, serif; font-size: 16px;\"><strong>Anno Accademico 2025\/2026<\/strong><\/span><\/p>\n<p><span style=\"font-family: georgia, palatino, serif; font-size: 16px;\"><table class=\"cw2m_corsiperdocente\" style=\"font-size: 13pt; width:100%; border:1px solid black; cell-padding:10px; cell-spacing: 5px;\"><tr style=\"background-color: #134b72; color: white;\"><td style=\"border: 1px solid black; padding: 5px;\">SIGLA<\/td><td style=\"border: 1px solid black; padding: 5px;\">DESCRIZIONE<\/td><td style=\"border: 1px solid black; padding: 5px;\">SEMESTRE<\/td><\/tr><tr><td style=\"border: 1px solid black; padding: 5px;\"><a target=\"_blank\" href=\"\/HDST03              \">HDST03              <\/a><\/td><td style=\"border: 1px solid black; padding: 5px;\"><a target=\"_blank\" href=\"\/HDST03              \">MYSTICAL CHRISTOLOGY WITH ST TERESA OF JESUS AND ST JOHN OF THE CROSS<\/a><\/td><td style=\"border: 1px solid black; padding: 5px;\">Primo<\/td><\/tr><tr><td style=\"border: 1px solid black; padding: 5px;\"><a target=\"_blank\" href=\"\/OCS03               \">OCS03               <\/a><\/td><td style=\"border: 1px solid black; padding: 5px;\"><a target=\"_blank\" href=\"\/OCS03               \">GES\u00d9 CRISTO IL RISORTO: CHIAVE DELLA TEOLOGIA SPIRITUALE<\/a><\/td><td style=\"border: 1px solid black; padding: 5px;\">Primo<\/td><\/tr><tr><td style=\"border: 1px solid black; padding: 5px;\"><a target=\"_blank\" href=\"\/OCST04              \">OCST04              <\/a><\/td><td style=\"border: 1px solid black; padding: 5px;\"><a target=\"_blank\" href=\"\/OCST04              \">JESUS CHRIST THE RISEN ONE: THE KEY TO SPIRITUAL THEOLOGY<\/a><\/td><td style=\"border: 1px solid black; padding: 5px;\">Primo<\/td><\/tr><tr><td style=\"border: 1px solid black; padding: 5px;\"><a target=\"_blank\" href=\"\/OCST12              \">OCST12              <\/a><\/td><td style=\"border: 1px solid black; padding: 5px;\"><a target=\"_blank\" href=\"\/OCST12              \">SAINT JOHN OF THE CROSS<\/a><\/td><td style=\"border: 1px solid black; padding: 5px;\">Primo<\/td><\/tr><tr><td style=\"border: 1px solid black; padding: 5px;\"><a target=\"_blank\" href=\"\/SP1022              \">SP1022              <\/a><\/td><td style=\"border: 1px solid black; padding: 5px;\"><a target=\"_blank\" href=\"\/SP1022              \">GESU' CRISTO IL RISORTO: CHIAVE DELLA TEOLOGIA SPIRITUALE<\/a><\/td><td style=\"border: 1px solid black; padding: 5px;\">Primo<\/td><\/tr><tr><td style=\"border: 1px solid black; padding: 5px;\"><a target=\"_blank\" href=\"\/HDST01              \">HDST01              <\/a><\/td><td style=\"border: 1px solid black; padding: 5px;\"><a target=\"_blank\" href=\"\/HDST01              \">THE RISEN CHRIST, THE KEY TO SPIRITUAL THEOLOGY<\/a><\/td><td style=\"border: 1px solid black; padding: 5px;\">Secondo<\/td><\/tr><tr><td style=\"border: 1px solid black; padding: 5px;\"><a target=\"_blank\" href=\"\/OCS14               \">OCS14               <\/a><\/td><td style=\"border: 1px solid black; padding: 5px;\"><a target=\"_blank\" href=\"\/OCS14               \">SAN GIOVANNI DELLA CROCE<\/a><\/td><td style=\"border: 1px solid black; padding: 5px;\">Secondo<\/td><\/tr><tr><td style=\"border: 1px solid black; padding: 5px;\"><a target=\"_blank\" href=\"\/SO3522              \">SO3522              <\/a><\/td><td style=\"border: 1px solid black; padding: 5px;\"><a target=\"_blank\" href=\"\/SO3522              \">GIOVANNI DELLA CROCE, COSA DICI AL MONDO DI OGGI ?<\/a><\/td><td style=\"border: 1px solid black; padding: 5px;\">Secondo<\/td><\/tr><\/table><\/span><\/p>\n<p style=\"text-align: justify;\"><span style=\"font-family: georgia, palatino, serif; font-size: 16px;\"><\/div><\/span><br \/>\n<span style=\"font-family: georgia, palatino, serif; font-size: 16px;\"><\/div><\/span><\/p>","protected":false},"excerpt":{"rendered":"<p>Pontificia Facolt\u00e0 Teologica Teresianum Piazza San Pancrazio 5\/A 00152 Roma Italia matthew@teresianum.net \u00a0 \u00a0 \u00a0<\/p>\n","protected":false},"author":2,"featured_media":0,"parent":339,"menu_order":0,"comment_status":"closed","ping_status":"closed","template":"","meta":{"footnotes":""},"_links":{"self":[{"href":"https:\/\/www.teresianum.net\/en\/wp-json\/wp\/v2\/pages\/3423"}],"collection":[{"href":"https:\/\/www.teresianum.net\/en\/wp-json\/wp\/v2\/pages"}],"about":[{"href":"https:\/\/www.teresianum.net\/en\/wp-json\/wp\/v2\/types\/page"}],"author":[{"embeddable":true,"href":"https:\/\/www.teresianum.net\/en\/wp-json\/wp\/v2\/users\/2"}],"replies":[{"embeddable":true,"href":"https:\/\/www.teresianum.net\/en\/wp-json\/wp\/v2\/comments?post=3423"}],"version-history":[{"count":23,"href":"https:\/\/www.teresianum.net\/en\/wp-json\/wp\/v2\/pages\/3423\/revisions"}],"predecessor-version":[{"id":89390,"href":"https:\/\/www.teresianum.net\/en\/wp-json\/wp\/v2\/pages\/3423\/revisions\/89390"}],"up":[{"embeddable":true,"href":"https:\/\/www.teresianum.net\/en\/wp-json\/wp\/v2\/pages\/339"}],"wp:attachment":[{"href":"https:\/\/www.teresianum.net\/en\/wp-json\/wp\/v2\/media?parent=3423"}],"curies":[{"name":"wp","href":"https:\/\/api.w.org\/{rel}","templated":true}]}}