{"id":3406,"date":"2016-02-27T12:10:32","date_gmt":"2016-02-27T11:10:32","guid":{"rendered":"http:\/\/www.teresianum.net\/?page_id=3406"},"modified":"2019-12-05T22:13:47","modified_gmt":"2019-12-05T21:13:47","slug":"ignatious-kunnumpurathu-paul","status":"publish","type":"page","link":"https:\/\/www.teresianum.net\/en\/persone\/corpo-docente\/ignatious-kunnumpurathu-paul\/","title":{"rendered":"Ignatious Kunnumpurathu Paul OCD"},"content":{"rendered":"<p class=\"qtranxs-available-languages-message qtranxs-available-languages-message-en\"> <p style=\"text-align: justify;\">\u00a0<\/p>\n<p style=\"text-align: justify;\">Pontificia Facolt\u00e0 Teologica <em>Teresianum<br \/>\n<\/em>Piazza San Pancrazio 5\/A<br \/>\n00152 Roma<br \/>\nItalia<\/p>\n<p style=\"text-align: justify;\">kunnumpurathu@teresianum.net<\/p>\n<p style=\"text-align: justify;\">\u00a0<\/p>\n<p style=\"text-align: justify;\"><div id=\"symple-tab-2236\" class=\"symple-tabs\"><ul class=\"ui-tabs-nav symple-clearfix\"><li><a href=\"#symple-tab-persona\">Persona<\/a><\/li><li><a href=\"#symple-tab-pubblicazioni\">Pubblicazioni<\/a><\/li><li><a href=\"#symple-tab-insegnamento\">Insegnamento<\/a><\/li><\/ul>\n<div id=\"symple-tab-persona\" class=\"tab-content symple-clearfix \">\n<p style=\"text-align: justify;\"><strong>PAGINA IN COSTRUZIONE<br \/>\n<\/strong><\/p>\n<p style=\"text-align: justify;\">\u00a0<\/p>\n<p style=\"text-align: justify;\"><strong>Curriculum Vitae<\/p>\n<p><\/strong><\/p>\n<p><strong>Campi di ricerca<\/p>\n<p><\/strong><\/p>\n<p><strong>Incarichi<\/strong><\/p>\n<p style=\"text-align: justify;\"><\/div>\n<div id=\"symple-tab-pubblicazioni\" class=\"tab-content symple-clearfix \">\n<p style=\"text-align: justify;\"><strong>PAGINA IN COSTRUZIONE<\/strong><\/p>\n<p style=\"text-align: justify;\">\u00a0<\/p>\n<p style=\"text-align: justify;\"><strong>Bibliografia selettiva<\/p>\n<p><\/strong><\/p>\n<p style=\"text-align: justify;\"><strong>Libri<\/p>\n<p><\/strong><\/p>\n<p style=\"text-align: justify;\"><strong>Libri curati<\/p>\n<p><\/strong><\/p>\n<p><strong>Articoli in riviste e opere collettive<\/p>\n<p><\/strong><\/p>\n<p style=\"text-align: justify;\"><strong>Articoli in dizionari<\/p>\n<p><\/strong><\/p>\n<p style=\"text-align: justify;\"><strong>Recensioni<\/strong><\/p>\n<p style=\"text-align: justify;\"><\/div>\n<div id=\"symple-tab-insegnamento\" class=\"tab-content symple-clearfix \">\n<p style=\"text-align: justify;\"><strong>Anno Accademico 2025\/2026<\/strong><\/p>\n<p style=\"text-align: justify;\"><table class=\"cw2m_corsiperdocente\" style=\"font-size: 13pt; width:100%; border:1px solid black; cell-padding:10px; cell-spacing: 5px;\"><tr style=\"background-color: #134b72; color: white;\"><td style=\"border: 1px solid black; padding: 5px;\">SIGLA<\/td><td style=\"border: 1px solid black; padding: 5px;\">DESCRIZIONE<\/td><td style=\"border: 1px solid black; padding: 5px;\">SEMESTRE<\/td><\/tr><tr><td style=\"border: 1px solid black; padding: 5px;\"><a target=\"_blank\" href=\"\/CVC02               \">CVC02               <\/a><\/td><td style=\"border: 1px solid black; padding: 5px;\"><a target=\"_blank\" href=\"\/CVC02               \">VOCAZIONE E DISCEPOLATO ALLA LUCE DELLA BIBBIA<\/a><\/td><td style=\"border: 1px solid black; padding: 5px;\">Primo<\/td><\/tr><tr><td style=\"border: 1px solid black; padding: 5px;\"><a target=\"_blank\" href=\"\/HDST02              \">HDST02              <\/a><\/td><td style=\"border: 1px solid black; padding: 5px;\"><a target=\"_blank\" href=\"\/HDST02              \">THE PREFIGURATION OF CHRIST IN THE ISAIAN SERVANT SONGS<\/a><\/td><td style=\"border: 1px solid black; padding: 5px;\">Primo<\/td><\/tr><tr><td style=\"border: 1px solid black; padding: 5px;\"><a target=\"_blank\" href=\"\/TP1010              \">TP1010              <\/a><\/td><td style=\"border: 1px solid black; padding: 5px;\"><a target=\"_blank\" href=\"\/TP1010              \">INTRODUZIONE ALLA SACRA SCRITTURA<\/a><\/td><td style=\"border: 1px solid black; padding: 5px;\">Primo<\/td><\/tr><tr><td style=\"border: 1px solid black; padding: 5px;\"><a target=\"_blank\" href=\"\/TP1030              \">TP1030              <\/a><\/td><td style=\"border: 1px solid black; padding: 5px;\"><a target=\"_blank\" href=\"\/TP1030              \">A.T.: LIBRI PROFETICI<\/a><\/td><td style=\"border: 1px solid black; padding: 5px;\">Primo<\/td><\/tr><tr><td style=\"border: 1px solid black; padding: 5px;\"><a target=\"_blank\" href=\"\/AP1030A             \">AP1030A             <\/a><\/td><td style=\"border: 1px solid black; padding: 5px;\"><a target=\"_blank\" href=\"\/AP1030A             \">?COS?\u00c8 MAI L?UOMO, PERCH\u00c9 DI LUI TI RICORDI?? (SAL 8,5). DALL?UNO ALL?ALTRO TESTAMENTO: PROSPETTIVE BIBLICHE SULLA POTENZIALIT\u00c0 POSITIVA DELL?UOMO<\/a><\/td><td style=\"border: 1px solid black; padding: 5px;\">Secondo<\/td><\/tr><tr><td style=\"border: 1px solid black; padding: 5px;\"><a target=\"_blank\" href=\"\/CAS01               \">CAS01               <\/a><\/td><td style=\"border: 1px solid black; padding: 5px;\"><a target=\"_blank\" href=\"\/CAS01               \">PAROLA DI DIO E ACCOMPAGNAMENTO SPIRITUALE<\/a><\/td><td style=\"border: 1px solid black; padding: 5px;\">Secondo<\/td><\/tr><tr><td style=\"border: 1px solid black; padding: 5px;\"><a target=\"_blank\" href=\"\/TP1610              \">TP1610              <\/a><\/td><td style=\"border: 1px solid black; padding: 5px;\"><a target=\"_blank\" href=\"\/TP1610              \">LINGUA GRECA BIBLICA<\/a><\/td><td style=\"border: 1px solid black; padding: 5px;\">Secondo<\/td><\/tr><\/table>\n<p>&nbsp;<\/p>\n<table class=\"cw2m_corsiperdocente\" style=\"font-size: 13pt; width:100%; border:1px solid black; cell-padding:10px; cell-spacing: 5px;\"><tr style=\"background-color: #134b72; color: white;\"><td style=\"border: 1px solid black; padding: 5px;\">SIGLA<\/td><td style=\"border: 1px solid black; padding: 5px;\">DESCRIZIONE<\/td><td style=\"border: 1px solid black; padding: 5px;\">SEMESTRE<\/td><\/tr><\/table>\n<p style=\"text-align: justify;\"><\/div>\n<\/div>","protected":false},"excerpt":{"rendered":"<p>\u00a0 Pontificia Facolt\u00e0 Teologica Teresianum Piazza San Pancrazio 5\/A 00152 Roma Italia kunnumpurathu@teresianum.net \u00a0<\/p>\n","protected":false},"author":2,"featured_media":0,"parent":339,"menu_order":0,"comment_status":"closed","ping_status":"closed","template":"","meta":{"footnotes":""},"_links":{"self":[{"href":"https:\/\/www.teresianum.net\/en\/wp-json\/wp\/v2\/pages\/3406"}],"collection":[{"href":"https:\/\/www.teresianum.net\/en\/wp-json\/wp\/v2\/pages"}],"about":[{"href":"https:\/\/www.teresianum.net\/en\/wp-json\/wp\/v2\/types\/page"}],"author":[{"embeddable":true,"href":"https:\/\/www.teresianum.net\/en\/wp-json\/wp\/v2\/users\/2"}],"replies":[{"embeddable":true,"href":"https:\/\/www.teresianum.net\/en\/wp-json\/wp\/v2\/comments?post=3406"}],"version-history":[{"count":13,"href":"https:\/\/www.teresianum.net\/en\/wp-json\/wp\/v2\/pages\/3406\/revisions"}],"predecessor-version":[{"id":15993,"href":"https:\/\/www.teresianum.net\/en\/wp-json\/wp\/v2\/pages\/3406\/revisions\/15993"}],"up":[{"embeddable":true,"href":"https:\/\/www.teresianum.net\/en\/wp-json\/wp\/v2\/pages\/339"}],"wp:attachment":[{"href":"https:\/\/www.teresianum.net\/en\/wp-json\/wp\/v2\/media?parent=3406"}],"curies":[{"name":"wp","href":"https:\/\/api.w.org\/{rel}","templated":true}]}}