{"id":3390,"date":"2016-02-27T12:00:48","date_gmt":"2016-02-27T11:00:48","guid":{"rendered":"http:\/\/www.teresianum.net\/?page_id=3390"},"modified":"2020-11-19T12:41:37","modified_gmt":"2020-11-19T11:41:37","slug":"grzegorz-firszt","status":"publish","type":"page","link":"https:\/\/www.teresianum.net\/en\/persone\/corpo-docente\/grzegorz-firszt\/","title":{"rendered":"Grzegorz Firszt OCD"},"content":{"rendered":"<p class=\"qtranxs-available-languages-message qtranxs-available-languages-message-en\"> <p style=\"text-align: justify;\">\u00a0<\/p>\n<p style=\"text-align: justify;\">Pontificia Facolt\u00e0 Teologica <em>Teresianum<br \/>\n<\/em>Piazza San Pancrazio 5\/A<br \/>\n00152 Roma<br \/>\nItalia<\/p>\n<p style=\"text-align: justify;\">firszt@teresianum.net<\/p>\n<p style=\"text-align: justify;\">\u00a0<\/p>\n<p style=\"text-align: justify;\"><div id=\"symple-tab-3605\" class=\"symple-tabs\"><ul class=\"ui-tabs-nav symple-clearfix\"><li><a href=\"#symple-tab-persona\">Persona<\/a><\/li><li><a href=\"#symple-tab-pubblicazioni\">Pubblicazioni<\/a><\/li><li><a href=\"#symple-tab-insegnamento\">Insegnamento<\/a><\/li><\/ul>\n<div id=\"symple-tab-persona\" class=\"tab-content symple-clearfix \">\n<p style=\"text-align: justify;\">Carmelitano scalzo della provincia di Cracovia, dottore di teologia della vita consacrata presso l\u2019Istituto di Teologia della Vita Consacrata <em>Claretianum<\/em> di Roma incorporato alla Pontificia Universit\u00e0 Lateranense.\u00a0<\/p>\n<p style=\"text-align: justify;\">Gi\u00e0 professore, segretario e successivamente vicedirettore dell\u2019Istituto Carmelitano di Spiritualit\u00e0 di Cracovia associato alla Pontificia Facolt\u00e0 Teologica <em>Teresianum<\/em>, segretario generale della Pontificia Facolt\u00e0 Teologica <em>Teresianum<\/em> (2015-2020)<em>.<\/em><\/p>\n<p style=\"text-align: justify;\"><\/div>\n<div id=\"symple-tab-pubblicazioni\" class=\"tab-content symple-clearfix \">\n<p style=\"text-align: justify;\"><strong>Bibliografia<\/p>\n<p><\/strong><\/p>\n<p style=\"text-align: justify;\"><strong>Libro<\/strong><\/p>\n<p><em>\u017bycie wed\u0142ug rad ewangelicznych<\/em>, Karmelita\u0144ski Instytut Duchowo\u015bci \u2013 Wydawnictwo Karmelit\u00f3w Bosych, Krak\u00f3w 2011, 132 p.<\/p>\n<p style=\"text-align: justify;\"><strong>Libro curato<\/strong><\/p>\n<p><em>Anselmo di sant\u2019Andrea Corsini. Atti del Convegno dedicato al primo rettore del Collegio internazionale dei Carmelitani scalzi a Roma in occasione del 90\u00b0 anniversario della sua fondazione. Roma. Pontificia Facolt\u00e0 Teologica <\/em>Teresianum<em>. 17 novembre 2016<\/em>, Presenze vive 20, Edizioni OCD, Roma 2017, 176 p.<\/p>\n<p><strong>Rivista<\/strong><\/p>\n<p><em>Itinera Spiritualia \u2013 <\/em>direzione dei volumi I-VIII per gli anni 2008-2015.<\/p>\n<p><strong>Articoli in riviste e opere collettive<\/strong><\/p>\n<ul>\n<li style=\"text-align: justify;\">\u201cPovert\u00e0, obbedienza, castit\u00e0. Sulla formazione alla classica triade dei consigli evangelici ai tempi d\u2019oggi\u201d, <em>Itinera Spiritualia<\/em> 1(2008), 113-134.<\/li>\n<li style=\"text-align: justify;\">\u201eIdea\u0142 mistycznego zjednoczenia z Bogiem\u201d, in <em>Mistyka w codzienno\u015bci. <\/em><em>XI Dni duchowo\u015bci. 8-9 maja 2008<\/em>, a cura di J.W. Gogola, Krak\u00f3w 2009, 27-44.<\/li>\n<li style=\"text-align: justify;\">\u201eNowicjat. Natura, cele i realizacja\u201d, <em>Itinera Spiritualia <\/em>2(2009), 69-94.<\/li>\n<li style=\"text-align: justify;\">\u201cLa specificit\u00e0 della formazione religiosa e la sua realizzazione\u201d, <em>Itinera Spiritualia<\/em> 3(2010), 225-245.<\/li>\n<li style=\"text-align: justify;\">\u201eKap\u0142a\u0144stwo karmelity bosego\u201d, in <em>Kap\u0142a\u0144stwo u \u015awi\u0119tych Karmelu. XIII Dni duchowo\u015bci. 7-8 maja 2010<\/em>, a cura di J.W. Gogola, Krak\u00f3w 2011, 45-65.<\/li>\n<li style=\"text-align: justify;\">\u201ePowo\u0142anie brata zakonnego\u201d, <em>Itinera Spiritualia<\/em> 4(2011), 145-157.<\/li>\n<li style=\"text-align: justify;\">\u201eZaanga\u017cowanie duszpasterskie b\u0142. Franciszka Palau\u201d, in <em>Mistyka eklezjalna b\u0142. Franciszka Palau y Quer OCD. XIV Dni Duchowo\u015bci. 10-11 maja 2011<\/em>, a cura di J.W. Gogola, Krak\u00f3w 2012, 161-182.<\/li>\n<li style=\"text-align: justify;\">\u201e\u015awi\u0119ta Teresa od Jezusa w \u015bwietle doktryny o za\u0142o\u017cycielach instytut\u00f3w zakonnych\u201d, <em>Itinera Spiritualia<\/em> 6(2013), 9-48.<\/li>\n<li style=\"text-align: justify;\">\u201eSakramenty wtajemniczenia chrze\u015bcija\u0144skiego drog\u0105 rozwoju wiary wed\u0142ug \u015bw. Rafa\u0142a Kalinowskiego\u201d, in <em>Wiara w do\u015bwiadczeniu \u015awi\u0119tych Karmelu. XVI Dni Duchowo\u015bci. 10-11 maja 2013<\/em>, a cura di J.W. Gogola, Krak\u00f3w 2014, 161-182.<\/li>\n<li style=\"text-align: justify;\">\u201eWymiary ub\u00f3stwa zakonnego\u201d, <em>Itinera Spiritualia<\/em> 7(2014), 75-105.<\/li>\n<li style=\"text-align: justify;\">\u201eDuchowe aspekty klauzury karmelitanek bosych\u201d, in <em>Czterysta lat karmelitanek bosych w Polsce. Wk\u0142ad mniszek karmelita\u0144skich w polsk\u0105 histori\u0119, kultur\u0119 i duchowo\u015b\u0107. Ksi\u0119ga jubileuszowa<\/em>, a cura di E. Buszewicz, A. Smagacz, Krak\u00f3w 2014, 221-239.<\/li>\n<li style=\"text-align: justify;\">\u201eKarmelita\u0144sko-terezja\u0144ska lektura adhortacji apostolskiej \u00abEvangelii gaudium\u00bb Papie\u017ca Franciszka, in <em>Nowa ewangelizacja w \u015bwietle nauki Mistrz\u00f3w Karmelu. XVII Dni Duchowo\u015bci. 15-16 maja 2014<\/em>, a cura di J.W. Gogola, Krak\u00f3w 2015, 165-182.<\/li>\n<li style=\"text-align: justify;\">\u201eKonieczno\u015b\u0107 walki w drodze do Boga wed\u0142ug \u015bw. Teresy od Jezusa\u201d, in <em>\u015awi\u0119ta Teresa od Jezusa \u2013 nauczycielka wiernej przyja\u017ani<\/em>, a cura di S. Nizi\u0144ski, Pozna\u0144 2015, 121-133.<\/li>\n<li style=\"text-align: justify;\">\u201eKonstytucje instytut\u00f3w \u017cycia konsekrowanego jako kodeks \u017cycia duchowego\u201d, <em>Itinera Spiritualia<\/em> 9(2016), 27-50.<\/li>\n<li style=\"text-align: justify;\">\u201eW d\u0142oniach Boga. Pokora w uj\u0119ciu Karmelu Terezja\u0144skiego\u201d, <em>\u017bycie Konsekrowane<\/em> 1(2017), 30-41.<\/li>\n<li style=\"text-align: justify;\">\u201cAttualit\u00e0 delle esortazioni di padre Anselmo di sant\u2019Andrea Corsini sulla carit\u00e0 fraterna\u201d, in<em> Anselmo di sant\u2019Andrea Corsini. Atti del Convegno dedicato al primo rettore del Collegio internazionale dei Carmelitani scalzi a Roma in occasione del 90\u00b0 anniversario della sua fondazione, Roma, Pontificia Facolt\u00e0 Teologica <\/em>Teresianum<em>, 17 novembre 2016<\/em>, Presenze vive 20, Edizioni OCD, Roma 2017, 71-81.<\/li>\n<\/ul>\n<p style=\"text-align: justify;\"><strong>Recensioni<\/strong><\/p>\n<ul>\n<li style=\"text-align: justify;\">M.O. Llanos, <em>Servire le vocazioni nella Chiesa. Pastorale vocazionale e pedagogia della vocazione<\/em>, Roma 2005, 491 p., in <em>Teresianum<\/em> 58(2007), 187-188.<\/li>\n<li style=\"text-align: justify;\">A. Cazzago, <em>Giovanni Paolo II. \u201cAma gli altri popoli come il tuo\u201d<\/em>, Jacka Book, Milano 2013, 144 p., in <em>Teresianum<\/em> 1(2016), 281-282.<\/li>\n<li style=\"text-align: justify;\">G. Fossati, <em>Poveri, casti, obbedienti. I consigli evangelici nella vita dei preti<\/em>, Cammini di Chiesa, Edizioni Dehoniane, Bologna 2015, 134 p., in <em>Teresianum<\/em> 1(2017), 245-246.<\/li>\n<li style=\"text-align: justify;\">A. Schmucki, D. Forlani (edd.), <em>La vita consacrata e il nuovo ambiente digitale. Sfide e opportunit\u00e0 formative<\/em>, Edizioni Dehoniane, Bologna 2015, 232 p., in <em>Teresianum<\/em> 1(2018), 300-303.<\/li>\n<li style=\"text-align: justify;\">A. Cazzago, <em>Giovanni Paolo II. Alla ricerca della Presenza<\/em>, Presenze vive 21, Edizioni OCD, Roma 2018, 175 p., in <em>Teresianum<\/em> 1(2019), 291-292.<\/li>\n<\/ul>\n<p style=\"text-align: justify;\"><\/div>\n<div id=\"symple-tab-insegnamento\" class=\"tab-content symple-clearfix \">\n<p style=\"text-align: justify;\"><strong>Anno Accademico 2025\/2026<\/strong><\/p>\n<p style=\"text-align: justify;\"><table class=\"cw2m_corsiperdocente\" style=\"font-size: 13pt; width:100%; border:1px solid black; cell-padding:10px; cell-spacing: 5px;\"><tr style=\"background-color: #134b72; color: white;\"><td style=\"border: 1px solid black; padding: 5px;\">SIGLA<\/td><td style=\"border: 1px solid black; padding: 5px;\">DESCRIZIONE<\/td><td style=\"border: 1px solid black; padding: 5px;\">SEMESTRE<\/td><\/tr><\/table>\n<p style=\"text-align: justify;\"><\/div>\n<\/div>","protected":false},"excerpt":{"rendered":"<p>\u00a0 Pontificia Facolt\u00e0 Teologica Teresianum Piazza San Pancrazio 5\/A 00152 Roma Italia firszt@teresianum.net \u00a0<\/p>\n","protected":false},"author":2,"featured_media":0,"parent":339,"menu_order":0,"comment_status":"closed","ping_status":"closed","template":"","meta":{"footnotes":""},"_links":{"self":[{"href":"https:\/\/www.teresianum.net\/en\/wp-json\/wp\/v2\/pages\/3390"}],"collection":[{"href":"https:\/\/www.teresianum.net\/en\/wp-json\/wp\/v2\/pages"}],"about":[{"href":"https:\/\/www.teresianum.net\/en\/wp-json\/wp\/v2\/types\/page"}],"author":[{"embeddable":true,"href":"https:\/\/www.teresianum.net\/en\/wp-json\/wp\/v2\/users\/2"}],"replies":[{"embeddable":true,"href":"https:\/\/www.teresianum.net\/en\/wp-json\/wp\/v2\/comments?post=3390"}],"version-history":[{"count":18,"href":"https:\/\/www.teresianum.net\/en\/wp-json\/wp\/v2\/pages\/3390\/revisions"}],"predecessor-version":[{"id":18365,"href":"https:\/\/www.teresianum.net\/en\/wp-json\/wp\/v2\/pages\/3390\/revisions\/18365"}],"up":[{"embeddable":true,"href":"https:\/\/www.teresianum.net\/en\/wp-json\/wp\/v2\/pages\/339"}],"wp:attachment":[{"href":"https:\/\/www.teresianum.net\/en\/wp-json\/wp\/v2\/media?parent=3390"}],"curies":[{"name":"wp","href":"https:\/\/api.w.org\/{rel}","templated":true}]}}