{"id":3387,"date":"2016-02-27T11:59:19","date_gmt":"2016-02-27T10:59:19","guid":{"rendered":"http:\/\/www.teresianum.net\/?page_id=3387"},"modified":"2019-02-20T10:18:39","modified_gmt":"2019-02-20T09:18:39","slug":"maria-angela-ferreira-rocha","status":"publish","type":"page","link":"https:\/\/www.teresianum.net\/en\/persone\/corpo-docente\/maria-angela-ferreira-rocha\/","title":{"rendered":"Maria Angela Ferreira Rocha MSAMC"},"content":{"rendered":"<p style=\"text-align: justify;\"><img loading=\"lazy\" decoding=\"async\" class=\"alignleft size-full wp-image-14031\" src=\"https:\/\/www.teresianum.net\/wp-content\/uploads\/2019\/02\/Ferreire-Rocha.jpg\" alt=\"Ferreire Rocha\" width=\"106\" height=\"118\" \/>Pontificia Facolt\u00e0 Teologica <em>Teresianum<br \/> <\/em>Piazza San Pancrazio 5\/A<br \/> 00152 Roma<br \/> Italia<\/p>\n<p style=\"text-align: justify;\">ferreira@teresianum.net<\/p>\n<p style=\"text-align: justify;\">\u00a0<\/p>\n<p style=\"text-align: justify;\"><div id=\"symple-tab-6672\" class=\"symple-tabs\"><ul class=\"ui-tabs-nav symple-clearfix\"><li><a href=\"#symple-tab-persona\">Persona<\/a><\/li><li><a href=\"#symple-tab-pubblicazioni\">Pubblicazioni<\/a><\/li><li><a href=\"#symple-tab-insegnamento\">Insegnamento<\/a><\/li><\/ul> <div id=\"symple-tab-persona\" class=\"tab-content symple-clearfix \">\n<p style=\"text-align: justify;\"><strong>Curriculum Vitae<br \/> <\/strong><\/p>\n<p style=\"text-align: justify;\">\u00c8 membro della Congregazione delle Missionarie di S. Antonio M. Claret. Attualmente vicaria provinciale e consigliera per l\u2019area della formazione. Brasiliana di nascita, ma italiana di vita e di vita consacrata, infatti, vive a Roma dal 1982. In questi lunghi anni nell\u2019Urbe ha conseguito il Baccalaureato in Catechesi Missionaria presso l\u2019Universit\u00e0 Pontificia Urbaniana (1984); il Baccalaureato in Scienze dell\u2019Educazione (2001) e la laurea in Psicologia dell\u2019Educazione presso la Pontificia Universit\u00e0 Salesiana (2004); la Licenza in Teologia della Vita Consacrata presso l\u2019Istituto di Teologia della Vita Consacrata <em>Claretianum<\/em> (2005), dove oggi \u00e8 professore straordinario e membro del Consiglio Accademico; ha conseguito l\u2019abilitazione per l\u2019esercizio della Professione di Psicologo presso l\u2019Universit\u00e0 La Sapienza, si \u00e8 iscritta all\u2019albo dei Psicologi della Regione Lazio il 15 aprile 2008. Da allora, svolge la professione di consulenza psicologica ai consacrati e ai laici.<\/p>\n<p style=\"text-align: justify;\">Nel 2010 ha difeso la sua tesi dottorale nel <em>Claretianum<\/em>. La sua ricerca nel campo scientifico \u00e8 stata la Proposta di una <em>Ratio Formationis<\/em>, intitolata: \u201c<em>Chiamate ad essere donne consacrate nella bont\u00e0 e nella gioia\u201d.<\/em> Uno strumento utile nell\u2019elaborazione degli itinerari formativi delle Congregazioni Religiose Femminili.<\/p>\n<p style=\"text-align: justify;\">\u00c8 docente presso l\u2019Istituto di Teologia della Vita Consacrata <em>Claretianum<\/em> (dal 2008), presso la Scuola dei Formatori all\u2019Universit\u00e0 Salesiana, dal 2012, indirizzo della Formazione, nonch\u00e8 presso la Pontificia Facolt\u00e0 Teologica <em>Teresianum<\/em>. Ha insegnato nella Scuola Intercongregazionale dei Castelli Romani, per i novizi e le novizie. Da diversi anni offre consulenza formativa, a livello nazionale ed internazionale, alle Congregazioni Religiose e alle Nuove Comunit\u00e0 nella Chiesa. Una nuova iniziativa nel campo formativo \u00e8 il corso online sulla \u201cFede e la Psicologia\u201d, in collaborazione con il canale televisivo brasiliano, \u201cTV Secolo 21\u201d. Ha pubblicato alcuni articoli e \u201csogna\u201d pubblicare il suo \u201cbagaglio\u201d formativo, che si sviluppa e si matura attraverso le sue esperienze nel campo della ricerca e del lavoro nella formazione iniziato nel lontano 1990.<\/p>\n<p style=\"text-align: justify;\">\u00a0<\/p>\n<p style=\"text-align: justify;\"><\/div> <div id=\"symple-tab-pubblicazioni\" class=\"tab-content symple-clearfix \">\n<p style=\"text-align: justify;\"><strong>PAGINA IN COSTRUZIONE<\/strong><\/p>\n<p style=\"text-align: justify;\"><strong>Bibliografia selettiva<\/strong><\/p>\n<p style=\"text-align: justify;\"><strong>Libri<\/strong><strong><br \/> <\/strong><\/p>\n<p style=\"text-align: justify;\"><strong>Libri curati<\/strong><\/p>\n<p style=\"text-align: justify;\"><strong>Articoli in riviste e opere collettive<\/strong><\/p>\n<p><strong>Articoli in dizionari<\/strong><\/p>\n<p style=\"text-align: justify;\"><strong>Recensioni<\/strong><\/p>\n<p style=\"text-align: justify;\"><\/div> <div id=\"symple-tab-insegnamento\" class=\"tab-content symple-clearfix \">\n<p style=\"text-align: justify;\"><strong>Anno Accademico 2025\/2026<\/strong><\/p>\n<table class=\"cw2m_corsiperdocente\" style=\"font-size: 13pt; width:100%; border:1px solid black; cell-padding:10px; cell-spacing: 5px;\"><tr style=\"background-color: #134b72; color: white;\"><td style=\"border: 1px solid black; padding: 5px;\">SIGLA<\/td><td style=\"border: 1px solid black; padding: 5px;\">DESCRIZIONE<\/td><td style=\"border: 1px solid black; padding: 5px;\">SEMESTRE<\/td><\/tr><tr><td style=\"border: 1px solid black; padding: 5px;\"><a target=\"_blank\" href=\"\/CVC09               \">CVC09               <\/a><\/td><td style=\"border: 1px solid black; padding: 5px;\"><a target=\"_blank\" href=\"\/CVC09               \">AFFETTIVITA' E SESSUALITA' NELLA VITA CONSACRATA<\/a><\/td><td style=\"border: 1px solid black; padding: 5px;\">Secondo<\/td><\/tr><\/table>\n<p style=\"text-align: justify;\"><\/div> <\/div>\n","protected":false},"excerpt":{"rendered":"<p>Pontificia Facolt\u00e0 Teologica Teresianum Piazza San Pancrazio 5\/A 00152 Roma Italia ferreira@teresianum.net \u00a0<\/p>\n","protected":false},"author":2,"featured_media":0,"parent":339,"menu_order":0,"comment_status":"closed","ping_status":"closed","template":"","meta":{"footnotes":""},"_links":{"self":[{"href":"https:\/\/www.teresianum.net\/en\/wp-json\/wp\/v2\/pages\/3387"}],"collection":[{"href":"https:\/\/www.teresianum.net\/en\/wp-json\/wp\/v2\/pages"}],"about":[{"href":"https:\/\/www.teresianum.net\/en\/wp-json\/wp\/v2\/types\/page"}],"author":[{"embeddable":true,"href":"https:\/\/www.teresianum.net\/en\/wp-json\/wp\/v2\/users\/2"}],"replies":[{"embeddable":true,"href":"https:\/\/www.teresianum.net\/en\/wp-json\/wp\/v2\/comments?post=3387"}],"version-history":[{"count":14,"href":"https:\/\/www.teresianum.net\/en\/wp-json\/wp\/v2\/pages\/3387\/revisions"}],"predecessor-version":[{"id":14098,"href":"https:\/\/www.teresianum.net\/en\/wp-json\/wp\/v2\/pages\/3387\/revisions\/14098"}],"up":[{"embeddable":true,"href":"https:\/\/www.teresianum.net\/en\/wp-json\/wp\/v2\/pages\/339"}],"wp:attachment":[{"href":"https:\/\/www.teresianum.net\/en\/wp-json\/wp\/v2\/media?parent=3387"}],"curies":[{"name":"wp","href":"https:\/\/api.w.org\/{rel}","templated":true}]}}