{"id":3374,"date":"2016-02-27T11:50:50","date_gmt":"2016-02-27T10:50:50","guid":{"rendered":"http:\/\/www.teresianum.net\/?page_id=3374"},"modified":"2019-12-20T18:04:26","modified_gmt":"2019-12-20T17:04:26","slug":"bazyli-degorski","status":"publish","type":"page","link":"https:\/\/www.teresianum.net\/en\/persone\/corpo-docente\/bazyli-degorski\/","title":{"rendered":"Bazyli Deg\u00f3rski OSPPE"},"content":{"rendered":"<p class=\"qtranxs-available-languages-message qtranxs-available-languages-message-en\"> <p><a href=\"https:\/\/www.teresianum.net\/bazyli-degorski\/\" rel=\"attachment wp-att-10332\"><img loading=\"lazy\" decoding=\"async\" class=\"alignleft size-medium wp-image-10332\" src=\"https:\/\/www.teresianum.net\/wp-content\/uploads\/2017\/11\/Bazyli-Degorski-192x300.jpg\" alt=\"Bazyli Degorski\" width=\"192\" height=\"300\" srcset=\"https:\/\/www.teresianum.net\/wp-content\/uploads\/2017\/11\/Bazyli-Degorski-192x300.jpg 192w, https:\/\/www.teresianum.net\/wp-content\/uploads\/2017\/11\/Bazyli-Degorski.jpg 403w\" sizes=\"(max-width: 192px) 100vw, 192px\" \/><\/a>Pontificia Facolt\u00e0 Teologica <em>Teresianum<br \/>\n<\/em>Piazza San Pancrazio 5\/A<br \/>\n00152 Roma<br \/>\nItalia<\/p>\n<p style=\"text-align: justify;\">degorski@teresianum.net<\/p>\n<p style=\"text-align: justify;\">\u00a0<\/p>\n<p style=\"text-align: justify;\">\u00a0<\/p>\n<p style=\"text-align: justify;\">\u00a0<\/p>\n<p style=\"text-align: justify;\">\u00a0<\/p>\n<p style=\"text-align: justify;\">\u00a0<\/p>\n<p style=\"text-align: justify;\"><div id=\"symple-tab-317\" class=\"symple-tabs\"><ul class=\"ui-tabs-nav symple-clearfix\"><li><a href=\"#symple-tab-persona\">Persona<\/a><\/li><li><a href=\"#symple-tab-pubblicazioni\">Pubblicazioni<\/a><\/li><li><a href=\"#symple-tab-insegnamento\">Insegnamento<\/a><\/li><\/ul>\n<div id=\"symple-tab-persona\" class=\"tab-content symple-clearfix \">\n<p style=\"text-align: justify;\"><strong>Curriculum Vitae<\/strong><\/p>\n<p style=\"text-align: justify;\">STATO RELIGIOSO: Monaco di San Paolo Primo Eremita (<em>Ordo Sancti Pauli Primi Eremitae<\/em>; O.S.P.P.E.)<br \/>\nDATA DELLA PROFESSIONE: 25 settembre\u00a01978<br \/>\nDATA DELL\u2019ORDINAZIONE: \u00a020 giungo\u00a01981<br \/>\nRITO: Indulto al biritualismo (rito latino e bizantino)<\/p>\n<p><strong>Liceo classico<\/strong>, presso il Seminario Minore di P\u0142ock (dal 1970 al 1974);<br \/>\n<strong>Studi filosofico-teologici<\/strong>, presso il Seminario Maggiore di W\u0142oc\u0142awek (dal 1974 al 1977), e presso l\u2019Istituto Filosofico-teologico dell\u2019Ordine dei Monaci di San Paolo Primo Eremita di Cracovia, affiliato alla Pontificia Accademia Teologica di Cracovia (dal 1978 al 1981);<br \/>\n<strong>Magistero in Sacra Teologia<\/strong> con specializzazione in Storia della Chiesa, presso l\u2019Universit\u00e0 Cattolica di Lublino (nel 1981; voto: <em>summa cum laude<\/em>);<br \/>\n<strong>Licenza in Sacra Teologia e in Scienze Patristiche<\/strong>, presso l\u2019Istituto Patristico *Augustinianum+, affiliato alla Pontificia Universit\u00e0 Lateranense (nel 1984; voto: <em>summa cum laude<\/em>);<br \/>\n<strong>Diploma in Sacra Teologia e in Scienze Patristiche<\/strong>, presso l\u2019Istituto Patristico \u00abAugustinianum\u00bb, affiliato alla Pontificia Universit\u00e0 Lateranense (nel 1985; voto: <em>summa cum laude<\/em>);<br \/>\n<strong>Dottorato di ricerca in Sacra Teologia e in Scienze Patristiche<\/strong>, presso l\u2019Istituto Patristico \u00abAugustinianum\u00bb, affiliato alla Pontificia Universit\u00e0 Lateranense (giugno del 1987; voto: <em>summa cum laude<\/em>);<br \/>\n<strong><em>Doctor habilitatus<\/em><\/strong><strong> in Teologia con Specializzazione in Storia della Chiesa \u2013 Patrologia <\/strong>(= abilitazione alla libera docenza), presso la Facolt\u00e0 di Teologia dell\u2019Universit\u00e0 Cattolica di Lublino (Polonia); il colloquio di abilitazione si \u00e8 svolto il 21 V 2002. Questo grado accademico \u00e8 stato approvato, il 24 II 2003, dalla Centralna Komisja do Spraw Tytu\u0142u Naukowego i Stopni Naukowych (Commissione Centrale per i Titoli Accademici e i Gradi Accademici).<br \/>\n<strong>Professore Ordinario in Scienze Teologiche (con Specializzazione in Storia della Chiesa &#8211; Patrologia)<\/strong>. Il titolo \u00e8 stato conferito, il 14 IV 2008, dal Presidente della Repubblica Polacca.<br \/>\n<strong>Laureato del premio polacco \u201cFeniks\u201d (\u201cFeniks d\u2019oro\u201d)<\/strong>, conferito dalla \u201cStowarzyszenie Wydawc\u00f3w Katolickich\u201d [Societ\u00e0 degli Editori Cattolici], il 18 IV 2015.<\/p>\n<p><strong>Professore di Patrologia<\/strong>, presso l\u2019Istituto Filosofico-teologico dell\u2019Ordine dei Monaci di San Paolo Primo Eremita della Pontificia Accademia Teologica di Cracovia (dal 1987 al 1990);<br \/>\n<strong>Professore di Patrologia<\/strong>, presso il Seminario Maggiore dei Carmelitani Scalzi a Cracovia, affiliato alla Pontificia Accademia Teologica di Cracovia (nell\u2019anno accademico 1987-1988);<br \/>\n<strong>Professore aggregato (<em>adiunctus<\/em>) di Patrologia<\/strong>, presso l\u2019Istituto Intradipartimentale delle Ricerche di Antichit\u00e0 Cristiana dell\u2019Universit\u00e0 Cattolica di Lublino (dal 20 X 1987 al 30 VI 1990);<br \/>\n<strong>Professore incaricato di Patrologia e di Teologia dogmatica<\/strong>, presso la Pontificia Universit\u00e0 San Tommaso d\u2019Aquino nell\u2019Urbe (dal 2 III 1990);<br \/>\n<strong>Membro della \u201cSekcja Patrystyczna <\/strong>przy Komisji ds. Nauki Katolickiej Konferencji Episkopatu Polski [= Sezione Patristica della Commissione per la Dottrina presso la Conferenza Episcopale Polacca];<br \/>\n<strong>Membro ordinario dell\u2019Association Internationale d\u2019\u00c9tudes Patristiques<\/strong> (dal 1991);<br \/>\n<strong>Membro ordinario della Commissione delle Ricerche sulle Antichit\u00e0 Cristiane<\/strong> [presso la Sezione Storico-Filologica della Societ\u00e0 delle Scienze dell\u2019Universit\u00e0 Cattolica di Lublino] (dal 1994).<br \/>\n<strong>Professore incaricato di Patrologia<em>, <\/em><\/strong>presso il Pontificio Istituto di Spiritualit\u00e0 (\u201cTeresianum\u201d), a Roma (dall\u2019anno accademico 2005-2006).<\/p>\n<h3>\u00a0<\/h3>\n<p style=\"text-align: justify;\"><\/div>\n<div id=\"symple-tab-pubblicazioni\" class=\"tab-content symple-clearfix \">\n<p style=\"text-align: justify;\">\u00a0<strong><a href=\"https:\/\/www.teresianum.net\/wp-content\/uploads\/2019\/12\/Curriculum-vitae-Italiano-versione-definitiva.pdf\" target=\"_blank\" rel=\"noopener noreferrer\">Scarica il CV<\/a><\/strong><\/p>\n<p style=\"text-align: justify;\"><\/div>\n<div id=\"symple-tab-insegnamento\" class=\"tab-content symple-clearfix \">\n<p style=\"text-align: justify;\"><strong>Anno Accademico 2025\/2026<\/strong><\/p>\n<table class=\"cw2m_corsiperdocente\" style=\"font-size: 13pt; width:100%; border:1px solid black; cell-padding:10px; cell-spacing: 5px;\"><tr style=\"background-color: #134b72; color: white;\"><td style=\"border: 1px solid black; padding: 5px;\">SIGLA<\/td><td style=\"border: 1px solid black; padding: 5px;\">DESCRIZIONE<\/td><td style=\"border: 1px solid black; padding: 5px;\">SEMESTRE<\/td><\/tr><\/table>\n<p style=\"text-align: justify;\"><\/div>\n<\/div>","protected":false},"excerpt":{"rendered":"<p>Pontificia Facolt\u00e0 Teologica Teresianum Piazza San Pancrazio 5\/A 00152 Roma Italia degorski@teresianum.net \u00a0 \u00a0 \u00a0 \u00a0 \u00a0<\/p>\n","protected":false},"author":2,"featured_media":0,"parent":339,"menu_order":0,"comment_status":"closed","ping_status":"closed","template":"","meta":{"footnotes":""},"_links":{"self":[{"href":"https:\/\/www.teresianum.net\/en\/wp-json\/wp\/v2\/pages\/3374"}],"collection":[{"href":"https:\/\/www.teresianum.net\/en\/wp-json\/wp\/v2\/pages"}],"about":[{"href":"https:\/\/www.teresianum.net\/en\/wp-json\/wp\/v2\/types\/page"}],"author":[{"embeddable":true,"href":"https:\/\/www.teresianum.net\/en\/wp-json\/wp\/v2\/users\/2"}],"replies":[{"embeddable":true,"href":"https:\/\/www.teresianum.net\/en\/wp-json\/wp\/v2\/comments?post=3374"}],"version-history":[{"count":18,"href":"https:\/\/www.teresianum.net\/en\/wp-json\/wp\/v2\/pages\/3374\/revisions"}],"predecessor-version":[{"id":16126,"href":"https:\/\/www.teresianum.net\/en\/wp-json\/wp\/v2\/pages\/3374\/revisions\/16126"}],"up":[{"embeddable":true,"href":"https:\/\/www.teresianum.net\/en\/wp-json\/wp\/v2\/pages\/339"}],"wp:attachment":[{"href":"https:\/\/www.teresianum.net\/en\/wp-json\/wp\/v2\/media?parent=3374"}],"curies":[{"name":"wp","href":"https:\/\/api.w.org\/{rel}","templated":true}]}}