{"id":3368,"date":"2016-02-27T11:46:21","date_gmt":"2016-02-27T10:46:21","guid":{"rendered":"http:\/\/www.teresianum.net\/?page_id=3368"},"modified":"2019-02-27T07:40:17","modified_gmt":"2019-02-27T06:40:17","slug":"giuseppe-crea","status":"publish","type":"page","link":"https:\/\/www.teresianum.net\/en\/persone\/corpo-docente\/giuseppe-crea\/","title":{"rendered":"Giuseppe Crea MCCI"},"content":{"rendered":"<p style=\"text-align: justify;\"><strong><img loading=\"lazy\" decoding=\"async\" class=\"alignleft size-full wp-image-10946\" src=\"https:\/\/www.teresianum.net\/wp-content\/uploads\/2018\/04\/Crea2.jpg\" alt=\"Crea2\" width=\"155\" height=\"186\" \/><\/strong>Pontificia Facolt\u00e0 Teologica <em>Teresianum<br \/><\/em>Piazza San Pancrazio 5\/A<br \/>00152 Roma<br \/>Italia<\/p>\n<p style=\"text-align: justify;\">crea@teresianum.net<\/p>\n<p style=\"text-align: justify;\">\u00a0<\/p>\n<p style=\"text-align: justify;\"><div id=\"symple-tab-4726\" class=\"symple-tabs\"><ul class=\"ui-tabs-nav symple-clearfix\"><li><a href=\"#symple-tab-persona\">Persona<\/a><\/li><li><a href=\"#symple-tab-pubblicazioni\">Pubblicazioni<\/a><\/li><li><a href=\"#symple-tab-insegnamento\">Insegnamento<\/a><\/li><\/ul><div id=\"symple-tab-persona\" class=\"tab-content symple-clearfix \">\n<p style=\"text-align: justify;\"><strong>Curriculum Vitae<\/strong><\/p>\n<p style=\"text-align: justify;\">Dopo la Laurea conseguita nel 1993 all\u2019Universit\u00e0 Pontificia Salesiana, si \u00e8 specializzato in Psicoterapia ad orientamento umanistico personalistico presso la stessa Universit\u00e0, seguendo il Corso quadriennale di Specializzazione in Psicologia Clinica, con formazione specifica in Analisi Transazionale.<br \/>\u00c8 membro regolare dell\u2019<em>International Transactional Analysis Association<\/em> a partire dal 2003.<br \/>Ha avuto una formazione secondo un modello integrato con focalizzazione analitico-transazionale psicanalitico ed ha appreso l\u2019utilizzo psicoterapico ad indirizzo gestaltico.<br \/>Nel 2001 ha iniziato l\u2019attuale attivit\u00e0 libero professionale di psicologo e psicoterapeuta nel privato a favore di adulti e di gruppi.<br \/>Ha conseguito nel 2002 il Dottorato di ricerca in psicologia presso l\u2019Universit\u00e0 Pontificia Salesiana \u00a0con una tesi sperimentale sulle dinamiche conflittuali nei contesti di gruppo.<br \/>Ha lavorato presso la \u201cFondazione Villa Maraini\u201d di Roma per la riabilitazione e il trattamento di soggetti tossicodipendenti dal gennaio 1998 a marzo 2003.<br \/>Ha collaborato all\u2019organizzazione di convegni e gruppi di lavoro psicodinamici nel contesto della Formazione Permanente degli Istituti Religiosi. E\u2019 stato autore di relazioni a congressi nazionali e di pubblicazioni scientifiche.<br \/>\u00c8 iscritto all\u2019Ordine degli Psicologi della Regione Lazio dal 18\/01\/2001, con n. 9475.<br \/>Dal 2016 e operatore EMDR per l\u2019elaborazione dei traumi e per la gestione dei <em>Post Traumatic Stress Disorders<\/em> (PTSD) nelle situazioni di emergenza.<\/p>\n<p><strong>Campi di ricerca<\/strong><\/p>\n<p>I campi di ricerca di cui si occupa riguardano l\u2019ambito delle problematiche psicologiche nella vita consacrata e nel clero diocesano.<br \/>In particolare ha condotto alcuni studi sulla salute mentale e la qualit\u00e0 della vita degli operatori pastorali, nel clero, nelle istituzioni educative e scolastiche, in collaborazione con il St Mary\u2019s Centre (Noddfa, Penmaenmawr, North Wales, United Kingdom), in collaborazione con il gruppo di ricerca gestito dal Prof. L. Francis (in collaborazione con la Warwick University).<br \/>Inoltre dal 2011 \u00e8 ricercatore presso l\u2019Universit\u00e0 Salesiana, per studi inerenti la validazione di Test e strumenti di misurazione psicologica nell\u2019ambito dell\u2019Orientamento psicoeducativo.<\/p>\n<p><strong>Incarichi<\/strong><\/p>\n<p>Presso l\u2019Universit\u00e0 Pontificia Salesiana \u00e8 Docente di Psicologia dell\u2019Orientamento, Docente di Teoria e Tecniche Psicometriche, Docente del Laboratorio di Teoria e Tecniche dei Test e Docente di Psicopatologia nella Spiritualit\u00e0 e nella Formazione.<br \/>Presso l\u2019Istituto di Teologia della Vita Consacrata \u00e8 docente di Psicologia e Vita Consacrata.<\/p>\n<p style=\"text-align: justify;\"><\/div><div id=\"symple-tab-pubblicazioni\" class=\"tab-content symple-clearfix \">\n<p style=\"text-align: justify;\"><strong>Libri<\/strong><\/p>\n<ul>\n<li>Crea G. \u2013 G.F. Poli (2017), <em>Tutta la gioia che mi hai messo nel cuore<\/em>, Roma, Editrice Rogate.<\/li>\n<li>Crea G. (2016), <em>Dalla paura del martirio alla forza della testimonianza. Aspetti psicologici del trauma e della motivazione evangelica nei martiri del XXI secolo<\/em>, in Larranaga X. (Ed.) Sguardi sulla Vita Consacrata, Milano, \u00c0ncora, pp. 107-134.<\/li>\n<li>Crea G. (2015), <em>Tonache ferite. Forme di disagio nella vita religiosa e sacerdotale<\/em>, Dehoniane, Bologna.<\/li>\n<li>Crea G. (2015), <em>Il segreto della felicit\u00e0 nella vita consacrata. Appunti psicologici e metodologici<\/em>, Edizioni Messaggero, Padova.<\/li>\n<li>Crea G. et al. (2014), <em>Le malattie della fede. Patologia religiosa e strutture pastorali<\/em>, Dehoniane, Bologna.<\/li>\n<li>Crea G. (2014), <em>Il tarlo che non consuma. Persone consacrate e fede in tempo di crisi<\/em>, Rogate, Roma.<\/li>\n<li>Crea G. (2014), <em>Psicologia spiritualit\u00e0 e benessere vocazionale<\/em>, Edizioni Messaggero, Padova.\n<\/li>\n<\/ul>\n<p><strong>Articoli<\/strong><\/p>\n<ul>\n<li>Crea G. (2017), <em>L\u2019influenza del tempo come dimensione progettuale e di senso, nell\u2019apprendimento degli adolescenti. Una ricerca esplorativa<\/em>, in \u00abRicerca di Senso\u00bb, 15(3), pp. 199-224.<\/li>\n<li>Francis L.J. \u2013 Crea G. (2016), <em>Comparing the Psychological Type Profile of Churchgoers and Non-Churchgoers in Italy<\/em>, in \u201cSociocultural Issues in Psychology\u201d, 5, pp. 1-11.<\/li>\n<li>Francis L.J. \u2013 Crea G., (2916), <em>The Relationship Between Priestly Motivational Styles and Personal Wellbeing in Ministry: Exploring the Connection Between Religious Orientation and Purpose<\/em>, in \u201cReview of Religious Research\u201d, 58(2), pp. 219-228.<\/li>\n<li>Crea G. \u2013 Emad S.A.M. (2016), <em>Prospettiva temporale, motivazione e ricerca di senso nelle strategie di apprendimento degli adolescenti<\/em>, in \u00abOrientamenti Pedagogici\u00bb, 63(2), 345-381.<\/li>\n<li>Crea G. \u2013 Pacciolla A. (2016), <em>L\u2019autodirezionalit\u00e0 nel DSM-5 e nella Logoterapia<\/em>, in \u00abRicerca di Senso\u00bb, 14(2), pp. 119-136.<\/li>\n<li>Crea G.\u00a0 \u2013 Francis L. (2015), <em>Professional burnout among Catholic Religious Sisters in Italy: An empirical enquiry exploring the protective role of quality of community life<\/em>, in \u00abResearch in the Social Scientific Study of Religion\u00bb, 26, 266-290.<\/li>\n<li>Crea G. (2015), <em>Orientamento religioso, ricerca di senso e benessere esistenziale tra un gruppo di operatori della pastorale in Italia<\/em>, in \u00abUrbaniana University Journal\u00bb, 68(3), 191-209.<\/li>\n<li>Crea G. (2015), <em>Vita consacrata al microscopio. A 50 anni della Perfectae caritatis e a 20 anni della Vita consacrata<\/em>, in \u00abVita Consacrata\u00bb, anno 51(4), Ottobre\/Dicembre, 332-342.<\/li>\n<li>Crea G. (2015), <em>Lo slancio equilibrato della missione. Appunti psicologici alle porte del\u2019anno della vita consacrata<\/em>, in \u00abVita Consacrata\u00bb, anno 51(2), aprile\/giugno, 170-181.<\/li>\n<li>Crea G. (2015), <em>Felicit\u00e0 e benessere nella vita consacrata. Da una felicit\u00e0 desiderata ad una esistenza felicemente realizzata<\/em>, in \u00abVita Consacrata\u00bb, anno 51(2), aprile\/giugno, 217-227.<\/li>\n<li>Crea G. (2014), <em>Aspetti psico-educativi nel processo terapeutico inteso come maturazione psicologica<\/em>, in \u00abNeopsiche\u00bb, 16, 147-160.<\/li>\n<li>Crea G. (2014), <em>Predictive effect of injunctions on personality disorders in dysfunctional Catholic priests and religious sisters: a study using Millon&#8217;s model and Transactional Analysis<\/em>, in \u00abMental Health, Religion &amp; Culture\u00bb, 17, 741-757.<\/li>\n<\/ul>\n<p style=\"text-align: justify;\"><\/div><div id=\"symple-tab-insegnamento\" class=\"tab-content symple-clearfix \">\n<p style=\"text-align: justify;\"><strong>Anno Accademico 2025\/2026<\/strong><\/p>\n<table class=\"cw2m_corsiperdocente\" style=\"font-size: 13pt; width:100%; border:1px solid black; cell-padding:10px; cell-spacing: 5px;\"><tr style=\"background-color: #134b72; color: white;\"><td style=\"border: 1px solid black; padding: 5px;\">SIGLA<\/td><td style=\"border: 1px solid black; padding: 5px;\">DESCRIZIONE<\/td><td style=\"border: 1px solid black; padding: 5px;\">SEMESTRE<\/td><\/tr><tr><td style=\"border: 1px solid black; padding: 5px;\"><a target=\"_blank\" href=\"\/CAS05               \">CAS05               <\/a><\/td><td style=\"border: 1px solid black; padding: 5px;\"><a target=\"_blank\" href=\"\/CAS05               \">DIMENSIONE PSICOLOGICA DELL'ACCOMPAGNAMENTO SPIRITUALE<\/a><\/td><td style=\"border: 1px solid black; padding: 5px;\">Primo<\/td><\/tr><tr><td style=\"border: 1px solid black; padding: 5px;\"><a target=\"_blank\" href=\"\/CVC05               \">CVC05               <\/a><\/td><td style=\"border: 1px solid black; padding: 5px;\"><a target=\"_blank\" href=\"\/CVC05               \">FORMAZIONE INTEGRALE ALLA VITA CONSACRATA <\/a><\/td><td style=\"border: 1px solid black; padding: 5px;\">Primo<\/td><\/tr><tr><td style=\"border: 1px solid black; padding: 5px;\"><a target=\"_blank\" href=\"\/CVCL03              \">CVCL03              <\/a><\/td><td style=\"border: 1px solid black; padding: 5px;\"><a target=\"_blank\" href=\"\/CVCL03              \">ELABORAZIONE DI UN PROGETTO FORMATIVO <\/a><\/td><td style=\"border: 1px solid black; padding: 5px;\">Secondo<\/td><\/tr><tr><td style=\"border: 1px solid black; padding: 5px;\"><a target=\"_blank\" href=\"\/OCS11A              \">OCS11A              <\/a><\/td><td style=\"border: 1px solid black; padding: 5px;\"><a target=\"_blank\" href=\"\/OCS11A              \">VITA SPIRITUALE E AFFETTIVA<\/a><\/td><td style=\"border: 1px solid black; padding: 5px;\">Secondo<\/td><\/tr><\/table>\n<p style=\"text-align: justify;\"><\/div><\/div>\n","protected":false},"excerpt":{"rendered":"<p>Pontificia Facolt\u00e0 Teologica TeresianumPiazza San Pancrazio 5\/A00152 RomaItalia crea@teresianum.net \u00a0<\/p>\n","protected":false},"author":2,"featured_media":0,"parent":339,"menu_order":0,"comment_status":"closed","ping_status":"closed","template":"","meta":{"footnotes":""},"_links":{"self":[{"href":"https:\/\/www.teresianum.net\/en\/wp-json\/wp\/v2\/pages\/3368"}],"collection":[{"href":"https:\/\/www.teresianum.net\/en\/wp-json\/wp\/v2\/pages"}],"about":[{"href":"https:\/\/www.teresianum.net\/en\/wp-json\/wp\/v2\/types\/page"}],"author":[{"embeddable":true,"href":"https:\/\/www.teresianum.net\/en\/wp-json\/wp\/v2\/users\/2"}],"replies":[{"embeddable":true,"href":"https:\/\/www.teresianum.net\/en\/wp-json\/wp\/v2\/comments?post=3368"}],"version-history":[{"count":12,"href":"https:\/\/www.teresianum.net\/en\/wp-json\/wp\/v2\/pages\/3368\/revisions"}],"predecessor-version":[{"id":9828,"href":"https:\/\/www.teresianum.net\/en\/wp-json\/wp\/v2\/pages\/3368\/revisions\/9828"}],"up":[{"embeddable":true,"href":"https:\/\/www.teresianum.net\/en\/wp-json\/wp\/v2\/pages\/339"}],"wp:attachment":[{"href":"https:\/\/www.teresianum.net\/en\/wp-json\/wp\/v2\/media?parent=3368"}],"curies":[{"name":"wp","href":"https:\/\/api.w.org\/{rel}","templated":true}]}}