{"id":3355,"date":"2016-02-27T11:36:35","date_gmt":"2016-02-27T10:36:35","guid":{"rendered":"http:\/\/www.teresianum.net\/?page_id=3355"},"modified":"2021-10-21T10:56:23","modified_gmt":"2021-10-21T08:56:23","slug":"valery-bitar","status":"publish","type":"page","link":"https:\/\/www.teresianum.net\/en\/persone\/corpo-docente\/valery-bitar\/","title":{"rendered":"Val\u00e9ry Bitar OCD"},"content":{"rendered":"<p style=\"text-align: justify;\"><a href=\"https:\/\/www.teresianum.net\/bitar\/\" rel=\"attachment wp-att-7502\"><img loading=\"lazy\" decoding=\"async\" class=\"alignleft  wp-image-7502\" src=\"https:\/\/www.teresianum.net\/wp-content\/uploads\/2016\/11\/BITAR-242x300.jpg\" alt=\"BITAR\" width=\"194\" height=\"240\" \/><\/a>Pontificia Facolt\u00e0 Teologica <em>Teresianum<br \/><\/em>Piazza San Pancrazio 5\/A<br \/>00152 Roma<br \/>Italia<\/p>\n<p style=\"text-align: justify;\">bitar@teresianum.net<\/p>\n<p style=\"text-align: justify;\">\u00a0<\/p>\n<p style=\"text-align: justify;\">\u00a0<\/p>\n<p style=\"text-align: justify;\">\u00a0<\/p>\n<p style=\"text-align: justify;\">\u00a0<\/p>\n<p style=\"text-align: justify;\"><div id=\"symple-tab-1109\" class=\"symple-tabs\"><ul class=\"ui-tabs-nav symple-clearfix\"><li><a href=\"#symple-tab-persona\">Persona<\/a><\/li><li><a href=\"#symple-tab-pubblicazioni\">Pubblicazioni<\/a><\/li><li><a href=\"#symple-tab-insegnamento\">Insegnamento<\/a><\/li><\/ul><div id=\"symple-tab-persona\" class=\"tab-content symple-clearfix \">\n<p style=\"text-align: justify;\"><strong>Curriculum Vitae<\/strong><\/p>\n<ul>\n<li>1 ottobre 1974: nascita a Raachine, Libano.<\/li>\n<li>1 novembre 2003: professione solenne nell\u2019Ordine dei Carmelitani Scalzi.<\/li>\n<li>25 settembre 2004: Ordinazione sacerdotale.<\/li>\n<li>1991-1995: \u201c<em>Licence<\/em>\u201d in Scienze politiche all\u2019<em>Universit\u00e9 Libanaise<\/em> (Beirut-Libano).<\/li>\n<li>1998-2000: Studi filosofici all\u2019<em>Universit\u00e9 Saint-Esprit de Kaslik<\/em> (Libano).<\/li>\n<li>2000-2003: Baccalaureato in teologia alla Pontifica Facolt\u00e0 Teologica <em>Teresianum<\/em> (Roma).<\/li>\n<li>2005-2008: \u201c<em>Licence<\/em> en Liturgie\u201d all\u2019 <em>Universit\u00e9 Saint-Esprit de Kaslik<\/em> (Libano).<\/li>\n<li>2008-2011: Licenza in Sacra Liturgia al <em>Pontificio Ateneo S. Anselmo<\/em> (Roma).<\/li>\n<li>2015: Dottorato in Sacra Liturgia al <em>Pontificio Ateneo S. Anselmo<\/em> (Roma).<\/li>\n<li>Dal 2015: Professore invitato presso la Pontificia Facolt\u00e0 Teologica e Pontificio Istituto di Spiritualit\u00e0 <em>Teresianum<\/em> (Roma).<\/li>\n<li>A novembre 2018: nominato professore \u201caggiunto\u201d.<\/li>\n<\/ul>\n<p><strong>Campi di ricerca<\/strong><\/p>\n<ul>\n<li>Attenzione particolare alle liturgie d\u2019Oriente, specialmente le liturgie delle Chiese siriache.<\/li>\n<li>Spiritualit\u00e0 liturgica.<\/li>\n<li>Il rapporto tra Padri e Liturgia.<\/li>\n<\/ul>\n<p style=\"text-align: justify;\"><\/div><div id=\"symple-tab-pubblicazioni\" class=\"tab-content symple-clearfix \">\n<p style=\"text-align: justify;\">\u00a0<\/p>\n<p style=\"text-align: justify;\"><strong>Bibliografia selettiva<\/p>\n<p><\/strong><\/p>\n<p style=\"text-align: justify;\"><strong>Libri<br \/><\/strong><\/p>\n<p>BITAR, V., <em>Les chants pour la R\u00e9surrection dans le Beth-Gaz\u014d maronite. A la lumi\u00e8re des p\u00e8res syriaques\u00a0: Aphraate, \u00c9phrem et Jacques de Saroug<\/em> (Biblioth\u00e8que de l\u2019universit\u00e9 Saint-Esprit de Kaslik &#8211; LX), PUSEK, Kaslik 2017.<\/p>\n<p style=\"text-align: justify;\"><strong>Articoli in riviste e opere collettive<br \/><\/strong><\/p>\n<p>BITAR, V., \u00ab\u201cAbbracciare il mondo\u201d (<em>Laudato Si\u2019<\/em> 235). La liturgia via dell\u2019integrazione dell\u2019<em>humanum<\/em> in un mondo trasfigurato\u00bb, in \u00ab<em>\u201cTutte le creature sono connesse tra loro\u201d (<\/em>Laudato Si\u2019<em> 42). Il principio di integralit\u00e0 nella visione dell\u2019<\/em>humanum\u00bb (Fiamma Viva, 57), Pontificio Istituto di Spiritualit\u00e0 del Teresianum \u2013 Edizioni OCD, Roma 2017, 147-160.<\/p>\n<p>_____, \u00ab\u201cTutti attraversarono il mare \u2026\u201d(1Cor 10,1). L\u2019Esodo nel pensiero dei Padri\u00bb, in \u00ab<em>L\u2019Esodo oggi. Riflessioni e proposte per una Chiesa in uscita<\/em><em>\u00bb<\/em> (Fiamma Viva, 58), Pontificio Istituto di Spiritualit\u00e0 del Teresianum \u2013 Edizioni OCD, Roma 2018, 85-98.<\/p>\n<p style=\"text-align: justify;\">_____, \u00ab\u201cIl mio caro san Paolo\u2026\u201d (L 340). Elisabetta della Trinit\u00e0 e Paolo: amicizia tra due santi\u00bb, <em>Rivista di Vita Spirituale<\/em> 72 (2018) 391-410.\u00a0<strong> <br \/><\/strong><\/p>\n<p style=\"text-align: justify;\"><strong>Recensioni<\/strong><\/p>\n<p style=\"text-align: justify;\">CHAKHTOURA, E., <em>Il digiuno nella tradizione della Chiesa siriaca antica<\/em>: <em>I <\/em>M\u012bmr\u0113 \u02bbal \u1e62awm\u014d<em> nel <\/em>Corpus<em> di Isacco d\u2019Antiochia<\/em>, Facult\u00e9 des Sciences Religieuses et Orientales -2-, PUSEK, Kaslik 2016, in <em>Teresianum<\/em> LXVII\/2 (2016) 536-538.<\/p>\n<p style=\"text-align: justify;\"><\/div><div id=\"symple-tab-insegnamento\" class=\"tab-content symple-clearfix \">\n<p style=\"text-align: justify;\"><strong>Anno Accademico 2025\/2026<\/strong><\/p>\n<p style=\"text-align: justify;\"><table class=\"cw2m_corsiperdocente\" style=\"font-size: 13pt; width:100%; border:1px solid black; cell-padding:10px; cell-spacing: 5px;\"><tr style=\"background-color: #134b72; color: white;\"><td style=\"border: 1px solid black; padding: 5px;\">SIGLA<\/td><td style=\"border: 1px solid black; padding: 5px;\">DESCRIZIONE<\/td><td style=\"border: 1px solid black; padding: 5px;\">SEMESTRE<\/td><\/tr><tr><td style=\"border: 1px solid black; padding: 5px;\"><a target=\"_blank\" href=\"\/CAS02               \">CAS02               <\/a><\/td><td style=\"border: 1px solid black; padding: 5px;\"><a target=\"_blank\" href=\"\/CAS02               \">NATURA E STORIA DELL'ACCOMPAGNAMENTO SPIRITUALE NELLA CHIESA<\/a><\/td><td style=\"border: 1px solid black; padding: 5px;\">Primo<\/td><\/tr><tr><td style=\"border: 1px solid black; padding: 5px;\"><a target=\"_blank\" href=\"\/SP1071              \">SP1071              <\/a><\/td><td style=\"border: 1px solid black; padding: 5px;\"><a target=\"_blank\" href=\"\/SP1071              \">SPIRITUALITA' LITURGICA<\/a><\/td><td style=\"border: 1px solid black; padding: 5px;\">Primo<\/td><\/tr><tr><td style=\"border: 1px solid black; padding: 5px;\"><a target=\"_blank\" href=\"\/TP1230              \">TP1230              <\/a><\/td><td style=\"border: 1px solid black; padding: 5px;\"><a target=\"_blank\" href=\"\/TP1230              \">INTRODUZIONE ALLA TEOLOGIA DEI SACRAMENTI<\/a><\/td><td style=\"border: 1px solid black; padding: 5px;\">Primo<\/td><\/tr><tr><td style=\"border: 1px solid black; padding: 5px;\"><a target=\"_blank\" href=\"\/OCS05               \">OCS05               <\/a><\/td><td style=\"border: 1px solid black; padding: 5px;\"><a target=\"_blank\" href=\"\/OCS05               \">LITURGIA<\/a><\/td><td style=\"border: 1px solid black; padding: 5px;\">Secondo<\/td><\/tr><tr><td style=\"border: 1px solid black; padding: 5px;\"><a target=\"_blank\" href=\"\/OCS18               \">OCS18               <\/a><\/td><td style=\"border: 1px solid black; padding: 5px;\"><a target=\"_blank\" href=\"\/OCS18               \">SANT'ELISABETTA DELLA TRINITA'<\/a><\/td><td style=\"border: 1px solid black; padding: 5px;\">Secondo<\/td><\/tr><tr><td style=\"border: 1px solid black; padding: 5px;\"><a target=\"_blank\" href=\"\/TP1430              \">TP1430              <\/a><\/td><td style=\"border: 1px solid black; padding: 5px;\"><a target=\"_blank\" href=\"\/TP1430              \">PATROLOGIA<\/a><\/td><td style=\"border: 1px solid black; padding: 5px;\">Secondo<\/td><\/tr><tr><td style=\"border: 1px solid black; padding: 5px;\"><a target=\"_blank\" href=\"\/JD01                \">JD01                <\/a><\/td><td style=\"border: 1px solid black; padding: 5px;\"><a target=\"_blank\" href=\"\/JD01                \">SPIRITUALIT\u00c0 DELLE FAMIGLIE RELIGIOSE - JOINT DIPLOMA<\/a><\/td><td style=\"border: 1px solid black; padding: 5px;\">Secondo<\/td><\/tr><\/table>\n<p style=\"text-align: justify;\"><\/div><\/div>","protected":false},"excerpt":{"rendered":"<p>Pontificia Facolt\u00e0 Teologica TeresianumPiazza San Pancrazio 5\/A00152 RomaItalia bitar@teresianum.net \u00a0 \u00a0 \u00a0 \u00a0<\/p>\n","protected":false},"author":2,"featured_media":0,"parent":339,"menu_order":0,"comment_status":"closed","ping_status":"closed","template":"","meta":{"footnotes":""},"_links":{"self":[{"href":"https:\/\/www.teresianum.net\/en\/wp-json\/wp\/v2\/pages\/3355"}],"collection":[{"href":"https:\/\/www.teresianum.net\/en\/wp-json\/wp\/v2\/pages"}],"about":[{"href":"https:\/\/www.teresianum.net\/en\/wp-json\/wp\/v2\/types\/page"}],"author":[{"embeddable":true,"href":"https:\/\/www.teresianum.net\/en\/wp-json\/wp\/v2\/users\/2"}],"replies":[{"embeddable":true,"href":"https:\/\/www.teresianum.net\/en\/wp-json\/wp\/v2\/comments?post=3355"}],"version-history":[{"count":15,"href":"https:\/\/www.teresianum.net\/en\/wp-json\/wp\/v2\/pages\/3355\/revisions"}],"predecessor-version":[{"id":22076,"href":"https:\/\/www.teresianum.net\/en\/wp-json\/wp\/v2\/pages\/3355\/revisions\/22076"}],"up":[{"embeddable":true,"href":"https:\/\/www.teresianum.net\/en\/wp-json\/wp\/v2\/pages\/339"}],"wp:attachment":[{"href":"https:\/\/www.teresianum.net\/en\/wp-json\/wp\/v2\/media?parent=3355"}],"curies":[{"name":"wp","href":"https:\/\/api.w.org\/{rel}","templated":true}]}}