{"id":3331,"date":"2016-02-27T11:06:05","date_gmt":"2016-02-27T10:06:05","guid":{"rendered":"http:\/\/www.teresianum.net\/?page_id=3331"},"modified":"2021-10-19T21:03:10","modified_gmt":"2021-10-19T19:03:10","slug":"innocent-ndimubanzi-hakizimana","status":"publish","type":"page","link":"https:\/\/www.teresianum.net\/en\/persone\/corpo-docente\/innocent-ndimubanzi-hakizimana\/","title":{"rendered":"Innocent Ndimubanzi Hakizimana OCD"},"content":{"rendered":"<p>&nbsp;<\/p>\n<p>Pontificia Facolt\u00e0 Teologica <em>Teresianum<br \/><\/em>Piazza San Pancrazio 5\/A<br \/>00152 Roma<br \/>Italia<\/p>\n<p style=\"text-align: justify;\">hakizimana@teresianum.net<\/p>\n<p style=\"text-align: justify;\">\u00a0<\/p>\n<p style=\"text-align: justify;\"><div id=\"symple-tab-9957\" class=\"symple-tabs\"><ul class=\"ui-tabs-nav symple-clearfix\"><li><a href=\"#symple-tab-persona\">Persona<\/a><\/li><li><a href=\"#symple-tab-pubblicazioni\">Pubblicazioni<\/a><\/li><li><a href=\"#symple-tab-insegnamento\">Insegnamento<\/a><\/li><\/ul><div id=\"symple-tab-persona\" class=\"tab-content symple-clearfix \">\n<p style=\"text-align: justify;\"><strong>Curriculum Vitae<\/strong><\/p>\n<ul>\n<li>21 marzo 1968: nascita a MAKOMBO (REP. DEM. CONGO)<\/li>\n<li>1991-1994: Studi di Filosofia (Scolasticat St. Jean de la Croix, Rep. Dem. Congo)<\/li>\n<li>1994-1997: Studi di Teologia (Pontificia Facolt\u00e0 Teologica Teresianum, Roma)<\/li>\n<li>1997-1999: Specializzazione in Teologia Dogmatica (Pontificia Universit\u00e0 Gregoriana, Roma)<\/li>\n<li>1999-2002: Dissertazione di dottorato (Pontificia Universit\u00e0 Gregoriana, Roma)<\/li>\n<li>2003: Titolo di Dottore in Teologia con specializzazione in Dogmatica (Pontificia Universit\u00e0 Gregoriana, Roma)<\/li>\n<li>2011-2012: Anno di formazione in Scienza e Teologia delle religioni (Institut Catholique de Paris, Institut de Science et de Th\u00e9ologie des Religions)<\/li>\n<\/ul>\n<p><strong>Campi di ricerca<\/strong><\/p>\n<ul>\n<li>Ecclesiologia<\/li>\n<li>Teologia dei sacramenti<\/li>\n<\/ul>\n<p><strong>Incarichi accademici<\/strong><\/p>\n<ul>\n<li>2007-2013: Membro della Commissione Biblioteca (TERESIANUM)<\/li>\n<li>2013-2014: Membro della Commissione esecutiva (TERESIANUM)<\/li>\n<li>2014-2015: Membro della Commissione amministrativa (TERESIANUM)<\/li>\n<\/ul>\n<p><strong>Incarichi di insegnamento<\/strong><\/p>\n<ul>\n<li>2000-2016: Professore straordinario di Teologia Dogmatica e Antropologia cristiana (TERESIANUM &#8211; Pontificia Facolt\u00e0 Teologica, Istituto di Spiritualit\u00e0, Roma)<\/li>\n<li>2012-2016: Professore invitato alla Pontificia Universit\u00e0 Urbaniana (Castel Gandolfo)<\/li>\n<li>2013-2014: Professore invitato al Seminario diocesano di Goma (Buhimba), Rep. Dem. Congo<\/li>\n<\/ul>\n<p><strong>Corsi<\/strong><\/p>\n<p><strong>Teologia<\/strong><\/p>\n<ul>\n<li>2000-2016: Introduzione alla Teologia dei sacramenti<\/li>\n<li>2001-2010: Metodologia del lavoro scientifico<\/li>\n<li>2003-2015: Teologia del battesimo e cresima<\/li>\n<li>2004-2016: Introduzione alla Teologia<\/li>\n<li>2004-2010: Ordine sacro<\/li>\n<li>2004-2006: Il mistero della Chiesa<\/li>\n<li>2010-2015: Teologia del matrimonio e Ordine sacro<\/li>\n<li>2013-2014: Seminario di sintesi della Teologia dogmatica<\/li>\n<li>2012-2016: Introduzione alla Teologia fondamentale (Pontificia Universit\u00e0 Urbaniana (Castel Gandolfo)<\/li>\n<li>2012-2015: Teologia fondamentale. Parte sistematica (Pontificia Universit\u00e0 Urbaniana (Castel Gandolfo)<\/li>\n<li>2013-2014: Il mistero della Chiesa (Seminaire diocesain de Buhimba, Goma, Rep. Dem. Congo)<\/li>\n<\/ul>\n<p><strong>Antropologia cristiana<\/strong><\/p>\n<ul>\n<li>2008-2015: Visione antropologica di Chiesa e sacramenti<\/li>\n<li>2008-2015: Metodologia del lavoro scientifico<\/li>\n<\/ul>\n<p><strong>Teologia spirituale<\/strong><\/p>\n<ul>\n<li>2014-2015: Ges\u00f9 Cristo pienezza dei valori spirituali in Africa<\/li>\n<li>2006-2007: Seminario: La pri\u00e8re d\u2019apr\u00e8s les <em>Enarrationes in Psalmos<\/em> de saint Augustin<\/li>\n<li>2004-2015: Metodologia del lavoro scientifico<\/li>\n<\/ul>\n<p style=\"text-align: justify;\"><\/div><div id=\"symple-tab-pubblicazioni\" class=\"tab-content symple-clearfix \">\n<p style=\"text-align: justify;\"><strong>Bibliografia selettiva<\/p>\n<p><\/strong><\/p>\n<ul>\n<li>\u201cLa devozione alla Madonna del Carmine in Africa\u201d, in <em>In Communion with Mary: Our heritage and prospects for the future,<\/em> Sassone 2001, 271-281.<\/li>\n<li>\u201cL\u2019efficacit\u00e9 des sacrements chez L. M. Chauvet\u00a0\u00bb, in <em>Teresianum<\/em> 55, (2004), 395-421.<\/li>\n<li>\u201cRecherches augustiniennes des derni\u00e8res 35 ann\u00e9es sur la controverse anti-donatiste. Synth\u00e8se critique\u201d, in <em>Teresianum<\/em> 57 (2006) 355-389.<\/li>\n<li>\u201cLa m\u00e9diation de l\u2019Eglise dans les trois premiers si\u00e8cles\u201d, in <em>Teresianum<\/em> 59 (2008) 37-64.<\/li>\n<li>\u201cDizionario Carmelitano\u201d, in <em>Teresianum<\/em> 59 (2008) 315-325.<\/li>\n<li>\u201cL\u2019unicit\u00e9 de la m\u00e9diation du Christ dans l\u2019Eglise naissante\u201d, in <em>Teresianum<\/em> 60 (2009) 193-216.<\/li>\n<li>\u201c<em>Iesus humilis<\/em>, voie vers la connaissance de Dieu dans la th\u00e9ologie de l\u2019incarnation de saint Augustin\u201d, <em>Teresianum<\/em> 62 (2011) 41-66.<\/li>\n<li>\u201cInterpretare l\u2019esperienza spirituale africana alla luce del mistero di Cristo\u201d, in <em>Percorsi di Spiritualit\u00e0. La missione nel mondo di oggi<\/em>, Urbaniana University Press, Citt\u00e0 del Vaticano 2014, p.\u00a037-50.<\/li>\n<\/ul>\n<p style=\"text-align: justify;\"><strong>Recensioni<\/strong><\/p>\n<ul>\n<li>NKAFU NKEMNKIA M., <em>African Vitalogy. A step forwards in African Thinking<\/em>, Nairobi 1999, in: <em>Teresianum<\/em> 51 (2000) 331-333.<\/li>\n<li>LEROY G., <em>Le salut au-del\u00e0 des fronti\u00e8res. R\u00e9flexions d\u2019un chr\u00e9tien sur le dialogue interreligieux<\/em>, Paris 2002, in: <em>Teresianum<\/em> 54 (2003) 317-319.<\/li>\n<li>SCOGNAMIGLIO E., <em>Cattolica. Cum ecclesia et cum mundo<\/em>, Padova 2004, in: <em>Teresianum<\/em> 56 (2005) 577-579.<\/li>\n<li>IGIRUKWAYO A. M. Z., <em>L\u2019Eucaristia. Fondamento cristologico della vita morale<\/em>, LEV, Vaticano 2006, in: <em>Teresianum<\/em> 58 (2007) 181-184.<\/li>\n<li>TRISOLIO F., <em>Il credo della Chiesa. La teologia dei Padri nella catechesi sul simbolo niceno costantinopolitano<\/em>, Ed. Portalupi, Casale Monferrato 2004, in: <em>Teresianum<\/em> 58 (2007) 184-185.<\/li>\n<li>KASPER W., <em>Sacramento dell\u2019unit\u00e0. Eucaristia e Chiesa<\/em>, Queriniana, Brescia 2004, in: <em>Teresianum<\/em> 58 (2007) 360-362.<\/li>\n<\/ul>\n<p style=\"text-align: justify;\"><\/div><div id=\"symple-tab-insegnamento\" class=\"tab-content symple-clearfix \">\n<p style=\"text-align: justify;\"><strong>Anno Accademico 2025\/2026<\/strong><\/p>\n<p style=\"text-align: justify;\"><table class=\"cw2m_corsiperdocente\" style=\"font-size: 13pt; width:100%; border:1px solid black; cell-padding:10px; cell-spacing: 5px;\"><tr style=\"background-color: #134b72; color: white;\"><td style=\"border: 1px solid black; padding: 5px;\">SIGLA<\/td><td style=\"border: 1px solid black; padding: 5px;\">DESCRIZIONE<\/td><td style=\"border: 1px solid black; padding: 5px;\">SEMESTRE<\/td><\/tr><tr><td style=\"border: 1px solid black; padding: 5px;\"><a target=\"_blank\" href=\"\/TP1120              \">TP1120              <\/a><\/td><td style=\"border: 1px solid black; padding: 5px;\"><a target=\"_blank\" href=\"\/TP1120              \">INTRODUZIONE ALLA TEOLOGIA<\/a><\/td><td style=\"border: 1px solid black; padding: 5px;\">Primo<\/td><\/tr><tr><td style=\"border: 1px solid black; padding: 5px;\"><a target=\"_blank\" href=\"\/AP1270              \">AP1270              <\/a><\/td><td style=\"border: 1px solid black; padding: 5px;\"><a target=\"_blank\" href=\"\/AP1270              \">VISIONE ANTROPOLOGICA DI CHIESA E SACRAMENTI<\/a><\/td><td style=\"border: 1px solid black; padding: 5px;\">Secondo<\/td><\/tr><tr><td style=\"border: 1px solid black; padding: 5px;\"><a target=\"_blank\" href=\"\/TP1271              \">TP1271              <\/a><\/td><td style=\"border: 1px solid black; padding: 5px;\"><a target=\"_blank\" href=\"\/TP1271              \">TEOLOGIA DEL MATRIMONIO, DELL'ORDINE SACRO E DEI SACRAMENTI DI GUARIGIONE<\/a><\/td><td style=\"border: 1px solid black; padding: 5px;\">Secondo<\/td><\/tr><\/table>\n<p style=\"text-align: justify;\"><\/div><\/div>","protected":false},"excerpt":{"rendered":"<p>&nbsp; Pontificia Facolt\u00e0 Teologica TeresianumPiazza San Pancrazio 5\/A00152 RomaItalia hakizimana@teresianum.net \u00a0<\/p>\n","protected":false},"author":2,"featured_media":0,"parent":339,"menu_order":0,"comment_status":"closed","ping_status":"closed","template":"","meta":{"footnotes":""},"_links":{"self":[{"href":"https:\/\/www.teresianum.net\/en\/wp-json\/wp\/v2\/pages\/3331"}],"collection":[{"href":"https:\/\/www.teresianum.net\/en\/wp-json\/wp\/v2\/pages"}],"about":[{"href":"https:\/\/www.teresianum.net\/en\/wp-json\/wp\/v2\/types\/page"}],"author":[{"embeddable":true,"href":"https:\/\/www.teresianum.net\/en\/wp-json\/wp\/v2\/users\/2"}],"replies":[{"embeddable":true,"href":"https:\/\/www.teresianum.net\/en\/wp-json\/wp\/v2\/comments?post=3331"}],"version-history":[{"count":14,"href":"https:\/\/www.teresianum.net\/en\/wp-json\/wp\/v2\/pages\/3331\/revisions"}],"predecessor-version":[{"id":21944,"href":"https:\/\/www.teresianum.net\/en\/wp-json\/wp\/v2\/pages\/3331\/revisions\/21944"}],"up":[{"embeddable":true,"href":"https:\/\/www.teresianum.net\/en\/wp-json\/wp\/v2\/pages\/339"}],"wp:attachment":[{"href":"https:\/\/www.teresianum.net\/en\/wp-json\/wp\/v2\/media?parent=3331"}],"curies":[{"name":"wp","href":"https:\/\/api.w.org\/{rel}","templated":true}]}}