{"id":3318,"date":"2016-02-27T10:40:43","date_gmt":"2016-02-27T09:40:43","guid":{"rendered":"http:\/\/www.teresianum.net\/?page_id=3318"},"modified":"2019-02-11T20:41:07","modified_gmt":"2019-02-11T19:41:07","slug":"denis-chardonnens","status":"publish","type":"page","link":"https:\/\/www.teresianum.net\/en\/persone\/corpo-docente\/denis-chardonnens\/","title":{"rendered":"Denis Chardonnens OCD"},"content":{"rendered":"<p style=\"text-align: justify;\"><a href=\"https:\/\/www.teresianum.net\/wp-content\/uploads\/2016\/02\/Denis_Chardonnens.jpg\" rel=\"attachment wp-att-3457\"><img loading=\"lazy\" decoding=\"async\" class=\"alignleft wp-image-3480\" src=\"https:\/\/www.teresianum.net\/wp-content\/uploads\/2016\/02\/Denis_Chardonnens-225x300.jpg\" alt=\"\" width=\"150\" height=\"200\" srcset=\"https:\/\/www.teresianum.net\/wp-content\/uploads\/2016\/02\/Denis_Chardonnens-225x300.jpg 225w, https:\/\/www.teresianum.net\/wp-content\/uploads\/2016\/02\/Denis_Chardonnens-768x1024.jpg 768w, https:\/\/www.teresianum.net\/wp-content\/uploads\/2016\/02\/Denis_Chardonnens-600x800.jpg 600w, https:\/\/www.teresianum.net\/wp-content\/uploads\/2016\/02\/Denis_Chardonnens.jpg 821w\" sizes=\"(max-width: 150px) 100vw, 150px\" \/><\/a><\/p>\n<p style=\"text-align: justify;\">Pontificia Facolt\u00e0 Teologica <em>Teresianum<br \/> <\/em>Piazza San Pancrazio 5\/A<br \/> 00152 Roma<br \/> Italia<\/p>\n<p style=\"text-align: justify;\">chardonnens@teresianum.net<\/p>\n<p style=\"text-align: justify;\">\u00a0<\/p>\n<p style=\"text-align: justify;\">\u00a0<\/p>\n<p style=\"text-align: justify;\"><div id=\"symple-tab-5592\" class=\"symple-tabs\"><ul class=\"ui-tabs-nav symple-clearfix\"><li><a href=\"#symple-tab-persona\">Persona<\/a><\/li><li><a href=\"#symple-tab-pubblicazioni\">Pubblicazioni<\/a><\/li><li><a href=\"#symple-tab-insegnamento\">Insegnamento<\/a><\/li><\/ul> <div id=\"symple-tab-persona\" class=\"tab-content symple-clearfix \">\n<p style=\"text-align: justify;\"><strong>Curriculum Vitae<\/strong><\/p>\n<ul>\n<li style=\"text-align: justify;\">12 febbraio 1964: nascita a Estavayer-le-Lac, nel Cantone di Friburgo (Svizzera).<\/li>\n<li style=\"text-align: justify;\">30 settembre 1990: Professione solenne nell\u2019Ordine dei Carmelitani Scalzi.<\/li>\n<li style=\"text-align: justify;\">25 maggio 1991: Ordinazione sacerdotale.<\/li>\n<li style=\"text-align: justify;\">1997: Conseguimento del Dottorato in Teologia, all\u2019Universit\u00e0 di Friburgo (Svizzera). Pubblicazione della Dissertazione dottorale: <em>L\u2019homme sous le regard de la Providence, Providence de Dieu et condition humaine selon<\/em> <em>l\u2019\u201dExposition litt\u00e9rale sur le livre de Job\u201d<\/em> <em>de Thomas d\u2019Aquin<\/em>, \u00abBiblioth\u00e8que thomiste 50\u00bb, J. Vrin, Paris, 1997.<\/li>\n<li style=\"text-align: justify;\">Dal 2008, professore di Teologia Dogmatica e di Teologia Spirituale Fondamentale, presso la Pontificia Facolt\u00e0 Teologica e il Pontificio Istituto di Spiritualit\u00e0 del <em>Teresianum<\/em> (Roma).<\/li>\n<li style=\"text-align: justify;\">2014: Preside della Pontificia Facolt\u00e0 Teologica e del Pontificio Istituto di Spiritualit\u00e0 del Teresianum (Roma).<\/li>\n<\/ul>\n<p><strong>Campi di ricerca<\/strong><\/p>\n<ul>\n<li>Teologia trinitaria.<\/li>\n<li>Teologia della Provvidenza.<\/li>\n<li>Teologia dogmatica e il suo legame con la teologia spirituale.<\/li>\n<\/ul>\n<p style=\"text-align: justify;\"><\/div> <div id=\"symple-tab-pubblicazioni\" class=\"tab-content symple-clearfix \">\n<p style=\"text-align: justify;\"><strong>Bibliografia selettiva<\/strong><\/p>\n<p><strong>a ) Libri<\/strong><\/p>\n<p style=\"text-align: justify;\"><em>\u00a0 \u00a0 \u00a0 Libri<\/em><\/p>\n<ul style=\"text-align: justify;\">\n<li>Dieu en l\u2019homme, Inhabitation de Dieu Trinit\u00e9 et assimilation de l\u2019homme \u00e0 la v\u00e9rit\u00e9, \u201cRecherches carm\u00e9litaines, 10\u201d, \u00c9ditions du Carmel, Toulouse (Francia), 2014, 410 p.<\/li>\n<li>L\u2019homme sous le regard de la Providence, Providence de Dieu et condition humaine selon l\u2019\u2019Exposition litt\u00e9rale sur le Livre de Job\u2019 de Thomas d\u2019Aquin, \u201cBiblioth\u00e8que thomiste, 50\u201d, J. Vrin, Paris, 1997, 319 p.<\/li>\n<\/ul>\n<p style=\"text-align: justify;\"><em>\u00a0 \u00a0 \u00a0 Libro curato (in collaborazione)<\/em><\/p>\n<ul style=\"text-align: justify;\">\n<li>Chardonnens, Ph. Hugo (ed.), <em>L\u2019apport th\u00e9ologique de sainte Th\u00e9r\u00e8se de l\u2019Enfant-J\u00e9sus, Docteur de l\u2019\u00c9glise<\/em>, Pr\u00e9face de G. Cottier, \u201cRecherches carm\u00e9litaines, 1\u201d, \u00c9ditions du Carmel, Toulouse (Francia), 2000, 317 p. [Atti del Convegno su santa Teresa di Ges\u00f9 Bambino, Dottore della Chiesa, Universit\u00e0 di Friburgo (Svizzera), 26 &#8211; 28 novembre 1998].<\/li>\n<\/ul>\n<p style=\"text-align: justify;\"><em>\u00a0 \u00a0 \u00a0 Traduzione<\/em><\/p>\n<ul style=\"text-align: justify;\">\n<li style=\"text-align: justify;\">Thomas d\u2019Aquin, <em>Questions disput\u00e9es sur la v\u00e9rit\u00e9<\/em>, Question V: <em>La Providence (De providentia<\/em>), Question VI: <em>La Pr\u00e9destination (De praedestinatione<\/em>), Texte latin de l\u2019\u00c9dition L\u00e9onine, Introduction et commentaire par J.-P. Torrell, OP, Traductions par J.-P. Torrell, OP et D. Chardonnens, OCD, \u201cBiblioth\u00e8que des textes philosophiques\u201d, J. Vrin, Paris, 2011, 406 p. <\/li>\n<\/ul>\n<p style=\"text-align: justify;\"><strong>b) Articoli<\/strong><\/p>\n<ul>\n<li style=\"text-align: justify;\">\u201cDio nell\u2019uomo. L\u2019apporto della spiritualit\u00e0 del Carmelo all\u2019antropologia teologica contemporanea\u201d, in L. Borriello (ed.), Antropologia soprannaturale, \u201cStudi carmelitani, 4\u201d, Libreria Editrice Vaticana, Citt\u00e0 del Vaticano, 2003, 213-238.<\/li>\n<li style=\"text-align: justify;\">\u201cDio Trinit\u00e0, Verit\u00e0 e Bellezza. Approfondimento teologico alla luce della mistica\u201d, in S. Giordano (ed.), \u2018Attirami dietro a te\u2019 (Ct 1,4), La bellezza luce della verit\u00e0, \u201cFiamma viva, 52\u201d, Edizioni OCD, Roma, 2012, 229-267.<\/li>\n<li style=\"text-align: justify;\">\u201cEdith Stein et le myst\u00e8re de l\u2019\u00c9glise\u201d, Teresianum 51 (2000) 57-83.<\/li>\n<li style=\"text-align: justify;\">\u201c\u00c9ternit\u00e9 du sacerdoce du Christ et effet eschatologique de l\u2019eucharistie. Contribution de saint Thomas d\u2019Aquin \u00e0 un th\u00e8me de th\u00e9ologie sacramentaire\u201d, Revue thomiste 99 (1999) 159-180.<\/li>\n<li style=\"text-align: justify;\">\u201cIl contributo di santa Teresa di Ges\u00f9 alla missione teologica del \u2018Teresianum\u2019\u201d, in S. Giordano (ed.), Teresa di Ges\u00f9 e il Teresianum, Percorsi, persistenze, sintonie, \u201cFiamma viva, 56\u201d, Edizioni OCD, Roma, 2015, 227-253.<\/li>\n<li style=\"text-align: justify;\">\u201cLa croissance eschatologique de l\u2019\u00c9glise et la contradiction du mal\u201d, in M.-B. Borde (ed.), Le myst\u00e8re du mal, P\u00e9ch\u00e9, souffrance, et r\u00e9demption, \u201cRecherches carm\u00e9litaines, 2\u201d, \u00c9ditions du Carmel, Toulouse (Francia), 2001, 357-381.<\/li>\n<li style=\"text-align: justify;\">\u201cLa dimensione teologale della testimonianza cristiana\u201d, in S. J. B\u00e1ez (ed.), Testimoni di Dio, \u201cDi questo voi siete testimoni\u201d (Lc 24,48), \u201cFiamma viva, 50\u201d, Edizioni OCD, Roma, 2010, 131-146.<\/li>\n<li style=\"text-align: justify;\">\u201cLa glorification mutuelle des personnes divines. Approche th\u00e9ologique du myst\u00e8re de la r\u00e9ciprocit\u00e9 trinitaire\u201d, Teresianum 59 (2008) 219-240.\u00a0\u00a0\u00a0\u00a0\u00a0\u00a0\u00a0<\/li>\n<li style=\"text-align: justify;\">\u201cLa lezione di santa Teresa sull\u2019humanum\u201d, Teresianum 66 (2015) 79-113 [Atti del Congresso teresiano internazionale, Teresa e l\u2019\u2019humanum\u2019, Roma, \u201cTeresianum\u201d, 4 &#8211; 6 novembre 2015]. \u201cLa p\u00e9richor\u00e8se des personnes divines et ses implications dans l\u2019\u00e9conomie du salut. Aper\u00e7u d\u2019une th\u00e9ologie de la pr\u00e9sence de Dieu\u201d, Teresianum 58 (2007) 121-151.<\/li>\n<li style=\"text-align: justify;\">\u201cLa personne du Saint-Esprit dans le commentaire de Ma\u00eetre Eckhart sur l\u2019\u00c9vangile de saint Jean\u201d, Teresianum 56 (2005) 55-81.<\/li>\n<li style=\"text-align: justify;\">\u201cLa procession du Saint-Esprit, Amour et Don, et son implication dans l\u2019\u00e9conomie trinitaire de la gr\u00e2ce\u201d, Teresianum 67 (2016) 9-43.\u00a0<\/li>\n<li style=\"text-align: justify;\">\u201cLa semplicit\u00e0 di Dio Trinit\u00e0\u201d, Teresianum 68 (2017) 7-47.<\/li>\n<li style=\"text-align: justify;\">\u201cLa v\u00e9rit\u00e9 de la foi et sa force transformatrice dans la croissance eschatologique de l\u2019\u00c9glise\u201d, Teresianum 63 (2012) 295-330.<\/li>\n<li style=\"text-align: justify;\">\u201cLe \u2018Christ, puissance de Dieu et sagesse de Dieu\u2019 (1 Co 1,24). Le fondement christologique\u00a0 d\u2019une th\u00e9ologie sapientielle\u201d, Teresianum 64 (2013) 279-314.<\/li>\n<li style=\"text-align: justify;\">\u201cL\u2019\u00c9glise, communion des saints. L\u2019apport de Th\u00e9r\u00e8se de Lisieux \u00e0 l\u2019eccl\u00e9siologie\u201d, in D. Chardonnens, Ph. Hugo (ed.), L\u2019apport th\u00e9ologique de sainte Th\u00e9r\u00e8se de l\u2019Enfant-J\u00e9sus, Docteur de l\u2019\u00c9glise, Pr\u00e9face de G. Cottier, \u201cRecherches carm\u00e9litaines, 1\u201d, \u00c9ditions du Carmel, Toulouse (Francia), 2000, 203-243.<\/li>\n<li style=\"text-align: justify;\">\u201cL\u2019esp\u00e9rance de la r\u00e9surrection selon Thomas d\u2019Aquin, commentateur du livre de Job. \u2018Dans ma chair, je verrai Dieu\u2019 (Jb 19,26)\u201d, in C.-J. Pinto de Oliveira, OP (ed.), Ordo sapientiae et amoris, Hommage au Professeur Jean-Pierre Torrell, OP \u00e0 l\u2019occasion de son 65\u00e8me anniversaire, \u201cStudia friburgensia n. s., 78\u201d, \u00c9ditions universitaires, Fribourg (Svizzera), 1993, 65-83.<\/li>\n<li style=\"text-align: justify;\">\u201cLe statut de l\u2019image de Dieu dans la th\u00e9ologie de Ma\u00eetre Eckhart\u201d, Revue thomiste 98 (1998) 411-432.\u00a0\u00a0\u00a0\u00a0\u00a0\u00a0\u00a0\u00a0\u00a0\u00a0<\/li>\n<li style=\"text-align: justify;\">\u201cLe Verbe, Lumi\u00e8re des hommes, selon le commentaire de Bonaventure sur le Prologue de saint Jean\u201d, Teresianum 54 (2003) 321-350.<\/li>\n<li style=\"text-align: justify;\">\u201cL\u2019homme capable de Dieu. Regard chr\u00e9tien sur la relation de l\u2019homme \u00e0 Dieu\u201d, Les cahiers de la Facult\u00e9 de Th\u00e9ologie (Toulouse) 12 (2003) 25-45. \u00a0\u00a0\u00a0\u00a0\u00a0\u00a0<\/li>\n<li style=\"text-align: justify;\">\u201c\u2018Libert\u00e9 et gr\u00e2ce\u2019. La contribution d\u2019Edith Stein \u00e0 une r\u00e9flexion d\u2019anthropologie th\u00e9ologique\u201d, in C. Betschart (ed.), La libert\u00e9 chez Edith Stein, \u201cRecherches carm\u00e9litaines, 9\u201d, \u00c9ditions du Carmel, Toulouse (Francia), 2014, 137-160.<\/li>\n<li style=\"text-align: justify;\">\u201cL\u2019impulso della Nova Millennio Ineunte per una pastorale della vita \u2018in Christo\u2019\u201d, in B. Moriconi (ed.), O mistici o nulla, Evangelizzare all\u2019esperienza della fede, \u201cFiamma viva, 54\u201d, Edizioni OCD, Roma, 2014, 13-32.<\/li>\n<li style=\"text-align: justify;\">\u201cL\u2019inhabitation de Dieu Trinit\u00e9 selon le commentaire de Ma\u00eetre Eckhart sur l\u2019\u00c9vangile de saint Jean\u201d, Teresianum 56 (2005) 351-394.\u00a0<\/li>\n<li style=\"text-align: justify;\">\u201cM\u00e9ditation th\u00e9ologique sur le myst\u00e8re de l\u2019incarnation: l\u2019apport de Thomas d\u2019Aquin\u201d, Teresianum 53 (2002) 3-33.<\/li>\n<li style=\"text-align: justify;\">\u201cPienezza umana dell\u2019agire nella verit\u00e0 e nella carit\u00e0\u201d, in S. Giordano (ed.), \u201cLo sviluppo ha bisogno di cristiani\u201d, Riflessioni intorno all\u2019enciclica Caritas in Veritate, \u201cFiamma viva, 51\u201d, Edizioni OCD, Roma, 2011, 121- 153.<\/li>\n<li style=\"text-align: justify;\">\u201cQu\u2019est-ce que la th\u00e9ologie spirituelle? Contribution \u00e0 un questionnement\u201d, Teresianum 62 (2011) 271-305.<\/li>\n<li style=\"text-align: justify;\">\u201c\u2018Seigneur, montre-nous le P\u00e8re et cela nous suffit\u2019. L\u2019interpr\u00e9tation de Jn 14,8 par saint Thomas d\u2019Aquin et Ma\u00eetre Eckhart\u201d, Teresianum 59 (2008) 5-35.<\/li>\n<li style=\"text-align: justify;\">\u201cS\u00e9mantique de la nomination dans une th\u00e9ologie trinitaire de la v\u00e9rit\u00e9\u201d, Teresianum 63 (2012) 73-108.<\/li>\n<li style=\"text-align: justify;\">\u201c\u2018Siano anch\u2019essi in noi una cosa sola\u2019 (Gv 17,21). La nostra partecipazione all\u2019unit\u00e0 delle Persone divine\u201d, Teresianum 69 (2018) 49-84.<\/li>\n<\/ul>\n<p style=\"text-align: justify;\"><\/div> <div id=\"symple-tab-insegnamento\" class=\"tab-content symple-clearfix \">\n<p style=\"text-align: justify;\"><strong>Anno accademico 2025\/2026<\/strong><\/p>\n<table class=\"cw2m_corsiperdocente\" style=\"font-size: 13pt; width:100%; border:1px solid black; cell-padding:10px; cell-spacing: 5px;\"><tr style=\"background-color: #134b72; color: white;\"><td style=\"border: 1px solid black; padding: 5px;\">SIGLA<\/td><td style=\"border: 1px solid black; padding: 5px;\">DESCRIZIONE<\/td><td style=\"border: 1px solid black; padding: 5px;\">SEMESTRE<\/td><\/tr><tr><td style=\"border: 1px solid black; padding: 5px;\"><a target=\"_blank\" href=\"\/SP1200              \">SP1200              <\/a><\/td><td style=\"border: 1px solid black; padding: 5px;\"><a target=\"_blank\" href=\"\/SP1200              \">L'AGIRE E LA PRESENZA DELLA TRINITA' NELL'ECONOMIA DELLA GRAZIA<\/a><\/td><td style=\"border: 1px solid black; padding: 5px;\">Primo<\/td><\/tr><tr><td style=\"border: 1px solid black; padding: 5px;\"><a target=\"_blank\" href=\"\/TP1160A             \">TP1160A             <\/a><\/td><td style=\"border: 1px solid black; padding: 5px;\"><a target=\"_blank\" href=\"\/TP1160A             \">IL MISTERO DI DIO TRINITA' I<\/a><\/td><td style=\"border: 1px solid black; padding: 5px;\">Primo<\/td><\/tr><tr><td style=\"border: 1px solid black; padding: 5px;\"><a target=\"_blank\" href=\"\/TP1160B             \">TP1160B             <\/a><\/td><td style=\"border: 1px solid black; padding: 5px;\"><a target=\"_blank\" href=\"\/TP1160B             \">IL MISTERO DI DIO TRINITA' II<\/a><\/td><td style=\"border: 1px solid black; padding: 5px;\">Secondo<\/td><\/tr><tr><td style=\"border: 1px solid black; padding: 5px;\"><a target=\"_blank\" href=\"\/TS1014              \">TS1014              <\/a><\/td><td style=\"border: 1px solid black; padding: 5px;\"><a target=\"_blank\" href=\"\/TS1014              \">IL MISTERO DELLA TRINIT\u00c0 <\/a><\/td><td style=\"border: 1px solid black; padding: 5px;\">Secondo<\/td><\/tr><\/table>\n<p style=\"text-align: justify;\"><\/div> <\/div>\n","protected":false},"excerpt":{"rendered":"<p>Pontificia Facolt\u00e0 Teologica Teresianum Piazza San Pancrazio 5\/A 00152 Roma Italia chardonnens@teresianum.net \u00a0 \u00a0<\/p>\n","protected":false},"author":2,"featured_media":0,"parent":339,"menu_order":0,"comment_status":"closed","ping_status":"closed","template":"","meta":{"footnotes":""},"_links":{"self":[{"href":"https:\/\/www.teresianum.net\/en\/wp-json\/wp\/v2\/pages\/3318"}],"collection":[{"href":"https:\/\/www.teresianum.net\/en\/wp-json\/wp\/v2\/pages"}],"about":[{"href":"https:\/\/www.teresianum.net\/en\/wp-json\/wp\/v2\/types\/page"}],"author":[{"embeddable":true,"href":"https:\/\/www.teresianum.net\/en\/wp-json\/wp\/v2\/users\/2"}],"replies":[{"embeddable":true,"href":"https:\/\/www.teresianum.net\/en\/wp-json\/wp\/v2\/comments?post=3318"}],"version-history":[{"count":20,"href":"https:\/\/www.teresianum.net\/en\/wp-json\/wp\/v2\/pages\/3318\/revisions"}],"predecessor-version":[{"id":14047,"href":"https:\/\/www.teresianum.net\/en\/wp-json\/wp\/v2\/pages\/3318\/revisions\/14047"}],"up":[{"embeddable":true,"href":"https:\/\/www.teresianum.net\/en\/wp-json\/wp\/v2\/pages\/339"}],"wp:attachment":[{"href":"https:\/\/www.teresianum.net\/en\/wp-json\/wp\/v2\/media?parent=3318"}],"curies":[{"name":"wp","href":"https:\/\/api.w.org\/{rel}","templated":true}]}}