{"id":3316,"date":"2016-02-24T18:55:23","date_gmt":"2016-02-24T17:55:23","guid":{"rendered":"http:\/\/www.teresianum.net\/?page_id=3316"},"modified":"2022-04-30T16:59:58","modified_gmt":"2022-04-30T14:59:58","slug":"bruno-moriconi","status":"publish","type":"page","link":"https:\/\/www.teresianum.net\/en\/persone\/corpo-docente\/bruno-moriconi\/","title":{"rendered":"Bruno Moriconi OCD"},"content":{"rendered":"<p style=\"text-align: justify;\"><a href=\"https:\/\/www.teresianum.net\/wp-content\/uploads\/2016\/02\/Bruno_Moriconi-2-1.jpg\" rel=\"attachment wp-att-3339\"><img loading=\"lazy\" decoding=\"async\" class=\"alignleft wp-image-3339\" src=\"https:\/\/www.teresianum.net\/wp-content\/uploads\/2016\/02\/Bruno_Moriconi-2-1.jpg\" alt=\"Bruno_Moriconi 2\" width=\"150\" height=\"200\" \/><\/a><\/p>\n<p style=\"text-align: justify;\">Pontificia Facolt\u00e0 Teologica <em>Teresianum<br \/><\/em>Piazza San Pancrazio 5\/A<br \/>00152 Roma<br \/>Italia<\/p>\n<p style=\"text-align: justify;\">moriconi@teresianum.net<\/p>\n<p style=\"text-align: justify;\">\u00a0<\/p>\n<p style=\"text-align: justify;\">\u00a0<\/p>\n<p style=\"text-align: justify;\"><div id=\"symple-tab-188\" class=\"symple-tabs\"><ul class=\"ui-tabs-nav symple-clearfix\"><li><a href=\"#symple-tab-persona\">Persona<\/a><\/li><li><a href=\"#symple-tab-pubblicazioni\">Pubblicazioni<\/a><\/li><li><a href=\"#symple-tab-insegnamento\">Insegnamento<\/a><\/li><\/ul> <div id=\"symple-tab-persona\" class=\"tab-content symple-clearfix \">\n<h3 style=\"text-align: justify;\">Curriculum Vitae<\/h3>\n<p style=\"text-align: justify;\">Carmelitano Scalzo nato a Camaiore (Lu) il 5 ottobre 1947 e ordinato sacerdote il 16 luglio 1973. Licenziato in Scienze Bibliche al Pontificio Istituto Biblico (1977) e Dottore in Teologia al Teresianum (1983).<\/p>\n<p style=\"text-align: justify;\">Ordinario di Sacra Scrittura e Teologia Spirituale al Teresianum, ha insegnato, principalmente, i seguenti corsi: <em>Cristologia biblica, Lettere Cattoliche e Apocalisse, Guida alla lettura cristiana dei Salmi, Introduzione alla Teologia Spirituale, Ges\u00f9 di Nazareth o la proposta antropologica cristiana, La sofferenza nella Sacra Scrittura<\/em> (anche in altra sede accademica), <em>Ges\u00f9 modello di ascolto<\/em>.<\/p>\n<p style=\"text-align: justify;\">Iscritto all\u2019Ordine dei Giornalisti (Elenco Speciale) dal 17.01.1989 \u00e8 Direttore Responsabile della rivista ufficiale della Facolt\u00e0 (<em>Teresianum<\/em>). Per tre anni \u00e8 stato Direttore di redazione della <em>Rivista di Vita Spirituale<\/em> (1989-1991) e, dal 2000, dirige <em>La Stella del Carmelo<\/em>.<\/p>\n<p style=\"text-align: justify;\">Vicepreside per tre trienni (1988-91; 1991-94; 2012-2015), ha organizzato e diretto le rispettive nove Settimane di Spiritualit\u00e0 e, nel triennio da Preside (2000-2003) ha diretto la pubblicazione del volume Antropologia Cristiana (Citt\u00e0 Nuova; cf. bibliografia).<\/p>\n<p style=\"text-align: justify;\">Rettore della Comunit\u00e0 religiosa del Teresianum (1985-1986), ha insegnato anche all\u2019Istituto \u00a0di Scienze Religiose di Latina (1982-85), all\u2019Istituto Regina Mundi (1988-96), alla Pontificia Universit\u00e0 Urbaniana (2002-2005 e 2009-2010), e continua ad insegnare (dal 1995) all\u2019Istituto Internazionale di Teologia Pastorale Sanitaria del Camillianum.<\/p>\n<\/div>\n<p style=\"text-align: justify;\"><div id=\"symple-tab-pubblicazioni\" class=\"tab-content symple-clearfix \">\n<p style=\"text-align: justify;\"><strong>Bibliografia selettiva<\/strong><\/p>\n<p style=\"text-align: justify;\"><strong>Libri<\/strong><\/p>\n<ul>\n<li style=\"text-align: justify;\"><em>Lo Spirito e le Chiese. Saggio sul termine pneuma nel libro dell\u2019Apocalisse<\/em>, Teresianum, Roma 1983, 227 p.<\/li>\n<li style=\"text-align: justify;\"><em>Uomini Davanti a Dio. Spiritualit\u00e0 dei Salmi<\/em>, Cittadella, Assisi 1989, 188 p., trad. portoghese: <em>Cora\u00e7oes ao Alto. <\/em><em>Espiritualidade dos Salmos<\/em>, Vozes, Petr\u00f3polis 1994, 182 p.<\/li>\n<li style=\"text-align: justify;\"><em>Lectio Divina della Prima Lettera di Giovanni<\/em>, Messaggero, Padova 1995, 207 p.<\/li>\n<li style=\"text-align: justify;\"><em>Giobbe. Il peso della sofferenza, la forza della fede<\/em>, Edizioni Camilliane, Torino 2001, 157\u00a0p.<\/li>\n<li style=\"text-align: justify;\"><em>Oltre la solitudine. Il messaggio di Santa Gemma<\/em>, Citt\u00e0 Nuova, Roma 2004.<\/li>\n<li style=\"text-align: justify;\"><em>Farsi prossimo. Meditazione sulla parabola del Buon Samaritano<\/em>, Citt\u00e0 Nuova, Roma 2006, 117\u00a0p.<\/li>\n<li style=\"text-align: justify;\"><em>Il dolore dell\u2019umanit\u00e0 nel dolore del Figlio di Dio. La sofferenza alla luce del Vangelo<\/em>, San Paolo, Cinisello Balsamo (Mi) 2011, 224 p.<\/li>\n<li style=\"text-align: justify;\"><em>Il Santo Viaggio<\/em>. <em>Preghiera e vita nei Salmi delle Salite<\/em>, Edizioni OCD, Roma 2014, 182\u00a0p.<\/li>\n<li style=\"text-align: justify;\"><em>Volti del Carmelo. Figure ed esperienze di preghiera nel Carmelo Teresiano<\/em>, Edizioni OCD, Roma 2014.<\/li>\n<\/ul>\n<p style=\"text-align: justify;\"><strong>Libri curati<\/strong><\/p>\n<ul style=\"text-align: justify;\">\n<li><em>Preghiera e Terra Santa. Tappe bibliche<\/em>, in collaborazione con J. L\u00e9v\u00eaque, J. Mc Caffrey e E. Beldarrain, Ed. Monte Carmelo e Edizioni OCD, Burgos 1999, 598\u00a0p. [uscito anche in francese, inglese, spagnolo e olandese].<\/li>\n<li><em>Antropologia Cristiana. Bibbia, teologia, cultura<\/em>, Citt\u00e0 Nuova, Roma 2001, 948\u00a0p<em>.<\/em><\/li>\n<li><em>Teresianum. I protagonisti di 75 anni di Storia (1935-2010), <\/em>in collaborazione con Maria Claudia Talluto, Roma 2011, 218\u00a0p.<\/li>\n<li><em>Teresa d\u2019Avila. Nata per tutti<\/em>, Edizioni OCD, Roma 2013, 221\u00a0p.<\/li>\n<\/ul>\n<p style=\"text-align: justify;\"><strong>Articoli in riviste e opere collettive<\/strong><\/p>\n<ul style=\"text-align: justify;\">\n<li style=\"text-align: justify;\">\u201cChi \u00e8 Ges\u00f9? Mc 12, 35-37, momento culminante di rivelazione\u201d, <em>Ephemerides Carmeliticae<\/em> 30 (1979) 23-51.<\/li>\n<li style=\"text-align: justify;\">\u201cIl Purgatorio soggiorno dell\u2019Amore\u201d, <em>Ephemerides Carmeliticae<\/em> 31 (1980) 539-578.<\/li>\n<li style=\"text-align: justify;\">\u201cLo Spirito e la Sposa o la Kenosi pneumatica\u201d, in AA.VV., <em>Lo Spirito Santo nella Vita Spirituale<\/em>, Teresianum, Roma 1981, p. 263-285.<\/li>\n<li style=\"text-align: justify;\">\u201cL\u2019Uomo Ges\u00f9 di Nazareth o la proposta antropologica cristiana\u201d, in AA.VV., <em>Temi di Antropologia Teologica<\/em>, Teresianum, Roma 1981, p. 637-700.<\/li>\n<li style=\"text-align: justify;\">\u201cMeditazione sul dolore e la morte di Ges\u00f9\u201d, <em>Rivista di Vita Spirituale<\/em> 36 (1982) 510-527.<\/li>\n<li style=\"text-align: justify;\">\u201cGes\u00f9, Figlio di Dio nell\u2019obbedienza\u201d, in AA.VV., <em>Ges\u00f9 incontra l\u2019uomo<\/em>, Teresianum, Roma 1984, p. 103-136.<\/li>\n<li style=\"text-align: justify;\">\u201cCooperatrici Carmelitane o della Contemplazione sulle strade\u201d, <em>Rivista di Vita Spirituale<\/em> 39(1985) 593-598.<\/li>\n<li style=\"text-align: justify;\">\u201cMaria capolavoro dello Spirito Santo\u201d, in AA.VV., <em>La Spiritualit\u00e0 Mariana<\/em>, Teresianum, Roma 1988, p. 83-103 e <em>Rivista di Vita Spirituale<\/em> 42 (1988) 388-408.<\/li>\n<li style=\"text-align: justify;\">\u201cSegreto Messianico e Sequela silenziosa\u201d, in AA.VV., <em>Dio Parla nel Silenzio<\/em>, Teresianum, Roma 1989, p. 193-213.<\/li>\n<li style=\"text-align: justify;\">\u201cProlungare Cristo. Col. 1,24 e la \u2018Elevazione\u2019 di Elisabetta della Trinit\u00e0\u201d, <em>Rivista di Vita Spirituale <\/em>44 (1990) 262-275.<\/li>\n<li style=\"text-align: justify;\">\u201cPregare per la pace. Invocare lo Spirito\u201d, <em>Rivista di Vita Spirituale <\/em>44 (1990) 516-532 e in AA.VV., <em>Sul Monte la Pace<\/em>, Teresianum, Roma 1990, p. 175-193.<\/li>\n<li style=\"text-align: justify;\">\u201cDevozione e devozioni\u201d, <em>Servizio della Parola<\/em> nn. 221-222 (1990) 8-15.<\/li>\n<li style=\"text-align: justify;\">\u201cSantuario luogo di presenza e di vocazione nella Bibbia\u201d, <em>Rivista della Madonna<\/em> n. 3 (Maggio-Giugno 1991) 20-35 [Atti del XXVI Convegno Nazionale dei Rettori dei Santuari d\u2019Italia, Assisi 1990].<\/li>\n<li style=\"text-align: justify;\">\u201cTempio e bottega. Spunti di spiritualit\u00e0 laicale\u201d, <em>Rivista di Vita Spirituale<\/em> 46 (1992) 337-356.<\/li>\n<li style=\"text-align: justify;\">\u201cMaria, pellegrina d\u2019ascolto\u201d, <em>Rivista di Vita Spirituale<\/em> 46 (1992) 413-427.<\/li>\n<li style=\"text-align: justify;\">\u201c\u2018Cogitor, ergo sum\u2019: svegliarsi in Dio, svegliarsi alla vita (Salmo 139)\u201d, <em>Rivista di Vita Spirituale<\/em> 47 (1993) 260-269.<\/li>\n<li style=\"text-align: justify;\">\u201cHablar de Dios al Hombre de Hoy: la experiencia del Carmelo\u201d, <em>Ateismo y Fe<\/em> 28 (1993) 137-140.<\/li>\n<li style=\"text-align: justify;\">\u201cSorella e Commensale degli increduli: Teresa di Lisieux\u201d, in AA. VV., <em>Cercare Dio. L\u2019esperienza carmelitana<\/em>, Teresianum, Roma 1993, p. 121-150.<\/li>\n<li style=\"text-align: justify;\">\u201cMarco 10: Matrimonio e Ricchezza\u201d, <em>Parole di Vita<\/em> n. 6 (1993) 45-54.<\/li>\n<li style=\"text-align: justify;\">\u201cFare e non temere. P. Luigi dell\u2019Immacolata\u201d, <em>Rivista di Vita Spirituale<\/em> 48 (1994) 186-201.<\/li>\n<li style=\"text-align: justify;\">\u201cIl Regno \u00e8 in mezzo a voi (Lc 17,20). La speranza da operare\u201d, <em>Rivista di Vita Spirituale<\/em> 48 (1994) 423-443.<\/li>\n<li style=\"text-align: justify;\">\u201cGes\u00f9 preg\u00f2 cos\u00ec\u201d, <em>Rivista di Vita Spirituale<\/em> 48 (1994) 555-573.<\/li>\n<li style=\"text-align: justify;\">\u201cTutti in cammino verso il Tempio Spirituale\u201d, <em>La Nuova Alleanza<\/em> 100 (1995\/1) 10-17.<\/li>\n<li style=\"text-align: justify;\">\u201c\u2018Voi pregate cos\u00ec\u2019. La preghiera del cristiano secondo i Vangeli Sinottici\u201d, <em>Rivista di Vita Spirituale<\/em> 49 (1995) 34-51.<\/li>\n<li style=\"text-align: justify;\">\u201cA scuola dal salmista\u201d, <em>Rivista di Vita Spirituale<\/em> 49 (1995) 253-269.<\/li>\n<li style=\"text-align: justify;\">\u201cMaria, modello di consacrazione nel Nuovo Testamento\u201d, in AA.VV., <em>La Vergine Maria e la vita consacrata<\/em>, Roma 1995, p. 30-50.<\/li>\n<li style=\"text-align: justify;\">\u201c\u2018Fratello, non dubitare\u2019. La testimonianza sconosciuta di un illustre contemporaneo di San Filippo Neri\u201d, <em>Rivista di Vita Spirituale<\/em> 50 (1996) 99-104.<\/li>\n<li style=\"text-align: justify;\">\u201cGn 3,16: condanna o compito?\u201d, in Militello C. (a cura di), <em>Che differenza c\u2019\u00e8?<\/em>, SEI, Torino 1996, p. 146-160.<\/li>\n<li style=\"text-align: justify;\">\u201cPregare per non cadere in tentazione. La lezione del Salmo 73\u201d, <em>Rivista di Vita Spirituale<\/em> 50 (1996) 247-254.<\/li>\n<li style=\"text-align: justify;\">\u201cGes\u00f9 Cristo unico rivelatore del Padre e donatore dello Spirito\u201d, in AA.VV., <em>Ges\u00f9 Cristo unico Salvatore del Mondo<\/em>, Teresianum, Roma 1997, p. 69-82.<\/li>\n<li style=\"text-align: justify;\">\u201cLo Spirito e il Cristo\u201d, in AA.VV., <em>Lo Spirito Santo \u00e8 Signore e d\u00e0 la vita<\/em>, Teresianum, Roma 1998, p. 51-73.<\/li>\n<li style=\"text-align: justify;\">\u201c\u2018N\u00e9 lui ha peccato n\u00e9 i suoi genitori\u2019 (Gv 9,3). Malattia e colpa nella Bibbia\u201d, in L. Sabdrin (a cura di),<em> \u201cChe cosa ho fatto di Male?\u201d. Malattia e senso di colpa<\/em>, Ed. Camilliane, Torino 1999, p. 29-44.<\/li>\n<li style=\"text-align: justify;\">\u201cMorire per il nostro popolo. La morte di Edith Stein alla luce di Isaia 53\u201d, <em>Santateresa<\/em> n. 1 (1999) 65-72.<\/li>\n<li style=\"text-align: justify;\">\u201c\u2018Sedersi\u2019, bisogno profetico? ( Spiritualit\u00e0 del Metodo END)\u201d, <em>Lettera End<\/em> n. 104 (1999) 47-52.<\/li>\n<li style=\"text-align: justify;\">\u201c\u2018Sei tu che mi hai tratto dal grembo\u2019 (Sal 22,10). La paternit\u00e0 di Dio nei Salmi di Israele\u201d, in AA.VV., <em>Dio Padre di tutti<\/em>, Teresianum, Roma 1999, p. 43-59.<\/li>\n<li style=\"text-align: justify;\">\u201cIl Cristo Agnello, senso e compimento della storia\u201d, in AA.VV., <em>Io sono con voi tutti i giorni<\/em>, Teresianum, Roma 2000, p. 107-134.<\/li>\n<li style=\"text-align: justify;\">\u201cLa filialit\u00e0 divina base dell\u2019antropologia teologica cristiana\u201d, in Bruno Moriconi (a cura di), <em>Antropologia Cristiana. Bibbia, teologia, cultura<\/em>, Citt\u00e0 Nuova, Roma 2001, p. 335-371.<\/li>\n<li style=\"text-align: justify;\">\u201cIl volto di Cristo nei Salmi\u201d, in <em>Il Volto dei volti Cristo<\/em>, a cura dell\u2019Istituto Internazionale di Ricerca sul Volto di Cristo, Velar, Gorle (BG) 2002, p. 69-78.<\/li>\n<li style=\"text-align: justify;\">\u201cIl volto del Messia nei Salmi\u201d, in <em>Il Volto dei volti Cristo<\/em>, a cura dell\u2019Istituto Internazionale di Ricerca sul Volto di Cristo, Velar, Gorle (BG) 2003, p. 35-44.<\/li>\n<li style=\"text-align: justify;\">\u201cL\u2019homme devant Dieu. El\u00e9ments d\u2019anthropologie mystique dans les psaumes\u201d, in AA.VV., <em>Visage de Dieu, visages de l\u2019homme. La vie spirituelle dans le monde contemporain<\/em>, Parole et Silence, Paris 2003, p. 253-274.<\/li>\n<li style=\"text-align: justify;\">\u201cI tempi dell\u2019anima. Le grandi tappe del cammino del cristiano\u201d, in AA.VV., <em>Il Cammino spirituale del cristiano<\/em>, Edizioni OCD, Roma Morena 2004, p. 73-102.<\/li>\n<li style=\"text-align: justify;\">\u201cLa sofferenza nella Bibbia. Spunti ermeneutici\u201d, <em>Camillianum<\/em> 4 (2004) 213-236<\/li>\n<li style=\"text-align: justify;\">\u201cLa sofferenza tra silenzio e coinvolgimento di Dio. Il punto di vista biblico\u201d, in G. Cin\u00e0 (a cura di), <em>Il dolore tra resistenza e resa<\/em>, Ed Camilliane, Torino 2004, p. 53-69.<\/li>\n<li style=\"text-align: justify;\">\u201cIl \u2018sorriso\u2019 di Gemma. Per un recupero della persona\u201d, in P. Ciardella (ed.), <em>Mistica, salvezza e redenzione nell\u2019esperienza di Gemma Galgani<\/em>, Citt\u00e0 Nuova, Roma 2005, p. 297-310.<\/li>\n<li style=\"text-align: justify;\">\u201c\u2018Ci\u00f2 che vi dir\u00e0 lui, fatelo\u2019. Maria e l\u2019Eucarestia tra Cana e cenacolo\u201d, <em>Rivista di Vita Spirituale<\/em> 59 (2005) 275-284.<\/li>\n<li style=\"text-align: justify;\">\u201cIl Cristo, centro dei mistici carmelitani\u201d, in Luis Jorge Gonz\u00e1lez (ed.), <em>Mistica Carmelitana. Sviluppo umano in Dio<\/em>, OCD, Roma 2006, p. 125-160.<\/li>\n<li style=\"text-align: justify;\">\u201cPapel mistag\u00f3gico de la Biblia en los maestros del Carmelo Teresiano\u201d, <em>Esp\u00edritu y Vida <\/em>14 (2007) 89-113.<\/li>\n<li style=\"text-align: justify;\">\u201cLe creature sono amore perch\u00e9 amore \u00e8 il loro Creatore\u201d, in <em>Il Volto dei volti<\/em>, vol. XI, Gorle (BG) 2007, p. 71-78.<\/li>\n<li style=\"text-align: justify;\">\u201cCos\u2019\u00e8 l\u2019uomo?. L\u2019antropologia mistica del salmista\u201d, <em>Rivista di Vita Spirituale <\/em>62 (2008) 141-162.<\/li>\n<li style=\"text-align: justify;\">\u201c\u2018E vidi un cielo e una terra nuova\u2019 (Ap 21,1-22,59)\u201d, in A. Valentini (a cura di), <em>Speranza, Uno sguardo biblico<\/em>, Tau Editrice, L\u2019Aquila 2008, p. 165-183.<\/li>\n<li style=\"text-align: justify;\">\u201cDio terapeuta, sostegno e salvezza nella bibbia\u201d, in AA.VV., <em>Salute\/Salvezza perno della teologia pastorale sanitaria<\/em>, Edizioni Camilliane, Torino 2008, p. 31-49.<\/li>\n<li style=\"text-align: justify;\">\u201cLe Beatitudini: tratti del volto di Cristo\u201d, in <em>Il Volto dei volti<\/em>, vol. XII, Gorle (BG) 2008, p. 41-52.<\/li>\n<li style=\"text-align: justify;\">\u201cRuolo Mistagogico della Bibbia nei Maestri del Carmelo Teresiano\u201d, in Bonita Kova\u010di\u0107 (ed.), <em>The Experience of God Today and Carmelite Mysticism. Mystagogy and inter-Religious and Cultural Dialog<\/em>, KIZ, Zagreb 2009, p.\u00a0135-157.<\/li>\n<li style=\"text-align: justify;\">\u201c\u2018Chi non ama non ha conosciuto Dio, perch\u00e9 Dio \u00e8 amore\u2019 (1Gv 4,8)\u201d, in AA.VV., <em>\u201cAbbiamo conosciuto l\u2019amore\u201d<\/em>, Edizioni OCD, Roma Morena 2009, p. 69-86.<\/li>\n<li style=\"text-align: justify;\">\u201cGes\u00f9 di Nazareth, Uomo e Maestro del dialogo\u201d, in AA.VV., <em>La spiritualit\u00e0 del dialogo<\/em>, Edizioni OCD, Roma Morena 2009, p. 69-84.<\/li>\n<li style=\"text-align: justify;\">\u201cLa fecondit\u00e0 del fallimento della teologia nel libro di Giobbe\u201d, <em>Rivista di Vita Spirituale<\/em> 62 (2008) 647-650.<\/li>\n<li style=\"text-align: justify;\">\u201cPortare la croce. La Lettera agli Amici della Croce\u201d, <em>Spiritualit\u00e0 Monfortiana <\/em>9 (2009) 31-44.<\/li>\n<li style=\"text-align: justify;\">\u201cA scuola del Salmista\u201d, in Centro Interprovinciale dei Carmelitani Scalzi (ed.), <em>Respirare sempre Cristo. Bellezza e mistero della preghiera<\/em>, Edizioni OCD, Roma Morena 2009, p. 11-31.<\/li>\n<li style=\"text-align: justify;\">\u201cPregare nella tentazione. La lezione del salmo 73\u201d, in Centro Interprovinciale dei Carmelitani Scalzi (ed.), <em>Respirare sempre Cristo. Bellezza e mistero della preghiera<\/em>, Edizioni OCD, Roma Morena 2009, p. 171-180.<\/li>\n<li style=\"text-align: justify;\">\u201cUna realt\u00e0 in cammino: la storia della Teologia Spirituale\u201d, in Aniano \u00c1lvarez Su\u00e1rez (a cura di), <em>Quale missione per la \u201cTeologia Spirituale\u201d? Percorso di studio e di approfondimento<\/em>, Roma 2009, p. 19-42.<\/li>\n<li style=\"text-align: justify;\">\u201cLa fedelt\u00e0 del Signore \u00e8 per sempre. Riflessione sul senso delle Alleanze nella Bibbia\u201d, in AA.VV., <em>Alleanza Chiamata Santit\u00e0. Per una antropologia ottimista<\/em>, Edizioni Pro Sanctitate, Roma 2009, p. 35-53.<\/li>\n<li style=\"text-align: justify;\">\u201cL\u2019avete fatto a me di Mt 25,40 e l\u2019amore mistico dei tre Dottori del Carmelo\u201d, in L. J. Gonz\u00e1lez (ed.), <em>Il segreto della mistica in San Giovanni della Croce<\/em>, Ed. Duruelo, Roma 2009, p.\u00a023-38.<\/li>\n<li style=\"text-align: justify;\">\u201cGes\u00f9, Testimone dell\u2019Amore del Padre\u201d, in AA.VV., <em>Testimoni di Dio<\/em>, Edizioni OCD, Roma 2010, p. 75-87.<\/li>\n<li style=\"text-align: justify;\">\u201cLa contemplaci\u00f3n del Salmista\u201d, in R. Cuartas Londo\u00f1o (ed.), <em>La Biblia, libro de contemplaci\u00f3n<\/em>, Avila-Burgos 2010, p. 95-121.<\/li>\n<li style=\"text-align: justify;\">\u201cAscolta Israele! (Dr 6,4-9). La famiglia in ascolto della Parola e in dialogo con Dio\u201d, <em>Rivista di Vita Spirituale <\/em>64 (2010) 77-87.<\/li>\n<li style=\"text-align: justify;\">\u201cAffiancare il Carmelo. Tracce di storia dell\u2019Istituto Secolare Unione Carmelitana Teresiana\u201d, <em>Rivista di Vita Spirituale <\/em>64 (2010) 649-659.<\/li>\n<li style=\"text-align: justify;\">\u201cSulle orme dell\u2019uomo perfetto\u201d, <em>Presbyteri <\/em>1 (2012) 25-34<\/li>\n<li style=\"text-align: justify;\">\u201cLa bellezza della verit\u00e0 nel canto del salmista\u201d, in AA.VV., <em>Attirami dietro a te<\/em> <em>(Ct 1,4). La bellezza luce della verit\u00e0<\/em>, Edizioni OCD, Roma 2012, p. 49-70<\/li>\n<li style=\"text-align: justify;\">\u201cCan Even the Love of God Come to an End?\u201d, <em>Spiritual Life<\/em> 58 (2012) 74-80 [Winner of the Third Place 2013 of the Catholic Press Award for Prayer &amp; Spirituality Magazines].<\/li>\n<li style=\"text-align: justify;\">\u201cSul Calvario il Volto del Figlio e quello della Madre\u201d, in <em>Il Volto dei Volti di Cristo<\/em>, vol. XVI, Edizioni Velar, Gorle (BG) 2012, p. 15-20.<\/li>\n<li style=\"text-align: justify;\">\u201cBibbia e Sofferenza\u201d, in AA.VV., <em>Lineamenti di Teologia Pastorale della Salute<\/em>, Edizioni Camilliane, Torino 2013, p. 13-33.<\/li>\n<li style=\"text-align: justify;\">\u201cI consigli del Vangelo non sono consigli\u201d, in AA.VV., <em>O mistici O nulla. Evangelizzare all\u2019esperienza della fede<\/em>, Edizioni OCD, Roma 2014, p. 85-100.<\/li>\n<li style=\"text-align: justify;\">\u201c\u00bfQue m\u00edstica para el cristiano de a pie?. Pregunta para la Teolog\u00eda Espiritual\u201d, in Francisco Javier Sancho (dir.), <em>La Identidad de la M\u00edstica. y experiencia de Dios<\/em>, Ed Monte Carmelo-Cites, Burgos 2014, p. 291-315.<\/li>\n<li style=\"text-align: justify;\">\u201c\u2018Se non crederete non resterete saldi\u2019 (Is 7,9)\u201d, in AA.VV., <em>\u201cLumen Fidei\u201d. L\u2019intelligenza mistica<\/em>, Edizioni OCD, Roma 2015, p. 27-42.<\/li>\n<li style=\"text-align: justify;\">\u201cTeresa nelle 55 Settimane di Spiritualit\u00e0 (1960-2014)\u201d, in AA.VV., <em>Teresa di Ges\u00f9 e il Teresianum. Percorsi, persistenze, sintonie<\/em>, Edizioni OCD, Roma 2015, p.\u00a0113-132.<\/li>\n<li style=\"text-align: justify;\">\u201cIndice tematico\/onomastico dei primi 55 volumi della Collana Fiamma Viva\u201d, AA.VV., <em>Teresa di Ges\u00f9 e il Teresianum. Percorsi, persistenze, sintonie<\/em>, Edizioni OCD, Roma 2015, p. 255-315.<\/li>\n<li style=\"text-align: justify;\">\u201cGuide bibliche alle stanze del Castello interiore di Teresa d\u2019Avila\u201d, in A. Clemenza, V. Si Pilato, J. Tremblay (ed.), <em>Castello Interiore e Castello Esteriore. Per una grammatica dell\u2019esperienza cristiana<\/em>, Citt\u00e0 Ideale, Prato 2015, p.\u00a023-58.<\/li>\n<\/ul>\n<p style=\"text-align: justify;\"><strong>Articoli in Dizionari<\/strong><\/p>\n<ul style=\"text-align: justify;\">\n<li>\u201cCompassione. Fondamenti biblici\u201d, in <em>Dizionario di Teologia Pastorale Sanitaria<\/em>, Torino 1997, p.\u00a0227-234.<\/li>\n<li>\u201cModelli biblici (Il Salmista malato)\u201d, in <em>Dizionario di Teologia Pastorale Sanitaria<\/em>, Torino 1997, p. 732-739.<\/li>\n<li>\u201cLa preghiera dei Salmi\u201d, in <em>Enciclopedia della Preghiera<\/em>, Libreria Editrice Vaticana, Citt\u00e0 del Vaticano 2007, p. 47-61.<\/li>\n<li>\u201cBibbia nel Carmelo (IV. Il rapporto con la Parola)\u201d, in <em>Dizionario Carmelitano<\/em>, Citt\u00e0 Nuova, Roma 2008, p. 97-103.<\/li>\n<\/ul>\n<p style=\"text-align: justify;\"><strong>Recensioni<\/strong><\/p>\n<ul>\n<li style=\"text-align: justify;\">Militello C., <em>La Chiesa. \u201cIl Corpo crismato\u201d. Trattato di Ecclesiologia,<\/em> Dehoniane, Bologna 2003, p. 784, in <em>Teresianum<\/em> 56 (2005) 591-594.<\/li>\n<li style=\"text-align: justify;\">Laudazi C.<em>, L\u2019uomo chiamato all\u2019unione con Dio in Cristo<\/em>, Edizioni OCD, Roma- Morena 2006, p. 375, in <em>Pregare<\/em>, Gennaio 2007, p. 22-23.<\/li>\n<li style=\"text-align: justify;\">Borriello L., <em>Teologia e spiritualit\u00e0 degli istituti secolari<\/em>, Editrice Ancora, Milano 2008, p. 157, in <em>Teresianum<\/em> 60 (2009) 145-146.<\/li>\n<li style=\"text-align: justify;\">Pasquetto V., <em>Il \u201cvolto amico\u201d di Dio disegnato dalla Bibbia. Dati-impegni-interrogativi<\/em>, Libreria Editrice Vaticana, Citt\u00e0 del Vaticano 2010, 445 p., in <em>Teresianum<\/em> 62 (2011) 195-198.<\/li>\n<\/ul>\n<p style=\"text-align: justify;\"><\/div> <div id=\"symple-tab-insegnamento\" class=\"tab-content symple-clearfix \">\n<p style=\"text-align: justify;\"><strong>Anno Accademico 2025\/2026<\/strong><\/p>\n<p style=\"text-align: justify;\"><table class=\"cw2m_corsiperdocente\" style=\"font-size: 13pt; width:100%; border:1px solid black; cell-padding:10px; cell-spacing: 5px;\"><tr style=\"background-color: #134b72; color: white;\"><td style=\"border: 1px solid black; padding: 5px;\">SIGLA<\/td><td style=\"border: 1px solid black; padding: 5px;\">DESCRIZIONE<\/td><td style=\"border: 1px solid black; padding: 5px;\">SEMESTRE<\/td><\/tr><tr><td style=\"border: 1px solid black; padding: 5px;\"><a target=\"_blank\" href=\"\/OCS02               \">OCS02               <\/a><\/td><td style=\"border: 1px solid black; padding: 5px;\"><a target=\"_blank\" href=\"\/OCS02               \">FONDAMENTI BIBLICI DELLA TEOLOGIA SPIRITUALE<\/a><\/td><td style=\"border: 1px solid black; padding: 5px;\">Primo<\/td><\/tr><\/table>\n<p style=\"text-align: justify;\"><\/div><\/div>","protected":false},"excerpt":{"rendered":"<p>Pontificia Facolt\u00e0 Teologica TeresianumPiazza San Pancrazio 5\/A00152 RomaItalia moriconi@teresianum.net \u00a0 \u00a0<\/p>\n","protected":false},"author":2,"featured_media":0,"parent":339,"menu_order":0,"comment_status":"closed","ping_status":"closed","template":"","meta":{"footnotes":""},"_links":{"self":[{"href":"https:\/\/www.teresianum.net\/en\/wp-json\/wp\/v2\/pages\/3316"}],"collection":[{"href":"https:\/\/www.teresianum.net\/en\/wp-json\/wp\/v2\/pages"}],"about":[{"href":"https:\/\/www.teresianum.net\/en\/wp-json\/wp\/v2\/types\/page"}],"author":[{"embeddable":true,"href":"https:\/\/www.teresianum.net\/en\/wp-json\/wp\/v2\/users\/2"}],"replies":[{"embeddable":true,"href":"https:\/\/www.teresianum.net\/en\/wp-json\/wp\/v2\/comments?post=3316"}],"version-history":[{"count":21,"href":"https:\/\/www.teresianum.net\/en\/wp-json\/wp\/v2\/pages\/3316\/revisions"}],"predecessor-version":[{"id":22931,"href":"https:\/\/www.teresianum.net\/en\/wp-json\/wp\/v2\/pages\/3316\/revisions\/22931"}],"up":[{"embeddable":true,"href":"https:\/\/www.teresianum.net\/en\/wp-json\/wp\/v2\/pages\/339"}],"wp:attachment":[{"href":"https:\/\/www.teresianum.net\/en\/wp-json\/wp\/v2\/media?parent=3316"}],"curies":[{"name":"wp","href":"https:\/\/api.w.org\/{rel}","templated":true}]}}