{"id":2914,"date":"2015-12-08T10:14:05","date_gmt":"2015-12-08T09:14:05","guid":{"rendered":"http:\/\/www.teresianum.net\/?page_id=2914"},"modified":"2020-08-04T18:59:24","modified_gmt":"2020-08-04T16:59:24","slug":"cts21-fondamenti-biblici-della-teologia-spirituale","status":"publish","type":"page","link":"https:\/\/www.teresianum.net\/en\/corso-di-teologia-spirituale\/curriculum-di-studio\/cts21-fondamenti-biblici-della-teologia-spirituale\/","title":{"rendered":"CTS21 Fondamenti biblici della Teologia Spirituale"},"content":{"rendered":"<p class=\"qtranxs-available-languages-message qtranxs-available-languages-message-en\"> <p style=\"text-align: justify;\"><span style=\"color: #333333;\"><em>Docente<\/em>: <\/span><span style=\"color: #386290;\"><span style=\"color: #333333;\">Prof. <span style=\"color: #333399;\"><\/span><\/span><br \/>\n<\/span><\/p>\n<p>&nbsp;<\/p>\n<p style=\"text-align: justify;\"><strong>Giustificazione<\/strong><\/p>\n<p style=\"text-align: justify;\">Si tratta di portare a comprendere che la vita spirituale non \u00e8 una disciplina semplicemente ascetica, ma che ha i sui fondamenti nella Sacra Scrittura.<\/p>\n<p style=\"text-align: justify;\"><strong>Obiettivi<\/strong><\/p>\n<p style=\"text-align: justify;\">Portare a scoprire la ricchezza della vocazione umana dallo statuto primordiale dell\u2019Immagine divina, alla sequela ed alla vita in Cristo secondo l\u2019insegnamento neotestamentario.<\/p>\n<p style=\"text-align: justify;\"><strong>Contenuti<\/strong><\/p>\n<p style=\"text-align: justify;\">Il riferimento \u00e8 ad una \u201cStoria\u201d, ossia al percorso, del popolo di Israele (AT) e dai discepoli di Ges\u00f9 (NT), ove, i principali fondamenti, sono: l\u2019essere l\u2019uomo creato ad immagine di Dio, la promessa ad Abramo, le Alleanze, le promesse del Cuore Nuovo, l\u2019Incarnazione, l\u2019invio dello Spirito che fa di chi vuole un figlio di Dio a tutti gli effetti, al punto che \u2013 in quanto tale \u2013 non pecca pi\u00f9. Il tutto, attraverso, la tappe (elezione, esodo, deserto, alleanze, promesse e realizzazioni NT in Ges\u00f9 e nei suoi Discepoli); le esperienze (Abramo, Mos\u00e8, David, Profeti, Salmista, Maria Santissima, Paolo, la Comunit\u00e0 cristiana) e, soprattutto, l\u2019incontro con Cristo.<\/p>\n<p style=\"text-align: justify;\"><strong>Metodo<\/strong><\/p>\n<p style=\"text-align: justify;\">Lezioni aperte al dialogo sostenute da appunti relativi alle spiegazioni in aula.<\/p>\n<p style=\"text-align: justify;\"><strong>Criteri di valutazione<\/strong><\/p>\n<p style=\"text-align: justify;\">Gli studenti sono valutati in base alla loro presenza ed alla loro partecipazione alle discussioni e agli approfondimenti durante i dibattiti. In fase di esame, poi, ciascuno dovr\u00e0 mostrare di saper fare una sintesi del corso.<\/p>\n<p style=\"text-align: justify;\"><strong>Distribuzione del tempo di lavoro<\/strong><\/p>\n<p style=\"text-align: justify;\">Le lezioni, pur con le dovute interruzioni per l\u2019approfondimento, saranno tutte destinate all\u2019esposizione frontale.<\/p>\n<p style=\"text-align: justify;\">\u00a0<strong>Bibliografia<\/strong><\/p>\n<ul>\n<li style=\"text-align: justify;\">C. VAGAGGINI, <em>Bibbia e spiritualit\u00e0<\/em>, Roma 1967.<\/li>\n<li style=\"text-align: justify;\">S. CASTRO, \u00abVivir y experimentar la palabra de Dios\u00bb, in\u00a0<em>Revista de Espiritualidad<\/em> 43 (1984) 549-570.<\/li>\n<li style=\"text-align: justify;\">H. DE LUBAC, <em>La rivelazione divina e il senso dell\u2019uomo. Commento alla \u201cDei Verbum&#8221; e &#8220;Gaudium et Spes\u201d<\/em>, Milano 1985.<\/li>\n<li style=\"text-align: justify;\">E. ANCILLI &#8211; G. HELEWA, <em>La spiritualit\u00e0 cristiana. Fondamenti biblici e sintesi storica<\/em>, Roma-Milano 1986.<\/li>\n<li style=\"text-align: justify;\">PASQUETTO V., \u00abFonti della Teologia spirituale. Il criterio normativo della Sacra Scrittura\u00bb, in <em>La Teologia Spirituale. Atti del Congresso Internazionale OCD (Roma 24-29 aprile 2000)<\/em>, Edizioni OCD &#8211; Teresianum, Roma 2001, pp. 489-500.<\/li>\n<li style=\"text-align: justify;\">PASQUETTO V., \u00abLa Sacra Scrittura nell\u2019insegnamento della Teologia Spirituale. Sua posizione e orientamento di base da seguire\u00bb, <em>Teresianum<\/em> 65 (2014) 5-7.<\/li>\n<\/ul>","protected":false},"excerpt":{"rendered":"<p>Docente: Prof. &nbsp; Giustificazione Si tratta di portare a comprendere che la vita spirituale non \u00e8 una disciplina semplicemente ascetica, [&hellip;]<\/p>\n","protected":false},"author":2,"featured_media":0,"parent":9108,"menu_order":0,"comment_status":"closed","ping_status":"closed","template":"","meta":{"footnotes":""},"_links":{"self":[{"href":"https:\/\/www.teresianum.net\/en\/wp-json\/wp\/v2\/pages\/2914"}],"collection":[{"href":"https:\/\/www.teresianum.net\/en\/wp-json\/wp\/v2\/pages"}],"about":[{"href":"https:\/\/www.teresianum.net\/en\/wp-json\/wp\/v2\/types\/page"}],"author":[{"embeddable":true,"href":"https:\/\/www.teresianum.net\/en\/wp-json\/wp\/v2\/users\/2"}],"replies":[{"embeddable":true,"href":"https:\/\/www.teresianum.net\/en\/wp-json\/wp\/v2\/comments?post=2914"}],"version-history":[{"count":14,"href":"https:\/\/www.teresianum.net\/en\/wp-json\/wp\/v2\/pages\/2914\/revisions"}],"predecessor-version":[{"id":17853,"href":"https:\/\/www.teresianum.net\/en\/wp-json\/wp\/v2\/pages\/2914\/revisions\/17853"}],"up":[{"embeddable":true,"href":"https:\/\/www.teresianum.net\/en\/wp-json\/wp\/v2\/pages\/9108"}],"wp:attachment":[{"href":"https:\/\/www.teresianum.net\/en\/wp-json\/wp\/v2\/media?parent=2914"}],"curies":[{"name":"wp","href":"https:\/\/api.w.org\/{rel}","templated":true}]}}