{"id":2891,"date":"2015-12-07T08:37:54","date_gmt":"2015-12-07T07:37:54","guid":{"rendered":"http:\/\/www.teresianum.net\/?page_id=2891"},"modified":"2020-07-18T16:44:10","modified_gmt":"2020-07-18T14:44:10","slug":"tp1030-a-t-libri-profetici","status":"publish","type":"page","link":"https:\/\/www.teresianum.net\/en\/ciclo-istituzionale-di-teologia\/curriculum-di-studio-ciclo-istituzionale\/tp1030-a-t-libri-profetici\/","title":{"rendered":"TP1030 A.T.: Libri Profetici"},"content":{"rendered":"<p class=\"qtranxs-available-languages-message qtranxs-available-languages-message-en\"> <p><em>Docente:<\/em> Prof. <a target=\"_blank\" href=\"\/persone\/corpo-docente\/IGNATIOUS-KUNNUMPURATHU-PAUL-\/\">IGNATIOUS KUNNUMPURATHU PAUL <\/a>\n<p style=\"text-align: justify;\">\u00a0<\/p>\n<p style=\"text-align: justify;\"><strong>Giustificazione<\/strong><\/p>\n<p style=\"text-align: justify;\">Il profetismo \u00e8 un fenomeno dai molteplici risvolti, che occupa un posto centrale nella religione dell\u2019antico Israele, avendo contribuito in modo determinante alla formazione della coscienza religiosa attestata\u00a0 nella Bibbia.<\/p>\n<p style=\"text-align: justify;\"><strong>Obiettivi<\/strong><\/p>\n<p style=\"text-align: justify;\">Il corso si propone di introdurre al linguaggio e strutture, alle esperienze e problematiche, al pensiero portante (Teologia) dei Profeti, Apocalittici presenti nella Bibbia, inserendoli nell\u2019ambiente culturale e religioso circostante e proponendo una lettura continua e diretta dei libri profetici, possibilmente nella loro integrit\u00e0; introdurre lo studente alla conoscenza della singolarit\u00e0 della profezia (Neb\u00ee\u2019\u00eem). In dialogo con le diverse metodologie esegetiche di matrice diacronica e sincronica, il corso mira a dare una conoscenza generale e scientificamente aggiornata della letteratura profetica.<\/p>\n<p style=\"text-align: justify;\"><strong>Contenuti<\/strong><\/p>\n<p style=\"text-align: justify;\">1. Una introduzione generale far\u00e0 emergere concetti, definizioni e descrizioni dei movimenti religiosi interessati: profezia, apocalittica; quindi una introduzione critica ai singoli libri, dove emergano i risultati e i metodi storico-letterari delle ricerche attuali; si studier\u00e0 la terminologia profetica, le \u201ccoordinate\u201d del profeta e i vari tipi di \u201cracconti di vocazione\u201d profetiche.<br \/>\n2. Seguir\u00e0 la lettura continua, in una moderna Bibbia, dei libri profetici, cogliendo la struttura e i contenuti, i temi teologici, servendosi delle note del commento.<br \/>\n3. L\u2019esegesi di alcuni testi tende a illustrare caratteristiche e tendenze dei singoli autori e libri. In particolare: brani scelti da Amos (\u201coracoli contro le nazioni\u201dAm 1-2), Osea (la sua \u201cvicenda matrimoniale\u201d, Os 1-3), Isaia (il libro dell\u2019Emmanuele\u201d: Is 7- 12), Michea, Geremia, Ezechiele, Giona, sottolineando i brani \u201cmessianici\u201d; per l\u2019Apocalittica, lectio cursiva di Daniele, Gioele e Zaccaria.<br \/>\n4. Alcuni temi teologici trasversali a tutta la Bibbia, come Esodo, Alleanza, Messianismo, serviranno a tracciare delle linee di pensiero divenute patrimonio comune della cultura attuale.<\/p>\n<p style=\"text-align: justify;\"><strong>Metodologia<\/strong><\/p>\n<p style=\"text-align: justify;\">Il corso prevede una serie di lezioni frontali introduttive e con esemplificazioni di saggi esegetici. Agli studenti \u00e8 affidata, la lettura dei singoli libri profetici sui quali, a turno, relazionare in aula, di alcuni articoli e di un libro a scelta, tra quelli che saranno indicati durante il corso, sul quale dare una breve relazione scritta, cogliendone l\u2019impostazione, il metodo e le tesi fondamentali, che saranno materia di verifica nell\u2019esame.<\/p>\n<p style=\"text-align: justify;\"><strong>Criteri di valutazione<\/strong><\/p>\n<p style=\"text-align: justify;\">L\u2019esame consister\u00e0 in un colloquio orale nel quale confluir\u00e0 il materiale svolto nelle lezioni con i lavori e le letture personali.<\/p>\n<p style=\"text-align: justify;\"><strong>Distribuzione del tempo di lavoro<\/strong><\/p>\n<p style=\"text-align: justify;\">Circa un quarto delle lezioni viene dedicato alle domande degli studenti, all\u2019approfondimento monografico e alla presentazione dei risultati delle ricerche personali.<\/p>\n<p style=\"text-align: justify;\"><strong>Bibliografia<\/strong><\/p>\n<ul>\n<li style=\"text-align: justify;\">Dispense del professore; A. SPREAFICO, <em>La voce di Dio. Per capire i Profeti<\/em>, Bologna 2002.<\/li>\n<li style=\"text-align: justify;\">C. PAGLIARA, \u00abElia: un profeta sotto il controllo della Parola. 1 Re 17,1-24\u00bb, <em>Rassegna di Teologia<\/em> 48 (2007) 359-381.<\/li>\n<li style=\"text-align: justify;\">ID., \u00abElia e il discernimento degli idoli: analisi narrativa di 1 Re 18,1-46\u00bb, in <em>Memoriam fecit mirabilium Dei<\/em>, Fs Emanuele Boaga, Edizioni Carmelitane, Roma 2009, 395-419.<\/li>\n<li style=\"text-align: justify;\">ID., \u00abIl simbolo nuziale in Osea 2,4-25\u00bb, in Vangelo, trasmissione, verit\u00e0, a cura di A. Bastit-Kalinowska e A. Carfora, Oi Christiano 15, Il Pozzo di Giacobbe, Trapani 2013, 51-72.<\/li>\n<li style=\"text-align: justify;\">J.M. ABREGO de LACY, <em>I libri profetici<\/em>, (Introduzione allo studio della Bibbia, 4), Paideia, Brescia 1995.<\/li>\n<\/ul>","protected":false},"excerpt":{"rendered":"<p>Docente: Prof. \u00a0 Giustificazione Il profetismo \u00e8 un fenomeno dai molteplici risvolti, che occupa un posto centrale nella religione dell\u2019antico [&hellip;]<\/p>\n","protected":false},"author":2,"featured_media":0,"parent":85,"menu_order":0,"comment_status":"closed","ping_status":"closed","template":"","meta":{"footnotes":""},"_links":{"self":[{"href":"https:\/\/www.teresianum.net\/en\/wp-json\/wp\/v2\/pages\/2891"}],"collection":[{"href":"https:\/\/www.teresianum.net\/en\/wp-json\/wp\/v2\/pages"}],"about":[{"href":"https:\/\/www.teresianum.net\/en\/wp-json\/wp\/v2\/types\/page"}],"author":[{"embeddable":true,"href":"https:\/\/www.teresianum.net\/en\/wp-json\/wp\/v2\/users\/2"}],"replies":[{"embeddable":true,"href":"https:\/\/www.teresianum.net\/en\/wp-json\/wp\/v2\/comments?post=2891"}],"version-history":[{"count":11,"href":"https:\/\/www.teresianum.net\/en\/wp-json\/wp\/v2\/pages\/2891\/revisions"}],"predecessor-version":[{"id":17622,"href":"https:\/\/www.teresianum.net\/en\/wp-json\/wp\/v2\/pages\/2891\/revisions\/17622"}],"up":[{"embeddable":true,"href":"https:\/\/www.teresianum.net\/en\/wp-json\/wp\/v2\/pages\/85"}],"wp:attachment":[{"href":"https:\/\/www.teresianum.net\/en\/wp-json\/wp\/v2\/media?parent=2891"}],"curies":[{"name":"wp","href":"https:\/\/api.w.org\/{rel}","templated":true}]}}