{"id":2885,"date":"2015-12-07T08:22:08","date_gmt":"2015-12-07T07:22:08","guid":{"rendered":"http:\/\/www.teresianum.net\/?page_id=2885"},"modified":"2020-07-18T18:05:09","modified_gmt":"2020-07-18T16:05:09","slug":"tp1510-metodologia-del-lavoro-scientifico","status":"publish","type":"page","link":"https:\/\/www.teresianum.net\/en\/ciclo-istituzionale-di-teologia\/curriculum-di-studio-ciclo-istituzionale\/tp1510-metodologia-del-lavoro-scientifico\/","title":{"rendered":"TP1510 Metodologia del lavoro scientifico"},"content":{"rendered":"<p class=\"qtranxs-available-languages-message qtranxs-available-languages-message-en\"> <p><span style=\"color: #000000;\"><span style=\"color: #333399;\"><em>Docente<\/em>: Prof.ssa<\/span> <\/span><\/p>\n<p style=\"text-align: justify;\">\u00a0<\/p>\n<p style=\"text-align: justify;\"><strong>Giustificazione<\/strong><\/p>\n<p style=\"text-align: justify;\">Il motivo di questo corso \u00e8 aiutare gli studenti all\u2019apprendimento di un metodo scientifico di lavoro.<\/p>\n<p style=\"text-align: justify;\"><strong>Obiettivi<\/strong><\/p>\n<p style=\"text-align: justify;\">Il corso rende evidente i diversi passi per il\u00a0lavoro scientifico che gli studenti dovranno sviluppare\u00a0durante il loro studio nei diversi campi della loro attivit\u00e0 scientifica. Introduce alla metodologia di redazione dei testi, secondo le diverse tipologie: ricerca bibliografica, elaborazione sintesi personale e componimento, secondo le norme proposte dalla Facolt\u00e0.<\/p>\n<p style=\"text-align: justify;\"><strong>Contenuti<\/strong><\/p>\n<p style=\"text-align: justify;\">Si prender\u00e0 contatto con i sussidi per la ricerca: testi di diverso genere per comprenderne le peculiarit\u00e0 ed esercitarne la comprensione. Sar\u00e0 offerto un percorso in diverse tappe per redigere un lavoro scritto: scelta del tema, ricerca bibliografica, progetto di lavoro, raccolta del materiale, diverse parti di un lavoro scientifico.<\/p>\n<p style=\"text-align: justify;\"><strong>Metodologia<\/strong><\/p>\n<p style=\"text-align: justify;\">Il procedere metodologico del corso sar\u00e0 caratterizzato dalle lezioni frontali e dalla richiesta di esercitazioni pratiche relative alle diverse tappe della preparazione di un lavoro scientifico.<\/p>\n<p style=\"text-align: justify;\"><strong>Criteri di valutazione<\/strong><\/p>\n<p style=\"text-align: justify;\">La presenza e la partecipazione attiva; la presentazione del lavoro scritto (scientifico), alla fine del corso, di circa 12-15 pagine.<\/p>\n<p style=\"text-align: justify;\"><strong>Distribuzione del tempo di lavoro<\/strong><\/p>\n<p style=\"text-align: justify;\">Un terzo per le lezioni e due terzi per il lavoro personale.<\/p>\n<p style=\"text-align: justify;\"><strong>Bibliografia<\/strong><\/p>\n<ul>\n<li style=\"text-align: justify;\">Norme metodologiche del Teresianum sul sito:\u00a0<a href=\"https:\/\/www.teresianum.net\/studiare\/lavori-scritti\/\">www.teresianum.net\/studiare\/lavori-scritti<\/a>.<\/li>\n<li style=\"text-align: justify;\">Diversi testi saranno proposti a seconda delle esercitazioni programmate.<\/li>\n<\/ul>","protected":false},"excerpt":{"rendered":"<p>Docente: Prof.ssa \u00a0 Giustificazione Il motivo di questo corso \u00e8 aiutare gli studenti all\u2019apprendimento di un metodo scientifico di lavoro. [&hellip;]<\/p>\n","protected":false},"author":2,"featured_media":0,"parent":85,"menu_order":0,"comment_status":"closed","ping_status":"closed","template":"","meta":{"footnotes":""},"_links":{"self":[{"href":"https:\/\/www.teresianum.net\/en\/wp-json\/wp\/v2\/pages\/2885"}],"collection":[{"href":"https:\/\/www.teresianum.net\/en\/wp-json\/wp\/v2\/pages"}],"about":[{"href":"https:\/\/www.teresianum.net\/en\/wp-json\/wp\/v2\/types\/page"}],"author":[{"embeddable":true,"href":"https:\/\/www.teresianum.net\/en\/wp-json\/wp\/v2\/users\/2"}],"replies":[{"embeddable":true,"href":"https:\/\/www.teresianum.net\/en\/wp-json\/wp\/v2\/comments?post=2885"}],"version-history":[{"count":11,"href":"https:\/\/www.teresianum.net\/en\/wp-json\/wp\/v2\/pages\/2885\/revisions"}],"predecessor-version":[{"id":17667,"href":"https:\/\/www.teresianum.net\/en\/wp-json\/wp\/v2\/pages\/2885\/revisions\/17667"}],"up":[{"embeddable":true,"href":"https:\/\/www.teresianum.net\/en\/wp-json\/wp\/v2\/pages\/85"}],"wp:attachment":[{"href":"https:\/\/www.teresianum.net\/en\/wp-json\/wp\/v2\/media?parent=2885"}],"curies":[{"name":"wp","href":"https:\/\/api.w.org\/{rel}","templated":true}]}}