{"id":2877,"date":"2015-12-06T08:25:15","date_gmt":"2015-12-06T07:25:15","guid":{"rendered":"http:\/\/www.teresianum.net\/?page_id=2877"},"modified":"2023-07-07T12:00:44","modified_gmt":"2023-07-07T10:00:44","slug":"cts22-gesu-cristo-il-risorto-chiave-della-teologia-spirituale","status":"publish","type":"page","link":"https:\/\/www.teresianum.net\/en\/corso-di-teologia-spirituale\/curriculum-di-studio\/cts22-gesu-cristo-il-risorto-chiave-della-teologia-spirituale\/","title":{"rendered":"CTS22 Ges\u00f9 Cristo il Risorto: chiave della Teologia Spirituale"},"content":{"rendered":"<p class=\"qtranxs-available-languages-message qtranxs-available-languages-message-en\"> <p><span style=\"color: #386290;\"><em>Docente:<\/em> Prof. <span style=\"color: #333333;\"><span style=\"color: #333399;\"><\/span><\/span><\/span><\/p>\n<p style=\"text-align: justify;\">\u00a0<\/p>\n<p style=\"text-align: justify;\"><strong>Giustificazione<br \/>\n<\/strong>L\u2019Istituto di Spiritualit\u00e0 del <em>Teresianum<\/em> crede e propone che la chiave e la possibilit\u00e0 ultima della teologia spirituale \u00e8 il Cristo Risorto.<\/p>\n<p style=\"text-align: justify;\"><strong>Obiettivi<br \/>\n<\/strong>Vogliamo esplorare insieme il mistero di Cristo, vivo e presente nella Chiesa, come fonte di vita spirituale e forma della trasformazione dell\u2019uomo.<\/p>\n<p style=\"text-align: justify;\"><strong>Contenuti<br \/>\n<\/strong>Esaminiamo il significato della risurrezione di Cristo per la nostra visione di Dio e dell\u2019uomo;\u00a0la vitalit\u00e0 permanente dei misteri della vita terrena di Ges\u00f9;\u00a0la incidenza del Cristo Risorto nella nostra vita;\u00a0l\u2019incontro con Lui nella preghiera, nella Eucaristia, nella missione, e nella morte;\u00a0la fede nel Risorto in un mondo pluralistico.<\/p>\n<p style=\"text-align: justify;\"><strong>Metodologia<br \/>\n<\/strong>Una serie di lezioni frontali, con esperienze interattive (in italiano o in inglese).<\/p>\n<p style=\"text-align: justify;\"><strong>Criteri di valutazione<br \/>\n<\/strong>Un esame finale orale.<\/p>\n<p style=\"text-align: justify;\"><strong>Distribuzione del tempo di lavoro<br \/>\n<\/strong>La maggior parte delle ore a disposizione verranno utilizzate per lezioni frontali, riservando un congruo tempo ai lavori interattivi.<\/p>\n<p style=\"text-align: justify;\"><strong>Bibliografia<br \/>\n<\/strong>Dispensa di testi scelti (da Leone Magno, Teresa di Ges\u00f9, Giovanni della Croce, John Henry Newman);<\/p>\n<ul>\n<li style=\"text-align: justify;\">BENEDETTO XVI,<em> Spe Salv<\/em>i, LEV, Roma 2007;<\/li>\n<li style=\"text-align: justify;\">BENEDETTO XVI, <em>Ges\u00f9 di Nazaret, I &amp; II<\/em>, LEV, Roma 2007, 2011;<\/li>\n<li style=\"text-align: justify;\">H. U. VON BALTHASAR, <em>Nella Preghiera di Dio<\/em>, Jaca Book, Milano 1997;<\/li>\n<li style=\"text-align: justify;\">M. BORDONI, <em>Christus Omnium Redemptor,<\/em> LEV, Roma 2010;<\/li>\n<li style=\"text-align: justify;\">A.\u00a0COZZI, <em>Ges\u00f9 Cristo tra le religioni Cittadella<\/em>, Assisi, 2005;<\/li>\n<li style=\"text-align: justify;\">E. GALLI, <em>Il mistero del Figlio nei suoi misteri<\/em>,<em>\u00a0<\/em> Casa Editrice Miscellanea Franciscana 2015;<\/li>\n<li style=\"text-align: justify;\">A. KELLY, <em>The Resurrection Effect<\/em>, Orbis, New York 2008;<\/li>\n<li style=\"text-align: justify;\">L. F. LADARIA, <em>Ges\u00f9 Cristo Salvezza di Tutti,<\/em> EDB 2009;<\/li>\n<li style=\"text-align: justify;\">M. MCINTOSH, <em>Mystical Theology,<\/em> Blackwell, Oxford 1998;\u00a0<\/li>\n<li style=\"text-align: justify;\">B. SESBO\u00dc\u00c9 <em>J\u00e9sus-Christ dans la tradition de l\u2019\u00c9glise,<\/em> Descl\u00e9e 2000.<\/li>\n<\/ul>","protected":false},"excerpt":{"rendered":"<p>Docente: Prof. \u00a0 Giustificazione L\u2019Istituto di Spiritualit\u00e0 del Teresianum crede e propone che la chiave e la possibilit\u00e0 ultima della [&hellip;]<\/p>\n","protected":false},"author":2,"featured_media":0,"parent":9108,"menu_order":0,"comment_status":"closed","ping_status":"closed","template":"","meta":{"footnotes":""},"_links":{"self":[{"href":"https:\/\/www.teresianum.net\/en\/wp-json\/wp\/v2\/pages\/2877"}],"collection":[{"href":"https:\/\/www.teresianum.net\/en\/wp-json\/wp\/v2\/pages"}],"about":[{"href":"https:\/\/www.teresianum.net\/en\/wp-json\/wp\/v2\/types\/page"}],"author":[{"embeddable":true,"href":"https:\/\/www.teresianum.net\/en\/wp-json\/wp\/v2\/users\/2"}],"replies":[{"embeddable":true,"href":"https:\/\/www.teresianum.net\/en\/wp-json\/wp\/v2\/comments?post=2877"}],"version-history":[{"count":17,"href":"https:\/\/www.teresianum.net\/en\/wp-json\/wp\/v2\/pages\/2877\/revisions"}],"predecessor-version":[{"id":2880,"href":"https:\/\/www.teresianum.net\/en\/wp-json\/wp\/v2\/pages\/2877\/revisions\/2880"}],"up":[{"embeddable":true,"href":"https:\/\/www.teresianum.net\/en\/wp-json\/wp\/v2\/pages\/9108"}],"wp:attachment":[{"href":"https:\/\/www.teresianum.net\/en\/wp-json\/wp\/v2\/media?parent=2877"}],"curies":[{"name":"wp","href":"https:\/\/api.w.org\/{rel}","templated":true}]}}