{"id":2829,"date":"2015-12-02T09:13:45","date_gmt":"2015-12-02T08:13:45","guid":{"rendered":"http:\/\/www.teresianum.net\/?page_id=2829"},"modified":"2025-06-29T12:25:49","modified_gmt":"2025-06-29T10:25:49","slug":"tp1430-patrologia","status":"publish","type":"page","link":"https:\/\/www.teresianum.net\/en\/ciclo-istituzionale-di-teologia\/curriculum-di-studio-ciclo-istituzionale\/tp1430-patrologia\/","title":{"rendered":"TP1430 Patrologia"},"content":{"rendered":"<p class=\"qtranxs-available-languages-message qtranxs-available-languages-message-en\"> <p><span style=\"color: #386290;\"><em>Docente<\/em>:<\/span> <span style=\"color: #537aa6;\">Prof.\u00a0<\/span><a target=\"_blank\" href=\"\/persone\/corpo-docente\/VALERY-BITAR\/\">VAL\u00c9RY BITAR<\/a>\n<p style=\"text-align: justify;\">\u00a0<\/p>\n<p style=\"text-align: justify;\"><strong>Giustificazione<\/strong><\/p>\n<p style=\"text-align: justify;\">Lo studio dei Padri della Chiesa d\u00e0 l\u2019accesso a una ricchezza dottrinale e spirituale fondamentale per la formazione teologica. I Padri sono considerati i testimoni della Tradizione; offrono agli studiosi di teologia un metodo luminoso e sicuro caratterizzato da un ricorso continuo alla Sacra Scrittura, uno sforzo di inculturazione dell\u2019originalit\u00e0 del messaggio cristiano, nella difesa della fede e l\u2019esperienza del divino. Inoltre, gli scritti dei Padri racchiudono una ricchezza culturale, spirituale e apostolica indispensabile.<\/p>\n<p style=\"text-align: justify;\"><strong>Obiettivi<\/strong><\/p>\n<p style=\"text-align: justify;\">Lo scopo del corso \u00e8 di aiutare lo studente ad approfondire il contesto ecclesiastico dei Padri; conoscere la vita, gli scritti e la dottrina dei Padri e degli scrittori ecclesiastici dell\u2019antichit\u00e0 cristiana; prendere contatto con le fonti; acquisire una familiarit\u00e0 con i testi patristici e una capacit\u00e0, anche elementare, di analizzare i testi.<\/p>\n<p style=\"text-align: justify;\"><strong>Contenuti<\/strong><\/p>\n<ul>\n<li>I Padri Apostolici: Didach\u00e8, Clemente Romano, Ignazio di Antiochia, Erma, Policarpo.<\/li>\n<li>Gli Apologisti del II secolo.<\/li>\n<li>Ireneo e la sfida gnostica.<\/li>\n<li>I Padri Africani: Ippolito, Tertulliano, Cipriano, Novaziano.<\/li>\n<li>I Padri Alessandrini: Clemente e Origene.<\/li>\n<li>La crisi ariana: Atanasio e Ilario di Poitiers.<\/li>\n<li>I Padri Cappadoci: Basilio, Gregorio di Nazianzo e Gregorio di Nissa.<\/li>\n<li>I Padri dell\u2019Occidente: Ambrogio, Girolamo e Agostino.<\/li>\n<li>I Padri siro-antiocheni: Cirillo di Gerusalemme, Giovanni Crisostomo, Efrem il siro.<\/li>\n<li>La controversia cristologica: Cirillo di Alessandria, Nestorio, Teodoreto di Cirro, Leone I.<\/li>\n<li style=\"text-align: justify;\">La fine dell\u2019epoca patristica: Gregorio I, Massimo il confessore, Isidoro di Siviglia, Giovanni damasceno.<\/li>\n<\/ul>\n<p style=\"text-align: justify;\"><strong>Metodologia<\/strong><\/p>\n<p style=\"text-align: justify;\">Insegnamento frontale, lettura e analisi dei testi.<\/p>\n<p style=\"text-align: justify;\"><strong>Criteri di valutazione<\/strong><\/p>\n<p style=\"text-align: justify;\">Esame orale e presentazione di un\u2019opera patristica.<\/p>\n<p style=\"text-align: justify;\"><strong>Bibliografia<\/strong><\/p>\n<ul>\n<li>Altaner, B., <em>Patrologia<\/em>, Casale Monferrato 1977<sup>7<\/sup>.<\/li>\n<li>Bosio, G. \u2013 Dal Covolo, E. \u2013 Maritano, M., <em>Introduzione ai Padri della Chiesa<\/em>, I-VI, Strumenti della \u201cCorona Patrum\u201d 1-6, Torino 1990-1999.<\/li>\n<li>Cattaneo, E. \u2013 <em>al<\/em>., Patres Ecclesiae<em>. Una introduzione alla teologia dei Padri della Chiesa<\/em>, O\u00ed Chr\u00edst\u00edano\u00ed 5, Trapani 2008.<\/li>\n<li>Drobner, H. R., <em>Patrologia<\/em>, Casale Monferrato 1998.<\/li>\n<li>A. Di Berardino \u2013 G. Fedalto \u2013 M. Simonetti, ed., <em>Letteratura Patristica<\/em>, Dizionari San Paolo, Cinisello Balsamo 2007.<\/li>\n<li>Moreschini, C. \u2013 Norelli, E., <em>Storia della letteratura cristiana antica greca e latina. Da Paolo all\u2019et\u00e0 costantiniana, <\/em>I,<em> Dal concilio di Nicea a Gerolamo, <\/em>II,<em> Da Agostino agli inizi del Medioevo<\/em>, III, Brescia 2019-2021<sup>2<\/sup>.<\/li>\n<li><em>Nuovo Dizionario patristico e di antichit\u00e0 cristiane<\/em>, I-III, A. Di Berardino, ed., Genova-Milano 2006-2008<sup>2<\/sup>.<\/li>\n<li>Piras, A., <em>Storia della letteratura patristica. Dalle origini ad Agostino<\/em>, Cagliari 2019<sup>3<\/sup>.<\/li>\n<li>Quasten, J. \u2013 Di Berardino, A., <em>Patrologia<\/em>, I-V, Torino-Genova 1973-2000.<\/li>\n<\/ul>","protected":false},"excerpt":{"rendered":"<p>Docente: Prof.\u00a0 \u00a0 Giustificazione Lo studio dei Padri della Chiesa d\u00e0 l\u2019accesso a una ricchezza dottrinale e spirituale fondamentale per [&hellip;]<\/p>\n","protected":false},"author":2,"featured_media":0,"parent":85,"menu_order":0,"comment_status":"closed","ping_status":"closed","template":"","meta":{"footnotes":""},"_links":{"self":[{"href":"https:\/\/www.teresianum.net\/en\/wp-json\/wp\/v2\/pages\/2829"}],"collection":[{"href":"https:\/\/www.teresianum.net\/en\/wp-json\/wp\/v2\/pages"}],"about":[{"href":"https:\/\/www.teresianum.net\/en\/wp-json\/wp\/v2\/types\/page"}],"author":[{"embeddable":true,"href":"https:\/\/www.teresianum.net\/en\/wp-json\/wp\/v2\/users\/2"}],"replies":[{"embeddable":true,"href":"https:\/\/www.teresianum.net\/en\/wp-json\/wp\/v2\/comments?post=2829"}],"version-history":[{"count":11,"href":"https:\/\/www.teresianum.net\/en\/wp-json\/wp\/v2\/pages\/2829\/revisions"}],"predecessor-version":[{"id":93147,"href":"https:\/\/www.teresianum.net\/en\/wp-json\/wp\/v2\/pages\/2829\/revisions\/93147"}],"up":[{"embeddable":true,"href":"https:\/\/www.teresianum.net\/en\/wp-json\/wp\/v2\/pages\/85"}],"wp:attachment":[{"href":"https:\/\/www.teresianum.net\/en\/wp-json\/wp\/v2\/media?parent=2829"}],"curies":[{"name":"wp","href":"https:\/\/api.w.org\/{rel}","templated":true}]}}