{"id":2820,"date":"2015-12-02T08:54:34","date_gmt":"2015-12-02T07:54:34","guid":{"rendered":"http:\/\/www.teresianum.net\/?page_id=2820"},"modified":"2020-07-18T17:34:33","modified_gmt":"2020-07-18T15:34:33","slug":"tp1312-teologia-morale-fondamentale-ii","status":"publish","type":"page","link":"https:\/\/www.teresianum.net\/en\/ciclo-istituzionale-di-teologia\/curriculum-di-studio-ciclo-istituzionale\/tp1312-teologia-morale-fondamentale-ii\/","title":{"rendered":"TP1312 Teologia morale fondamentale II"},"content":{"rendered":"<p class=\"qtranxs-available-languages-message qtranxs-available-languages-message-en\"> <p><span style=\"color: #000000;\"><em>Docente<\/em>: Prof. <\/span><\/p>\n<p>&nbsp;<\/p>\n<p style=\"text-align: justify;\"><strong>Giustificazione<\/strong><\/p>\n<p style=\"text-align: justify;\">\u00c8 importante capire in base a quale principio morale si pu\u00f2 stabilire ci\u00f2 che \u00e8 moralmente buono e ci\u00f2 che \u00e8 moralmente cattivo. La seconda parte del corso di Teologia Morale Fondamentale si propone di presentare i principi fondamentali di teologia morale.<\/p>\n<p style=\"text-align: justify;\"><strong>Obiettivi<\/strong><\/p>\n<p style=\"text-align: justify;\">Offrire agli studenti una comprensione generale dei principi morali considerati alla luce della fede cristiana.<\/p>\n<p style=\"text-align: justify;\"><strong>Contenuti<\/strong><\/p>\n<p style=\"text-align: justify;\">La coscienza come norma soggettiva della vita morale: la coscienza nella Sacra Scrittura, la divisione della coscienza, la libert\u00e0 e l&#8217;impegno della coscienza; atti umani: il concetto e la natura degli atti umani, gli impedimenti agli atti umani, i fattori che definiscono la moralit\u00e0 degli atti umani, il principio del duplice effetto, l&#8217;opzione fondamentale; il peccato: l&#8217;azione moralmente cattiva: il peccato secondo la Sacra Scrittura, triplice dimensioni del peccato, la divisione, le sorgenti del peccato.<\/p>\n<p style=\"text-align: justify;\"><strong>Metodologia<\/strong><\/p>\n<p style=\"text-align: justify;\">Lezioni, letture complementari dei documenti della Chiesa, discussione con esempi pratici. Lavoro scritto sul tema scelto dal docente.<\/p>\n<p style=\"text-align: justify;\"><strong>Criteri di valutazione<\/strong><\/p>\n<p style=\"text-align: justify;\">Esame orale.<\/p>\n<p style=\"text-align: justify;\"><strong>Bibliografia<\/strong><\/p>\n<ul>\n<li>GIOVANNI PAOLO II, Lettera enciclica <em>Veritatis Splendor<\/em>, Libreria Editrice Vaticana, Citt\u00e0 del Vaticano 1993.<\/li>\n<li>A. G\u00dcNTH\u00d6R, <em>Chiamata e risposta<\/em>, I, Edizioni Paoline, Alba 1974.<\/li>\n<li>H. PESCHKE, <em>Etica Cristiana<\/em>, I, Pont. Universit\u00e0 Urbaniana, Roma 1986.<\/li>\n<li>H. WEBER, <em>Teologia morale generale<\/em>, San Paolo, Torino 1996.<\/li>\n<\/ul>","protected":false},"excerpt":{"rendered":"<p>Docente: Prof. &nbsp; Giustificazione \u00c8 importante capire in base a quale principio morale si pu\u00f2 stabilire ci\u00f2 che \u00e8 moralmente [&hellip;]<\/p>\n","protected":false},"author":2,"featured_media":0,"parent":85,"menu_order":0,"comment_status":"closed","ping_status":"closed","template":"","meta":{"footnotes":""},"_links":{"self":[{"href":"https:\/\/www.teresianum.net\/en\/wp-json\/wp\/v2\/pages\/2820"}],"collection":[{"href":"https:\/\/www.teresianum.net\/en\/wp-json\/wp\/v2\/pages"}],"about":[{"href":"https:\/\/www.teresianum.net\/en\/wp-json\/wp\/v2\/types\/page"}],"author":[{"embeddable":true,"href":"https:\/\/www.teresianum.net\/en\/wp-json\/wp\/v2\/users\/2"}],"replies":[{"embeddable":true,"href":"https:\/\/www.teresianum.net\/en\/wp-json\/wp\/v2\/comments?post=2820"}],"version-history":[{"count":11,"href":"https:\/\/www.teresianum.net\/en\/wp-json\/wp\/v2\/pages\/2820\/revisions"}],"predecessor-version":[{"id":17656,"href":"https:\/\/www.teresianum.net\/en\/wp-json\/wp\/v2\/pages\/2820\/revisions\/17656"}],"up":[{"embeddable":true,"href":"https:\/\/www.teresianum.net\/en\/wp-json\/wp\/v2\/pages\/85"}],"wp:attachment":[{"href":"https:\/\/www.teresianum.net\/en\/wp-json\/wp\/v2\/media?parent=2820"}],"curies":[{"name":"wp","href":"https:\/\/api.w.org\/{rel}","templated":true}]}}