{"id":2786,"date":"2015-11-30T09:48:05","date_gmt":"2015-11-30T08:48:05","guid":{"rendered":"http:\/\/www.teresianum.net\/?page_id=2786"},"modified":"2022-09-16T16:18:34","modified_gmt":"2022-09-16T14:18:34","slug":"sp1026-forme-di-vita-cristiana-laicale-sacerdotale-e-consacrata","status":"publish","type":"page","link":"https:\/\/www.teresianum.net\/en\/specializzazione-in-teologia-spirituale\/ciclo-per-la-licenza-ts\/curriculum-di-studio\/sp1026-forme-di-vita-cristiana-laicale-sacerdotale-e-consacrata\/","title":{"rendered":"SP1026 Forme di vita cristiana: laicale, sacerdotale e consacrata"},"content":{"rendered":"<p class=\"qtranxs-available-languages-message qtranxs-available-languages-message-en\"> <p><em>Docente<\/em>: Prof. \n<p>&nbsp;<\/p>\n<p style=\"text-align: justify;\"><strong>Giustificazione<\/strong><\/p>\n<p style=\"text-align: justify;\">Il corso intende esaminare in che modo la comune vocazione alla santit\u00e0 pu\u00f2 esplicitarsi e realizzarsi nelle diverse forme di vita cristiana, da quella pi\u00f9 comune del laicato a quelle di particolare consacrazione, ministeriale o religiosa.<\/p>\n<p style=\"text-align: justify;\"><strong>Contenuti<\/strong><\/p>\n<p style=\"text-align: justify;\">Alla luce della Parola di Dio, del Magistero pi\u00f9 recente e della teologia si illustreranno i principali aspetti del cammino spirituale dei laici, dei ministri ordinati e dei consacrati a partire dalla comune vocazione e consacrazione battesimale.<\/p>\n<p style=\"text-align: justify;\"><strong>Metodologia<\/strong><\/p>\n<p style=\"text-align: justify;\">I contenuti offerti nelle lezioni frontali saranno sviluppati nello studio personale. Ci si avvarr\u00e0 della proiezione di diapositive e di testi proposti per l\u2019approfondimento e la discussione.<\/p>\n<p style=\"text-align: justify;\"><strong>Criteri di valutazione<\/strong><\/p>\n<p style=\"text-align: justify;\">Gli studenti dovranno dimostrare di essersi appropriati delle tematiche proposte in modo critico e di essere capaci di discuterne. L\u2019esame potr\u00e0 essere svolto a scelta in modo orale oppure con un elaborato di 15 pagine il cui argomento dovr\u00e0 essere concordato con il docente.<\/p>\n<p style=\"text-align: justify;\"><strong>Bibliografia<\/strong><\/p>\n<p style=\"text-align: justify;\">I principali documenti del magistero relativi alle tematiche trattate.<br \/>\nDIANICH, S. (ed.), <em>Laici e laicit\u00e0 nella Chiesa<\/em>, Brescia 1987.<br \/>\nDIANICH, S., <em>Teologia del ministero ordinato. Una interpretazione ecclesiologica<\/em>, Cinisello Balsamo, 1993.<br \/>\nGRESHAKE, G., <em>Essere preti in questo tempo. Teologia &#8211; Prassi pastorale &#8211; Spiritualit\u00e0<\/em>, Queriniana, Brescia 2008.<br \/>\nMILITELLO, C., <em>I laici dopo il Concilio, quale autonomia?<\/em>, Bologna 2012.<br \/>\nO\u2019CALLAGHAN, P., \u00abGli stati di vita del cristiano, Riflessioni su un\u2019opera di Hans Urs von Balthasar\u00bb, in <em>Annales Theologici<\/em> 31 (2007), pp. 61-100.<br \/>\nPIGNA A., <em>La vita consacrata. Trattato di teologia e spiritualit\u00e0<\/em>,1, Roma 2002.<br \/>\nVON BALTHASAR, H.U., <em>Gli stati di vita del cristiano<\/em>, Milano 1985 (2<sup>a<\/sup> ed. Milano 2017).<br \/>\nAltra bibliografia sar\u00e0 indicata durante le lezioni.<\/p>","protected":false},"excerpt":{"rendered":"<p>Docente: Prof. &nbsp; Giustificazione Il corso intende esaminare in che modo la comune vocazione alla santit\u00e0 pu\u00f2 esplicitarsi e realizzarsi [&hellip;]<\/p>\n","protected":false},"author":2,"featured_media":0,"parent":20526,"menu_order":23,"comment_status":"closed","ping_status":"closed","template":"","meta":{"footnotes":""},"_links":{"self":[{"href":"https:\/\/www.teresianum.net\/en\/wp-json\/wp\/v2\/pages\/2786"}],"collection":[{"href":"https:\/\/www.teresianum.net\/en\/wp-json\/wp\/v2\/pages"}],"about":[{"href":"https:\/\/www.teresianum.net\/en\/wp-json\/wp\/v2\/types\/page"}],"author":[{"embeddable":true,"href":"https:\/\/www.teresianum.net\/en\/wp-json\/wp\/v2\/users\/2"}],"replies":[{"embeddable":true,"href":"https:\/\/www.teresianum.net\/en\/wp-json\/wp\/v2\/comments?post=2786"}],"version-history":[{"count":10,"href":"https:\/\/www.teresianum.net\/en\/wp-json\/wp\/v2\/pages\/2786\/revisions"}],"predecessor-version":[{"id":23474,"href":"https:\/\/www.teresianum.net\/en\/wp-json\/wp\/v2\/pages\/2786\/revisions\/23474"}],"up":[{"embeddable":true,"href":"https:\/\/www.teresianum.net\/en\/wp-json\/wp\/v2\/pages\/20526"}],"wp:attachment":[{"href":"https:\/\/www.teresianum.net\/en\/wp-json\/wp\/v2\/media?parent=2786"}],"curies":[{"name":"wp","href":"https:\/\/api.w.org\/{rel}","templated":true}]}}