{"id":26545,"date":"2025-02-12T09:50:58","date_gmt":"2025-02-12T08:50:58","guid":{"rendered":"https:\/\/www.teresianum.net\/?page_id=26545"},"modified":"2025-03-19T18:17:54","modified_gmt":"2025-03-19T17:17:54","slug":"66-settimana-di-spiritualita","status":"publish","type":"page","link":"https:\/\/www.teresianum.net\/en\/66-settimana-di-spiritualita\/","title":{"rendered":"66\u00b0 Settimana di Spiritualit\u00e0"},"content":{"rendered":"<p class=\"qtranxs-available-languages-message qtranxs-available-languages-message-en\"> <p><a href=\"https:\/\/www.teresianum.net\/wp-content\/uploads\/2025\/01\/A4.jpg\"><img loading=\"lazy\" decoding=\"async\" class=\"size-large wp-image-26595 aligncenter\" src=\"https:\/\/www.teresianum.net\/wp-content\/uploads\/2025\/01\/A4-724x1024.jpg\" alt=\"\" width=\"724\" height=\"1024\" srcset=\"https:\/\/www.teresianum.net\/wp-content\/uploads\/2025\/01\/A4-724x1024.jpg 724w, https:\/\/www.teresianum.net\/wp-content\/uploads\/2025\/01\/A4-212x300.jpg 212w, https:\/\/www.teresianum.net\/wp-content\/uploads\/2025\/01\/A4-768x1086.jpg 768w, https:\/\/www.teresianum.net\/wp-content\/uploads\/2025\/01\/A4-600x848.jpg 600w, https:\/\/www.teresianum.net\/wp-content\/uploads\/2025\/01\/A4-1087x1536.jpg 1087w, https:\/\/www.teresianum.net\/wp-content\/uploads\/2025\/01\/A4.jpg 1132w\" sizes=\"(max-width: 724px) 100vw, 724px\" \/><\/a><\/p>\n<p><strong><em>Stelle del mare. <\/em><\/strong><strong>Con Maria pellegrini di speranza<\/strong><\/p>\n<p style=\"text-align: justify;\">\u00abNon \u00e8 un caso che la piet\u00e0 popolare continui a invocare la Vergine Santa come\u00a0<em>Stella maris<\/em>, un titolo espressivo della speranza certa che nelle burrascose vicende della vita la Madre di Dio viene in nostro aiuto, ci sorregge e ci invita ad avere fiducia e a continuare a sperare\u00bb: queste parole tratte dalla bolla di indizione del Giubileo 2025 <em>Pellegrini di speranza<\/em> risuonano particolarmente familiari per l\u2019Ordine del Carmelo, che da secoli canta Maria con il poetico epiteto <em>Stella maris<\/em> nel suo inno <em>Flos Carmeli<\/em> \u2014 non per devozione convenzionale ma per aver fortemente sperimentato la sua protezione nei marosi in cui i propri giorni sembravano esauriti. Da allora, un segno di affetto materno (quale lo scapolare, o la splendida collana donata a Teresa d\u2019Avila) simboleggia una speranza ricevuta da Maria per divenire a sua volta speranza condivisa con moltissimi altri.<\/p>\n<p style=\"text-align: justify;\">Oggi in questo mondo sull\u2019orlo di un abisso, Maria stella del mare sempre torna a splendere non solo per infondere speranza in tanti cammini spirituali interrotti ma anche perch\u00e9 questi cammini tornino a brillare e riverberare speranza per altri compagni di viaggio: come questo pellegrinaggio <em>di speranze<\/em> sia avvenuto e di nuovo possa avvenire ci pare degno di studio approfondito e di meravigliata contemplazione, insieme.<\/p>\n<p style=\"text-align: justify;\">Intento di questa Settimana di spiritualit\u00e0, in felice concomitanza con l\u2019anno giubilare, sar\u00e0 pertanto quello di metterci in pellegrinaggio con Maria, custodendo e meditando nel cuore (Lc 2,19) i molteplici aspetti della speranza in Cristo, riflessi nella vita del popolo di Dio (Mt 5,14; Gv 12,36; Fil 2,15; 2Pt 1,19), secondo i vari nuclei tematici che connoteranno le giornate delle conferenze: tema liturgico-artistico (luned\u00ec 10 marzo); tema antropologico-carmelitano (marted\u00ec 11 marzo); tema ecumenico-patristico (mercoled\u00ec 12 marzo); tema carismatico-pastorale (gioved\u00ec 13 marzo).<\/p>\n<p style=\"text-align: justify;\">Affinch\u00e9 come Maria tutti possiamo essere \u00abstelle del mare\u00bb, perch\u00e9 \u00abla speranza trova nella\u00a0Madre di Dio\u00a0la pi\u00f9 alta testimone. In lei vediamo come la speranza non sia fatuo ottimismo, ma dono di grazia nel realismo della vita\u00bb (<em>Spes non confundit <\/em>24); e perch\u00e9 \u00abLa Chiesa sa perfettamente che il suo messaggio \u00e8 in armonia con le aspirazioni pi\u00f9 segrete del cuore umano quando essa difende la dignit\u00e0 della vocazione umana, e cos\u00ec ridona la speranza a quanti ormai non osano pi\u00f9 credere alla grandezza del loro destino\u00bb (<em>Gaudium et spes<\/em> 21).<\/p>\n<p><strong>Programma:<br \/>\n<\/strong>9-13 marzo 2025 (I settimana di Quaresima)<br \/>\nOrario delle conferenze:<br \/>\nDomenica: ore 16-18<br \/>\nLuned\u00ec-gioved\u00ec: ore 17-19<\/p>\n<p><strong>Domenica 9: prolusione inaugurale; vespri solenni<br \/>\n<\/strong>Miguel M\u00e1rquez Calle (Preposito Generale OCD)<br \/>\n<em>Mistica e mariologia: alcune note sul Magnificat<\/em><\/p>\n<p><strong>Luned\u00ec 10: tema liturgico-artistico<br \/>\n<\/strong>Val\u00e9ry Bitar, OCD (Pontificia Facolt\u00e0 Teologica Teresianum)<br \/>\n<em>In Maria \u201csperanza e aurora di salvezza\u201d la Chiesa celebra nella liturgia la propria speranza<br \/>\n<\/em>Yvonne Dohna Schlobitten (Pontificia Universit\u00e0 Gregoriana)<br \/>\n<em>Contemplando la Madonna sistina. Una teologia spirituale della fiducia<\/em><\/p>\n<p><strong>Marted\u00ec 11: tema antropologico-carmelitano<br \/>\n<\/strong>Adrian Attard, OCD (Pontificia Facolt\u00e0 Teologica Teresianum)<br \/>\n<em>Maria\u00a0\u201csignum certae spei\u201d. Il realismo teologico del paradigma mariano<br \/>\n<\/em>Iacopo Iadarola, OCD (Pontificia Facolt\u00e0 Teologica Teresianum)<br \/>\n<em>\u201cVe, que la Virgen te espera\u201d. <\/em><em>Maria motivo di speranza agli albori del Carmelo teresiano<\/em><\/p>\n<p><strong>Mercoled\u00ec 12: tema ecumenico-patristico<br \/>\n<\/strong>Pastore Pawel Gajewski (Facolt\u00e0 Valdese di Teologia)<br \/>\n<em>Maria di Nazaret: al servizio della parola di Dio per testimoniare la speranza. Un omaggio al teologo valdese Giovanni Miegge (1900-1961)<br \/>\n<\/em>S.E. Mons. Manuel Nin (Esarca apostolico di Grecia)<br \/>\n<em>La Madre di Dio nella tradizione delle Chiese Siriache<\/em><\/p>\n<p><strong>Gioved\u00ec 13: tema carismatico-pastorale; rinfresco conclusivo<br \/>\n<\/strong>Daniela Del Gaudio, SFI (Pontificia Academia Mariana Internationalis)<br \/>\n<em>Le mariofanie segno di speranza per il mondo<br \/>\n<\/em>Don Fabio Rosini (Pontificia Universit\u00e0 della Santa Croce)<br \/>\n<em>La profezia di Simeone a Maria e la consegna della speranza alle nuove generazioni<\/em><\/p>\n<p>&nbsp;<\/p>\n<p>\u00c8 possibile, per chi venisse da fuori Roma e volesse usufruire delle mattine libere per i pellegrinaggi giubilari, prenotarsi presso la foresteria del <em>Teresianum<\/em> con possibilit\u00e0 di vitto e alloggio, fino a esaurimento posti (<strong><a href=\"https:\/\/form.jotform.com\/243034293093049\">compilando questo form<\/a><\/strong>).<\/p>\n<p><strong><a href=\"https:\/\/www.teresianum.net\/?wpdmdl=26589\">Qui<\/a><\/strong> si pu\u00f2 scaricare la locandina.<\/p>\n<p style=\"text-align: justify;\"><strong>La partecipazione alla\u00a0<em>Settimana di Spiritualit\u00e0<\/em> \u00e8 libera e gratuita, tuttavia invitiamo chi vorr\u00e0 partecipare a iscriversi <em>on-line<\/em> compilando il modulo sottostante. Le conferenze avranno luogo nell\u2019Aula Magna della Facolt\u00e0; non saranno trasmesse in <em>streaming <\/em>\u00a0(le videoregistrazioni verranno successivamente pubblicate sul canale youtube del <em>Teresianum<\/em>).<\/strong><\/p>","protected":false},"excerpt":{"rendered":"<p>Stelle del mare. Con Maria pellegrini di speranza \u00abNon \u00e8 un caso che la piet\u00e0 popolare continui a invocare la [&hellip;]<\/p>\n","protected":false},"author":1899,"featured_media":0,"parent":0,"menu_order":0,"comment_status":"closed","ping_status":"closed","template":"","meta":{"footnotes":""},"_links":{"self":[{"href":"https:\/\/www.teresianum.net\/en\/wp-json\/wp\/v2\/pages\/26545"}],"collection":[{"href":"https:\/\/www.teresianum.net\/en\/wp-json\/wp\/v2\/pages"}],"about":[{"href":"https:\/\/www.teresianum.net\/en\/wp-json\/wp\/v2\/types\/page"}],"author":[{"embeddable":true,"href":"https:\/\/www.teresianum.net\/en\/wp-json\/wp\/v2\/users\/1899"}],"replies":[{"embeddable":true,"href":"https:\/\/www.teresianum.net\/en\/wp-json\/wp\/v2\/comments?post=26545"}],"version-history":[{"count":14,"href":"https:\/\/www.teresianum.net\/en\/wp-json\/wp\/v2\/pages\/26545\/revisions"}],"predecessor-version":[{"id":51229,"href":"https:\/\/www.teresianum.net\/en\/wp-json\/wp\/v2\/pages\/26545\/revisions\/51229"}],"wp:attachment":[{"href":"https:\/\/www.teresianum.net\/en\/wp-json\/wp\/v2\/media?parent=26545"}],"curies":[{"name":"wp","href":"https:\/\/api.w.org\/{rel}","templated":true}]}}