{"id":25993,"date":"2024-09-08T11:37:10","date_gmt":"2024-09-08T09:37:10","guid":{"rendered":"https:\/\/www.teresianum.net\/?page_id=25993"},"modified":"2024-09-20T16:44:32","modified_gmt":"2024-09-20T14:44:32","slug":"diego-elias-arfuch","status":"publish","type":"page","link":"https:\/\/www.teresianum.net\/en\/persone\/corpo-docente\/diego-elias-arfuch\/","title":{"rendered":"Diego Elias ARFUCH"},"content":{"rendered":"<p class=\"qtranxs-available-languages-message qtranxs-available-languages-message-en\"> <p>&nbsp;<\/p>\n<p style=\"text-align: justify;\"><a href=\"https:\/\/www.teresianum.net\/wp-content\/uploads\/2024\/09\/foto-D-ARFUCH_Easy-Resize.com_.jpg\"><img loading=\"lazy\" decoding=\"async\" class=\"alignleft wp-image-26190\" src=\"https:\/\/www.teresianum.net\/wp-content\/uploads\/2024\/09\/foto-D-ARFUCH_Easy-Resize.com_-300x277.jpg\" alt=\"\" width=\"140\" height=\"129\" srcset=\"https:\/\/www.teresianum.net\/wp-content\/uploads\/2024\/09\/foto-D-ARFUCH_Easy-Resize.com_-300x277.jpg 300w, https:\/\/www.teresianum.net\/wp-content\/uploads\/2024\/09\/foto-D-ARFUCH_Easy-Resize.com_-1024x945.jpg 1024w, https:\/\/www.teresianum.net\/wp-content\/uploads\/2024\/09\/foto-D-ARFUCH_Easy-Resize.com_-768x709.jpg 768w, https:\/\/www.teresianum.net\/wp-content\/uploads\/2024\/09\/foto-D-ARFUCH_Easy-Resize.com_-600x554.jpg 600w, https:\/\/www.teresianum.net\/wp-content\/uploads\/2024\/09\/foto-D-ARFUCH_Easy-Resize.com_-1536x1418.jpg 1536w, https:\/\/www.teresianum.net\/wp-content\/uploads\/2024\/09\/foto-D-ARFUCH_Easy-Resize.com_.jpg 2048w\" sizes=\"(max-width: 140px) 100vw, 140px\" \/><\/a>Pontificia Facolt\u00e0 Teologica <em>Teresianum<br \/>\n<\/em>Piazza San Pancrazio 5\/A<br \/>\n00152 Roma<br \/>\nItalia<\/p>\n<p style=\"text-align: justify;\">arfuch@teresianum.net<\/p>\n<p style=\"text-align: justify;\"><div id=\"symple-tab-8847\" class=\"symple-tabs\"><ul class=\"ui-tabs-nav symple-clearfix\"><li><a href=\"#symple-tab-persona\">Persona<\/a><\/li><li><a href=\"#symple-tab-pubblicazioni\">Pubblicazioni<\/a><\/li><li><a href=\"#symple-tab-insegnamento\">Insegnamento<\/a><\/li><\/ul>\n<p style=\"text-align: justify;\"><div id=\"symple-tab-persona\" class=\"tab-content symple-clearfix \">\n<p style=\"text-align: justify;\"><strong>Curriculum Vitae<\/strong><\/p>\n<p style=\"text-align: justify;\">&#8211; Sacerdote della diocesi di Nueve de Julio, dal 25\u00a0aprile 2003.<br \/>\n&#8211; Membro della Compagnia di San Sulpizio (PSS).<br \/>\n&#8211; Membro associato della\u00a0 <em>Soci\u00e9t\u00e9 des Bollandistes<\/em> (Bruxelles).<br \/>\n&#8211; Membro della <em>Soci\u00e9t\u00e9 Fran\u00e7aise d\u2019\u00c9tudes Mariales<\/em> (SFEM).<br \/>\n&#8211; Professore all\u2019Istituto di Spiritualit\u00e0 <em>Teresianum<\/em>, Roma e alla Pontificia Universit\u00e0 San Tommaso d\u2019Aquino, <em>Angelicum<\/em>, Roma.<\/p>\n<p><strong>DIPLOMI<\/strong><\/p>\n<p style=\"text-align: justify;\">2001\u00a0\u00a0\u00a0 Baccalaureato in filosofia.<br \/>\n2003\u00a0\u00a0\u00a0 Baccalaureato in teologia.<br \/>\n2012\u00a0\u00a0\u00a0 Diploma in Archeologia cristiana (PIAC), Roma.<br \/>\n2012\u00a0\u00a0\u00a0 Licenza canonica in teologia, con specializzaione in teologia spirituale, Teresianum, Roma (titolo della tesina\u00a0: <em>Le cardinal de B\u00e9rulle, rhapsode de l\u2019amour, une approche de l\u2019\u00e9l\u00e9vation sur Sainte Madeleine<\/em>, sotto la direzione di F. M. L\u00e9thel, o.c.d.).<br \/>\n2013\u00a0\u00a0\u00a0 Licenza canonica in teologia, con specializzaione in teologia e scienze patristiche, Augustinianum, Roma (dissertazione su <em>Le en\u00e9rgeiai di Cristo nell\u2019epistola sinodale di san Sofronio di Gerusalemme<\/em>, sotto la guida di Mons. Carlo dell\u2019Osso e di Angelo Di Berardino, o.s.a.).<br \/>\n2014\u00a0\u00a0\u00a0 Diploma biennale in Mariologia-Marianum, Roma.<br \/>\n2017\u00a0\u00a0\u00a0 Dottorato in teologia e scienze patristiche, Augustinianum, Rome <em>(Summa cum laude)<\/em>; Doctorat en <em>Histoire et civilisations<\/em>, Angers, France (f\u00e9licitations unanimes du jury). Titolo della tesi: <em>Hagiographica et dogmatica Cypria. Studio sul cristianesimo cipriota dal secolo V al VII<\/em>. Lavoro sotto la direzione di Philippe Blaudeau e di Emanuela Prinzivalli (con la collaborazione di Alberto Camplani\u00a0; Vincent D\u00e9roche\u00a0; Rocco Ronzani, o.s.a). Professore esterno: Peter van Nuffelen (Universit\u00e9 de Ghent).<\/p>\n<p><strong>Campi di ricerca<\/strong><\/p>\n<p>Ricerche sui \u00ab318 Padri del Concilio di Nicea\u00bb (in corso).<br \/>\nRicerca sul metodo allegorico e l\u2019esegesi patristica (in corso).<br \/>\nPer la collana <em>Citt\u00e0 Nuova: <\/em>introduzione, traduzione e note<em> a Sofronio di Gerusalemme, Epistola sinodale<\/em>.<\/p>\n<p><strong>Incarichi<\/strong><\/p>\n<table style=\"border-collapse: collapse; width: 100%; height: 189px;\">\n<tbody>\n<tr style=\"height: 24px;\">\n<td style=\"width: 10.5368%; height: 24px;\">2003-2006\u00a0<\/td>\n<td style=\"width: 89.4632%; height: 24px;\">Corsi di storia e dogma, <em>Seminario di Catechesi<\/em>, Diocesi di Nueve de Julio, Argentina.<\/td>\n<\/tr>\n<tr style=\"height: 48px;\">\n<td style=\"width: 10.5368%; height: 48px;\">2007-2010<\/td>\n<td style=\"width: 89.4632%; height: 48px;\">Corsi di patrologia, storia e dogmatica, <em>Semin\u00e1rio de Crato<\/em>, Cear\u00e1, Brasile, Monastero Benedittino de Juazeiro do Norte, Brasile. <em>Seminario Nossa Senhora de Fatima<\/em>, Brasilia (Direttore academico e professore).<\/td>\n<\/tr>\n<tr style=\"height: 24px;\">\n<td style=\"width: 10.5368%; height: 24px;\">2017-2020<\/td>\n<td style=\"width: 89.4632%; height: 24px;\">Rettore de <em>l\u2019Institut de formation th\u00e9ologique de Montr\u00e9al<\/em> (IFTM), professore di storia e di teologia dogmatica.<\/td>\n<\/tr>\n<tr style=\"height: 24px;\">\n<td style=\"width: 10.5368%; height: 24px;\">2020<em>\u00a0\u00a0\u00a0\u00a0\u00a0\u00a0\u00a0\u00a0\u00a0\u00a0\u00a0\u00a0\u00a0\u00a0\u00a0 <\/em><\/td>\n<td style=\"width: 89.4632%; height: 24px;\">Professore invitato a<em> Universidade cat\u00f3lica de Rio de Janeiro<\/em> (PUC), 2020.<\/td>\n<\/tr>\n<tr style=\"height: 45px;\">\n<td style=\"width: 10.5368%; height: 45px;\">2020-2023\u00a0<\/td>\n<td style=\"width: 89.4632%; height: 45px;\">\n<p>Corsi de patristica, dogmatica e storia: <em>S\u00e9minaire Saint-Sulpice<\/em>, d\u2019Issy-les-Moulineaux.<br \/>\nProfessore invitato all\u2019<em>Institut de formation th\u00e9ologique de Montr\u00e9al <\/em>(IFTM), Canada.<br \/>\nProfessore e conferenziere al CELAM e CEBITEPAL (Conferenza episcopale per l\u2019America Latina).<\/p>\n<\/td>\n<\/tr>\n<tr style=\"height: 24px;\">\n<td style=\"width: 10.5368%; height: 24px;\">2023-\u00a0\u00a0\u00a0\u00a0\u00a0\u00a0\u00a0\u00a0\u00a0\u00a0\u00a0\u00a0\u00a0<\/td>\n<td style=\"width: 89.4632%; height: 24px;\">Professore al Pontificio Istituto <em>Teresianum<\/em>, Roma.<\/td>\n<\/tr>\n<\/tbody>\n<\/table>\n<p style=\"text-align: justify;\"><\/div>\n<div id=\"symple-tab-pubblicazioni\" class=\"tab-content symple-clearfix \">\n<p style=\"text-align: justify;\"><strong>Bibliografia selettiva<\/strong><\/p>\n<p><strong>Conferenze<\/strong><\/p>\n<ul>\n<li style=\"text-align: justify;\">&#8211;<em>Dire l\u2019ortodossia. La confessione delle\u00a0<\/em>energeiai<em>\u00a0di Cristo nell\u2019epistola sinodale di Sofronio di Gerusalemme.<\/em>Simposio University of Notre-Dame, Roma, 15 dicembre 2023.<\/li>\n<li style=\"text-align: justify;\"><em>-Quando l\u2019iconografia dice Dio. Riflessioni a partire dei mosaici ciprioti della seconda met\u00e0 del secolo IV.<\/em> L Incontro di Studiosi dell\u2019Antichit\u00e0 Cristiana, AUGUSTINIANUM 9-11 maggio 2024, Parole per dire Dio. Il linguaggio teologico nell\u2019antichit\u00e0 cristiana.<\/li>\n<li style=\"text-align: justify;\"><em>-\u201cThe relic of St Barnabas, the Western reception of the apostolicity of\u00a0Cyprus\u00a0and theLatin patristic tradition\u201d<\/em>; 7th International Conference on the Hagiography of\u00a0Cyprus\u00a0 12 and 15 May 2024, in Paralimni,\u00a0Cyprus, \u201cThe veneration of Angels, Prophets, and the Apostles in Cyprus\u201d.<\/li>\n<li style=\"text-align: justify;\">&#8211; <em>Le radici del carisma benedettino \u2013mectildiano \u2013eucaristico nel contesto storico-religioso-spirituale francese della riforma cattolica nei primi decenni del XVII secolo<\/em>, Convegno al Monastero Benedittine, Ragusa , Italia, dal 3-5 giugno 2024.<\/li>\n<li style=\"text-align: justify;\">\u00ab\u00a0Roles femeninos en los Hechos ap\u00f3crifos de los Ap\u00f3stoles de san Her\u00e1clides de Chipre\u00a0\u00bb, dans le <em>First International Conference on Early Christian Literature, Late Antique and Byzantine Hagiography<\/em>, 1-3 septembre 2021.<\/li>\n<li style=\"text-align: justify;\">\u00ab\u00a0Alessandria, contesto storico, politico e teologico\u00a0\u00bb. Conf\u00e9rence au <em>Istituto per le Scienze Religiose di Vicenza<\/em>, Italie (2 d\u00e9cembre 2021).<\/li>\n<li style=\"text-align: justify;\">\u00ab\u00a0Espiritualidad y pastoral, formaci\u00f3n permanente para sacerdotes\u00a0\u00bb, organis\u00e9 par le CELAM (4 s\u00e9ances entre octobre-novembre 2021, juillet 2022).<\/li>\n<li style=\"text-align: justify;\">\u00ab\u00a0Memoria e agiografia. Il caso di Cipro e la costruzione e trasmissione dell\u2019identit\u00e0\u00a0\u00bb, dans <em>La memoria. Forme e finalit\u00e0 del ricordare nel cristianesimo antico<\/em>, XLVIII Incontro di Studiosi dell\u2019Antichit\u00e0 Cristiana, 5-7 maggio 2022.<\/li>\n<li style=\"text-align: justify;\">\u00ab\u00a0De la Vierge-M\u00e8re \u00e0 l\u2019\u00c9glise-M\u00e8re dans la tradition byzantine\u00a0\u00bb, Colloque de la Soci\u00e9t\u00e9 fran\u00e7aise d\u2019\u00e9tudes mariales (SFEM), 22-25 ao\u00fbt 2022, Lisieux, France.<\/li>\n<li style=\"text-align: justify;\">\u00ab\u00a0Spunti per une teologia della fragilit\u00e0: annuncio della misericordia divina\u00a0\u00bb, Conferenza per la 64<sup>e<\/sup> settimana di Spiritualit\u00e0, 12-17 marzo 2023, <em>Teresianum<\/em>, Rome.<\/li>\n<li style=\"text-align: justify;\">\u201cIl ministero episcopale nella riflessione dei padri della Chiesa\u201d, Olbia, 11 settembre 2023.<\/li>\n<\/ul>\n<p style=\"text-align: justify;\"><strong>Libri<\/strong><\/p>\n<ul>\n<li><em>\u2013\u00a0Montr\u00e9al, une \u00e9pop\u00e9e mystique<\/em> (\u00e9d. et pr\u00e9sentation), Novalis, 2020, 192 p.<\/li>\n<li><em>\u2013\u00a0HAGIOGRAPHICA ET DOGMATICA CYPRIA. Estudio sobre el cristianismo chipriota del siglo V al VII en la consolidaci\u00f3n de la autocefal\u00eda<\/em>, SEA, Augustinianum-Nerbini, 2020, 680 p<em>.<\/em><\/li>\n<li><em>\u2013\u00a0La Direcci\u00f3n espiritual. Notas para la formaci\u00f3n en el acompa\u00f1amiento espiritual<\/em> (con introducci\u00f3n de Mons. Jorge Patron-Wong), CELAM, Bogot\u00e1, 2021, 295 p.<\/li>\n<li><em>\u2013\u00a0S\u00edmbolos de la Vida eterna. Las im\u00e1genes y la catequesis en las catacumbas de los primeros siglos cristianos<\/em>, ed. Paulinas, Bogot\u00e1, 2022, 248 p.<\/li>\n<li><em>\u2013<\/em> Presentaci\u00f3n y notas a los <em>Ejercicios espirituales de san Ignacio de Loyola<\/em>, ed. Santa Mar\u00eda, Buenos Aires, 2022.<\/li>\n<li><em>\u2013\u00a0Elevaciones de Pierre de B\u00e9rulle<\/em> (presentaci\u00f3n y traducci\u00f3n), ed. Santa Mar\u00eda, Buenos Aires, 2024, 192 p.<\/li>\n<li><em>\u2013\u00a0Vida de Jes\u00fas, Misterios de Mar\u00eda. Pierre de B\u00e9rulle<\/em> (presentaci\u00f3n y traducci\u00f3n), ed. Santa Mar\u00eda, Buenos Aires, 2024, 199 p.<\/li>\n<\/ul>\n<p><strong>Articoli in riviste e opere collettive<\/strong><\/p>\n<ul>\n<li style=\"text-align: justify;\">-\u00abTolerant Bishops in Proto-byzantine Cyprus: Some hagiographical Testimonies until the End of the 6th Century\u00bb, in <em>\u00d6kumenisches Forum<\/em> 43\u201346, (2021\u201324) (Graz), p. 129-148.<\/li>\n<li style=\"text-align: justify;\"><em>&#8211;\u00a0<\/em>\u00ab\u00a0Spunti per une teologia della fragilit\u00e0: annuncio della misericordia divina\u00a0nella patristica latina\u00bb, in <em>Abitare la fragilit\u00e0 conquistare la fortezza, <\/em>Istituto di spiritualit\u00e0 del Teresianum edizioni OCD, Fiamma Viva 64 (2024), Roma, p. 25-44.<\/li>\n<li style=\"text-align: justify;\"><em>&#8211;\u00a0<\/em>\u00ab\u00a0Roles femeninos en los Hechos ap\u00f3crifos de los Ap\u00f3stoles de san Her\u00e1clides de Chipre\u00a0\u00bb, dans <em>Studia Philologica Valentina <\/em>(Valencia), \u00e0 para\u00eetre.<\/li>\n<li style=\"text-align: justify;\">-\u00ab\u00a0Memoria e agiografia. Il caso di Cipro e la costruzione e trasmissione dell\u2019identit\u00e0\u00a0\u00bb, dans <em>La memoria. Forme e finalit\u00e0 del ricordare nel cristianesimo antico<\/em>, XLVIII Incontro di Studiosi dell\u2019Antichit\u00e0 Cristiana, 5-7 maggio 2022, Agustinianum-Nerbini, 2023, SEA 164, p. 321-335.<\/li>\n<li style=\"text-align: justify;\">-\u00ab\u00a0<em>Quelques t\u00e9moignages de l\u2019Antiquit\u00e9 byzantine sur l\u2019apparition du Ressuscit\u00e9 \u00e0 sa M\u00e8re<\/em>\u00bb, Colloque de la Soci\u00e9t\u00e9 fran\u00e7aise d\u2019\u00e9tudes mariales (SFEM), 22-25 ao\u00fbt 2022, Lisieux, France, \u00e9d. Abbeville 2023, p. 35-53.<\/li>\n<li style=\"text-align: justify;\"><em>&#8211;\u00a0<\/em>\u00ab\u00a0Hablar de Dios Trino desde la l\u00f3gica del amor. El <em>tratado sobre la Trinidad <\/em>de Ricardo de san V\u00edctor (1110-1173) \u00bb, in <em>May\u00e9utica <\/em>105 (2022), p. 25-40.<\/li>\n<li style=\"text-align: justify;\"><em>\u2013\u00a0<\/em>\u00ab\u00a0Entre le culte et l\u2019histoire. \u00c9chos autour de la figure d\u2019\u00c9piphane de Salamine selon l\u2019hagiographie\u00a0\u00bb, <em>Eighteenth International Conference on Patristic Studies<\/em>, Oxford, 19<sup>th<\/sup>-23<sup>rd <\/sup>August, 2019, in <em>Studia Patristica <\/em>CXXVII, 2021, p. 159-166.<\/li>\n<li style=\"text-align: justify;\"><em>\u2013\u00a0<\/em>\u00ab\u00a0Acerca de la ret\u00f3rica en la literatura cristiana primitiva. La Vida de san Pablo Ermita\u00f1o de san Jer\u00f3nimo (CPL 617)\u00a0\u00bb, in <em>Studia Monastica <\/em>62 (2020), Barcellona, p. 19-36<em>.<\/em><\/li>\n<li style=\"text-align: justify;\">\u2013\u00a0\u00ab\u00a0\u039a\u03b1\u03c4\u02bc\u03b1\u0313\u03bc\u03c6\u03bf\u03c4\u03b5\u0301\u03c1\u03bf\u03c5\u03c2 \u03c4\u03bf\u03c5\u0300\u03c2 \u03b2\u03b9\u0301\u03bf\u03c5\u03c2, ou la saintet\u00e9 malgr\u00e9 le mariage dans l\u2019hagiographie byzantine\u00a0\u00bb, dans<em> XLVII Incontro di Studiosi dell`Antichit\u00e0 Cristiana, \u00ab\u00a0Masculum et feminam creavit eos\u00a0\u00bb (Gen. 1,27), Paradigmi del maschile e femminile nel cristianesimo antico (Roma, maggio 2019), Studia Ephemeridis Augustinianum<\/em> 157, 2020, p. 567-578.<\/li>\n<li style=\"text-align: justify;\"><em>\u2013\u00a0HAGIOGRAPHICA ET DOGMATICA CYPRIA. Estudio sobre el cristianismo chipriota del siglo V al VII en la consolidaci\u00f3n de la autocefal\u00eda<\/em>, <em>Excerpta ex dissertatione ad Doctoratum in Theologia et Scientiis Patristicis consequendum<\/em>, Rome, 2018.<\/li>\n<li style=\"text-align: justify;\"><em>\u2013\u00a0<\/em>\u00ab\u00a0<em>Fiat voluntas tua<\/em>? Invadidos, \u00bf\u201cpor nuestros pecados\u201d o por \u201cla impiedad de ellos\u201d? Lecturas de las invasiones musulmanas desde Sofronio de Jerusal\u00e9n y Anastasio Sina\u00edta\u00a0\u00bb,<em> XLIV Incontro di Studiosi dell\u2019Antichit\u00e0 Cristiana, Cristianesimo e violenza\u00a0: gli autori cristiani di fronte a testi biblici \u2018scomodi\u2019 (Roma 5-7 maggio 2016), Studia Ephemeridis Augustinianum <\/em>151, 2018, p. 187-198.<\/li>\n<li style=\"text-align: justify;\"><em>\u2013\u00a0<\/em>\u00ab\u00a0Una nota sulle donne diacono nell\u2019agiografia cipriota\u00a0\u00bb, in <em>Augustinianum<\/em> 56, 2016, p. 431-437.<\/li>\n<li style=\"text-align: justify;\"><em>\u2013\u00a0<\/em>\u00ab\u00a0S\u00e3o Marcos, o le\u00e3o? Vozes da antiguidade sobre a simbologia do evangelista\u00a0\u00bb, in<em> Brasiliensis<\/em> 4, n. 7, Bras\u00edlia, 2015, p. 77-87.<\/li>\n<li style=\"text-align: justify;\"><em>\u2013\u00a0<\/em>\u00ab\u00a0Los poemas anacre\u00f3nticos para la Anunciaci\u00f3n y la Natividad de San Sofronio de Jerusal\u00e9n. Aspectos literarios y teol\u00f3gicos\u00a0\u00bb, in <em>Studia<\/em> <em>Monastica<\/em>, LVI-2, (2014), p. 221-255.<\/li>\n<li style=\"text-align: justify;\"><em>\u2013\u00a0<\/em>\u00ab\u00a0Confesar a Cristo. San Sofronio patriarca de Jerusal\u00e9n y el debate monoenergista en la Ep\u00edstola Sinodal\u00a0\u00bb, I<sup>a<\/sup> parte, in <em>Estudios<\/em> <em>Trinitarios<\/em>, Salamanca, vol. 48, n. 1\/2 (2014), p. 161-233. II<sup>a<\/sup> parte, in <em>Estudios<\/em> <em>Trinitarios<\/em>, Salamanca, Vol. 49, n. 3 (2014), p. 479-548.<\/li>\n<li style=\"text-align: justify;\">\u2013\u00a0per la <em>Brill Encyclopedia of Early Christianity<\/em>: \u00ab\u00a0Anastasius of Antioch\u00a0\u00bb; \u00ab\u00a0Anastasius of Thessalonica\u00a0\u00bb; \u00ab\u00a0Cyprus 1. History\u00a0\u00bb; \u00ab\u00a0Cyprus 2. Archeology\u00a0\u00bb; \u00ab\u00a0Cyprus 3. Councils\u00a0\u00bb; \u00ab\u00a0Cyprus 4. after 400\u00a0\u00bb.<\/li>\n<\/ul>\n<p style=\"text-align: justify;\"><strong>Altre pubblicazioni<\/strong><\/p>\n<p style=\"padding-left: 40px;\"><strong>&#8211; Libri<\/strong><\/p>\n<ul>\n<li style=\"text-align: justify;\"><em>Camino de sanaci\u00f3n y aceptaci\u00f3n interior. Se\u00f1or, te doy mi fragilidad<\/em>, Buenos Aires, Ed. Santa Mar\u00eda, janvier 2022, 96 p.<\/li>\n<li style=\"text-align: justify;\"><em>Vivre avec nos fragilit\u00e9s<\/em>, \u00e9d. Nouvelle Cit\u00e9, Francia, 2024, 124 p. (Edizione polacca, prevista per gennaio 2025).<\/li>\n<li style=\"text-align: justify;\"><em>Vivre sa foi\u00a0: lire les P\u00e8res de l\u2019\u00c9glise aujourd\u2019hui<\/em>, in corso di correzione.<\/li>\n<\/ul>\n<p style=\"padding-left: 40px;\"><strong>&#8211; Articoli<\/strong><\/p>\n<ul>\n<li style=\"text-align: justify;\">\u00ab\u00a0L\u2019\u00c9glise de Corinthe et le dynamisme entre les g\u00e9n\u00e9rations\u00a0\u00bb, in <em>Pr\u00eatres Dioc\u00e9sains<\/em>, n. 1570, mai 2021, p. 155-161.<\/li>\n<li style=\"text-align: justify;\">\u00ab\u00a0Ignace d\u2019Antioche ou le d\u00e9fi de l\u2019unit\u00e9\u00a0\u00bb, in <em>Pr\u00eatres Dioc\u00e9sains<\/em>, n. 1571, avril 2021, p.\u00a0201-206.<\/li>\n<li style=\"text-align: justify;\">\u00ab\u00a0Ignace d\u2019Antioche\u00a0ou le disciple configur\u00e9\u00a0\u00bb,\u00a0in <em>Pr\u00eatres Dioc\u00e9sains<\/em>, n. 1573, septembre-d\u00e9cembre 2021, p. 332-336.<\/li>\n<li style=\"text-align: justify;\">\u00ab\u00a0Pers\u00e9v\u00e9rer ce n\u2019est pas \u00e9vident\u2026 le t\u00e9moignage de Polycarpe\u00a0\u00bb,\u00a0in <em>Pr\u00eatres Dioc\u00e9sains<\/em>, n. 1574, janvier 2022, p. 29-35.<\/li>\n<li style=\"text-align: justify;\">\u00ab\u00a0La p\u00e9nitence, une pratique r\u00e9volue\u00a0? Hermas r\u00e9pond dans son <em>Pasteur<\/em>\u00a0\u00bb, in <em>Pr\u00eatres Dioc\u00e9sains<\/em>, n. 1575, f\u00e9vrier 2022, p. 84-93 (r\u00e9\u00e9dition dans le num\u00e9ro d\u2019ao\u00fbt-septembre 2022).<\/li>\n<li style=\"text-align: justify;\">\u00ab\u00a0Diogn\u00e8te et la conversion pastorale des \u00c9glises\u00a0\u00bb, in <em>Pr\u00eatres Dioc\u00e9sains<\/em>, n. 1581, d\u00e9cembre 2022, p. 29-35.<\/li>\n<li style=\"text-align: justify;\">\u00ab\u00a0Des \u2018deux voies\u2019 \u00e0 la voie de la synodalit\u00e9. R\u00e9flexions \u00e0 partir des \u2018Instructions (<em>Didacha\u00ed<\/em>) des ap\u00f4tres\u2019\u00a0\u00bb, in <em>Pr\u00eatres Dioc\u00e9sains<\/em>, n. 1583, f\u00e9vrier 2023, p. 62-70.<\/li>\n<\/ul>\n<p style=\"text-align: justify;\"><strong>Recensioni<\/strong><\/p>\n<ul>\n<li style=\"text-align: justify;\">Wisniewski, <em>The Beginnings of the Cult of Relics<\/em>, Oxford, University Press, 2019, 249 p., in AB 139, p. 193-194.<\/li>\n<li style=\"text-align: justify;\"><em>Storytelling in Byzantium. Narratological Approaches to Byzantine Texts and Images<\/em>, Ch. Messis-M. Mullett (\u00e9d.), <em>Studia Byzantina Upsaliensia<\/em> 19, 2018, 318 p., in AB 139, p. 199-202.<\/li>\n<li style=\"text-align: justify;\">J.-J. Olier, <em>\u00c9crits sur la Sainte Vierge<\/em>, \u00e9dition critique par B. Pitaud, Paris, Honor\u00e9 Champion, 2020, 261 p., in AB 139, p. 224-225.<\/li>\n<li style=\"text-align: justify;\">Trovato, \u00ab\u00a0Molti fedeli di Cristo morirono tra terribili pene\u00a0\u00bb, <em>Bibliografia agiografica giulianea con edizione della Passio Cyriaci<\/em> BHG 465b. Libri e Biblioteche 40, Udine, 2018, 130 p., in AB 139 (2021), p. 423-424.<\/li>\n<li style=\"text-align: justify;\">Cesaretti, B. Hamarneh, \u00ab\u00a0Testo agiografico e orizzonte visivo. Ricontestualizzare le <em>Vite<\/em> dei saloi Simeone e Andrea (BHG 1677, 115z)\u00a0\u00bb, <em>Testi e studi bizantino-neollenici XX<\/em>, Rome, 2016, 167 p., in AB 139 (2021), p. 445-447.<\/li>\n<li style=\"text-align: justify;\">Ghilardi, <em>Il santo con due piedi sinistri. Appunti sulla genesi dei corpisanti in ceroplastica<\/em>, 2019, 106 p., in AB 139 (2021), p. 454-455.<\/li>\n<li style=\"text-align: justify;\"><em>The Hagiographical Experiment. Developing Discourses of Sainthood<\/em>. \u00c9d. Christa Gray; James Corke-Webster (Supplements to <em>Vigiliae Christianae<\/em>, 158), Leiden-Boston, Brill, 2020, 346 p., in AB 140 (2022), p. 188-191.<\/li>\n<li style=\"text-align: justify;\">Monge, K.\u00a0P.\u00a0C. San Chirico, R.\u00a0J.\u00a0Smith, <em>Hagiography and religious Truth. Case Studies in the Abrahamic and Dharmic Traditions<\/em>, London, 2016, 265 p., in AB 140 (2022), p. 191-192.<\/li>\n<li style=\"text-align: justify;\">Gray (\u00e9d.), <em>Rewriting Holiness: Reconfiguring <\/em>Vitae<em>, Re-signifying Cults<\/em>, King\u2019s College London Medieval Studies XXV, 2017, 322 p., in AB 140 (2022), p.194-196.<\/li>\n<li style=\"text-align: justify;\">Jean GASCOU, <em>\u00c9glises et chapelles d\u2019Alexandrie byzantine. Recherch\u00e9 de topographie cultuelle<\/em> (= <em>Studia Papyrologica et Aegyptiaca Parisina<\/em>, 1), Paris, ACHCByz, 2020, 156 p., xxiv ill., in AB 140 (2022), p. 204-205.<\/li>\n<li style=\"text-align: justify;\"><em>Vita Sancti Auxentii<\/em> BHG 199, Traduzione e note a cura di P. Varalda. Alessandria, 2017, 111 p., in AB 140 (2022), 205-206.<\/li>\n<li style=\"text-align: justify;\">L. Derat, <em>L\u2019\u00c9nigme d\u2019une dynastie sainte et usurpatrice dans le royaume chr\u00e9tien d\u2019\u00c9thiopie du xi<sup>e<\/sup> au xiii<sup>e<\/sup> si\u00e8cle<\/em>, Hagiologia 14, 2018, 329 p., in AB 140 (2022), p. 211-214.<\/li>\n<li style=\"text-align: justify;\">Talbot, <em>Varieties of Monastic Experience in Byzantium, 800-1453<\/em>, University of Notre Dame Press, 2019, 295 p., in AB 140 (2022), p. 214-219.<\/li>\n<li style=\"text-align: justify;\"><em>Miracles in Medieval Canonization Processes. Structures, Functions, and Methodologies<\/em>. International Medieval Research 23. Ed. Christian KR\u00d6TZL, Sari KATAJALA-PELTROMAA. \u00a0Turnhout, Brepols, 2018, p. 290 p., in AB 140 (2022), p. 225-227.<\/li>\n<li style=\"text-align: justify;\"><em>H\u00e9roes santos. Textos hagiogr\u00e1ficos y religi\u00f3n popular en el cristianismo oriental<\/em>. Ed. M. Casas Olea, Granada, EUG, 2019, 904 p., in AB 141 (2023), p. 457-458.<\/li>\n<li style=\"text-align: justify;\">Ch. C. Sahner, <em>Christian Martyrs under Islam. Religious Violence and the Making of the Muslim Word. <\/em>Princeton-Oxford, Princeton University Press, 2018, XIX-335 p., in AB 141 (2023), p. 459-460.<\/li>\n<\/ul>\n<p style=\"text-align: justify;\"><\/div>\n<p style=\"text-align: justify;\"><div id=\"symple-tab-insegnamento\" class=\"tab-content symple-clearfix \">\n<p style=\"text-align: justify;\"><strong>Anno Accademico 2025\/2026<\/strong><\/p>\n<p style=\"text-align: justify;\"><table class=\"cw2m_corsiperdocente\" style=\"font-size: 13pt; width:100%; border:1px solid black; cell-padding:10px; cell-spacing: 5px;\"><tr style=\"background-color: #134b72; color: white;\"><td style=\"border: 1px solid black; padding: 5px;\">SIGLA<\/td><td style=\"border: 1px solid black; padding: 5px;\">DESCRIZIONE<\/td><td style=\"border: 1px solid black; padding: 5px;\">SEMESTRE<\/td><\/tr><\/table>\n<p style=\"text-align: justify;\"><\/div>\n<\/div>","protected":false},"excerpt":{"rendered":"<p>&nbsp; Pontificia Facolt\u00e0 Teologica Teresianum Piazza San Pancrazio 5\/A 00152 Roma Italia arfuch@teresianum.net<\/p>\n","protected":false},"author":2,"featured_media":0,"parent":339,"menu_order":0,"comment_status":"closed","ping_status":"closed","template":"","meta":{"footnotes":""},"_links":{"self":[{"href":"https:\/\/www.teresianum.net\/en\/wp-json\/wp\/v2\/pages\/25993"}],"collection":[{"href":"https:\/\/www.teresianum.net\/en\/wp-json\/wp\/v2\/pages"}],"about":[{"href":"https:\/\/www.teresianum.net\/en\/wp-json\/wp\/v2\/types\/page"}],"author":[{"embeddable":true,"href":"https:\/\/www.teresianum.net\/en\/wp-json\/wp\/v2\/users\/2"}],"replies":[{"embeddable":true,"href":"https:\/\/www.teresianum.net\/en\/wp-json\/wp\/v2\/comments?post=25993"}],"version-history":[{"count":5,"href":"https:\/\/www.teresianum.net\/en\/wp-json\/wp\/v2\/pages\/25993\/revisions"}],"predecessor-version":[{"id":26191,"href":"https:\/\/www.teresianum.net\/en\/wp-json\/wp\/v2\/pages\/25993\/revisions\/26191"}],"up":[{"embeddable":true,"href":"https:\/\/www.teresianum.net\/en\/wp-json\/wp\/v2\/pages\/339"}],"wp:attachment":[{"href":"https:\/\/www.teresianum.net\/en\/wp-json\/wp\/v2\/media?parent=25993"}],"curies":[{"name":"wp","href":"https:\/\/api.w.org\/{rel}","templated":true}]}}