{"id":25720,"date":"2024-05-20T20:33:36","date_gmt":"2024-05-20T18:33:36","guid":{"rendered":"https:\/\/www.teresianum.net\/?page_id=25720"},"modified":"2026-04-01T11:45:39","modified_gmt":"2026-04-01T09:45:39","slug":"plan-de-estudios","status":"publish","type":"page","link":"https:\/\/www.teresianum.net\/en\/curso-de-teologia-espiritual\/plan-de-estudios\/","title":{"rendered":"Plan de estudios y horario"},"content":{"rendered":"<p class=\"qtranxs-available-languages-message qtranxs-available-languages-message-en\"> <p><strong>Curso de Teolog\u00eda online en espa\u00f1ol<\/strong><\/p>\n<p>Pontificia Facolt\u00e0 di Teologia \u2013 Pontificio Istituto di Spiritualit\u00e0 TERESIANUM (Roma)<\/p>\n<p style=\"text-align: center;\"><strong><br \/>\nPROGRAMA de ciclo continuo \u00a0<\/strong><\/p>\n<p><span style=\"text-decoration: underline;\"><strong>A\u00f1o A<\/strong><\/span><\/p>\n<p><a href=\"https:\/\/www.teresianum.net\/ocse01-la-teologia-espiritual-introduccion\/\">OCTE01. La Teolog\u00eda espiritual: introducci\u00f3n<\/a> (2 ECTS) <em>Prof. Emilio J. Mart\u00ednez<\/em><\/p>\n<p><a href=\"https:\/\/www.teresianum.net\/ocse02-fundamentos-biblicos-de-la-espiritualidad-cristiana\/\">OCTE02. Fundamentos b\u00edblicos de la espiritualidad cristiana<\/a> (2 ECTS) <em>Profa. Mar\u00eda Jos\u00e9 Mari\u00f1o<\/em><\/p>\n<p><a href=\"https:\/\/www.teresianum.net\/ocse03-la-vida-espiritual-cristiana-en-la-iglesia\/\">OCTE03. La vida espiritual cristiana en la Iglesia <\/a>(2 ECTS) <em>Prof. Andrea Canales<\/em><\/p>\n<p><a href=\"https:\/\/www.teresianum.net\/ocse04-la-oracion-cristiana\/\">OCTE04. La oraci\u00f3n cristiana<\/a> (2 ECTS) <em>Profa. Mar\u00eda de las Mercedes Montalvo<\/em><\/p>\n<p>&nbsp;<\/p>\n<p><span style=\"text-decoration: underline;\"><strong>A\u00f1o B<\/strong><\/span><\/p>\n<p>OCTE05. Ayuda fraterna: discernimiento, acompa\u00f1amiento y conversaci\u00f3n espiritual (2 ECTS) <em>Profa. Ang\u00e9lica Morales<\/em><\/p>\n<p><a href=\"https:\/\/www.teresianum.net\/escuelas-y-corrientes-de-espiritualidad\/\">OCTE06. Escuelas y corrientes de espiritualidad<\/a> (2 ECTS) <em>Profa. Stefania Tassott<\/em>i<\/p>\n<p><a href=\"https:\/\/www.teresianum.net\/espiritualidad-de-la-ofrenda-de-la-vida-lineas-generales-y-contribuciones-del-carmelo\/\">OCTE07. Espiritualidad de la ofrenda de la vida. L\u00edneas generales y contribuciones del Carmelo<\/a> (2 ECTS) <em>Prof. Iacopo Iadarola<\/em><\/p>\n<p>OCTE08. La espiritualidad del Carmelo teresiano (2 ECTS) <em>Prof. Amando Cant\u00f3<\/em><\/p>\n<p>&nbsp;<\/p>\n<p style=\"text-align: center;\"><strong>CALENDARIO 2026 \u2013 2027<\/strong><\/p>\n<p><u id=\"yui_3_17_2_1_1732628094742_1371\">ORARIO:<\/u><b>\u00a0<\/b><br \/>\n18:30-20.05 (GMT+1: tiempo en Roma)<\/p>\n<p><span style=\"text-decoration: underline;\"><strong>A\u00f1o A <\/strong><\/span><\/p>\n<p><strong>OCSE01. La Teolog\u00eda espiritual: introducci\u00f3n <\/strong>(Prof. Emilio J. Mart\u00ednez)<strong>:<\/strong><\/p>\n<p>6 \u2013 13 \u2013 20 \u2013 27 octubre; 3 \u2013 10 noviembre\u00a0<\/p>\n<p><strong>OCSE02. Fundamentos b\u00edblicos de la espiritualidad cristiana <\/strong>(Profa. Mar\u00eda Jos\u00e9 Mari\u00f1o):<\/p>\n<p>17 \u2013 24 noviembre; 1 \u2013 15 diciembre; 12 \u2013 19 enero<\/p>\n<p><strong>OCSE03. La vida espiritual cristiana en la Iglesia <\/strong>(Prof. Andrea Canales):<\/p>\n<p>26 enero; 2 \u2013 9 \u2013 16 \u2013 23 febrero; 2 marzo<\/p>\n<p><strong>OCSE04. La oraci\u00f3n cristiana<\/strong> (Profa. Mar\u00eda de las Mercedes Montalvo):<\/p>\n<p>9 \u2013 16 marzo; 6 \u2013 13 \u2013 20 \u2013 27 abril<\/p>\n<p style=\"text-align: center;\"><strong>CALENDARIO 2027 \u2013 2028<\/strong><\/p>\n<p><u id=\"yui_3_17_2_1_1732628094742_1371\">ORARIO:<\/u><b>\u00a0<\/b><br \/>\n18:30-20.05 (GMT+1: tiempo en Roma)<\/p>\n<p><span style=\"text-decoration: underline;\"><strong>A\u00f1o B <\/strong><\/span><\/p>\n<p><strong>OCSE05. Ayuda fraterna: discernimiento, acompa\u00f1amiento y conversaci\u00f3n espiritual\u00a0 <\/strong>(Profa. Ang\u00e9lica Morales)<strong>:<\/strong><\/p>\n<p>5 \u2013 19 \u2013 26 octubre 2027;\u00a0 2 \u2013 9 \u2013 16 noviembre 2027<\/p>\n<p><strong>OCSE06. Escuelas y corrientes de espiritualidad <\/strong>(Profa. Stefania Tassotti):<\/p>\n<p>23 \u2013 30 noviembre 2027; 7 \u2013 14 \u2013 21 diciembre 2027; 11 de enero 2028<\/p>\n<p><strong>OCSE07. La espiritualidad de la ofrenda de la vida cristiana. Contribuciones del Carmelo<\/strong> (Prof. Iacopo Iadarola):<\/p>\n<p>18 \u2013 25 enero 2028; 1 \u2013 8 \u2013 15 \u2013 22 febrero 2028<\/p>\n<p><strong>OCSE08. La espiritualidad del Carmelo teresiano <\/strong>(Prof. Amando Cant\u00f3):<\/p>\n<p>29 febrero 2028; 7 \u2013 14 \u2013 21 \u2013 28 marzo; 4 abril 2028<\/p>","protected":false},"excerpt":{"rendered":"<p>Curso de Teolog\u00eda online en espa\u00f1ol Pontificia Facolt\u00e0 di Teologia \u2013 Pontificio Istituto di Spiritualit\u00e0 TERESIANUM (Roma) PROGRAMA de ciclo [&hellip;]<\/p>\n","protected":false},"author":2,"featured_media":0,"parent":25716,"menu_order":0,"comment_status":"closed","ping_status":"closed","template":"page-cursodeteologiaespiritualonline.php","meta":{"footnotes":""},"_links":{"self":[{"href":"https:\/\/www.teresianum.net\/en\/wp-json\/wp\/v2\/pages\/25720"}],"collection":[{"href":"https:\/\/www.teresianum.net\/en\/wp-json\/wp\/v2\/pages"}],"about":[{"href":"https:\/\/www.teresianum.net\/en\/wp-json\/wp\/v2\/types\/page"}],"author":[{"embeddable":true,"href":"https:\/\/www.teresianum.net\/en\/wp-json\/wp\/v2\/users\/2"}],"replies":[{"embeddable":true,"href":"https:\/\/www.teresianum.net\/en\/wp-json\/wp\/v2\/comments?post=25720"}],"version-history":[{"count":20,"href":"https:\/\/www.teresianum.net\/en\/wp-json\/wp\/v2\/pages\/25720\/revisions"}],"predecessor-version":[{"id":202682,"href":"https:\/\/www.teresianum.net\/en\/wp-json\/wp\/v2\/pages\/25720\/revisions\/202682"}],"up":[{"embeddable":true,"href":"https:\/\/www.teresianum.net\/en\/wp-json\/wp\/v2\/pages\/25716"}],"wp:attachment":[{"href":"https:\/\/www.teresianum.net\/en\/wp-json\/wp\/v2\/media?parent=25720"}],"curies":[{"name":"wp","href":"https:\/\/api.w.org\/{rel}","templated":true}]}}