{"id":25718,"date":"2024-05-20T20:33:05","date_gmt":"2024-05-20T18:33:05","guid":{"rendered":"https:\/\/www.teresianum.net\/?page_id=25718"},"modified":"2026-03-03T11:35:46","modified_gmt":"2026-03-03T10:35:46","slug":"presentacion","status":"publish","type":"page","link":"https:\/\/www.teresianum.net\/en\/curso-de-teologia-espiritual\/presentacion\/","title":{"rendered":"Presentaci\u00f3n"},"content":{"rendered":"<p class=\"qtranxs-available-languages-message qtranxs-available-languages-message-en\"> <p><strong>Curso de Teolog\u00eda online en espa\u00f1ol<\/strong><\/p>\n<p><a href=\"https:\/\/www.teresianum.net\/wp-content\/uploads\/2024\/05\/B_A4-WEB-Curso-de-Teologia-Espiritual-Online-en-Espanol_1-scaled.jpg\"><img loading=\"lazy\" decoding=\"async\" class=\"alignnone  wp-image-25713\" src=\"https:\/\/www.teresianum.net\/wp-content\/uploads\/2024\/05\/B_A4-WEB-Curso-de-Teologia-Espiritual-Online-en-Espanol_1-300x212.jpg\" alt=\"\" width=\"357\" height=\"252\" srcset=\"https:\/\/www.teresianum.net\/wp-content\/uploads\/2024\/05\/B_A4-WEB-Curso-de-Teologia-Espiritual-Online-en-Espanol_1-300x212.jpg 300w, https:\/\/www.teresianum.net\/wp-content\/uploads\/2024\/05\/B_A4-WEB-Curso-de-Teologia-Espiritual-Online-en-Espanol_1-1024x724.jpg 1024w, https:\/\/www.teresianum.net\/wp-content\/uploads\/2024\/05\/B_A4-WEB-Curso-de-Teologia-Espiritual-Online-en-Espanol_1-768x543.jpg 768w, https:\/\/www.teresianum.net\/wp-content\/uploads\/2024\/05\/B_A4-WEB-Curso-de-Teologia-Espiritual-Online-en-Espanol_1-600x424.jpg 600w, https:\/\/www.teresianum.net\/wp-content\/uploads\/2024\/05\/B_A4-WEB-Curso-de-Teologia-Espiritual-Online-en-Espanol_1-1536x1086.jpg 1536w, https:\/\/www.teresianum.net\/wp-content\/uploads\/2024\/05\/B_A4-WEB-Curso-de-Teologia-Espiritual-Online-en-Espanol_1-2048x1448.jpg 2048w\" sizes=\"(max-width: 357px) 100vw, 357px\" \/><\/a><a href=\"https:\/\/www.teresianum.net\/wp-content\/uploads\/2024\/06\/OCSE2.jpg\"><img loading=\"lazy\" decoding=\"async\" class=\"alignnone  wp-image-25790\" src=\"https:\/\/www.teresianum.net\/wp-content\/uploads\/2024\/06\/OCSE2-300x212.jpg\" alt=\"\" width=\"355\" height=\"251\" srcset=\"https:\/\/www.teresianum.net\/wp-content\/uploads\/2024\/06\/OCSE2-300x212.jpg 300w, https:\/\/www.teresianum.net\/wp-content\/uploads\/2024\/06\/OCSE2-1024x724.jpg 1024w, https:\/\/www.teresianum.net\/wp-content\/uploads\/2024\/06\/OCSE2-768x543.jpg 768w, https:\/\/www.teresianum.net\/wp-content\/uploads\/2024\/06\/OCSE2-600x424.jpg 600w, https:\/\/www.teresianum.net\/wp-content\/uploads\/2024\/06\/OCSE2-1536x1086.jpg 1536w, https:\/\/www.teresianum.net\/wp-content\/uploads\/2024\/06\/OCSE2.jpg 2048w\" sizes=\"(max-width: 355px) 100vw, 355px\" \/><\/a><\/p>\n<p>REGISTRATE AQUI: <a href=\"https:\/\/www.teresianum.org\/immatricolazioni\/#\/\">https:\/\/www.teresianum.org\/immatricolazioni<\/a><br \/>\n<strong>Las inscripciones para el a\u00f1o 2026\/2027 comienzan el 4 de mayo y finalizan el 25 de septiembre de 2026.<\/strong><\/p>\n<p><strong>Presentaci\u00f3n<\/strong>\u00a0\u00a0\u00a0<\/p>\n<p>La Teolog\u00eda espiritual es la disciplina teol\u00f3gica que estudia la experiencia de la vida trinitaria infundida por el Esp\u00edritu Santo en el coraz\u00f3n de la persona humana (<em>Estatuto<\/em>, 8). Una efusi\u00f3n que permite a la persona desplegar las capacidades que se siguen de su condici\u00f3n creatural (imagen y semejanza de Dios) y su llamada a la configuraci\u00f3n plena con Cristo seg\u00fan la voluntad del Padre, que en \u00e9l nos ha redimido.<\/p>\n<p>\u00a0\u00a0\u00a0\u00a0\u00a0\u00a0\u00a0\u00a0 La vida espiritual, por tanto, es camino personal y eclesial hacia el cumplimiento en cada individuo de la plenitud a la que hemos sido llamados, es decir, a la santidad.<\/p>\n<p>\u00a0\u00a0\u00a0\u00a0\u00a0\u00a0\u00a0\u00a0 Teniendo en cuenta estas premisas, este curso de Teolog\u00eda espiritual online pretende ofrecer una formaci\u00f3n b\u00e1sica en el campo teol\u00f3gico aplicado al estudio te\u00f3rico y pr\u00e1ctico en profundidad de la vida espiritual. El curso prolonga y ofrece una modalidad de estudio alternativa a otras actividades para el estudio online en espa\u00f1ol de la Espiritualidad ya ofrecidas por el Carmelo teresiano, como la del Instituto de Espiritualidad a Distancia ofrecida por el CITeS \u2013 Universidad de la M\u00edstica de los Carmelitas descalzos en \u00c1vila (para mayor informaci\u00f3n puede visitarse: <a href=\"https:\/\/e-ied.org\/\">https:\/\/e-ied.org\/<\/a>).<\/p>\n<p>En cada una de las materias se proporcionan los contenidos y herramientas hermen\u00e9uticas necesarios para que los participantes en el curso puedan adquirir conocimientos suficientes acerca de la Teolog\u00eda espiritual (objeto, fuentes, m\u00e9todo, sentido, etc.), as\u00ed como capacidades para afrontar el aprendizaje y el estudio personal sobre de los espacios y dinamismos de la vida espiritual cristiana (procesos pr\u00e1cticos de transformaci\u00f3n cristiana, vida espiritual, acompa\u00f1amiento espiritual, oraci\u00f3n cristiana, etc.), con una particular atenci\u00f3n a la \u00f3ptica desde la que la espiritualidad carmelitano-teresiana afronta dichos argumentos.<\/p>\n<p><strong>Informaciones pr\u00e1cticas<\/strong><\/p>\n<ol>\n<li><strong> Curso online<\/strong><\/li>\n<\/ol>\n<p>El curso se desarrollar\u00e1 a trav\u00e9s de lecciones online v\u00eda <em>Zoom<\/em>, en espa\u00f1ol. La asistencia a las lecciones es obligatoria para los alumnos inscritos, que, no obstante, tendr\u00e1n derecho a 1\/3 de ausencias justificadas. Sin embargo, los alumnos que tengan dificultades razonables para participar en un n\u00famero m\u00e1s alto de sesiones se pondr\u00e1n en contacto con el coordinador del curso, quien valorar\u00e1 la posibilidad de dispensar de la asistencia a las mismas. Todas las lecciones ser\u00e1n accesibles durante un per\u00edodo de tiempo para los alumnos que no hayan podido seguirlas online.<\/p>\n<ol start=\"2\">\n<li><strong>M\u00e9todo de ense\u00f1anza<\/strong><\/li>\n<\/ol>\n<p>Prevaleciendo las clases en directo, el profesor podr\u00e1 grabar alguna de las sesiones, sin superar nunca 1\/3 de las mismas. Las clases ser\u00e1n de tipo \u201cmagistral\u201d, es decir, con exposici\u00f3n de la materia por el profesor. Cada docente organizar\u00e1 las lecciones y el modo de interaccionar con los estudiantes.<\/p>\n<p>Los programas y bibliograf\u00eda de cada asignatura, as\u00ed como otros materiales que cada profesor decida poner a disposici\u00f3n de los estudiantes para un mejor desarrollo del curso, ser\u00e1n accesibles para los alumnos a trav\u00e9s de la plataforma <em>Moodle<\/em> de la Facultad.<\/p>\n<ol start=\"3\">\n<li><strong> Duraci\u00f3n y agenda<\/strong><\/li>\n<\/ol>\n<p>El programa consta de ocho cursos de doce horas de duraci\u00f3n cada uno. Cada asignatura se desarrollar\u00e1 a lo largo de seis semanas consecutivas, siempre que no concurran per\u00edodos no lectivos, indicados en la <em>Gu\u00eda Acad\u00e9mica<\/em> de la Facultad. Se impartir\u00e1n dos horas semanales a lo largo de dos a\u00f1os lectivos.<\/p>\n<p>Las clases se impartir\u00e1n los martes (en el caso de que un martes sea festivo, seg\u00fan el calendario de la <em>Gu\u00eda Acad\u00e9mica <\/em>de la facultad, se trasladar\u00e1 al mi\u00e9rcoles sucesivo), entre los meses de octubre y mayo de cada a\u00f1o lectivo. El horario de las lecciones ser\u00e1: \u00a018:30-19:15; 19:25-20:10 GMT+1.<\/p>\n<ol start=\"4\">\n<li><strong> Cr\u00e9ditos<\/strong><\/li>\n<\/ol>\n<p>2 cr\u00e9ditos (ECTS) para cada curso = 16 cr\u00e9ditos<\/p>\n<ol start=\"5\">\n<li><strong> Modalidad y coste<\/strong><\/li>\n<\/ol>\n<p>Solo se contempla la realizaci\u00f3n del programa completo como estudiante regular.\u00a0 \u00a0<\/p>\n<p>Est\u00e1 prevista una doble tasa de inscripci\u00f3n (tasa anual):<br \/>\nNormal: 200 euros;<br \/>\nBenefactor: 250 euros;<br \/>\nCurso individual: 50 euros<br \/>\nDiploma: \u00a050 euros (m\u00e1s gastos de env\u00edo)<\/p>\n<ol start=\"6\">\n<li><strong> Modalidad de examen<\/strong><\/li>\n<\/ol>\n<p>Los estudiantes presentar\u00e1n, para cada materia, un trabajo escrito de s\u00edntesis no superior a 4 p\u00e1ginas, con una cubierta seg\u00fan el modelo oficial de la Facultad. El tema del ser\u00e1 propuesto por cada profesor.<\/p>\n<p>La fecha l\u00edmite para la entrega de los trabajos ser\u00e1 el 31 de mayo de cada a\u00f1o lectivo. Durante el mes de junio los estudiantes recibir\u00e1n las calificaciones de sus trabajos. Los profesores contactar\u00e1n con los alumnos que no alcancen la calificaci\u00f3n de aprobado para proponerles una modalidad de recuperaci\u00f3n de la asignatura antes de que finalicen el bienio, si bien no est\u00e1n previstas sesiones extraordinarias de evaluaci\u00f3n.<\/p>\n<ol start=\"6\">\n<li><strong> Diploma<\/strong><\/li>\n<\/ol>\n<p>Al t\u00e9rmino del curso, los estudiantes que hayan justificado su asistencia a, al menos, dos tercios de las lecciones -con la salvedad de los casos particulares se\u00f1alados m\u00e1s arriba- y hayan superado satisfactoriamente los cursos, recibir\u00e1n un diploma extendido por la Pontificia Facultad Teresianum.<\/p>\n<p>\u00a0 \u00a0 \u00a0 7. <strong>Contribuci\u00f3n econ\u00f3mica<\/strong><\/p>\n<p>El pago de los impuestos deber\u00e1 realizarse mediante transferencia bancaria a nombre de:<\/p>\n<p style=\"text-align: center;\"><strong>Casa Generalizia dei Carmelitani Scalzi<\/strong><\/p>\n<p style=\"text-align: center;\">Facolt\u00e0 Teresianum<\/p>\n<p style=\"text-align: center;\">IBAN: IT24 T030 6909 6061 0000 0125 243<\/p>\n<p style=\"text-align: center;\">BIC: BCITITMM<\/p>\n<p style=\"text-align: center;\">Banca Intesa San Paolo, Piazza Paolo Ferrari 10 \u2013 20121 MILANO<\/p>\n<p>En el campo de ingreso correspondiente, introduzca el <strong>APELLIDO<\/strong> y el <strong>NOMBRE<\/strong> del miembro, e indique si se trata de una primera inscripci\u00f3n o de la renovaci\u00f3n de la matr\u00edcula en el Curso de Teolog\u00eda Espiritual en l\u00ednea. Para efectuar la renovaci\u00f3n del registro, as\u00ed como para cualquier otra solicitud, proporcione tambi\u00e9n su n\u00famero de registro.\u00a0<\/p>\n<p>Es posible efectuar el pago mediante <strong>ClickPay<\/strong> solicit\u00e1ndolo expresamente por correo electr\u00f3nico a la secretaria: <a href=\"mailto:espanol.online@teresianum.net\">espanol.online@teresianum.net<\/a><\/p>\n<p>\u00a0 \u00a0 \u00a0 \u00a08. <strong>Contacto para Informaci\u00f3n y Administraci\u00f3n Acad\u00e9mica:<\/strong><\/p>\n<p>Hna. Nicoletta Braus<br \/>\nSecretar\u00eda<\/p>\n<p>Piazza di San Pancrazio 5\/a<br \/>\n00152 Roma<br \/>\nEmail: <a href=\"mailto:espanol.online@teresianum.net\">espanol.online@teresianum.net<\/a><\/p>\n<p>&nbsp;<\/p>\n<p>Dott. Fr. Emilio J. Mart\u00ednez Gonz\u00e1lez, ocd<br \/>\nResponsable<br \/>\nPiazza di San Pancrazio 5\/a<br \/>\n00152 Roma<br \/>\nEmail: <a href=\"mailto:martinez@teresianum.net\">martinez@teresianum.net<\/a><\/p>","protected":false},"excerpt":{"rendered":"<p>Curso de Teolog\u00eda online en espa\u00f1ol REGISTRATE AQUI: https:\/\/www.teresianum.org\/immatricolazioni Las inscripciones para el a\u00f1o 2026\/2027 comienzan el 4 de mayo [&hellip;]<\/p>\n","protected":false},"author":2,"featured_media":0,"parent":25716,"menu_order":0,"comment_status":"closed","ping_status":"closed","template":"page-cursodeteologiaespiritualonline.php","meta":{"footnotes":""},"_links":{"self":[{"href":"https:\/\/www.teresianum.net\/en\/wp-json\/wp\/v2\/pages\/25718"}],"collection":[{"href":"https:\/\/www.teresianum.net\/en\/wp-json\/wp\/v2\/pages"}],"about":[{"href":"https:\/\/www.teresianum.net\/en\/wp-json\/wp\/v2\/types\/page"}],"author":[{"embeddable":true,"href":"https:\/\/www.teresianum.net\/en\/wp-json\/wp\/v2\/users\/2"}],"replies":[{"embeddable":true,"href":"https:\/\/www.teresianum.net\/en\/wp-json\/wp\/v2\/comments?post=25718"}],"version-history":[{"count":15,"href":"https:\/\/www.teresianum.net\/en\/wp-json\/wp\/v2\/pages\/25718\/revisions"}],"predecessor-version":[{"id":189986,"href":"https:\/\/www.teresianum.net\/en\/wp-json\/wp\/v2\/pages\/25718\/revisions\/189986"}],"up":[{"embeddable":true,"href":"https:\/\/www.teresianum.net\/en\/wp-json\/wp\/v2\/pages\/25716"}],"wp:attachment":[{"href":"https:\/\/www.teresianum.net\/en\/wp-json\/wp\/v2\/media?parent=25718"}],"curies":[{"name":"wp","href":"https:\/\/api.w.org\/{rel}","templated":true}]}}