{"id":25716,"date":"2024-05-20T20:32:34","date_gmt":"2024-05-20T18:32:34","guid":{"rendered":"https:\/\/www.teresianum.net\/?page_id=25716"},"modified":"2025-09-08T10:11:57","modified_gmt":"2025-09-08T08:11:57","slug":"curso-de-teologia-espiritual","status":"publish","type":"page","link":"https:\/\/www.teresianum.net\/en\/curso-de-teologia-espiritual\/","title":{"rendered":"Curso de Teolog\u00eda espiritual online"},"content":{"rendered":"<p style=\"text-align: center;\"><strong>A \u2013 PRESENTACI\u00d3N<\/strong><\/p>\n<p style=\"text-align: justify;\">El Curso de Teolog\u00eda Espiritual Online pretende ofrecer una formaci\u00f3n b\u00e1sica en el campo teol\u00f3gico aplicado al estudio te\u00f3rico y pr\u00e1ctico en profundidad de la vida espiritual. En cada uno de los m\u00f3dulos se proporcionan los contenidos y herramientas hermen\u00e9uticas necesarios para que los participantes en el curso puedan adquirir conocimientos suficientes acerca de la Teolog\u00eda Espiritual (objeto, fuentes, m\u00e9todo, sentido, etc.), as\u00ed como capacidades para afrontar el aprendizaje y el estudio personal acerca de los espacios y dinamismos de la vida espiritual cristiana (procesos pr\u00e1cticos de transformaci\u00f3n cristiana, vida espiritual, acompa\u00f1amiento espiritual, oraci\u00f3n cristiana, etc.).<\/p>\n<p><strong>1. Curso online<\/strong><\/p>\n<p>El curso se desarrollar\u00e1 a trav\u00e9s de lecciones online v\u00eda Zoom, en espa\u00f1ol. La asistencia a las lecciones es obligatoria para los alumnos inscritos, que, no obstante, tendr\u00e1n derecho a 1\/3 de ausencias justificadas. Sin embargo, los alumnos que tengan dificultades razonables para participar en un n\u00famero m\u00e1s alto de sesiones se pondr\u00e1n en contacto con el coordinador del curso, quien valorar\u00e1 la posibilidad de dispensar de la asistencia a las mismas. Todas las lecciones ser\u00e1n accesibles durante un per\u00edodo de tiempo para los alumnos que no hayan podido seguirlas online.<\/p>\n<p><strong>2. M\u00e9todo de ense\u00f1anza<\/strong><\/p>\n<p>Prevaleciendo las clases en directo, el profesor podr\u00e1 grabar alguna de las sesiones, sin superar nunca 1\/3 de las mismas. Las clases ser\u00e1n de tipo \u201cmagistral\u201d, es decir, con exposici\u00f3n de la materia por el profesor. Cada docente organizar\u00e1 las lecciones y el modo de interaccionar con los estudiantes.<\/p>\n<p>Los programas y bibliograf\u00eda de cada asignatura, as\u00ed como otros materiales que cada profesor decida poner a disposici\u00f3n de los estudiantes para un mejor desarrollo del curso, ser\u00e1n accesibles para los alumnos a trav\u00e9s de la plataforma Moodle de la Facultad.<\/p>\n<p><strong>3. Duraci\u00f3n y agenda<\/strong><\/p>\n<p>El programa consta de ocho cursos de doce horas de duraci\u00f3n cada uno. Cada asignatura se desarrollar\u00e1 a lo largo de seis semanas consecutivas, siempre que no concurran per\u00edodos no lectivos, indicados en la Gu\u00eda Acad\u00e9mica de la Facultad. Se impartir\u00e1n dos horas semanales a lo largo de dos a\u00f1os lectivos. Las clases se impartir\u00e1n los martes (en el caso de que un martes sea festivo, seg\u00fan el calendario de la Gu\u00eda Acad\u00e9mica de la facultad, se trasladar\u00e1 al mi\u00e9rcoles sucesivo), entre los meses de octubre y mayo de cada a\u00f1o lectivo. El horario de las lecciones ser\u00e1: 18:30-19:15; 19:25-20:10 GMT+1.<\/p>\n<p><strong>4. Cr\u00e9ditos<\/strong><\/p>\n<p>2 cr\u00e9ditos (ECTS) para cada curso = 16 cr\u00e9ditos<\/p>\n<p><strong>5. Modalidad de examen<\/strong><\/p>\n<p>Los estudiantes presentar\u00e1n, para cada materia, un trabajo escrito de s\u00edntesis no superior a 4 p\u00e1ginas, con una cubierta seg\u00fan el modelo oficial de la Facultad. El tema del ser\u00e1 propuesto por cada profesor. La fecha l\u00edmite para la entrega de los trabajos ser\u00e1 el 31 de mayo de cada a\u00f1o lectivo. Durante el mes de junio los estudiantes recibir\u00e1n las calificaciones de sus trabajos. Los profesores contactar\u00e1n con los alumnos que no alcancen la calificaci\u00f3n de aprobado para proponerles una modalidad de recuperaci\u00f3n de la asignatura antes de que finalicen el bienio, si bien no est\u00e1n previstas sesiones extraordinarias de evaluaci\u00f3n.<\/p>\n<p><strong>6. Modalidad y coste<\/strong><\/p>\n<p>Solo se contempla la realizaci\u00f3n del programa completo como estudiante regular. Est\u00e1 prevista una doble tasa de inscripci\u00f3n (cfr. <a href=\"https:\/\/www.teresianum.net\/contributi\/\">Contributi<\/a>).<\/p>\n<p><strong>7. Diploma<\/strong><\/p>\n<p>Al t\u00e9rmino del curso, los estudiantes que hayan justificado su asistencia a, al menos, dos tercios de las lecciones -con la salvedad de los casos particulares se\u00f1alados m\u00e1s arriba- y hayan superado satisfactoriamente los cursos, recibir\u00e1n un diploma extendido por la Pontificia Facultad Teresianum.<\/p>\n<p><strong>8. Contacto para Informaci\u00f3n y Administraci\u00f3n Acad\u00e9mica<\/strong><\/p>\n<p>Dott.ssa Stefania Tassotti \u00a0<br \/>\n<a href=\"mailto:espanol.online@teresianum.net\">espanol.online@teresianum.net<\/a><\/p>\n<p>Dott. Fr. Emilio J. Mart\u00ednez Gonz\u00e1lez, ocd<br \/>\nResponsable<br \/>\nPiazza di San Pancrazio 5\/a &#8211; 00152 Roma \u00a0<br \/>\n<a href=\"mailto:martinez@teresianum.net\">martinez@teresianum.net<\/a><\/p>\n<p><strong>9. Horario de las lecciones<\/strong><\/p>\n<p>Martes 18:30-20:10 GMT+1.<\/p>\n<p>&nbsp;<\/p>\n<p style=\"text-align: center;\"><strong>B &#8211; CURRICULUM DE ESTUDIO DISCIPLINAS DEL PRIMER A\u00d1O<\/strong><\/p>\n<p><strong>OCTE01<\/strong> La Teolog\u00eda espiritual: introducci\u00f3n 2 ECTS<br \/>\n<em>Emilio Mart\u00ednez <\/em><\/p>\n<p><strong>OCTE02<\/strong> Fundamentos b\u00edblicos de la espiritualidad cristiana 2 ECTS<br \/>\n<em>Mar\u00eda Jos\u00e9 Mari\u00f1o<\/em><\/p>\n<p><strong>OCTE03<\/strong> La vida espiritual cristiana en la Iglesia 2 ECTS<br \/>\n<em>Andrea Carolina Canales Emody <\/em><\/p>\n<p><strong>OCTE04<\/strong> La oraci\u00f3n cristiana 2 ECTS<br \/>\n<em>Mar\u00eda de las Mercedes Montalvo Garc\u00eda <\/em><\/p>\n<p>&nbsp;<\/p>\n<p style=\"text-align: center;\"><strong>DISCIPLINAS DEL SEGUNDO A\u00d1O<\/strong><\/p>\n<p><strong>OCTE05<\/strong> Ayuda fraterna: discernimiento, acompa\u00f1amiento y conversaci\u00f3n espiritual 2 ECTS<br \/>\n<em>Ang\u00e9lica Morales <\/em><\/p>\n<p><strong>OCTE06<\/strong> Escuelas y corrientes de espiritualidad 2 ECTS<br \/>\n<em>Stefania Tassotti <\/em><\/p>\n<p><strong>OCTE07<\/strong> La espiritualidad de la ofrenda de la vida cristiana. Contribuciones del Carmelo 2 ECTS<br \/>\n<em>Iacopo Iadarola<\/em><\/p>\n<p><strong>OCTE08<\/strong> La espiritualidad del Carmelo teresiano 2 ECTS<br \/>\n<em>Amando Cant\u00f3 <\/em><\/p>\n<p>&nbsp;<\/p>\n<p style=\"text-align: center;\"><strong>C &#8211; PLAN DE ESTUDIOS 2024-2025<\/strong><\/p>\n<p><strong>OCTE01<\/strong> La Teolog\u00eda espiritual: introducci\u00f3n 2 ECTS<br \/>\n<em>Emilio Mart\u00ednez <\/em><\/p>\n<p><strong>OCTE02<\/strong> Fundamentos b\u00edblicos de la espiritualidad cristiana 2 ECTS<br \/>\n<em>Mar\u00eda Jos\u00e9 Mari\u00f1o <\/em><\/p>\n<p><strong>OCTE03<\/strong> La vida espiritual cristiana en la Iglesia 2 ECTS<br \/>\n<em>Andrea Carolina Canales Emody <\/em><\/p>\n<p><strong>OCTE04<\/strong> La oraci\u00f3n cristiana \u00a02 ECTS<br \/>\n<em>Mar\u00eda de las Mercedes Montalvo Garc\u00eda<\/em><\/p>","protected":false},"excerpt":{"rendered":"<p>A \u2013 PRESENTACI\u00d3N El Curso de Teolog\u00eda Espiritual Online pretende ofrecer una formaci\u00f3n b\u00e1sica en el campo teol\u00f3gico aplicado al [&hellip;]<\/p>\n","protected":false},"author":2,"featured_media":0,"parent":0,"menu_order":0,"comment_status":"closed","ping_status":"closed","template":"","meta":{"footnotes":""},"_links":{"self":[{"href":"https:\/\/www.teresianum.net\/en\/wp-json\/wp\/v2\/pages\/25716"}],"collection":[{"href":"https:\/\/www.teresianum.net\/en\/wp-json\/wp\/v2\/pages"}],"about":[{"href":"https:\/\/www.teresianum.net\/en\/wp-json\/wp\/v2\/types\/page"}],"author":[{"embeddable":true,"href":"https:\/\/www.teresianum.net\/en\/wp-json\/wp\/v2\/users\/2"}],"replies":[{"embeddable":true,"href":"https:\/\/www.teresianum.net\/en\/wp-json\/wp\/v2\/comments?post=25716"}],"version-history":[{"count":4,"href":"https:\/\/www.teresianum.net\/en\/wp-json\/wp\/v2\/pages\/25716\/revisions"}],"predecessor-version":[{"id":120780,"href":"https:\/\/www.teresianum.net\/en\/wp-json\/wp\/v2\/pages\/25716\/revisions\/120780"}],"wp:attachment":[{"href":"https:\/\/www.teresianum.net\/en\/wp-json\/wp\/v2\/media?parent=25716"}],"curies":[{"name":"wp","href":"https:\/\/api.w.org\/{rel}","templated":true}]}}