{"id":25359,"date":"2024-01-31T11:50:45","date_gmt":"2024-01-31T10:50:45","guid":{"rendered":"https:\/\/www.teresianum.net\/?page_id=25359"},"modified":"2024-03-09T18:46:12","modified_gmt":"2024-03-09T17:46:12","slug":"65-settimana-di-spiritualita","status":"publish","type":"page","link":"https:\/\/www.teresianum.net\/en\/65-settimana-di-spiritualita\/","title":{"rendered":"65\u00b0 Settimana di Spiritualit\u00e0"},"content":{"rendered":"<p class=\"qtranxs-available-languages-message qtranxs-available-languages-message-en\"> <p>SEGUICI ONLINE: <a href=\"https:\/\/www.youtube.com\/user\/teresianumroma\">https:\/\/www.youtube.com\/user\/teresianumroma<\/a><\/p>\n<p><a href=\"https:\/\/www.teresianum.net\/wp-content\/uploads\/2024\/02\/65-SettSpritualita-min.jpg\"><img loading=\"lazy\" decoding=\"async\" class=\"alignnone  wp-image-25366\" src=\"https:\/\/www.teresianum.net\/wp-content\/uploads\/2024\/02\/65-SettSpritualita-min-212x300.jpg\" alt=\"\" width=\"619\" height=\"876\" srcset=\"https:\/\/www.teresianum.net\/wp-content\/uploads\/2024\/02\/65-SettSpritualita-min-212x300.jpg 212w, https:\/\/www.teresianum.net\/wp-content\/uploads\/2024\/02\/65-SettSpritualita-min-724x1024.jpg 724w, https:\/\/www.teresianum.net\/wp-content\/uploads\/2024\/02\/65-SettSpritualita-min-768x1086.jpg 768w, https:\/\/www.teresianum.net\/wp-content\/uploads\/2024\/02\/65-SettSpritualita-min-600x848.jpg 600w, https:\/\/www.teresianum.net\/wp-content\/uploads\/2024\/02\/65-SettSpritualita-min-1086x1536.jpg 1086w, https:\/\/www.teresianum.net\/wp-content\/uploads\/2024\/02\/65-SettSpritualita-min-1448x2048.jpg 1448w, https:\/\/www.teresianum.net\/wp-content\/uploads\/2024\/02\/65-SettSpritualita-min.jpg 1654w\" sizes=\"(max-width: 619px) 100vw, 619px\" \/><\/a><\/p>\n<p>Il <em>Teresianum<\/em> organizzer\u00e0 nei giorni <strong>tra il 10 e il 14 marzo 2024<\/strong>, la 65<sup>a<\/sup> edizione della <strong><em>Settimana di Spiritualit\u00e0<\/em><\/strong> con il titolo \u00abUna stirpe che ama il corpo\u00bb.<\/p>\n<p><strong>\u00abSiamo giunti alla convinzione che, tra tutte le cose della terra, la prima da esporre sia la mistica del corpo,<\/strong> visto che \u00e8 la pi\u00f9 sconosciuta e quella pi\u00f9 vicina a noi. Viviamo con il nostro corpo e attraverso il nostro corpo\u00bb (V. Pourcel). Se la teologia di stampo scolastico, arroccata nei confini tridentini, ha creduto di poter cosificare e risolvere \u00abin formule\u00bb il mistero, la mistica appare pi\u00f9 sensibile all\u2019evento cristiano originario e fondante: l\u2019incarnazione del Verbo, che ha vissuto in pienezza la corporeit\u00e0 umana. Tuttavia, sebbene questa mistica sia pi\u00f9 vicina a noi, rimane per un certo verso lontana e sconosciuta.<\/p>\n<p>Ci\u00f2 \u00e8 dovuto al pregiudizio diffusissimo che il cristianesimo sia nemico del corpo, invertendo l\u2019accusa del pagano Celso, secondo il quale i cristiani erano un <em>philosomaton genos<\/em>, ossia \u00abuna stirpe che ama il corpo\u00bb (Origene, <em>Contra Celsum<\/em>, V, 14). Infatti, sebbene il cristianesimo abbia seguito sostanzialmente la dottrina dei Padri, e non le eresie gnostiche da loro confutate, ha mantenuto nella sua ragione teologico-ermeneutica una linea vicina alla metafisica platonica, nella quale si postulava essenzialmente un dualismo tra il mondo corporeo e quello spirituale-metafisico.<\/p>\n<p><strong>Ma n\u00e9 il corpo da solo, n\u00e9 l\u2019anima da sola definiscono l\u2019essere umano.<\/strong> L\u2019antropologia cristiana \u00e8 uniduale, poich\u00e9 vi si integrano corpo e anima come due dimensioni inscindibili e reciprocamente arricchenti. Essa vede nella corporeit\u00e0 una dimensione costitutiva dell\u2019autentico essere-uomo, e rifiuta ogni tentativo di dividere l\u2019uomo in un settore autentico, perennemente valido \u2013 lo spirito \u2013 e in un altro inautentico e transitorio \u2013 la materia. Il binomio corpo-anima non definisce la contrapposizione di due realt\u00e0 complete e distinte, ma la mutua interpenetrazione di una nell\u2019altra nella composizione dell\u2019unica realt\u00e0-uomo.<\/p>\n<p>In questa <em>Settimana di Spiritualit\u00e0<\/em>, vogliamo riflettere non tanto sul \u00abdescrivere\u00bb o sul come \u00abutilizzare\u00bb un corpo, ma sul <strong>che cosa <em>significa<\/em> il corpo<\/strong>. In tal senso, si chieder\u00e0 se il corpo umano costituisca una via di accesso a Dio. E, viceversa, se attraverso di esso Dio comunica con noi. Inoltre, si analizzer\u00e0 il valore del corpo umano nella vita spirituale. In questa emerge la forza di una cristologia che implichi e \u00abpresupponga un\u2019antropologia secondo la quale, se Dio \u00e8 capace di assumere la carne, anche l\u2019essere umano \u00e8 capace di Dio\u00bb (P. Duarte). In noi, per cos\u00ec dire, Dio scopre il corpo e, al tempo stesso, in lui il nostro corpo viene scoperto.<\/p>\n<p>La partecipazione alla <em>Settimana di Spiritualit\u00e0<\/em> \u00e8 libera. Le conferenze avranno luogo nell\u2019Aula Magna. I video delle conferenze possono essere fruiti alla <a title=\"Aprire canale YouTube del Teresianum\" href=\"https:\/\/www.youtube.com\/teresianumroma\" target=\"_blank\" rel=\"noopener\">pagina YouTube del <em>Teresianum<\/em><\/a>.<\/p>","protected":false},"excerpt":{"rendered":"<p>SEGUICI ONLINE: https:\/\/www.youtube.com\/user\/teresianumroma Il Teresianum organizzer\u00e0 nei giorni tra il 10 e il 14 marzo 2024, la 65a edizione della [&hellip;]<\/p>\n","protected":false},"author":8,"featured_media":0,"parent":0,"menu_order":0,"comment_status":"closed","ping_status":"closed","template":"","meta":{"footnotes":""},"_links":{"self":[{"href":"https:\/\/www.teresianum.net\/en\/wp-json\/wp\/v2\/pages\/25359"}],"collection":[{"href":"https:\/\/www.teresianum.net\/en\/wp-json\/wp\/v2\/pages"}],"about":[{"href":"https:\/\/www.teresianum.net\/en\/wp-json\/wp\/v2\/types\/page"}],"author":[{"embeddable":true,"href":"https:\/\/www.teresianum.net\/en\/wp-json\/wp\/v2\/users\/8"}],"replies":[{"embeddable":true,"href":"https:\/\/www.teresianum.net\/en\/wp-json\/wp\/v2\/comments?post=25359"}],"version-history":[{"count":7,"href":"https:\/\/www.teresianum.net\/en\/wp-json\/wp\/v2\/pages\/25359\/revisions"}],"predecessor-version":[{"id":25512,"href":"https:\/\/www.teresianum.net\/en\/wp-json\/wp\/v2\/pages\/25359\/revisions\/25512"}],"wp:attachment":[{"href":"https:\/\/www.teresianum.net\/en\/wp-json\/wp\/v2\/media?parent=25359"}],"curies":[{"name":"wp","href":"https:\/\/api.w.org\/{rel}","templated":true}]}}