{"id":25354,"date":"2024-01-31T11:31:04","date_gmt":"2024-01-31T10:31:04","guid":{"rendered":"https:\/\/www.teresianum.net\/?page_id=25354"},"modified":"2025-10-07T09:04:23","modified_gmt":"2025-10-07T07:04:23","slug":"ao2363-sfide-antropologiche-spiritualita-nuove","status":"publish","type":"page","link":"https:\/\/www.teresianum.net\/en\/specializzazione-in-antropologia-teologica\/ciclo-per-la-licenza\/curriculum-di-studio\/ao2363-sfide-antropologiche-spiritualita-nuove\/","title":{"rendered":"AO2363 Sfide antropologiche, spiritualit\u00e0 nuove"},"content":{"rendered":"<p class=\"qtranxs-available-languages-message qtranxs-available-languages-message-en\"> <p><strong>Docente<\/strong>: Prof. <a target=\"_blank\" href=\"\/persone\/corpo-docente\/LUIGI-MARIA--EPICOCO\/\">LUIGI MARIA  EPICOCO<\/a>\n<p style=\"text-align: justify;\"><strong>Descrizione<br \/>\n<\/strong><\/p>\n<p style=\"text-align: justify;\"><strong>La visione antropologica<\/strong>\u00a0sottesa all\u2019attuale sentire spirituale contemporaneo \u00e8 fortemente condizionata da una visione antropologica di matrice \u00a0individualista. Dire questo significa affermare che molte proposte \u201cspirituali\u201d contemporanee\u00a0 rimangono solo nell\u2019ambito psichico ma non arrivano mai all\u2019ambito pneumatico.<\/p>\n<p style=\"text-align: justify;\">A partire da questo tipo di analisi il corso si prefigge di\u00a0<strong>portare alla luce tutte le possibili ambiguit\u00e0 che nascono da un simile approccio: meditazione, immaginazione, colloquio, corporeit\u00e0 possono diventare modi di celebrare il semplice io e i suoi bisogni, non arrivando mai davvero al nucleo spirituale dell\u2019uomo.\u00a0<\/strong>\u00a0\u00c8 pur vero per\u00f2 che in un contesto simile sta nascendo anche una consapevolezza nuova che prende spunto da un\u2019antropologia differente di matrice personalista, la cui cifra pi\u00f9 importante non \u00e8 pi\u00f9 la solitudine dell\u2019io (individualismo) ma la sua relazionalit\u00e0 (persona).<\/p>\n<p style=\"text-align: justify;\">Da qui prende le mosse\u00a0<strong>una rilettura costruttiva della pratica spirituale<\/strong>\u00a0che finalmente liberata dal semplice psicologismo, si esprime in termini autenticamente spirituali. La vita dello Spirito infatti per sua natura \u00e8 relazione. Durante il corso si offriranno esempi concreti di contributi di autori proprio su questa linea di pensiero.\u00a0<\/p>","protected":false},"excerpt":{"rendered":"<p>Docente: Prof. Descrizione La visione antropologica\u00a0sottesa all\u2019attuale sentire spirituale contemporaneo \u00e8 fortemente condizionata da una visione antropologica di matrice \u00a0individualista. [&hellip;]<\/p>\n","protected":false},"author":8,"featured_media":0,"parent":20287,"menu_order":0,"comment_status":"closed","ping_status":"closed","template":"","meta":{"footnotes":""},"_links":{"self":[{"href":"https:\/\/www.teresianum.net\/en\/wp-json\/wp\/v2\/pages\/25354"}],"collection":[{"href":"https:\/\/www.teresianum.net\/en\/wp-json\/wp\/v2\/pages"}],"about":[{"href":"https:\/\/www.teresianum.net\/en\/wp-json\/wp\/v2\/types\/page"}],"author":[{"embeddable":true,"href":"https:\/\/www.teresianum.net\/en\/wp-json\/wp\/v2\/users\/8"}],"replies":[{"embeddable":true,"href":"https:\/\/www.teresianum.net\/en\/wp-json\/wp\/v2\/comments?post=25354"}],"version-history":[{"count":4,"href":"https:\/\/www.teresianum.net\/en\/wp-json\/wp\/v2\/pages\/25354\/revisions"}],"predecessor-version":[{"id":128657,"href":"https:\/\/www.teresianum.net\/en\/wp-json\/wp\/v2\/pages\/25354\/revisions\/128657"}],"up":[{"embeddable":true,"href":"https:\/\/www.teresianum.net\/en\/wp-json\/wp\/v2\/pages\/20287"}],"wp:attachment":[{"href":"https:\/\/www.teresianum.net\/en\/wp-json\/wp\/v2\/media?parent=25354"}],"curies":[{"name":"wp","href":"https:\/\/api.w.org\/{rel}","templated":true}]}}