{"id":25309,"date":"2024-01-15T17:35:58","date_gmt":"2024-01-15T16:35:58","guid":{"rendered":"https:\/\/www.teresianum.net\/?page_id=25309"},"modified":"2024-01-24T10:56:09","modified_gmt":"2024-01-24T09:56:09","slug":"teologia-dellamore","status":"publish","type":"page","link":"https:\/\/www.teresianum.net\/en\/teologia-dellamore\/","title":{"rendered":"La teologia dell&#8217;amore in dialogo con il Carmelo"},"content":{"rendered":"<p class=\"qtranxs-available-languages-message qtranxs-available-languages-message-en\"> <h2 style=\"text-align: left;\"><strong>Seminario di ricerca 2024<\/strong><\/h2>\n<h2 style=\"text-align: left;\"><strong><a href=\"https:\/\/www.teresianum.net\/wp-content\/uploads\/2024\/01\/Teologia-dellamorePDFconQR_page-0001-1.jpg\"><img loading=\"lazy\" decoding=\"async\" class=\"alignnone  wp-image-25336\" src=\"https:\/\/www.teresianum.net\/wp-content\/uploads\/2024\/01\/Teologia-dellamorePDFconQR_page-0001-1-212x300.jpg\" alt=\"\" width=\"425\" height=\"601\" srcset=\"https:\/\/www.teresianum.net\/wp-content\/uploads\/2024\/01\/Teologia-dellamorePDFconQR_page-0001-1-212x300.jpg 212w, https:\/\/www.teresianum.net\/wp-content\/uploads\/2024\/01\/Teologia-dellamorePDFconQR_page-0001-1-724x1024.jpg 724w, https:\/\/www.teresianum.net\/wp-content\/uploads\/2024\/01\/Teologia-dellamorePDFconQR_page-0001-1-768x1087.jpg 768w, https:\/\/www.teresianum.net\/wp-content\/uploads\/2024\/01\/Teologia-dellamorePDFconQR_page-0001-1-600x849.jpg 600w, https:\/\/www.teresianum.net\/wp-content\/uploads\/2024\/01\/Teologia-dellamorePDFconQR_page-0001-1-1085x1536.jpg 1085w, https:\/\/www.teresianum.net\/wp-content\/uploads\/2024\/01\/Teologia-dellamorePDFconQR_page-0001-1.jpg 1240w\" sizes=\"(max-width: 425px) 100vw, 425px\" \/><\/a><\/strong><\/h2>\n<h2>Partecipazione gratuita!<\/h2>\n<h2 style=\"text-align: left;\"><strong>Aula 1<\/strong><\/h2>\n<h3 style=\"text-align: left;\">Iscriversi o manifestare interesse (newsletter) per il gruppo di ricerca: <a href=\"https:\/\/form.jotform.com\/233494053492358\" target=\"_blank\" rel=\"noopener\"><strong>cliccare qui<\/strong><\/a>.<\/h3>\n<h3 style=\"text-align: left;\">Link Zoom per collegarsi a distanza: <a href=\"https:\/\/zoom.us\/j\/98299448373?pwd=M0hLdDZ4aGQ5WTc5MStUU3ZGUGttZz09\" target=\"_blank\" rel=\"noopener\"><strong>cliccare qui<\/strong><\/a>.<\/h3>\n<p style=\"text-align: left;\">\u00a0<\/p>\n<p style=\"text-align: left;\"><strong>Luned\u00ec 5 febbraio, 26 febbraio, 18 marzo, 8 aprile, 29 aprile 2024<\/strong><\/p>\n<p style=\"text-align: left;\">16.30\u00a0\u00a0\u00a0\u00a0\u00a0\u00a0\u00a0\u00a0\u00a0 Conferenza pubblica con respondent (Aula 1)<br \/>\n17.45 ca.\u00a0\u00a0\u00a0\u00a0 Incontro del conferenziere con il gruppo di ricerca e altri ospiti invitati<\/p>\n<p>&nbsp;<\/p>\n<ul style=\"text-align: left;\">\n<li style=\"text-align: justify;\">5 febbraio: <strong>La croce, fonte di divinizzazione trinitaria.<br \/>\n<\/strong><strong>L\u2019apporto di santa Teresa di Ges\u00f9 ad una teologia kenotica dell\u2019unione con Dio<br \/>\n<\/strong>Denis Chardonnens, o.c.d.<\/li>\n<li style=\"text-align: justify;\">26 febbraio: <strong>Spiritual Perception and the Racist Gaze. Can Contemplation Shift Racism?<br \/>\n<\/strong>Sarah Coakley (<a href=\"https:\/\/zoom.us\/j\/98299448373?pwd=M0hLdDZ4aGQ5WTc5MStUU3ZGUGttZz09\" target=\"_blank\" rel=\"noopener\">solo online<\/a>, English)<\/li>\n<li style=\"text-align: justify;\">18 marzo 2024: <strong>Sentire la presenza. Sentirsi abbandonati. In margine a una lettera di S. Teresa di Lisieux<br \/>\n<\/strong>Mons. Cesare Pagazzi<\/li>\n<li style=\"text-align: justify;\">8 aprile 2024: <strong>Il tema dell\u2019amore in Edith Stein. Eros, Filia, Agape<br \/>\n<\/strong>Angela Ales Bello<\/li>\n<li style=\"text-align: justify;\">29 aprile 2024: <strong>La cr\u00e9dibilit\u00e9 de l&#8217;amour de Dieu pour les personnes \u00e9prouv\u00e9es<br \/>\n<\/strong>Jean-Baptiste Lecuit, o.c.d. (<a href=\"https:\/\/zoom.us\/j\/98299448373?pwd=M0hLdDZ4aGQ5WTc5MStUU3ZGUGttZz09\" target=\"_blank\" rel=\"noopener\">solo online<\/a>, francese)<\/li>\n<\/ul>\n<p>&nbsp;<\/p>\n<p style=\"text-align: justify;\">In seguito alla pubblicazione del volume del gruppo di ricerca (<strong><a href=\"https:\/\/www.cittanuova.it\/libri\/9788831135436\/teologia-dellamore\/\" target=\"_blank\" rel=\"noopener\"><em>Teologia dell\u2019amore.<\/em> <em>Prospettive teologico-filosofiche in dialogo con il Carmelo<\/em>, coll. \u00abTeologia\u00bb, Citt\u00e0 Nuova, Roma 2023<\/a><\/strong>), desideriamo continuare l\u2019approfondimento della teologia dell\u2019amore in dialogo con le figure del Carmelo.<\/p>\n<p><a href=\"https:\/\/www.cittanuova.it\/libri\/9788831135436\/teologia-dellamore\/\" target=\"_blank\" rel=\"noopener\"><img loading=\"lazy\" decoding=\"async\" class=\"alignleft wp-image-25311 \" src=\"https:\/\/www.teresianum.net\/wp-content\/uploads\/2024\/01\/1Teologia-dellamore.jpg\" alt=\"\" width=\"425\" height=\"638\" srcset=\"https:\/\/www.teresianum.net\/wp-content\/uploads\/2024\/01\/1Teologia-dellamore.jpg 424w, https:\/\/www.teresianum.net\/wp-content\/uploads\/2024\/01\/1Teologia-dellamore-200x300.jpg 200w\" sizes=\"(max-width: 425px) 100vw, 425px\" \/><\/a><\/p>","protected":false},"excerpt":{"rendered":"<p>Seminario di ricerca 2024 Partecipazione gratuita! Aula 1 Iscriversi o manifestare interesse (newsletter) per il gruppo di ricerca: cliccare qui. [&hellip;]<\/p>\n","protected":false},"author":1899,"featured_media":0,"parent":0,"menu_order":0,"comment_status":"closed","ping_status":"closed","template":"","meta":{"footnotes":""},"_links":{"self":[{"href":"https:\/\/www.teresianum.net\/en\/wp-json\/wp\/v2\/pages\/25309"}],"collection":[{"href":"https:\/\/www.teresianum.net\/en\/wp-json\/wp\/v2\/pages"}],"about":[{"href":"https:\/\/www.teresianum.net\/en\/wp-json\/wp\/v2\/types\/page"}],"author":[{"embeddable":true,"href":"https:\/\/www.teresianum.net\/en\/wp-json\/wp\/v2\/users\/1899"}],"replies":[{"embeddable":true,"href":"https:\/\/www.teresianum.net\/en\/wp-json\/wp\/v2\/comments?post=25309"}],"version-history":[{"count":11,"href":"https:\/\/www.teresianum.net\/en\/wp-json\/wp\/v2\/pages\/25309\/revisions"}],"predecessor-version":[{"id":25345,"href":"https:\/\/www.teresianum.net\/en\/wp-json\/wp\/v2\/pages\/25309\/revisions\/25345"}],"wp:attachment":[{"href":"https:\/\/www.teresianum.net\/en\/wp-json\/wp\/v2\/media?parent=25309"}],"curies":[{"name":"wp","href":"https:\/\/api.w.org\/{rel}","templated":true}]}}