{"id":25198,"date":"2023-12-13T21:15:55","date_gmt":"2023-12-13T20:15:55","guid":{"rendered":"https:\/\/www.teresianum.net\/?page_id=25198"},"modified":"2024-01-12T17:47:08","modified_gmt":"2024-01-12T16:47:08","slug":"seminario-di-approfondimento-ripensare-la-teologia-con-santa-teresa-di-lisieux","status":"publish","type":"page","link":"https:\/\/www.teresianum.net\/en\/seminario-di-approfondimento-ripensare-la-teologia-con-santa-teresa-di-lisieux\/","title":{"rendered":"Seminario di approfondimento: Ripensare la teologia con Santa Teresa di Lisieux"},"content":{"rendered":"<p class=\"qtranxs-available-languages-message qtranxs-available-languages-message-en\"> [vc_row][vc_column][vc_column_text]\n<h3>23-24 maggio 2024<\/h3>\n[\/vc_column_text]<hr class=\"symple-spacing \" style=\"height: 50px\" \/>[\/vc_column][\/vc_row][vc_row][vc_column width=&#8221;1\/2&#8243;][vc_column_text]\n<p style=\"text-align: justify;\">Nell\u2019esortazione apostolica <strong>\u201c<em>C\u2019est la confiance<\/em>\u201d<\/strong> papa Francesco chiama Santa Teresa di Lisieux \u201cil Dottore della sintesi\u201d, il cui genio \u201cconsiste nel portarci al centro, a ci\u00f2 che \u00e8 essenziale, a ci\u00f2 che \u00e8 indispensabile\u201d (49). La sua scoperta del cuore del Vangelo &#8211; in quanto costitutivo per la vita cristiana &#8211; provoca comunque un ripensamento di tanti modi di pensare e agire, anche in ambito teologico: \u201cCome teologi, moralisti, studiosi di spiritualit\u00e0, come pastori e come credenti, ciascuno nel proprio ambito, abbiamo ancora bisogno di recepire questa intuizione geniale di Teresina e di trarne le conseguenze teoriche e pratiche, dottrinali e pastorali, personali e comunitarie. Servono audacia e libert\u00e0 interiore per poterlo fare.\u201d (50)<\/p>\n<p style=\"text-align: justify;\">Raccogliendo quest\u2019appello del Pontefice, la Pontificia Facolt\u00e0 Teologica \u2013 l\u2019Istituto di Spiritualit\u00e0 <em>Teresianum <\/em>invita gli studiosi di teologia e di altre discipline al <strong>Seminario di approfondimento<\/strong> dedicato al tema dell\u2019apporto teologico di Santa Teresa di Ges\u00f9 Bambino e del Volto Santo.<\/p>\n<p style=\"text-align: justify;\">Un rinnovamento della teologia, come anche una riforma ecclesiale, sembra un\u2019urgenza dei nostri tempi. Una teologia capace di \u201cinterpretare profeticamente il presente e a scorgere nuovi itinerari per il futuro\u201d (Francesco, <em>Ad theologiam promovendam<\/em>, 1) ha comunque bisogno di un punto focale, ovvero il lievito. Nel passato non mancavano i teologi che scorgevano un tale contributo negli scritti di Santa Teresa di Lisieux (p.e. Andr\u00e9 Combes, Erich Przywara, Hans Urs von Balthasar). Nonostante ci\u00f2, la recezione della dottrina teresiana da parte del mondo teologico rimane piuttosto modesta. L\u2019invito di Francesco rivolto ai \u201cteologi, moralisti, studiosi di spiritualit\u00e0\u201d rappresenta quindi una sfida e richiede un vero lavoro di approfondimento.<\/p>\n<p style=\"text-align: justify;\"><strong>L\u2019obiettivo del seminario<\/strong> \u00e8 quello di offrire ai ricercatori l\u2019opportunit\u00e0 di discutere i risultati delle proprie ricerche. Questo comprende sia i temi storici riguardanti diverse tappe della percezione e dell\u2019interpretazione della dottrina di Santa Teresa in teologia, come anche nuovi approcci e contesti in cui la sua dottrina potrebbe acquisire importanza.<\/p>\n[\/vc_column_text][\/vc_column][vc_column width=&#8221;1\/2&#8243;][vc_single_image image=&#8221;25266&#8243; img_size=&#8221;full&#8221;][vc_column_text]\n<p style=\"text-align: justify;\"><strong>Call for Papers<\/strong><\/p>\n<p style=\"text-align: justify;\">Le bozze di presentazione sul tema sopra descritto possono essere inviate via e-mail a <span style=\"text-decoration: underline;\"><strong>strzyz@teresianum.net<\/strong><\/span> entro l\u201911 marzo 2024. Le bozze presentate non devono superare i 4000 caratteri e devono essere scritte in italiano, in inglese o in francese. Si prega di inviare anche un breve CV. La decisione di accettazione verr\u00e0 comunicata entro il 23 marzo.<\/p>\n<p style=\"text-align: justify;\">In una sezione libera \u00e8 possibile presentare i propri progetti di ricerca (p.e. dottorato) dedicati a Santa Teresa di Lisieux che non rientrano nell\u2019area tematica sopra descritta. Anche le bozze di presentazione per questa sezione non devono superare i 4000 caratteri. Per ogni contributo accettato sul tema, saranno riservati 45 minuti del seminario (30 minuti di presentazione \/ 15 minuti di discussione). Nella sezione libera sono previsti 20 minuti per ogni partecipante (10 minuti di presentazione \/ 10 minuti di discussione).<\/p>\n<p style=\"text-align: justify;\">La lingua di scambio durante il seminario \u00e8 l\u2019italiano. Tuttavia, \u00e8 possibile fare la propria presentazione in inglese o in francese.<\/p>\n<p>Per ulteriori informazioni: <span style=\"text-decoration: underline;\"><strong>strzyz@teresianum.net<\/strong><\/span><br \/>\n\u00c9quipe di preparazione:<br \/>\n<em>Prof. Emilio Martinez<\/em><br \/>\n<em>Prof. Lukasz Strzyz-Steinert<\/em><br \/>\n<em>Dott.ssa Antonella Piccirilli<\/em><\/p>\n[\/vc_column_text][\/vc_column][\/vc_row][vc_row][vc_column]<hr class=\"symple-spacing \" style=\"height: 100px\" \/>[vc_separator color=&#8221;custom&#8221; border_width=&#8221;3&#8243; accent_color=&#8221;#0515a8&#8243;]<hr class=\"symple-divider solid \"  \/>[\/vc_column][\/vc_row][vc_row][vc_column][vc_column_text]\n<h3 style=\"text-align: left;\"><span style=\"color: #333399;\">Research Seminar: Rethinking theology with St. Th\u00e9r\u00e8se of Lisieux<br \/>\n<\/span>May 23rd-24th, 2024<\/h3>\n[\/vc_column_text][\/vc_column][\/vc_row][vc_row][vc_column width=&#8221;1\/2&#8243;][vc_column_text]\n<p style=\"text-align: justify;\">In the apostolic exhortation <strong>\u201cC&#8217;est la confiance\u201d<\/strong> Pope Francis calls St. Th\u00e9r\u00e8se of Lisieux \u201cthe Doctor of synthesis\u201d, whose genius consists \u201cin leading us to what is central, essential and indispensable\u201d (49). However, her discovery of the heart of the Gospel \u2013 as constitutive for Christian life \u2013 provokes a rethinking of many ways of thinking and acting, not least in the theological sphere: \u201cAs theologians, moralists and spiritual writers, as pastors and as believers, wherever we find ourselves, we need constantly to appropriate this insight of Th\u00e9r\u00e8se and to draw from it consequences both theoretical and practical, doctrinal and pastoral, personal and communal. We need boldness and interior freedom to do so.\u201d (50)<\/p>\n<p style=\"text-align: justify;\">Welcoming this appeal by the Pope, the <strong>Pontifical Theological Faculty \u2013 the Teresianum Institute of Spirituality invites scholars of theology and other disciplines to a seminar dedicated to the theological input of St. Th\u00e9r\u00e8se of the Child Jesus and the Holy Face.<\/strong><\/p>\n<p style=\"text-align: justify;\">A renewal of theology, as well as an ecclesial reform, appears to be an urgency of our times. However, a theology capable of \u201cprophetically interpreting the present and discerning new paths for the future\u201d (Francis, Ad theologiam promovendam, 1) needs a focal point, as well as a kind of leaven. In the past, there was no shortage of theologians who saw such a contribution in the writings of St. Th\u00e9r\u00e8se of Lisieux (e.g. Andr\u00e9 Combes, Erich Przywara, Hans Urs von Balthasar). Despite this, the reception of Th\u00e9r\u00e8se\u2019s doctrine by the theological world remains rather modest. Francis\u2019 invitation addressed to \u201ctheologians, moralists and spiritual writers\u201d is thus a challenge and calls for a genuine effort of in-depth study.<\/p>\n<p style=\"text-align: justify;\"><strong>The aim of the seminar<\/strong> is to offer scholars the opportunity to discuss the results of their own research. This includes both historical topics concerning different stages of the perception and interpretation of St. Th\u00e9r\u00e8se\u2019s doctrine in theology, as well as new approaches and contexts in which her doctrine might gain importance.<\/p>\n[\/vc_column_text][vc_single_image image=&#8221;6&#8243; img_size=&#8221;large&#8221;][\/vc_column][vc_column width=&#8221;1\/2&#8243;][vc_single_image image=&#8221;6&#8243; img_size=&#8221;large&#8221;][vc_column_text]\n<p style=\"text-align: justify;\">The draft presentations on the topic described above can be sent by e-mail to<span style=\"text-decoration: underline;\"><strong> strzyz@teresianum.net<\/strong><\/span> by March 11th 2024. The drafts submitted must not exceed 4000 characters and must be written either in Italian, English, or French. The researchers are kindly requested to send, as well, a brief CV. The acceptance results will be communicated by March 23rd. In the free section it will be possible to present one\u2019s own research projects (e.g. doctorate) dedicated to Saint Th\u00e9r\u00e8se of Lisieux which do not fall within the thematic area described above. Draft submissions for this section should also not exceed 4000 characters.<\/p>\n<p style=\"text-align: justify;\">45 minutes of the Seminar will be reserved (30 minutes of presentation\/ 15 minutes of discussion) for each accepted contribution. In the free section, 20 minutes are foreseen for each participant (10 minutes of presentation\/ 10 minutes of discussion).<br \/>\nThe language utilized during the Seminar will be Italian. However, presentations may also be made in English or in French.<\/p>\n<p style=\"text-align: justify;\">For further information: <span style=\"text-decoration: underline;\"><strong>strzyz@teresianum.net<\/strong><\/span><\/p>\n<p style=\"text-align: justify;\"><strong>Preparation Team:<\/strong><br \/>\n<em>Prof. Emilio Martinez<\/em><br \/>\n<em>Prof. Lukasz Strzyz-Steinert<\/em><br \/>\n<em>Dr. Antonella Piccirilli<\/em><\/p>\n[\/vc_column_text][\/vc_column][\/vc_row]","protected":false},"excerpt":{"rendered":"<p>[vc_row][vc_column][vc_column_text] 23-24 maggio 2024 [\/vc_column_text][\/vc_column][\/vc_row][vc_row][vc_column width=&#8221;1\/2&#8243;][vc_column_text] Nell\u2019esortazione apostolica \u201cC\u2019est la confiance\u201d papa Francesco chiama Santa Teresa di Lisieux \u201cil Dottore [&hellip;]<\/p>\n","protected":false},"author":2,"featured_media":0,"parent":0,"menu_order":0,"comment_status":"closed","ping_status":"closed","template":"","meta":{"footnotes":""},"_links":{"self":[{"href":"https:\/\/www.teresianum.net\/en\/wp-json\/wp\/v2\/pages\/25198"}],"collection":[{"href":"https:\/\/www.teresianum.net\/en\/wp-json\/wp\/v2\/pages"}],"about":[{"href":"https:\/\/www.teresianum.net\/en\/wp-json\/wp\/v2\/types\/page"}],"author":[{"embeddable":true,"href":"https:\/\/www.teresianum.net\/en\/wp-json\/wp\/v2\/users\/2"}],"replies":[{"embeddable":true,"href":"https:\/\/www.teresianum.net\/en\/wp-json\/wp\/v2\/comments?post=25198"}],"version-history":[{"count":11,"href":"https:\/\/www.teresianum.net\/en\/wp-json\/wp\/v2\/pages\/25198\/revisions"}],"predecessor-version":[{"id":25295,"href":"https:\/\/www.teresianum.net\/en\/wp-json\/wp\/v2\/pages\/25198\/revisions\/25295"}],"wp:attachment":[{"href":"https:\/\/www.teresianum.net\/en\/wp-json\/wp\/v2\/media?parent=25198"}],"curies":[{"name":"wp","href":"https:\/\/api.w.org\/{rel}","templated":true}]}}