{"id":2483,"date":"2015-10-14T21:49:04","date_gmt":"2015-10-14T19:49:04","guid":{"rendered":"http:\/\/www.teresianum.net\/?page_id=2483"},"modified":"2020-05-27T10:59:19","modified_gmt":"2020-05-27T08:59:19","slug":"presentazione","status":"publish","type":"page","link":"https:\/\/www.teresianum.net\/en\/corso-di-lingua-italiana-2\/presentazione\/","title":{"rendered":"Presentazione"},"content":{"rendered":"<p class=\"qtranxs-available-languages-message qtranxs-available-languages-message-en\"> <p style=\"text-align: justify;\">Gli Studenti di madre lingua non italiana che intendono iscriversi ai cicli accademici di studio: Istituzionale, di Licenza e di Dottorato, e non hanno compiuto in italiano gli studi previ richiesti per l\u2019iscrizione, devono studiare tale lingua per almeno tre mesi frequentando un corso intensivo, prima della loro iscrizione alla Facolt\u00e0, documentando ci\u00f2 con un attestato.<\/p>\n<p style=\"text-align: justify;\">Entro il primo anno di studio gli Studenti devono raggiungere il livello B1 (secondo le norme della Comunit\u00e0 Europea) di conoscenza della lingua italiana; ci\u00f2 va verificato con un esame presso la nostra Facolt\u00e0.<\/p>\n<p style=\"text-align: justify;\">Gli esami di verifica vengono organizzati all\u2019inizio di ottobre e durante il primo e il secondo semestre. In base al risultato, lo Studente potr\u00e0 essere invitato a perfezionare il suo studio mediante lezioni in Centri accreditati, preferibilmente quelle organizzate dalla nostra Facolt\u00e0.<\/p>\n<p style=\"text-align: justify;\">A motivo dell&#8217;emergenza sanitaria causata dalla pandemia di Covid-19, in preparazione all&#8217;Anno Accademico 2020-2021, \u00e8 stato predisposto un corso di italiano online, come indicato dalla comunicazione del Preside della nostra Facolt\u00e0, che pu\u00f2 essere consultato nel PDF riportato qui di seguito.<\/p>\n<p>&nbsp;<\/p>\n<div class='w3eden'><!-- WPDM Link Template: Default Template --><div class=\"wpdm-link-tpl link-btn [color]\" data-durl=\"https:\/\/www.teresianum.net\/?wpdmdl=16768\" >    <div class=\"media\">        <div class=\"pull-left\"><img decoding=\"async\" class=\"wpdm_icon\"   src=\"https:\/\/www.teresianum.net\/wp-content\/plugins\/download-manager\/file-type-icons\/pdf.png\" \/><\/div>        <div class=\"media-body\"><strong class=\"ptitle\">Anno accademico 2020-2021 <!-- <span class=\"label label-default\" style=\"font-weight: 400;\">773.77 KB<\/span> --><\/strong>            <div><\/div>            <div><strong><a class='wpdm-download-link wpdm-download-locked [btnclass]' rel='noindex nofollow' href='https:\/\/www.teresianum.net\/?wpdmdl=16768'><i class=''><\/i>Download<\/a><\/strong><\/div>        <\/div>    <\/div><\/div><div style=\"clear: both\"><\/div><\/div>\n<div class='w3eden'><!-- WPDM Link Template: Default Template --><div class=\"wpdm-link-tpl link-btn [color]\" data-durl=\"https:\/\/www.teresianum.net\/?wpdmdl=16778\" >    <div class=\"media\">        <div class=\"pull-left\"><img decoding=\"async\" class=\"wpdm_icon\"   src=\"https:\/\/www.teresianum.net\/wp-content\/plugins\/download-manager\/file-type-icons\/pdf.png\" \/><\/div>        <div class=\"media-body\"><strong class=\"ptitle\">Italian language course online <!-- <span class=\"label label-default\" style=\"font-weight: 400;\">225.75 KB<\/span> --><\/strong>            <div><\/div>            <div><strong><a class='wpdm-download-link wpdm-download-locked [btnclass]' rel='noindex nofollow' href='https:\/\/www.teresianum.net\/?wpdmdl=16778'><i class=''><\/i>Download<\/a><\/strong><\/div>        <\/div>    <\/div><\/div><div style=\"clear: both\"><\/div><\/div>","protected":false},"excerpt":{"rendered":"<p>Gli Studenti di madre lingua non italiana che intendono iscriversi ai cicli accademici di studio: Istituzionale, di Licenza e di [&hellip;]<\/p>\n","protected":false},"author":2,"featured_media":0,"parent":2465,"menu_order":0,"comment_status":"closed","ping_status":"closed","template":"","meta":{"footnotes":""},"_links":{"self":[{"href":"https:\/\/www.teresianum.net\/en\/wp-json\/wp\/v2\/pages\/2483"}],"collection":[{"href":"https:\/\/www.teresianum.net\/en\/wp-json\/wp\/v2\/pages"}],"about":[{"href":"https:\/\/www.teresianum.net\/en\/wp-json\/wp\/v2\/types\/page"}],"author":[{"embeddable":true,"href":"https:\/\/www.teresianum.net\/en\/wp-json\/wp\/v2\/users\/2"}],"replies":[{"embeddable":true,"href":"https:\/\/www.teresianum.net\/en\/wp-json\/wp\/v2\/comments?post=2483"}],"version-history":[{"count":11,"href":"https:\/\/www.teresianum.net\/en\/wp-json\/wp\/v2\/pages\/2483\/revisions"}],"predecessor-version":[{"id":17026,"href":"https:\/\/www.teresianum.net\/en\/wp-json\/wp\/v2\/pages\/2483\/revisions\/17026"}],"up":[{"embeddable":true,"href":"https:\/\/www.teresianum.net\/en\/wp-json\/wp\/v2\/pages\/2465"}],"wp:attachment":[{"href":"https:\/\/www.teresianum.net\/en\/wp-json\/wp\/v2\/media?parent=2483"}],"curies":[{"name":"wp","href":"https:\/\/api.w.org\/{rel}","templated":true}]}}