{"id":24645,"date":"2023-07-26T10:14:20","date_gmt":"2023-07-26T08:14:20","guid":{"rendered":"https:\/\/www.teresianum.net\/?page_id=24645"},"modified":"2025-01-25T03:54:57","modified_gmt":"2025-01-25T02:54:57","slug":"programma-di-studio","status":"publish","type":"page","link":"https:\/\/www.teresianum.net\/en\/diploma-di-specializzazione-biennale-in-antropologia-teologica\/programma-di-studio\/","title":{"rendered":"Programma di studio 2024-2025"},"content":{"rendered":"<p class=\"qtranxs-available-languages-message qtranxs-available-languages-message-en\"> <p>[vc_row][vc_column][vc_column_text]<\/p>\r\n<p>&nbsp;<\/p>\r\n<p><strong>DISCIPLINE DEL PRIMO E DEL SECONDO ANNO<\/strong><\/p>\r\n<p>&nbsp;<\/p>\r\n<h4><span style=\"color: #000080;\"><strong>Corsi prescritti del Primo Anno<\/strong><\/span><\/h4>\r\n<table style=\"height: 69px; width: 100.408%;\" width=\"724\">\r\n<tbody>\r\n<tr style=\"border-top: 1px solid #cccccc; border-bottom: 1px solid #cccccc;\">\r\n<td style=\"width: 9.33561%; height: 69px;\"><a href=\"\/specializzazione-in-teologia-spirituale\/ciclo-per-la-licenza-ts\/curriculum-di-studio\/sp1002-metodologia-del-lavoro-scientifico\/\" target=\"_blank\" rel=\"noopener noreferrer\"><strong>SP1002<\/strong><\/a><\/td>\r\n<td style=\"width: 77.8703%; height: 69px;\"><a href=\"\/specializzazione-in-teologia-spirituale\/ciclo-per-la-licenza-ts\/curriculum-di-studio\/sp1002-metodologia-del-lavoro-scientifico\/\" target=\"_blank\" rel=\"noopener noreferrer\"><strong>Metodologia del lavoro scientifico<\/strong><\/a><br \/>\r\n<span style=\"font-size: 10pt;\">(in comune con la specializzazione in Teologia <\/span><span style=\"font-size: 10pt;\">Spirituale)<\/span><strong><br \/>\r\n<\/strong>Iacopo Iadarola e Axel Alt<\/td>\r\n<td style=\"width: 12.9942%; text-align: right; height: 69px;\">5 ECTS<\/td>\r\n<\/tr>\r\n<\/tbody>\r\n<\/table>\r\n<p>&nbsp;<\/p>\r\n<h4><span style=\"color: #000080;\"><strong>Corsi prescritti del Primo e del Secondo Anno<\/strong><\/span><\/h4>\r\n<table style=\"height: 150px; width: 100.337%;\" width=\"722\">\r\n<tbody>\r\n<tr style=\"border-top: 1px solid #cccccc; border-bottom: 1px solid #cccccc; height: 30px;\">\r\n<td style=\"width: 9.27296%; height: 30px;\"><a href=\"https:\/\/www.teresianum.net\/specializzazione-in-antropologia-teologica\/ciclo-per-la-licenza\/curriculum-di-studio\/ap1010-antropologia-teologica-fondamentale\/\" target=\"_blank\" rel=\"noopener\"><strong>AP1010<\/strong><\/a><\/td>\r\n<td style=\"width: 80.1926%; height: 30px;\"><a href=\"https:\/\/www.teresianum.net\/specializzazione-in-antropologia-teologica\/ciclo-per-la-licenza\/curriculum-di-studio\/ap1010-antropologia-teologica-fondamentale\/\" target=\"_blank\" rel=\"noopener\"><strong>Antropologia teologica fondamentale<\/strong><\/a><br \/>\r\nChristof Betschart<\/td>\r\n<td style=\"width: 10.7347%; text-align: right; height: 30px;\">3 ECTS<\/td>\r\n<\/tr>\r\n<tr style=\"border-top: 1px solid #cccccc; border-bottom: 1px solid #cccccc; height: 30px;\">\r\n<td style=\"width: 9.27296%; height: 30px;\"><a href=\"https:\/\/www.teresianum.net\/specializzazione-in-antropologia-teologica\/ciclo-per-la-licenza\/curriculum-di-studio\/ap1021-questioni-antropologiche-del-mondo-odierno\/\" target=\"_blank\" rel=\"noopener\"><strong>AP1021<\/strong><\/a><\/td>\r\n<td style=\"width: 80.1926%; height: 30px;\"><a href=\"https:\/\/www.teresianum.net\/specializzazione-in-antropologia-teologica\/ciclo-per-la-licenza\/curriculum-di-studio\/ap1021-questioni-antropologiche-del-mondo-odierno\/\" target=\"_blank\" rel=\"noopener\"><strong>Questioni antropologiche del mondo odierno<\/strong><\/a><br \/>\r\nMaria Aracoeli Beroch<\/td>\r\n<td style=\"width: 10.7347%; text-align: right; height: 30px;\">5 ECTS<\/td>\r\n<\/tr>\r\n<tr style=\"border-top: 1px solid #cccccc; border-bottom: 1px solid #cccccc; height: 30px;\">\r\n<td style=\"width: 9.27296%; height: 30px;\"><a href=\"https:\/\/www.teresianum.net\/specializzazione-in-antropologia-teologica\/ciclo-per-la-licenza\/curriculum-di-studio\/ap1040-mysterium-iniquitatis-il-male-come-problema-esistenziale-sfida-antropologica-e-questione-teologica\/\" target=\"_blank\" rel=\"noopener\"><strong>AP1040<\/strong><\/a><\/td>\r\n<td style=\"width: 80.1926%; height: 30px;\"><a href=\"https:\/\/www.teresianum.net\/specializzazione-in-antropologia-teologica\/ciclo-per-la-licenza\/curriculum-di-studio\/ap1040-mysterium-iniquitatis-il-male-come-problema-esistenziale-sfida-antropologica-e-questione-teologica\/\" target=\"_blank\" rel=\"noopener\"><strong><em>Mysterium iniquitatis<\/em>: il male come problema esistenziale, sfida antropologica e questione teologica<\/strong><\/a><br \/>\r\nProfessore da determinare<\/td>\r\n<td style=\"width: 10.7347%; text-align: right; height: 30px;\">3 ECTS<\/td>\r\n<\/tr>\r\n<tr style=\"border-top: 1px solid #cccccc; border-bottom: 1px solid #cccccc; height: 30px;\">\r\n<td style=\"width: 9.27296%; height: 30px;\"><a href=\"https:\/\/www.teresianum.net\/specializzazione-in-antropologia-teologica\/ciclo-per-la-licenza\/curriculum-di-studio\/ap1050-cristologia-e-antropologia\/\" target=\"_blank\" rel=\"noopener\"><strong>AP1050<\/strong><\/a><\/td>\r\n<td style=\"width: 80.1926%; height: 30px;\"><a href=\"https:\/\/www.teresianum.net\/specializzazione-in-antropologia-teologica\/ciclo-per-la-licenza\/curriculum-di-studio\/ap1050-cristologia-e-antropologia\/\" target=\"_blank\" rel=\"noopener\"><strong>Cristologia e antropologia\u00a0<\/strong><\/a><br \/>\r\nAdrian Attard, Lukasz Strzy\u017c-Steinert<\/td>\r\n<td style=\"width: 10.7347%; text-align: right; height: 30px;\">3 ECTS<\/td>\r\n<\/tr>\r\n<tr style=\"border-top: 1px solid #cccccc; border-bottom: 1px solid #cccccc;\">\r\n<td style=\"width: 9.27296%; height: 30px;\"><a href=\"https:\/\/www.teresianum.net\/specializzazione-in-antropologia-teologica\/ciclo-per-la-licenza\/curriculum-di-studio\/ap1330-antropologia-psicologica\/\" target=\"_blank\" rel=\"noopener\"><strong>AP1330<\/strong><\/a><\/td>\r\n<td style=\"width: 80.1926%; height: 30px;\"><a href=\"https:\/\/www.teresianum.net\/specializzazione-in-antropologia-teologica\/ciclo-per-la-licenza\/curriculum-di-studio\/ap1330-antropologia-psicologica\/\" target=\"_blank\" rel=\"noopener\"><strong>Antropologia psicologica<\/strong><\/a><br \/>\r\nGrazia Petti<\/td>\r\n<td style=\"width: 10.7347%; text-align: right; height: 30px;\">3 ECTS<\/td>\r\n<\/tr>\r\n<\/tbody>\r\n<\/table>\r\n<p>&nbsp;<\/p>\r\n<h4><span style=\"color: #000080;\"><strong>Corsi opzionali in comune alla specializzazione in Teologia Spirituale e all\u2019Higher diploma in Spiritual Theology and Carmelite Spirituality<\/strong><\/span><\/h4>\r\n<table style=\"height: 250px; width: 100.376%;\" width=\"724\">\r\n<tbody>\r\n<tr style=\"border-top: 1px solid #cccccc; border-bottom: 1px solid #cccccc;\">\r\n<td style=\"width: 9.02935%; height: 24px;\"><strong>SO2530<\/strong><\/td>\r\n<td style=\"width: 79.3726%; height: 24px;\"><strong>\u201cPiccola via dell\u2019infanzia spirituale\u201d. Una prospettiva biblico-spirituale<\/strong><br \/>\r\nRichard Francis Dsouza<\/td>\r\n<td style=\"width: 10.5935%; text-align: right; height: 24px;\">3 ECTS<\/td>\r\n<\/tr>\r\n<tr style=\"border-top: 1px solid #cccccc; border-bottom: 1px solid #cccccc;\">\r\n<td style=\"width: 9.02935%; height: 10px;\"><a href=\"https:\/\/www.teresianum.net\/specializzazione-in-teologia-spirituale\/ciclo-per-la-licenza-ts\/curriculum-di-studio\/so3872-musica-e-spiritualita\/\" target=\"_blank\" rel=\"noopener\"><strong>SO3872<\/strong><\/a><\/td>\r\n<td style=\"width: 79.3726%; height: 10px;\"><a href=\"https:\/\/www.teresianum.net\/specializzazione-in-teologia-spirituale\/ciclo-per-la-licenza-ts\/curriculum-di-studio\/so3872-musica-e-spiritualita\/\" target=\"_blank\" rel=\"noopener\"><strong>Musica e spiritualit\u00e0<\/strong><\/a><br \/>\r\nSergio Militello<\/td>\r\n<td style=\"width: 10.5935%; text-align: right; height: 10px;\">3 ECTS<\/td>\r\n<\/tr>\r\n<tr style=\"border-top: 1px solid #cccccc; border-bottom: 1px solid #cccccc;\">\r\n<td style=\"width: 9.02935%; height: 24px;\"><a href=\"https:\/\/www.teresianum.net\/specializzazione-in-teologia-spirituale\/ciclo-per-la-licenza-ts\/curriculum-di-studio\/so4511-vie-dellunione-con-dio-la-mistica-e-i-mistici-nella-scuola-francescana\/\" target=\"_blank\" rel=\"noopener\"><strong>SO4511<\/strong><\/a><\/td>\r\n<td style=\"width: 79.3726%; height: 24px;\"><a href=\"https:\/\/www.teresianum.net\/specializzazione-in-teologia-spirituale\/ciclo-per-la-licenza-ts\/curriculum-di-studio\/so4511-vie-dellunione-con-dio-la-mistica-e-i-mistici-nella-scuola-francescana\/\" target=\"_blank\" rel=\"noopener\"><strong>Le vie dell\u2019unione con Dio. La mistica e i mistici nella scuola francescana<\/strong><\/a><br \/>\r\nRaffaele Di Muro<\/td>\r\n<td style=\"width: 10.5935%; text-align: right; height: 24px;\">3 ECTS<\/td>\r\n<\/tr>\r\n<tr style=\"border-top: 1px solid #cccccc; border-bottom: 1px solid #cccccc;\">\r\n<td style=\"width: 9.02935%; height: 24px;\"><a href=\"https:\/\/www.teresianum.net\/hdst06-the-indwelling-of-the-trinity-in-spiritual-life\/\"><strong>HDST06<\/strong><\/a><\/td>\r\n<td style=\"width: 79.3726%; height: 24px;\"><a href=\"https:\/\/www.teresianum.net\/hdst06-the-indwelling-of-the-trinity-in-spiritual-life\/\"><strong>The Indwelling of the Trinity in Spiritual Life<\/strong><\/a><br \/>\r\nDenis Chardonnens<\/td>\r\n<td style=\"width: 10.5935%; text-align: right; height: 24px;\">3 ECTS<\/td>\r\n<\/tr>\r\n<tr style=\"border-top: 1px solid #cccccc; border-bottom: 1px solid #cccccc;\">\r\n<td style=\"width: 9.02935%; height: 24px; text-align: justify;\"><strong>HDST07<\/strong><\/td>\r\n<td style=\"width: 79.3726%; height: 24px;\"><strong>Spirituality of Christian Discipleship in the Gospels<\/strong><br \/>\r\nRichard Francis D\u2019Souza<\/td>\r\n<td style=\"width: 10.5935%; text-align: right; height: 24px;\">3 ECTS<\/td>\r\n<\/tr>\r\n<tr style=\"border-top: 1px solid #cccccc; border-bottom: 1px solid #cccccc;\">\r\n<td style=\"width: 9.02935%; height: 24px;\"><strong>HDST08<\/strong><\/td>\r\n<td style=\"width: 79.3726%; height: 24px;\"><strong>\u201cOh Trinity! You are Prisoner of my Love!...\u201d: A Critical Appraisal of St. Th\u00e9r\u00e8se of Lisieux and St. Elizabeth of the Trinity<\/strong><br \/>\r\nJoseph Spence<\/td>\r\n<td style=\"width: 10.5935%; text-align: right; height: 24px;\">3 ECTS<\/td>\r\n<\/tr>\r\n<\/tbody>\r\n<\/table>\r\n<p>Lo Studente pu\u00f2 scegliere tre corsi (non i laboratori) del Corso di Accompagnamento Spirituale. Lo Studente pu\u00f2 iscriversi al Joint Diploma: Spiritualit\u00e0 delle famiglie religiose (6 ECTS).<\/p>\r\n<p>Il Joint Diploma in Ecologia integrale (12 ECTS), organizzato dalla Pontificia Universit\u00e0 Gregoriana, pu\u00f2 essere accettato tra i crediti previsti per i corsi opzionali.<\/p>\r\n<p>Possibilit\u00e0 di scegliere ogni semestre e senza costi aggiuntivi un corso di 3 ECTS in un\u2019altra Istituzione Pontificia romana tramite l\u2019accordo CRUIPRO che, dopo previa approvazione in Facolt\u00e0, potr\u00e0 essere convalidato come corso opzionale.<\/p>\r\n<h4>\u00a0<\/h4>\r\n<h4><span style=\"color: #386290;\"><strong><span style=\"color: #000080;\">Seminario prescritto proprio<\/span><br \/>\r\n<\/strong><\/span><\/h4>\r\n<table style=\"height: 49px; width: 100.658%;\">\r\n<tbody>\r\n<tr style=\"border-top: 1px solid #cccccc; border-bottom: 1px solid #cccccc;\">\r\n<td style=\"height: 41px; width: 9.03915%;\"><a href=\"https:\/\/www.teresianum.net\/specializzazione-in-antropologia-teologica\/ciclo-per-la-licenza\/curriculum-di-studio\/as1010-lettura-di-testi-contemporanei-in-antropologia-cristiana\/\" target=\"_blank\" rel=\"noopener\"><strong>AS1010<\/strong><\/a><\/td>\r\n<td style=\"height: 41px; width: 79.8314%;\"><a href=\"https:\/\/www.teresianum.net\/specializzazione-in-antropologia-teologica\/ciclo-per-la-licenza\/curriculum-di-studio\/as1010-lettura-di-testi-contemporanei-in-antropologia-cristiana\/\" target=\"_blank\" rel=\"noopener\"><strong>Seminario di antropologia teologica \u2013 lettura di testi contemporanei<\/strong><\/a><br \/>\r\nAdrian Attard<\/td>\r\n<td style=\"text-align: right; height: 41px; width: 10.7736%;\">4 ECTS<\/td>\r\n<\/tr>\r\n<\/tbody>\r\n<\/table>\r\n<h4>\u00a0<\/h4>\r\n<h4><span style=\"color: #000080;\"><strong>Seminari prescritti p<\/strong><strong>er l'opzione carmelitana<\/strong><\/span><\/h4>\r\n<table style=\"width: 100.591%; height: 88px;\">\r\n<tbody>\r\n<tr style=\"border-top: 1px solid #cccccc; border-bottom: 1px solid #cccccc;\">\r\n<td style=\"height: 40px; width: 9.03915%;\"><strong>SC013<\/strong><\/td>\r\n<td style=\"height: 40px; width: 80.0489%;\"><strong><em>Fiamma di amor viva<\/em> di San Giovanni della Croce<\/strong><br \/>\r\nIain Matthew in collaborazione con Andika Canales<\/td>\r\n<td style=\"text-align: right; height: 40px; width: 98.4734%;\">4 ECTS<\/td>\r\n<\/tr>\r\n<tr style=\"border-top: 1px solid #cccccc; border-bottom: 1px solid #cccccc;\">\r\n<td style=\"width: 9.03915%; height: 48px;\"><strong>SC04<\/strong><\/td>\r\n<td style=\"width: 80.0489%; height: 48px;\"><strong>Teresa di Lisieux: attualit\u00e0 del suo messaggio<br \/>\r\n<\/strong>Lukasz Strzy\u017c-Steinert in collaborazione con Antonella Piccirilli<\/td>\r\n<td style=\"text-align: right; width: 98.4734%; height: 48px;\">4 ECTS<\/td>\r\n<\/tr>\r\n<\/tbody>\r\n<\/table>\r\n<h4>\u00a0<\/h4>\r\n<h4><span style=\"color: #000080;\"><strong>Seminari a scelta,\u00a0<\/strong><strong>in comune alla specializzazione in Teologia Spirituale<\/strong><\/span><\/h4>\r\n<table style=\"height: 82px; width: 100.786%;\">\r\n<tbody>\r\n<tr style=\"border-top: 1px solid #cccccc; border-bottom: 1px solid #cccccc;\">\r\n<td style=\"width: 9.28603%; height: 19px;\"><strong>SS1052<\/strong><\/td>\r\n<td style=\"width: 79.5861%; height: 19px;\"><strong>Il dialogo tra l\u2019uomo e Dio nelle Confessiones di Agostino di Ippona<\/strong><br \/>\r\nPasquale Cormio<\/td>\r\n<td style=\"width: 10.772%; text-align: right; height: 19px;\">4 ECTS<\/td>\r\n<\/tr>\r\n<tr style=\"border-top: 1px solid #cccccc; border-bottom: 1px solid #cccccc;\">\r\n<td style=\"height: 17px; width: 9.28603%;\"><strong>SS1061<\/strong><\/td>\r\n<td style=\"height: 17px; width: 79.5861%;\"><strong>Mistici e missionari: i maestri della Scuola francese di Spiritualit\u00e0, da Pierre de B\u00e9rulle a San Vincenzo de\u2019 Paoli<\/strong><br \/>\r\nDiego Arfuch<\/td>\r\n<td style=\"text-align: right; height: 17px; width: 10.772%;\">4 ECTS<\/td>\r\n<\/tr>\r\n<tr style=\"border-top: 1px solid #cccccc; border-bottom: 1px solid #cccccc;\">\r\n<td style=\"height: 26px; width: 9.28603%;\"><strong>SS1062<\/strong><\/td>\r\n<td style=\"height: 26px; width: 79.5861%;\"><strong>Vivere la comunione nelle comunit\u00e0 multietniche: elementi di psicologia e crescita vocazionale<\/strong><br \/>\r\nGiuseppe Crea<\/td>\r\n<td style=\"text-align: right; height: 26px; width: 10.772%;\">4 ECTS<\/td>\r\n<\/tr>\r\n<tr style=\"border-top: 1px solid #cccccc; border-bottom: 1px solid #cccccc;\">\r\n<td style=\"height: 20px; width: 9.28603%;\"><a href=\"https:\/\/www.teresianum.net\/ss1063-la-mistagogia-approccio-al-mistero-ed-esperienza-quotidiana-di-trasformazione-interiore\/\"><strong>SS1063<\/strong><\/a><\/td>\r\n<td style=\"height: 20px; width: 79.5861%;\"><a href=\"https:\/\/www.teresianum.net\/ss1063-la-mistagogia-approccio-al-mistero-ed-esperienza-quotidiana-di-trasformazione-interiore\/\"><strong>La mistagogia: approccio al Mistero ed esperienza quotidiana di trasformazione interiore<\/strong><\/a><br \/>\r\nAlessia Brombin<\/td>\r\n<td style=\"text-align: right; height: 20px; width: 10.772%;\">4 ECTS<\/td>\r\n<\/tr>\r\n<tr>\r\n<td style=\"width: 9.28603%;\"><strong>SS1064<\/strong><\/td>\r\n<td style=\"width: 79.5861%;\"><strong>Le forme di vita consacrata, percorsi di santificazione<br \/>\r\n<\/strong>Giovanni Grosso<strong><br \/>\r\n<\/strong><\/td>\r\n<td style=\"text-align: right; width: 10.772%;\">4 ECTS<\/td>\r\n<\/tr>\r\n<\/tbody>\r\n<\/table>\r\n<p>&nbsp;<\/p>\r\n<p>[\/vc_column_text][\/vc_column][\/vc_row]<\/p>\n<h4>\u00a0<\/h4>","protected":false},"excerpt":{"rendered":"<p>\u00a0<\/p>\n","protected":false},"author":2,"featured_media":0,"parent":24587,"menu_order":0,"comment_status":"closed","ping_status":"closed","template":"page-specializzazioneantropologiateologica.php","meta":{"footnotes":""},"_links":{"self":[{"href":"https:\/\/www.teresianum.net\/en\/wp-json\/wp\/v2\/pages\/24645"}],"collection":[{"href":"https:\/\/www.teresianum.net\/en\/wp-json\/wp\/v2\/pages"}],"about":[{"href":"https:\/\/www.teresianum.net\/en\/wp-json\/wp\/v2\/types\/page"}],"author":[{"embeddable":true,"href":"https:\/\/www.teresianum.net\/en\/wp-json\/wp\/v2\/users\/2"}],"replies":[{"embeddable":true,"href":"https:\/\/www.teresianum.net\/en\/wp-json\/wp\/v2\/comments?post=24645"}],"version-history":[{"count":11,"href":"https:\/\/www.teresianum.net\/en\/wp-json\/wp\/v2\/pages\/24645\/revisions"}],"predecessor-version":[{"id":29496,"href":"https:\/\/www.teresianum.net\/en\/wp-json\/wp\/v2\/pages\/24645\/revisions\/29496"}],"up":[{"embeddable":true,"href":"https:\/\/www.teresianum.net\/en\/wp-json\/wp\/v2\/pages\/24587"}],"wp:attachment":[{"href":"https:\/\/www.teresianum.net\/en\/wp-json\/wp\/v2\/media?parent=24645"}],"curies":[{"name":"wp","href":"https:\/\/api.w.org\/{rel}","templated":true}]}}