{"id":24607,"date":"2023-07-20T15:20:56","date_gmt":"2023-07-20T13:20:56","guid":{"rendered":"https:\/\/www.teresianum.net\/?page_id=24607"},"modified":"2026-03-06T11:45:30","modified_gmt":"2026-03-06T10:45:30","slug":"indicazioni-pratiche","status":"publish","type":"page","link":"https:\/\/www.teresianum.net\/en\/diploma-di-specializzazione-biennale-in-antropologia-teologica\/indicazioni-pratiche\/","title":{"rendered":"Indicazioni pratiche"},"content":{"rendered":"<p class=\"qtranxs-available-languages-message qtranxs-available-languages-message-en\"> <p style=\"text-align: justify;\">Questo Diploma di specializzazione \u00e8 particolarmente rivolto a Studenti laureati, ma non in Teologia. Per studenti in possesso del titolo di studio di Baccalaureato in Teologia (o equivalente), si raccomanda la Licenza canonica in <a href=\"\/specializzazione-in-antropologia-teologica\/ciclo-per-la-licenza\/\" target=\"_blank\" rel=\"noopener\">Antropologia teologica<\/a>.\u00a0<\/p>\n<p style=\"text-align: justify;\">Il <strong>Dicastero per la cultura e l&#8217;educazione<\/strong>, con il protocollo n. 02897\/2023\/E \u2013 888\/2023, ha concesso alla Pontificia Facolt\u00e0 Teologica <em>Teresianum<\/em> il suo <em>nulla osta<\/em> per il rilascio del Diploma in Antropologia Teologica, <strong>conferito non per autorit\u00e0 della Santa Sede e pertanto non attribuisce un grado di studio canonico<\/strong>.<\/p>\n<p style=\"text-align: justify;\"><strong>Curriculum di studio<\/strong><\/p>\n<p style=\"text-align: justify;\">Lo Studente del <strong>Diploma di Specializzazione in Antropologia teologica<\/strong>, nei due anni del percorso, deve seguire le attivit\u00e0 formative delle materie fondamentali, dei corsi opzionali e dei seminari. Esso si conclude con una Dissertazione di Diploma e una <em>Lectio coram<\/em>. L\u2019intero piano di studio consiste in un minimo di 120 ECTS.<\/p>\n<p style=\"text-align: justify;\"><strong>Condizione per l\u2019iscrizione<\/strong><\/p>\n<p style=\"text-align: justify;\">Se non si \u00e8 in possesso del titolo di Baccalaureato in Teologia (o titolo equipollente) si richiede di aver conseguito almeno il titolo di una Laurea triennale in una disciplina diversa della teologia, in particolare nel campo della filosofia e delle scienze umane \u201ccon una votazione non inferiore alla media di 8\/10, 24\/30 o equivalente, a seconda della scala di calcolo adottata. Qualora la votazione fosse inferiore, il preside potr\u00e0 richiedere un esame di ammissione\u201d (Statuto, art. 46a) dinanzi a due docenti.<\/p>\n<p style=\"text-align: justify;\"><strong>Durata massima<\/strong><\/p>\n<p style=\"text-align: justify;\">Al termine di dieci anni dalla prima iscrizione come Studente ordinario, scade il diritto di proseguire gli studi.<\/p>\n<p style=\"text-align: justify;\"><strong>Dissertazione di Diploma<\/strong><\/p>\n<p style=\"text-align: justify;\">Il Moderatore della Dissertazione di Diploma viene scelto dallo Studente tra i Professori del Corpo Docente, mentre l\u2019Esaminatore \u00e8 designato e nominato dalla Commissione Esecutiva, scelto tra i Professori della Facolt\u00e0. In casi particolari un Professore di altre Facolt\u00e0 ecclesiastiche o civili pu\u00f2 essere nominato dalla Commissione Esecutiva come Esaminatore.<br \/>\nLo schema della Dissertazione di Diploma, concordato con il Moderatore, deve essere presentato in Segreteria Generale, entro il giorno precisato nel calendario accademico, il I anno del Biennio. Il progetto deve contenere: il tema della Dissertazione, lo schema e la bibliografia essenziale. Esso non deve essere stato presentato presso altri Centri Accademici.<br \/>\nAllo scadere dei tre anni dalla data di approvazione dello schema della Dissertazione di Diploma si perde il diritto di proseguire la stessa ricerca, salvo il caso che il tema della Dissertazione sia rimasto libero, cio\u00e8 non approvato a favore di un altro Studente.\u00a0<br \/>\nLa Dissertazione di Diploma \u2013 da un minimo di 40 a un massimo di 60 pagine \u2013 firmata dal Moderatore, sar\u00e0 consegnata in Segreteria Generale in 3 copie cartacee rilegate in cartoncino (stampate solo fronte), pi\u00f9 una copia in formato PDF inviata via e-mail, entro la data stabilita dal Calendario dell\u2019anno accademico. Contestualmente va consegnata la Dichiarazione di originalit\u00e0 del testo e di conformit\u00e0 del PDF con il testo cartaceo, secondo il modello disponibile sul sito della Facolt\u00e0.<br \/>\nPer la specializzazione in Antropologia Teologica il colore della rilegatura della Dissertazione deve essere bordeaux.<br \/>\nPer la presentazione della Dissertazione di Diploma e altri lavori scritti si tengano presenti le norme generali per la redazione dei lavori scientifici (disponibili sul sito della Facolt\u00e0).<\/p>\n<p style=\"text-align: justify;\"><strong><em>Lectio coram<\/em><\/strong><\/p>\n<p style=\"text-align: justify;\">Dopo la consegna della Dissertazione di Diploma, lo studente deve tenere una <em>Lectio coram<\/em> davanti ad una Commissione di due Professori. La Facolt\u00e0 stabilisce ogni anno tre argomenti tra i quali lo Studente pu\u00f2 sceglierne uno. Lo Studente ha 40 minuti per esporre l\u2019argomento scelto, mentre altri venti minuti sono riservati alle domande.<br \/>\nRiguardo agli appelli per la <em>Lectio coram<\/em>, \u00e8 possibile iscriversi a soli tre appelli.<\/p>\n<p style=\"text-align: justify;\"><strong>Diploma finale<\/strong><\/p>\n<p style=\"text-align: justify;\">Il biennio si conclude con il conferimento del Diploma di specializzazione biennale in Antropologia teologica che non ha valore di titolo canonico.<br \/>\nPer il suddetto diploma la nota finale viene computata nel modo seguente:<\/p>\n<ul style=\"text-align: justify;\">\n<li>7\/10 per la media conseguita durante nel biennio (corsi di iniziazione teologica, prescritti, opzionali e seminari);<\/li>\n<li>2\/10 per la Dissertazione di Diploma;<\/li>\n<li>1\/10 per la <em>Lectio coram<\/em>.<\/li>\n<\/ul>\n<p style=\"text-align: justify;\"><strong>Coordinatore<\/strong><\/p>\n<p style=\"text-align: justify;\">Il Coordinatore del Diploma di specializzazione biennale in Antropologia Teologica \u00e8 il Prof. <a href=\"\/persone\/corpo-docente\/adrian-attard\/\" target=\"_blank\" rel=\"noopener\">Adrian Attard<\/a>.<\/p>","protected":false},"excerpt":{"rendered":"<p>Questo Diploma di specializzazione \u00e8 particolarmente rivolto a Studenti laureati, ma non in Teologia. Per studenti in possesso del titolo [&hellip;]<\/p>\n","protected":false},"author":2,"featured_media":0,"parent":24587,"menu_order":0,"comment_status":"closed","ping_status":"closed","template":"page-specializzazioneantropologiateologica.php","meta":{"footnotes":""},"_links":{"self":[{"href":"https:\/\/www.teresianum.net\/en\/wp-json\/wp\/v2\/pages\/24607"}],"collection":[{"href":"https:\/\/www.teresianum.net\/en\/wp-json\/wp\/v2\/pages"}],"about":[{"href":"https:\/\/www.teresianum.net\/en\/wp-json\/wp\/v2\/types\/page"}],"author":[{"embeddable":true,"href":"https:\/\/www.teresianum.net\/en\/wp-json\/wp\/v2\/users\/2"}],"replies":[{"embeddable":true,"href":"https:\/\/www.teresianum.net\/en\/wp-json\/wp\/v2\/comments?post=24607"}],"version-history":[{"count":6,"href":"https:\/\/www.teresianum.net\/en\/wp-json\/wp\/v2\/pages\/24607\/revisions"}],"predecessor-version":[{"id":190937,"href":"https:\/\/www.teresianum.net\/en\/wp-json\/wp\/v2\/pages\/24607\/revisions\/190937"}],"up":[{"embeddable":true,"href":"https:\/\/www.teresianum.net\/en\/wp-json\/wp\/v2\/pages\/24587"}],"wp:attachment":[{"href":"https:\/\/www.teresianum.net\/en\/wp-json\/wp\/v2\/media?parent=24607"}],"curies":[{"name":"wp","href":"https:\/\/api.w.org\/{rel}","templated":true}]}}