{"id":24505,"date":"2023-07-07T15:14:01","date_gmt":"2023-07-07T13:14:01","guid":{"rendered":"https:\/\/www.teresianum.net\/?page_id=24505"},"modified":"2023-07-07T15:14:01","modified_gmt":"2023-07-07T13:14:01","slug":"lm01-laboratorio-metodologico","status":"publish","type":"page","link":"https:\/\/www.teresianum.net\/en\/corso-di-teologia-spirituale\/curriculum-di-studio\/lm01-laboratorio-metodologico\/","title":{"rendered":"LM01 Laboratorio metodologico"},"content":{"rendered":"<p class=\"qtranxs-available-languages-message qtranxs-available-languages-message-en\"> <p><em>Docente<\/em>: Prof. <a target=\"_blank\" href=\"\/persone\/corpo-docente\/MARIA-DE-LAS-MERCEDES-MONTALVO-GARCIA\/\">MARIA DE LAS MERCEDES MONTALVO GARCIA<\/a>\u00a0<\/p>\n<p>&nbsp;<\/p>\n<p><strong>Giustificazione<br \/>\n<\/strong>Il corso \u00e8 giustificato dalla necessit\u00e0 di leggere e capire i testi teologici, cos\u00ec come di elaborare scritti di carattere teologico-spirituali in modo chiaro e sintetico.<\/p>\n<p><strong>Obiettivi<br \/>\n<\/strong>L\u2019obiettivo del corso \u00e8 allargare il concetto di metodo, da mere tecniche \u2013 pur indispensabili \u2013 per il lavoro teologico, a un\u2019abitudine a interrogarsi e a cercare risposte che portino avanti la ricerca.<\/p>\n<p><strong>Contenuti<br \/>\n<\/strong>Il corso intende offrire le tecniche di metodologia della Facolt\u00e0 cos\u00ec come una base teorica di ci\u00f2 che significa la metodologia per lo studio della teologia e della spiritualit\u00e0.<\/p>\n<p><strong>Criteri di valutazione<br \/>\n<\/strong>Lo studente \u00e8 valutato in base ai seguenti criteri: la presenza e la partecipazione alle lezioni e la presentazione di un elaborato conforme alle norme di metodologia della Facolt\u00e0.<\/p>\n<p><strong>Bibliografia<\/strong><\/p>\n<ul>\n<li>Fanton, A.,\u00a0<em>Metodologia per lo studio della teologia. \u201cDesidero intelligere veritatem tuam\u201d,<\/em>\u00a0Padova 2010.<\/li>\n<li>Lorizio, G. \u2013 Galantino, N.,\u00a0<em>Metodologia teologica. Avviamento allo studio e alla ricerca pluridisciplinari<\/em>, Cinisello Balsamo 1994.<\/li>\n<li>Pontificia Academia Theologica,\u00a0<em>Il metodo teologico. Tradizione, innovazione, comunione in Cristo<\/em>, ed. M. Sodi, Citt\u00e0 del Vaticano 2008.<\/li>\n<\/ul>","protected":false},"excerpt":{"rendered":"<p>Docente: Prof. \u00a0 &nbsp; Giustificazione Il corso \u00e8 giustificato dalla necessit\u00e0 di leggere e capire i testi teologici, cos\u00ec come [&hellip;]<\/p>\n","protected":false},"author":2,"featured_media":0,"parent":9108,"menu_order":0,"comment_status":"closed","ping_status":"closed","template":"page-corsoteologiaspirituale.php","meta":{"footnotes":""},"_links":{"self":[{"href":"https:\/\/www.teresianum.net\/en\/wp-json\/wp\/v2\/pages\/24505"}],"collection":[{"href":"https:\/\/www.teresianum.net\/en\/wp-json\/wp\/v2\/pages"}],"about":[{"href":"https:\/\/www.teresianum.net\/en\/wp-json\/wp\/v2\/types\/page"}],"author":[{"embeddable":true,"href":"https:\/\/www.teresianum.net\/en\/wp-json\/wp\/v2\/users\/2"}],"replies":[{"embeddable":true,"href":"https:\/\/www.teresianum.net\/en\/wp-json\/wp\/v2\/comments?post=24505"}],"version-history":[{"count":1,"href":"https:\/\/www.teresianum.net\/en\/wp-json\/wp\/v2\/pages\/24505\/revisions"}],"predecessor-version":[{"id":24506,"href":"https:\/\/www.teresianum.net\/en\/wp-json\/wp\/v2\/pages\/24505\/revisions\/24506"}],"up":[{"embeddable":true,"href":"https:\/\/www.teresianum.net\/en\/wp-json\/wp\/v2\/pages\/9108"}],"wp:attachment":[{"href":"https:\/\/www.teresianum.net\/en\/wp-json\/wp\/v2\/media?parent=24505"}],"curies":[{"name":"wp","href":"https:\/\/api.w.org\/{rel}","templated":true}]}}