{"id":24495,"date":"2023-07-07T14:32:39","date_gmt":"2023-07-07T12:32:39","guid":{"rendered":"https:\/\/www.teresianum.net\/?page_id=24495"},"modified":"2023-07-07T14:37:43","modified_gmt":"2023-07-07T12:37:43","slug":"cts51-modelli-e-stili-di-comunicazione-per-una-spiritualita-integrativa","status":"publish","type":"page","link":"https:\/\/www.teresianum.net\/en\/corso-di-teologia-spirituale\/curriculum-di-studio\/cts51-modelli-e-stili-di-comunicazione-per-una-spiritualita-integrativa\/","title":{"rendered":"CTS51 Modelli e stili di comunicazione per una spiritualit\u00e0 integrativa"},"content":{"rendered":"<p class=\"qtranxs-available-languages-message qtranxs-available-languages-message-en\"> <p><span style=\"color: #386290;\"><em>Docente:<\/em> Prof. <span style=\"color: #333333;\"><span style=\"color: #333399;\"><\/span><\/span><\/span><\/p>\n<p style=\"text-align: justify;\">\u00a0<\/p>\n<p style=\"text-align: justify;\"><strong>Giustificazione<br \/>\n<\/strong>Teresa d\u2019Avila e Th\u00e9r\u00e8se del Bambino Ges\u00f9 e del Volto Santo ci mostrano le possibilit\u00e0 generative che scaturiscono dalla disposizione ad una comunicazione che alimenta ed esprime vissuti personali ed interpersonali integrativi. Ci\u00f2 apre la riflessione su percorsi relazionali in cui le emozioni e la fisicit\u00e0 risultano autenticamente trasformativi.<\/p>\n<p style=\"text-align: justify;\"><strong>Obiettivi<\/strong><br \/>\nApprofondimento delle dimensioni psichiche, fisiche, simboliche, relazionali nella connessione con i modelli originali ed efficaci della comunicazione in Teresa d\u2019Avila e Th\u00e9r\u00e8se di Lisieux.<\/p>\n<p style=\"text-align: justify;\"><strong>Contenuti<\/strong><\/p>\n<ul style=\"list-style-type: square;\">\n<li style=\"text-align: justify;\">Cenni di Psicologia della Comunicazione e percorsi relazionali trasformativi<\/li>\n<li style=\"text-align: justify;\">Il s\u00e9 desiderante e le sinergie del desiderio<\/li>\n<li style=\"text-align: justify;\">Modelli di comunicazione in Teresa d\u2019Avila: indicazioni di lettura<\/li>\n<li style=\"text-align: justify;\">Modelli, visioni e approcci psicologici alle emozioni e agli affetti in Th\u00e9r\u00e8se di Lisieux<\/li>\n<\/ul>\n<p style=\"text-align: justify;\"><strong>Metodologia<br \/>\n<\/strong>Lettura di brani delle opere di Teresa d\u2019Avila e Th\u00e9r\u00e8se di Lisieux, con particolare attenzione alle autobiografie, a partire dalle chiavi di approfondimento sopra indicate. Esplorazione, approfondimento di gruppo, ricerche personali da condividere.<\/p>\n<p style=\"text-align: justify;\"><strong>Criteri di valutazione<br \/>\n<\/strong>Per la valutazione finale si terr\u00e0 conto della partecipazione attiva durante tutto il corso e della capacit\u00e0 di rielaborazione autonoma e gruppale dei contenuti.<\/p>\n<p style=\"text-align: justify;\"><strong>Distribuzione del tempo di lavoro<br \/>\n<\/strong>Si prevede di riservare la prima parte di ogni incontro alla lettura commentata, la seconda all&#8217;approfondimento condiviso.<\/p>\n<p style=\"text-align: justify;\"><strong>Bibliografia<\/strong><\/p>\n<ul>\n<li style=\"text-align: justify;\">Anolli L. (2012). <em>Fondamenti di Psicologia della Comunicazione.<\/em> Bologna: Il Mulino;<\/li>\n<li style=\"text-align: justify;\">Cucci G. (2023).\u00a0<em>Relazioni.\u00a0Tra Covid e digitale<\/em>. Milano:\u00a0\u00c0ncora;<\/li>\n<li style=\"text-align: justify;\">Petti G., \u201cNarrazioni intorno all&#8217;abbandono e al desiderio: scritti di mistica e di mistiche\u201d in Mannino G. (2013).\u00a0<em>Anima, cultura, psiche. Relazioni generative.<\/em> Milano: Franco Angeli;<\/li>\n<li style=\"text-align: justify;\">Petti G., \u00abEsodi\u00a0da\u00a0s\u00e9\u00a0e\u00a0del\u00a0s\u00e9: passi e passaggi tra paura e desiderio\u00bb, in AA.VV. (2018). <em>L&#8217;esodo\u00a0oggi. Riflessioni e proposte per una Chiesa in uscita.<\/em> Roma: Edizioni OCD;<\/li>\n<li style=\"text-align: justify;\">Teresa\u00a0di Ges\u00f9 (2005).\u00a0<em>Opere complete<\/em>. Roma: Edizioni OCD;<\/li>\n<li style=\"text-align: justify;\">Teresa di Ges\u00f9 Bambino (2010). Opere complete. Citt\u00e0 delVaticano: Lev-OCD.<\/li>\n<\/ul>","protected":false},"excerpt":{"rendered":"<p>Docente: Prof. \u00a0 Giustificazione Teresa d\u2019Avila e Th\u00e9r\u00e8se del Bambino Ges\u00f9 e del Volto Santo ci mostrano le possibilit\u00e0 generative [&hellip;]<\/p>\n","protected":false},"author":2,"featured_media":0,"parent":9108,"menu_order":0,"comment_status":"closed","ping_status":"closed","template":"page-corsoteologiaspirituale.php","meta":{"footnotes":""},"_links":{"self":[{"href":"https:\/\/www.teresianum.net\/en\/wp-json\/wp\/v2\/pages\/24495"}],"collection":[{"href":"https:\/\/www.teresianum.net\/en\/wp-json\/wp\/v2\/pages"}],"about":[{"href":"https:\/\/www.teresianum.net\/en\/wp-json\/wp\/v2\/types\/page"}],"author":[{"embeddable":true,"href":"https:\/\/www.teresianum.net\/en\/wp-json\/wp\/v2\/users\/2"}],"replies":[{"embeddable":true,"href":"https:\/\/www.teresianum.net\/en\/wp-json\/wp\/v2\/comments?post=24495"}],"version-history":[{"count":1,"href":"https:\/\/www.teresianum.net\/en\/wp-json\/wp\/v2\/pages\/24495\/revisions"}],"predecessor-version":[{"id":24496,"href":"https:\/\/www.teresianum.net\/en\/wp-json\/wp\/v2\/pages\/24495\/revisions\/24496"}],"up":[{"embeddable":true,"href":"https:\/\/www.teresianum.net\/en\/wp-json\/wp\/v2\/pages\/9108"}],"wp:attachment":[{"href":"https:\/\/www.teresianum.net\/en\/wp-json\/wp\/v2\/media?parent=24495"}],"curies":[{"name":"wp","href":"https:\/\/api.w.org\/{rel}","templated":true}]}}