{"id":24490,"date":"2023-07-07T12:21:18","date_gmt":"2023-07-07T10:21:18","guid":{"rendered":"https:\/\/www.teresianum.net\/?page_id=24490"},"modified":"2023-07-07T13:07:05","modified_gmt":"2023-07-07T11:07:05","slug":"cts53-fragilita-e-santita-in-teresa-di-lisieux","status":"publish","type":"page","link":"https:\/\/www.teresianum.net\/en\/corso-di-teologia-spirituale\/curriculum-di-studio\/cts53-fragilita-e-santita-in-teresa-di-lisieux\/","title":{"rendered":"CTS53 Fragilit\u00e0 e santit\u00e0 in Teresa di Lisieux"},"content":{"rendered":"<p class=\"qtranxs-available-languages-message qtranxs-available-languages-message-en\"> <p><span style=\"color: #386290;\"><em>Docente:<\/em> Prof. <span style=\"color: #333333;\"><span style=\"color: #333399;\"><\/span><\/span><\/span><\/p>\n<p>&nbsp;<\/p>\n<p><strong>Giustificazione<\/strong><\/p>\n<p style=\"text-align: justify;\">La santit\u00e0 di Teresa di Ges\u00f9 Bambino del Volto Santo pu\u00f2 essere considerata non solo dal punto di vista spirituale, ma anche da un punto di vista che ne integri la dimensione psicofisica. Entrare in comunione con la fragilit\u00e0 di Teresa di Lisieux non diminuisce affatto lo spessore della sua santit\u00e0, che viene invece rafforzata e resa prossima alla condizione di vulnerabilit\u00e0 dei nostri contemporanei.<\/p>\n<p style=\"text-align: justify;\"><strong>Obiettivi<br \/>\n<\/strong>Indicare alcune coordinate della spiritualit\u00e0 di s. Teresa di Lisieux. <br \/>\nAccostare la figura storica di s. Teresa di Lisieux nella sua fragilit\u00e0 e vulnerabilit\u00e0. <br \/>\nVerificare come la fiducia in Dio e l\u2019amore siano punti di forza della sua esperienza spirituale, proprio dentro la vulnerabilit\u00e0.<\/p>\n<p style=\"text-align: justify;\"><strong>Contenuti<br \/>\n<\/strong>Il contesto: l\u2019umanit\u00e0 di Ges\u00f9, la fragilit\u00e0 della Chiesa, il limite, il desiderio.<br \/>\nCenni sulla vita di Teresa di Lisieux.<br \/>\nAnalisi di alcune lettere di Zelia Martin, sua madre, relative ai primi anni di vita di Teresa.<br \/>\nGli scritti di Teresa di Lisieux: breve storia dei testi.<br \/>\nCommento di alcuni brani tratti dai Manoscritti A, B, C e dalle lettere 43B, 57, 87, 144, 254.<br \/>\nAnalisi della cronologia degli ultimi mesi della Santa, in parallelo con gli scritti, le parole, le prove, le grazie dello stesso periodo.<\/p>\n<p style=\"text-align: justify;\"><strong>Metodologia <\/strong><\/p>\n<p style=\"text-align: justify;\">L\u2019insegnamento in presenza prevede l\u2019analisi dei testi teresiani e il confronto in aula con gli studenti; a livello interattivo saranno utilizzati file PPT per mostrare alcuni punti essenziali di riferimento sugli argomenti trattati. Gli studenti potranno elaborare degli schemi interattivi da utilizzare nel dialogo in classe o come guida nel colloquio finale.<\/p>\n<p style=\"text-align: justify;\"><strong>Criteri di valutazione<br \/>\n<\/strong>Un esame orale a fine semestre, 10-15 minuti.<\/p>\n<p style=\"text-align: justify;\"><strong>Distribuzione del tempo di lavoro<br \/>\n<\/strong>12 ore in classe, studio personale.<\/p>\n<p style=\"text-align: justify;\"><strong>Bibliografia essenziale<\/strong><\/p>\n<ul>\n<li style=\"text-align: justify;\">Teresa di Lisieux, <em>Opere Complete<\/em>, LEV-OCD, Roma 1997.<\/li>\n<li style=\"text-align: justify;\">Teresa di Lisieux, <em>Consigli e ricordi<\/em>, Citt\u00e0 Nuova, Roma 1973 (Il testo, nel ricordo della sorella Celina, riprende le parole di Teresa).<\/li>\n<li style=\"text-align: justify;\">L. Garbinetto, <em>Vivere la debolezza. Itinerario verso l\u2019integrazione personale<\/em>, EDB, Bologna 2011.<\/li>\n<li style=\"text-align: justify;\">L.J. Gonzales, <em>Teresa di Lisieux. Intelligenza emotiva e Counseling spirituale<\/em>, OCD, Roma 2019.<\/li>\n<li style=\"text-align: justify;\">A. Piccirilli, <em>Fragile come tutti, felice come pochi. Teresa di Lisieux e le nostre ferite<\/em>, San Paolo, Milano 2023<sup>3<\/sup>.<\/li>\n<li style=\"text-align: justify;\">B. Salvarani, <em>Teologia per tempi incerti<\/em>, Edizioni Laterza, Roma 2023<sup>6<\/sup>.<\/li>\n<li style=\"text-align: justify;\">R. Zas Friz de Col S. J. (ed), <em>Il vissuto di santa Teresa di Lisieux alla luce del metodo teologico-decisionale, G&amp;BP, Roma 2021.<\/em><\/li>\n<li style=\"text-align: justify;\">R. Peter<em>, Etica per erranti. La parabola del Figlio prodigo, <\/em>Cittadella Editrice, Assisi 2006.<\/li>\n<\/ul>","protected":false},"excerpt":{"rendered":"<p>Docente: Prof. &nbsp; Giustificazione La santit\u00e0 di Teresa di Ges\u00f9 Bambino del Volto Santo pu\u00f2 essere considerata non solo dal [&hellip;]<\/p>\n","protected":false},"author":2,"featured_media":0,"parent":9108,"menu_order":0,"comment_status":"closed","ping_status":"closed","template":"page-corsoteologiaspirituale.php","meta":{"footnotes":""},"_links":{"self":[{"href":"https:\/\/www.teresianum.net\/en\/wp-json\/wp\/v2\/pages\/24490"}],"collection":[{"href":"https:\/\/www.teresianum.net\/en\/wp-json\/wp\/v2\/pages"}],"about":[{"href":"https:\/\/www.teresianum.net\/en\/wp-json\/wp\/v2\/types\/page"}],"author":[{"embeddable":true,"href":"https:\/\/www.teresianum.net\/en\/wp-json\/wp\/v2\/users\/2"}],"replies":[{"embeddable":true,"href":"https:\/\/www.teresianum.net\/en\/wp-json\/wp\/v2\/comments?post=24490"}],"version-history":[{"count":1,"href":"https:\/\/www.teresianum.net\/en\/wp-json\/wp\/v2\/pages\/24490\/revisions"}],"predecessor-version":[{"id":24491,"href":"https:\/\/www.teresianum.net\/en\/wp-json\/wp\/v2\/pages\/24490\/revisions\/24491"}],"up":[{"embeddable":true,"href":"https:\/\/www.teresianum.net\/en\/wp-json\/wp\/v2\/pages\/9108"}],"wp:attachment":[{"href":"https:\/\/www.teresianum.net\/en\/wp-json\/wp\/v2\/media?parent=24490"}],"curies":[{"name":"wp","href":"https:\/\/api.w.org\/{rel}","templated":true}]}}